{"id":16926,"date":"2024-09-22T08:45:31","date_gmt":"2024-09-22T07:45:31","guid":{"rendered":"https:\/\/www.animelicenciado.es\/?page_id=16926"},"modified":"2024-12-22T22:33:50","modified_gmt":"2024-12-22T21:33:50","slug":"estadisticas-2023","status":"publish","type":"page","link":"https:\/\/www.animelicenciado.es\/en_en\/estadisticas-2023\/","title":{"rendered":"2023"},"content":{"rendered":"<div data-elementor-type=\"wp-page\" data-elementor-id=\"16926\" class=\"elementor elementor-16926\">\n\t\t\t\t<div class=\"elementor-element elementor-element-dec7f9c e-flex e-con-boxed e-con e-parent\" data-id=\"dec7f9c\" data-element_type=\"container\" data-e-type=\"container\">\n\t\t\t\t\t<div class=\"e-con-inner\">\n\t\t\t\t<div class=\"elementor-element elementor-element-fe70d0e elementor-widget elementor-widget-heading\" data-id=\"fe70d0e\" data-element_type=\"widget\" data-e-type=\"widget\" data-widget_type=\"heading.default\">\n\t\t\t\t<div class=\"elementor-widget-container\">\n\t\t\t\t\t<h2 class=\"elementor-heading-title elementor-size-default\">2023<\/h2>\t\t\t\t<\/div>\n\t\t\t\t<\/div>\n\t\t\t\t<div class=\"elementor-element elementor-element-167615a elementor-widget elementor-widget-heading\" data-id=\"167615a\" data-element_type=\"widget\" data-e-type=\"widget\" data-widget_type=\"heading.default\">\n\t\t\t\t<div class=\"elementor-widget-container\">\n\t\t\t\t\t<h5 class=\"elementor-heading-title elementor-size-default\">Gen\u00e9rico<\/h5>\t\t\t\t<\/div>\n\t\t\t\t<\/div>\n\t\t\t\t<div class=\"elementor-element elementor-element-13785c2 elementor-widget elementor-widget-image\" data-id=\"13785c2\" data-element_type=\"widget\" data-e-type=\"widget\" data-widget_type=\"image.default\">\n\t\t\t\t<div class=\"elementor-widget-container\">\n\t\t\t\t\t\t\t\t\t\t\t\t<figure class=\"wp-caption\">\n\t\t\t\t\t\t\t\t\t\t\t<a href=\"https:\/\/www.animelicenciado.es\/wp-content\/uploads\/2024\/09\/lanzamientos-2023-por-distribuidora.jpg\" data-elementor-open-lightbox=\"yes\" data-e-action-hash=\"#elementor-action%3Aaction%3Dlightbox%26settings%3DeyJpZCI6MTY5MzcsInVybCI6Imh0dHBzOlwvXC93d3cuYW5pbWVsaWNlbmNpYWRvLmVzXC93cC1jb250ZW50XC91cGxvYWRzXC8yMDI0XC8wOVwvbGFuemFtaWVudG9zLTIwMjMtcG9yLWRpc3RyaWJ1aWRvcmEuanBnIn0%3D\">\n\t\t\t\t\t\t\t<img fetchpriority=\"high\" decoding=\"async\" width=\"535\" height=\"315\" src=\"https:\/\/www.animelicenciado.es\/wp-content\/uploads\/2024\/09\/lanzamientos-2023-por-distribuidora.jpg\" class=\"attachment-large size-large wp-image-16937\" alt=\"\" srcset=\"https:\/\/www.animelicenciado.es\/wp-content\/uploads\/2024\/09\/lanzamientos-2023-por-distribuidora.jpg 535w, https:\/\/www.animelicenciado.es\/wp-content\/uploads\/2024\/09\/lanzamientos-2023-por-distribuidora-300x177.jpg 300w\" sizes=\"(max-width: 535px) 100vw, 535px\" \/>\t\t\t\t\t\t\t\t<\/a>\n\t\t\t\t\t\t\t\t\t\t\t<figcaption class=\"widget-image-caption wp-caption-text\">Lanzamientos de Anime en Home Video por Distribuidora 2023<\/figcaption>\n\t\t\t\t\t\t\t\t\t\t<\/figure>\n\t\t\t\t\t\t\t\t\t<\/div>\n\t\t\t\t<\/div>\n\t\t\t\t<div class=\"elementor-element elementor-element-c7fc650 elementor-widget elementor-widget-heading\" data-id=\"c7fc650\" data-element_type=\"widget\" data-e-type=\"widget\" data-widget_type=\"heading.default\">\n\t\t\t\t<div class=\"elementor-widget-container\">\n\t\t\t\t\t<h5 class=\"elementor-heading-title elementor-size-default\">Espec\u00edfico<\/h5>\t\t\t\t<\/div>\n\t\t\t\t<\/div>\n\t\t\t\t\t<\/div>\n\t\t\t\t<\/div>\n\t\t<div class=\"elementor-element elementor-element-9d225c4 e-flex e-con-boxed e-con e-parent\" data-id=\"9d225c4\" data-element_type=\"container\" data-e-type=\"container\">\n\t\t\t\t\t<div class=\"e-con-inner\">\n\t\t<div class=\"elementor-element elementor-element-b5c6712 e-grid e-con-full e-con e-child\" data-id=\"b5c6712\" data-element_type=\"container\" data-e-type=\"container\">\n\t\t\t\t<div class=\"elementor-element elementor-element-f7d830e elementor-widget elementor-widget-image\" data-id=\"f7d830e\" data-element_type=\"widget\" data-e-type=\"widget\" data-widget_type=\"image.default\">\n\t\t\t\t<div class=\"elementor-widget-container\">\n\t\t\t\t\t\t\t\t\t\t\t\t<figure class=\"wp-caption\">\n\t\t\t\t\t\t\t\t\t\t\t<a href=\"https:\/\/www.animelicenciado.es\/wp-content\/uploads\/2024\/09\/Ediciones-de-Selecta-editador-por-tipo-2023.jpg\" data-elementor-open-lightbox=\"yes\" data-e-action-hash=\"#elementor-action%3Aaction%3Dlightbox%26settings%3DeyJpZCI6MTY5MzUsInVybCI6Imh0dHBzOlwvXC93d3cuYW5pbWVsaWNlbmNpYWRvLmVzXC93cC1jb250ZW50XC91cGxvYWRzXC8yMDI0XC8wOVwvRWRpY2lvbmVzLWRlLVNlbGVjdGEtZWRpdGFkb3ItcG9yLXRpcG8tMjAyMy5qcGcifQ%3D%3D\">\n\t\t\t\t\t\t\t<img decoding=\"async\" width=\"521\" height=\"324\" src=\"https:\/\/www.animelicenciado.es\/wp-content\/uploads\/2024\/09\/Ediciones-de-Selecta-editador-por-tipo-2023.jpg\" class=\"attachment-large size-large wp-image-16935\" alt=\"\" srcset=\"https:\/\/www.animelicenciado.es\/wp-content\/uploads\/2024\/09\/Ediciones-de-Selecta-editador-por-tipo-2023.jpg 521w, https:\/\/www.animelicenciado.es\/wp-content\/uploads\/2024\/09\/Ediciones-de-Selecta-editador-por-tipo-2023-300x187.jpg 300w\" sizes=\"(max-width: 521px) 100vw, 521px\" \/>\t\t\t\t\t\t\t\t<\/a>\n\t\t\t\t\t\t\t\t\t\t\t<figcaption class=\"widget-image-caption wp-caption-text\">Ediciones de Selecta editador por formato 2023<\/figcaption>\n\t\t\t\t\t\t\t\t\t\t<\/figure>\n\t\t\t\t\t\t\t\t\t<\/div>\n\t\t\t\t<\/div>\n\t\t\t\t<div class=\"elementor-element elementor-element-2b879ce elementor-widget elementor-widget-image\" data-id=\"2b879ce\" data-element_type=\"widget\" data-e-type=\"widget\" data-widget_type=\"image.default\">\n\t\t\t\t<div class=\"elementor-widget-container\">\n\t\t\t\t\t\t\t\t\t\t\t\t<figure class=\"wp-caption\">\n\t\t\t\t\t\t\t\t\t\t\t<a href=\"https:\/\/www.animelicenciado.es\/wp-content\/uploads\/2024\/09\/evolucion-lanzamientos-selecta-durante-2023.jpg\" data-elementor-open-lightbox=\"yes\" data-e-action-hash=\"#elementor-action%3Aaction%3Dlightbox%26settings%3DeyJpZCI6MTY5MzYsInVybCI6Imh0dHBzOlwvXC93d3cuYW5pbWVsaWNlbmNpYWRvLmVzXC93cC1jb250ZW50XC91cGxvYWRzXC8yMDI0XC8wOVwvZXZvbHVjaW9uLWxhbnphbWllbnRvcy1zZWxlY3RhLWR1cmFudGUtMjAyMy5qcGcifQ%3D%3D\">\n\t\t\t\t\t\t\t<img decoding=\"async\" width=\"578\" height=\"499\" src=\"https:\/\/www.animelicenciado.es\/wp-content\/uploads\/2024\/09\/evolucion-lanzamientos-selecta-durante-2023.jpg\" class=\"attachment-large size-large wp-image-16936\" alt=\"\" srcset=\"https:\/\/www.animelicenciado.es\/wp-content\/uploads\/2024\/09\/evolucion-lanzamientos-selecta-durante-2023.jpg 578w, https:\/\/www.animelicenciado.es\/wp-content\/uploads\/2024\/09\/evolucion-lanzamientos-selecta-durante-2023-300x259.jpg 300w\" sizes=\"(max-width: 578px) 100vw, 578px\" \/>\t\t\t\t\t\t\t\t<\/a>\n\t\t\t\t\t\t\t\t\t\t\t<figcaption class=\"widget-image-caption wp-caption-text\">Evoluci\u00f3n por a\u00f1os de lanzamientos de Selecta<\/figcaption>\n\t\t\t\t\t\t\t\t\t\t<\/figure>\n\t\t\t\t\t\t\t\t\t<\/div>\n\t\t\t\t<\/div>\n\t\t\t\t<div class=\"elementor-element elementor-element-b286afd elementor-widget elementor-widget-image\" data-id=\"b286afd\" data-element_type=\"widget\" data-e-type=\"widget\" data-widget_type=\"image.default\">\n\t\t\t\t<div class=\"elementor-widget-container\">\n\t\t\t\t\t\t\t\t\t\t\t\t<figure class=\"wp-caption\">\n\t\t\t\t\t\t\t\t\t\t\t<a href=\"https:\/\/www.animelicenciado.es\/wp-content\/uploads\/2024\/09\/Titulos-editados-por-selecta-2023.jpg\" data-elementor-open-lightbox=\"yes\" data-e-action-hash=\"#elementor-action%3Aaction%3Dlightbox%26settings%3DeyJpZCI6MTY5MzksInVybCI6Imh0dHBzOlwvXC93d3cuYW5pbWVsaWNlbmNpYWRvLmVzXC93cC1jb250ZW50XC91cGxvYWRzXC8yMDI0XC8wOVwvVGl0dWxvcy1lZGl0YWRvcy1wb3Itc2VsZWN0YS0yMDIzLmpwZyJ9\">\n\t\t\t\t\t\t\t<img loading=\"lazy\" decoding=\"async\" width=\"528\" height=\"615\" src=\"https:\/\/www.animelicenciado.es\/wp-content\/uploads\/2024\/09\/Titulos-editados-por-selecta-2023.jpg\" class=\"attachment-large size-large wp-image-16939\" alt=\"\" srcset=\"https:\/\/www.animelicenciado.es\/wp-content\/uploads\/2024\/09\/Titulos-editados-por-selecta-2023.jpg 528w, https:\/\/www.animelicenciado.es\/wp-content\/uploads\/2024\/09\/Titulos-editados-por-selecta-2023-258x300.jpg 258w\" sizes=\"(max-width: 528px) 100vw, 528px\" \/>\t\t\t\t\t\t\t\t<\/a>\n\t\t\t\t\t\t\t\t\t\t\t<figcaption class=\"widget-image-caption wp-caption-text\">Titulos editados por Selecta Vision 2023<\/figcaption>\n\t\t\t\t\t\t\t\t\t\t<\/figure>\n\t\t\t\t\t\t\t\t\t<\/div>\n\t\t\t\t<\/div>\n\t\t\t\t<div class=\"elementor-element elementor-element-6554844 elementor-widget elementor-widget-image\" data-id=\"6554844\" data-element_type=\"widget\" data-e-type=\"widget\" data-widget_type=\"image.default\">\n\t\t\t\t<div class=\"elementor-widget-container\">\n\t\t\t\t\t\t\t\t\t\t\t\t<figure class=\"wp-caption\">\n\t\t\t\t\t\t\t\t\t\t\t<a href=\"https:\/\/www.animelicenciado.es\/wp-content\/uploads\/2024\/09\/Titulos-editados-por-selecta-2023-x-meses.jpg\" data-elementor-open-lightbox=\"yes\" data-e-action-hash=\"#elementor-action%3Aaction%3Dlightbox%26settings%3DeyJpZCI6MTY5MzgsInVybCI6Imh0dHBzOlwvXC93d3cuYW5pbWVsaWNlbmNpYWRvLmVzXC93cC1jb250ZW50XC91cGxvYWRzXC8yMDI0XC8wOVwvVGl0dWxvcy1lZGl0YWRvcy1wb3Itc2VsZWN0YS0yMDIzLXgtbWVzZXMuanBnIn0%3D\">\n\t\t\t\t\t\t\t<img loading=\"lazy\" decoding=\"async\" width=\"528\" height=\"615\" src=\"https:\/\/www.animelicenciado.es\/wp-content\/uploads\/2024\/09\/Titulos-editados-por-selecta-2023-x-meses.jpg\" class=\"attachment-large size-large wp-image-16938\" alt=\"\" srcset=\"https:\/\/www.animelicenciado.es\/wp-content\/uploads\/2024\/09\/Titulos-editados-por-selecta-2023-x-meses.jpg 528w, https:\/\/www.animelicenciado.es\/wp-content\/uploads\/2024\/09\/Titulos-editados-por-selecta-2023-x-meses-258x300.jpg 258w\" sizes=\"(max-width: 528px) 100vw, 528px\" \/>\t\t\t\t\t\t\t\t<\/a>\n\t\t\t\t\t\t\t\t\t\t\t<figcaption class=\"widget-image-caption wp-caption-text\">Evoluci\u00f3n Mensual de Lanzamientos de Selecta Visi\u00f3n 2023<\/figcaption>\n\t\t\t\t\t\t\t\t\t\t<\/figure>\n\t\t\t\t\t\t\t\t\t<\/div>\n\t\t\t\t<\/div>\n\t\t\t\t<\/div>\n\t\t\t\t\t<\/div>\n\t\t\t\t<\/div>\n\t\t\t\t<\/div>","protected":false},"excerpt":{"rendered":"<p>2023 Gen\u00e9rico Lanzamientos de Anime en Home Video por Distribuidora 2023 Espec\u00edfico Ediciones de Selecta editador por formato 2023 Evoluci\u00f3n por a\u00f1os de lanzamientos de Selecta Titulos editados por Selecta Vision 2023 Evoluci\u00f3n Mensual de Lanzamientos de Selecta Visi\u00f3n 2023<\/p>","protected":false},"author":1,"featured_media":0,"parent":0,"menu_order":0,"comment_status":"closed","ping_status":"closed","template":"elementor_header_footer","meta":{"footnotes":""},"class_list":["post-16926","page","type-page","status-publish","hentry"],"_links":{"self":[{"href":"https:\/\/www.animelicenciado.es\/en_en\/wp-json\/wp\/v2\/pages\/16926","targetHints":{"allow":["GET"]}}],"collection":[{"href":"https:\/\/www.animelicenciado.es\/en_en\/wp-json\/wp\/v2\/pages"}],"about":[{"href":"https:\/\/www.animelicenciado.es\/en_en\/wp-json\/wp\/v2\/types\/page"}],"author":[{"embeddable":true,"href":"https:\/\/www.animelicenciado.es\/en_en\/wp-json\/wp\/v2\/users\/1"}],"replies":[{"embeddable":true,"href":"https:\/\/www.animelicenciado.es\/en_en\/wp-json\/wp\/v2\/comments?post=16926"}],"version-history":[{"count":4,"href":"https:\/\/www.animelicenciado.es\/en_en\/wp-json\/wp\/v2\/pages\/16926\/revisions"}],"predecessor-version":[{"id":16942,"href":"https:\/\/www.animelicenciado.es\/en_en\/wp-json\/wp\/v2\/pages\/16926\/revisions\/16942"}],"wp:attachment":[{"href":"https:\/\/www.animelicenciado.es\/en_en\/wp-json\/wp\/v2\/media?parent=16926"}],"curies":[{"name":"wp","href":"https:\/\/api.w.org\/{rel}","templated":true}]}}