{"id":1786,"date":"2020-05-13T22:27:09","date_gmt":"2020-05-13T21:27:09","guid":{"rendered":"https:\/\/www.animelicenciado.es\/?page_id=1786"},"modified":"2024-08-01T18:56:18","modified_gmt":"2024-08-01T17:56:18","slug":"otaku-edition","status":"publish","type":"page","link":"https:\/\/www.animelicenciado.es\/en_en\/otaku-edition\/","title":{"rendered":"Otaku Edition"},"content":{"rendered":"<div data-elementor-type=\"wp-page\" data-elementor-id=\"1786\" class=\"elementor elementor-1786\">\n\t\t\t\t\t\t<section class=\"elementor-section elementor-top-section elementor-element elementor-element-32fb636c elementor-section-boxed elementor-section-height-default elementor-section-height-default\" data-id=\"32fb636c\" data-element_type=\"section\" data-e-type=\"section\">\n\t\t\t\t\t\t<div class=\"elementor-container elementor-column-gap-default\">\n\t\t\t\t\t<div class=\"elementor-column elementor-col-100 elementor-top-column elementor-element elementor-element-383015e3\" data-id=\"383015e3\" data-element_type=\"column\" data-e-type=\"column\">\n\t\t\t<div class=\"elementor-widget-wrap elementor-element-populated\">\n\t\t\t\t\t\t<div class=\"elementor-element elementor-element-7befd63b elementor-invisible elementor-widget elementor-widget-heading\" data-id=\"7befd63b\" data-element_type=\"widget\" data-e-type=\"widget\" data-settings=\"{&quot;_animation&quot;:&quot;fadeInDown&quot;}\" data-widget_type=\"heading.default\">\n\t\t\t\t<div class=\"elementor-widget-container\">\n\t\t\t\t\t<h2 class=\"elementor-heading-title elementor-size-default\">Otaku Edition<\/h2>\t\t\t\t<\/div>\n\t\t\t\t<\/div>\n\t\t\t\t<div class=\"elementor-element elementor-element-669df88 elementor-widget__width-auto elementor-widget elementor-widget-text-editor\" data-id=\"669df88\" data-element_type=\"widget\" data-e-type=\"widget\" data-widget_type=\"text-editor.default\">\n\t\t\t\t<div class=\"elementor-widget-container\">\n\t\t\t\t\t\t\t\t\t<p>Edici\u00f3n de Jonu Media<\/p>\t\t\t\t\t\t\t\t<\/div>\n\t\t\t\t<\/div>\n\t\t\t\t\t<\/div>\n\t\t<\/div>\n\t\t\t\t\t<\/div>\n\t\t<\/section>\n\t\t\t\t<section class=\"elementor-section elementor-top-section elementor-element elementor-element-693ed18 elementor-section-boxed elementor-section-height-default elementor-section-height-default elementor-invisible\" data-id=\"693ed18\" data-element_type=\"section\" data-e-type=\"section\" data-settings=\"{&quot;background_background&quot;:&quot;classic&quot;,&quot;shape_divider_top&quot;:&quot;arrow&quot;,&quot;animation&quot;:&quot;slideInLeft&quot;}\">\n\t\t\t\t\t\t\t<div class=\"elementor-background-overlay\"><\/div>\n\t\t\t\t\t\t<div class=\"elementor-shape elementor-shape-top\" aria-hidden=\"true\" data-negative=\"false\">\n\t\t\t<svg xmlns=\"http:\/\/www.w3.org\/2000\/svg\" viewbox=\"0 0 700 10\" preserveaspectratio=\"none\">\n\t<path class=\"elementor-shape-fill\" d=\"M350,10L340,0h20L350,10z\"\/>\n<\/svg>\t\t<\/div>\n\t\t\t\t\t<div class=\"elementor-container elementor-column-gap-default\">\n\t\t\t\t\t<div class=\"elementor-column elementor-col-25 elementor-top-column elementor-element elementor-element-493c05a\" data-id=\"493c05a\" data-element_type=\"column\" data-e-type=\"column\">\n\t\t\t<div class=\"elementor-widget-wrap elementor-element-populated\">\n\t\t\t\t\t\t<div class=\"elementor-element elementor-element-056c62e elementor-widget elementor-widget-image\" data-id=\"056c62e\" data-element_type=\"widget\" data-e-type=\"widget\" data-widget_type=\"image.default\">\n\t\t\t\t<div class=\"elementor-widget-container\">\n\t\t\t\t\t\t\t\t\t\t\t\t<figure class=\"wp-caption\">\n\t\t\t\t\t\t\t\t\t\t\t<a href=\"https:\/\/www.animelicenciado.es\/en_en\/el-magico-libro-de-zero\/\">\n\t\t\t\t\t\t\t<img fetchpriority=\"high\" decoding=\"async\" width=\"210\" height=\"300\" src=\"https:\/\/www.animelicenciado.es\/wp-content\/uploads\/2022\/12\/CCF18122022_00000-2-210x300.jpg\" class=\"attachment-medium size-medium wp-image-13954\" alt=\"\" srcset=\"https:\/\/www.animelicenciado.es\/wp-content\/uploads\/2022\/12\/CCF18122022_00000-2-210x300.jpg 210w, https:\/\/www.animelicenciado.es\/wp-content\/uploads\/2022\/12\/CCF18122022_00000-2-716x1024.jpg 716w, https:\/\/www.animelicenciado.es\/wp-content\/uploads\/2022\/12\/CCF18122022_00000-2-768x1098.jpg 768w, https:\/\/www.animelicenciado.es\/wp-content\/uploads\/2022\/12\/CCF18122022_00000-2.jpg 800w\" sizes=\"(max-width: 210px) 100vw, 210px\" \/>\t\t\t\t\t\t\t\t<\/a>\n\t\t\t\t\t\t\t\t\t\t\t<figcaption class=\"widget-image-caption wp-caption-text\">El Libro M\u00e1gico de Zero<\/figcaption>\n\t\t\t\t\t\t\t\t\t\t<\/figure>\n\t\t\t\t\t\t\t\t\t<\/div>\n\t\t\t\t<\/div>\n\t\t\t\t\t<\/div>\n\t\t<\/div>\n\t\t\t\t<div class=\"elementor-column elementor-col-25 elementor-top-column elementor-element elementor-element-269cb05\" data-id=\"269cb05\" data-element_type=\"column\" data-e-type=\"column\">\n\t\t\t<div class=\"elementor-widget-wrap elementor-element-populated\">\n\t\t\t\t\t\t<div class=\"elementor-element elementor-element-3b7e7f5 elementor-widget elementor-widget-image\" data-id=\"3b7e7f5\" data-element_type=\"widget\" data-e-type=\"widget\" data-widget_type=\"image.default\">\n\t\t\t\t<div class=\"elementor-widget-container\">\n\t\t\t\t\t\t\t\t\t\t\t\t<figure class=\"wp-caption\">\n\t\t\t\t\t\t\t\t\t\t\t<a href=\"https:\/\/www.animelicenciado.es\/en_en\/penguin-highway-ed-coleccionista\/\">\n\t\t\t\t\t\t\t<img decoding=\"async\" width=\"216\" height=\"300\" src=\"https:\/\/www.animelicenciado.es\/wp-content\/uploads\/2022\/12\/7427250876279-216x300.jpg\" class=\"attachment-medium size-medium wp-image-13955\" alt=\"\" srcset=\"https:\/\/www.animelicenciado.es\/wp-content\/uploads\/2022\/12\/7427250876279-216x300.jpg 216w, https:\/\/www.animelicenciado.es\/wp-content\/uploads\/2022\/12\/7427250876279-736x1024.jpg 736w, https:\/\/www.animelicenciado.es\/wp-content\/uploads\/2022\/12\/7427250876279-768x1068.jpg 768w, https:\/\/www.animelicenciado.es\/wp-content\/uploads\/2022\/12\/7427250876279.jpg 800w\" sizes=\"(max-width: 216px) 100vw, 216px\" \/>\t\t\t\t\t\t\t\t<\/a>\n\t\t\t\t\t\t\t\t\t\t\t<figcaption class=\"widget-image-caption wp-caption-text\">Penguin Highway<\/figcaption>\n\t\t\t\t\t\t\t\t\t\t<\/figure>\n\t\t\t\t\t\t\t\t\t<\/div>\n\t\t\t\t<\/div>\n\t\t\t\t\t<\/div>\n\t\t<\/div>\n\t\t\t\t<div class=\"elementor-column elementor-col-25 elementor-top-column elementor-element elementor-element-1775050\" data-id=\"1775050\" data-element_type=\"column\" data-e-type=\"column\">\n\t\t\t<div class=\"elementor-widget-wrap elementor-element-populated\">\n\t\t\t\t\t\t<div class=\"elementor-element elementor-element-64684d8 elementor-widget elementor-widget-image\" data-id=\"64684d8\" data-element_type=\"widget\" data-e-type=\"widget\" data-widget_type=\"image.default\">\n\t\t\t\t<div class=\"elementor-widget-container\">\n\t\t\t\t\t\t\t\t\t\t\t\t<figure class=\"wp-caption\">\n\t\t\t\t\t\t\t\t\t\t\t<a href=\"https:\/\/www.animelicenciado.es\/en_en\/la-leyenda-de-los-heroes-de-la-galaxia-t1\/\">\n\t\t\t\t\t\t\t<img decoding=\"async\" width=\"213\" height=\"300\" src=\"https:\/\/www.animelicenciado.es\/wp-content\/uploads\/2022\/02\/8436580890007-2-213x300.jpg\" class=\"attachment-medium size-medium wp-image-11601\" alt=\"\" srcset=\"https:\/\/www.animelicenciado.es\/wp-content\/uploads\/2022\/02\/8436580890007-2-213x300.jpg 213w, https:\/\/www.animelicenciado.es\/wp-content\/uploads\/2022\/02\/8436580890007-2.jpg 535w\" sizes=\"(max-width: 213px) 100vw, 213px\" \/>\t\t\t\t\t\t\t\t<\/a>\n\t\t\t\t\t\t\t\t\t\t\t<figcaption class=\"widget-image-caption wp-caption-text\">La Leyenda de los H\u00e9roes de la Galaxia Temporada 1<\/figcaption>\n\t\t\t\t\t\t\t\t\t\t<\/figure>\n\t\t\t\t\t\t\t\t\t<\/div>\n\t\t\t\t<\/div>\n\t\t\t\t\t<\/div>\n\t\t<\/div>\n\t\t\t\t<div class=\"elementor-column elementor-col-25 elementor-top-column elementor-element elementor-element-1e64468\" data-id=\"1e64468\" data-element_type=\"column\" data-e-type=\"column\">\n\t\t\t<div class=\"elementor-widget-wrap elementor-element-populated\">\n\t\t\t\t\t\t<div class=\"elementor-element elementor-element-99c3adc elementor-widget elementor-widget-image\" data-id=\"99c3adc\" data-element_type=\"widget\" data-e-type=\"widget\" data-widget_type=\"image.default\">\n\t\t\t\t<div class=\"elementor-widget-container\">\n\t\t\t\t\t\t\t\t\t\t\t\t<figure class=\"wp-caption\">\n\t\t\t\t\t\t\t\t\t\t\t<a href=\"https:\/\/www.animelicenciado.es\/en_en\/gantz-serie-completa-sin-censura\/\">\n\t\t\t\t\t\t\t<img loading=\"lazy\" decoding=\"async\" width=\"215\" height=\"300\" src=\"https:\/\/www.animelicenciado.es\/wp-content\/uploads\/2022\/12\/8436580890106-215x300.jpg\" class=\"attachment-medium size-medium wp-image-13956\" alt=\"\" srcset=\"https:\/\/www.animelicenciado.es\/wp-content\/uploads\/2022\/12\/8436580890106-215x300.jpg 215w, https:\/\/www.animelicenciado.es\/wp-content\/uploads\/2022\/12\/8436580890106-734x1024.jpg 734w, https:\/\/www.animelicenciado.es\/wp-content\/uploads\/2022\/12\/8436580890106-768x1071.jpg 768w, https:\/\/www.animelicenciado.es\/wp-content\/uploads\/2022\/12\/8436580890106.jpg 800w\" sizes=\"(max-width: 215px) 100vw, 215px\" \/>\t\t\t\t\t\t\t\t<\/a>\n\t\t\t\t\t\t\t\t\t\t\t<figcaption class=\"widget-image-caption wp-caption-text\">Gantz<\/figcaption>\n\t\t\t\t\t\t\t\t\t\t<\/figure>\n\t\t\t\t\t\t\t\t\t<\/div>\n\t\t\t\t<\/div>\n\t\t\t\t\t<\/div>\n\t\t<\/div>\n\t\t\t\t\t<\/div>\n\t\t<\/section>\n\t\t\t\t<section class=\"elementor-section elementor-top-section elementor-element elementor-element-d218f6d elementor-section-boxed elementor-section-height-default elementor-section-height-default elementor-invisible\" data-id=\"d218f6d\" data-element_type=\"section\" data-e-type=\"section\" data-settings=\"{&quot;animation&quot;:&quot;slideInRight&quot;}\">\n\t\t\t\t\t\t\t<div class=\"elementor-background-overlay\"><\/div>\n\t\t\t\t\t\t\t<div class=\"elementor-container elementor-column-gap-default\">\n\t\t\t\t\t<div class=\"elementor-column elementor-col-25 elementor-top-column elementor-element elementor-element-b6b007a\" data-id=\"b6b007a\" data-element_type=\"column\" data-e-type=\"column\">\n\t\t\t<div class=\"elementor-widget-wrap elementor-element-populated\">\n\t\t\t\t\t\t<div class=\"elementor-element elementor-element-474a004 elementor-widget elementor-widget-image\" data-id=\"474a004\" data-element_type=\"widget\" data-e-type=\"widget\" data-widget_type=\"image.default\">\n\t\t\t\t<div class=\"elementor-widget-container\">\n\t\t\t\t\t\t\t\t\t\t\t\t<figure class=\"wp-caption\">\n\t\t\t\t\t\t\t\t\t\t\t<a href=\"https:\/\/www.animelicenciado.es\/en_en\/leyenda-heroes-t2-otaku-edition\/\">\n\t\t\t\t\t\t\t<img loading=\"lazy\" decoding=\"async\" width=\"214\" height=\"300\" src=\"https:\/\/www.animelicenciado.es\/wp-content\/uploads\/2022\/11\/8436580890120-1-214x300.jpg\" class=\"attachment-medium size-medium wp-image-13658\" alt=\"\" srcset=\"https:\/\/www.animelicenciado.es\/wp-content\/uploads\/2022\/11\/8436580890120-1-214x300.jpg 214w, https:\/\/www.animelicenciado.es\/wp-content\/uploads\/2022\/11\/8436580890120-1-730x1024.jpg 730w, https:\/\/www.animelicenciado.es\/wp-content\/uploads\/2022\/11\/8436580890120-1-768x1077.jpg 768w, https:\/\/www.animelicenciado.es\/wp-content\/uploads\/2022\/11\/8436580890120-1.jpg 800w\" sizes=\"(max-width: 214px) 100vw, 214px\" \/>\t\t\t\t\t\t\t\t<\/a>\n\t\t\t\t\t\t\t\t\t\t\t<figcaption class=\"widget-image-caption wp-caption-text\">La Leyenda de los H\u00e9roes de la Galaxia Temporada 2<\/figcaption>\n\t\t\t\t\t\t\t\t\t\t<\/figure>\n\t\t\t\t\t\t\t\t\t<\/div>\n\t\t\t\t<\/div>\n\t\t\t\t\t<\/div>\n\t\t<\/div>\n\t\t\t\t<div class=\"elementor-column elementor-col-25 elementor-top-column elementor-element elementor-element-6bcc6d3\" data-id=\"6bcc6d3\" data-element_type=\"column\" data-e-type=\"column\">\n\t\t\t<div class=\"elementor-widget-wrap elementor-element-populated\">\n\t\t\t\t\t\t<div class=\"elementor-element elementor-element-9e44ad6 elementor-widget elementor-widget-image\" data-id=\"9e44ad6\" data-element_type=\"widget\" data-e-type=\"widget\" data-widget_type=\"image.default\">\n\t\t\t\t<div class=\"elementor-widget-container\">\n\t\t\t\t\t\t\t\t\t\t\t\t<figure class=\"wp-caption\">\n\t\t\t\t\t\t\t\t\t\t\t<a href=\"https:\/\/www.animelicenciado.es\/en_en\/konosuba-t1\/\">\n\t\t\t\t\t\t\t<img loading=\"lazy\" decoding=\"async\" width=\"214\" height=\"300\" src=\"https:\/\/www.animelicenciado.es\/wp-content\/uploads\/2022\/12\/8436580890090-2-214x300.jpg\" class=\"attachment-medium size-medium wp-image-13931\" alt=\"\" srcset=\"https:\/\/www.animelicenciado.es\/wp-content\/uploads\/2022\/12\/8436580890090-2-214x300.jpg 214w, https:\/\/www.animelicenciado.es\/wp-content\/uploads\/2022\/12\/8436580890090-2-730x1024.jpg 730w, https:\/\/www.animelicenciado.es\/wp-content\/uploads\/2022\/12\/8436580890090-2-768x1077.jpg 768w, https:\/\/www.animelicenciado.es\/wp-content\/uploads\/2022\/12\/8436580890090-2.jpg 1024w\" sizes=\"(max-width: 214px) 100vw, 214px\" \/>\t\t\t\t\t\t\t\t<\/a>\n\t\t\t\t\t\t\t\t\t\t\t<figcaption class=\"widget-image-caption wp-caption-text\">Konosuba Temporada 1<\/figcaption>\n\t\t\t\t\t\t\t\t\t\t<\/figure>\n\t\t\t\t\t\t\t\t\t<\/div>\n\t\t\t\t<\/div>\n\t\t\t\t\t<\/div>\n\t\t<\/div>\n\t\t\t\t<div class=\"elementor-column elementor-col-25 elementor-top-column elementor-element elementor-element-019bc7e\" data-id=\"019bc7e\" data-element_type=\"column\" data-e-type=\"column\">\n\t\t\t<div class=\"elementor-widget-wrap elementor-element-populated\">\n\t\t\t\t\t\t<div class=\"elementor-element elementor-element-9064ee1 elementor-widget elementor-widget-image\" data-id=\"9064ee1\" data-element_type=\"widget\" data-e-type=\"widget\" data-widget_type=\"image.default\">\n\t\t\t\t<div class=\"elementor-widget-container\">\n\t\t\t\t\t\t\t\t\t\t\t\t<figure class=\"wp-caption\">\n\t\t\t\t\t\t\t\t\t\t\t<a href=\"https:\/\/www.animelicenciado.es\/en_en\/pajaro-que-trina-no-vuela-otaku-edition\/\">\n\t\t\t\t\t\t\t<img loading=\"lazy\" decoding=\"async\" width=\"219\" height=\"300\" src=\"https:\/\/www.animelicenciado.es\/wp-content\/uploads\/2022\/11\/CCF12112022_00000-219x300.jpg\" class=\"attachment-medium size-medium wp-image-13600\" alt=\"\" srcset=\"https:\/\/www.animelicenciado.es\/wp-content\/uploads\/2022\/11\/CCF12112022_00000-219x300.jpg 219w, https:\/\/www.animelicenciado.es\/wp-content\/uploads\/2022\/11\/CCF12112022_00000.jpg 543w\" sizes=\"(max-width: 219px) 100vw, 219px\" \/>\t\t\t\t\t\t\t\t<\/a>\n\t\t\t\t\t\t\t\t\t\t\t<figcaption class=\"widget-image-caption wp-caption-text\">P\u00e1jaro que Trina no Vuela<\/figcaption>\n\t\t\t\t\t\t\t\t\t\t<\/figure>\n\t\t\t\t\t\t\t\t\t<\/div>\n\t\t\t\t<\/div>\n\t\t\t\t\t<\/div>\n\t\t<\/div>\n\t\t\t\t<div class=\"elementor-column elementor-col-25 elementor-top-column elementor-element elementor-element-6afd81f\" data-id=\"6afd81f\" data-element_type=\"column\" data-e-type=\"column\">\n\t\t\t<div class=\"elementor-widget-wrap elementor-element-populated\">\n\t\t\t\t\t\t<div class=\"elementor-element elementor-element-8138a6f elementor-widget elementor-widget-image\" data-id=\"8138a6f\" data-element_type=\"widget\" data-e-type=\"widget\" data-widget_type=\"image.default\">\n\t\t\t\t<div class=\"elementor-widget-container\">\n\t\t\t\t\t\t\t\t\t\t\t\t<figure class=\"wp-caption\">\n\t\t\t\t\t\t\t\t\t\t\t<a href=\"https:\/\/www.animelicenciado.es\/en_en\/konosuba-t2\/\">\n\t\t\t\t\t\t\t<img loading=\"lazy\" decoding=\"async\" width=\"215\" height=\"300\" src=\"https:\/\/www.animelicenciado.es\/wp-content\/uploads\/2022\/12\/8436580890137-215x300.jpg\" class=\"attachment-medium size-medium wp-image-13930\" alt=\"\" srcset=\"https:\/\/www.animelicenciado.es\/wp-content\/uploads\/2022\/12\/8436580890137-215x300.jpg 215w, https:\/\/www.animelicenciado.es\/wp-content\/uploads\/2022\/12\/8436580890137-734x1024.jpg 734w, https:\/\/www.animelicenciado.es\/wp-content\/uploads\/2022\/12\/8436580890137-768x1072.jpg 768w, https:\/\/www.animelicenciado.es\/wp-content\/uploads\/2022\/12\/8436580890137.jpg 1024w\" sizes=\"(max-width: 215px) 100vw, 215px\" \/>\t\t\t\t\t\t\t\t<\/a>\n\t\t\t\t\t\t\t\t\t\t\t<figcaption class=\"widget-image-caption wp-caption-text\">Konosuba Temporada 2<\/figcaption>\n\t\t\t\t\t\t\t\t\t\t<\/figure>\n\t\t\t\t\t\t\t\t\t<\/div>\n\t\t\t\t<\/div>\n\t\t\t\t\t<\/div>\n\t\t<\/div>\n\t\t\t\t\t<\/div>\n\t\t<\/section>\n\t\t\t\t<section class=\"elementor-section elementor-top-section elementor-element elementor-element-3dc32fc elementor-section-boxed elementor-section-height-default elementor-section-height-default elementor-invisible\" data-id=\"3dc32fc\" data-element_type=\"section\" data-e-type=\"section\" data-settings=\"{&quot;animation&quot;:&quot;slideInRight&quot;}\">\n\t\t\t\t\t\t\t<div class=\"elementor-background-overlay\"><\/div>\n\t\t\t\t\t\t\t<div class=\"elementor-container elementor-column-gap-default\">\n\t\t\t\t\t<div class=\"elementor-column elementor-col-25 elementor-top-column elementor-element elementor-element-239c382\" data-id=\"239c382\" data-element_type=\"column\" data-e-type=\"column\">\n\t\t\t<div class=\"elementor-widget-wrap elementor-element-populated\">\n\t\t\t\t\t\t<div class=\"elementor-element elementor-element-d9eb995 elementor-widget elementor-widget-image\" data-id=\"d9eb995\" data-element_type=\"widget\" data-e-type=\"widget\" data-widget_type=\"image.default\">\n\t\t\t\t<div class=\"elementor-widget-container\">\n\t\t\t\t\t\t\t\t\t\t\t\t<figure class=\"wp-caption\">\n\t\t\t\t\t\t\t\t\t\t\t<a href=\"https:\/\/www.animelicenciado.es\/en_en\/utena-la-pelicula-otaku-edition\/\">\n\t\t\t\t\t\t\t<img loading=\"lazy\" decoding=\"async\" width=\"580\" height=\"808\" src=\"https:\/\/www.animelicenciado.es\/wp-content\/uploads\/2024\/07\/CCF31072024_00000-735x1024.jpg\" class=\"attachment-large size-large wp-image-16241\" alt=\"\" srcset=\"https:\/\/www.animelicenciado.es\/wp-content\/uploads\/2024\/07\/CCF31072024_00000-735x1024.jpg 735w, https:\/\/www.animelicenciado.es\/wp-content\/uploads\/2024\/07\/CCF31072024_00000-215x300.jpg 215w, https:\/\/www.animelicenciado.es\/wp-content\/uploads\/2024\/07\/CCF31072024_00000-768x1069.jpg 768w, https:\/\/www.animelicenciado.es\/wp-content\/uploads\/2024\/07\/CCF31072024_00000.jpg 800w\" sizes=\"(max-width: 580px) 100vw, 580px\" \/>\t\t\t\t\t\t\t\t<\/a>\n\t\t\t\t\t\t\t\t\t\t\t<figcaption class=\"widget-image-caption wp-caption-text\">Utena: Apocalipsis Adolescente<\/figcaption>\n\t\t\t\t\t\t\t\t\t\t<\/figure>\n\t\t\t\t\t\t\t\t\t<\/div>\n\t\t\t\t<\/div>\n\t\t\t\t\t<\/div>\n\t\t<\/div>\n\t\t\t\t<div class=\"elementor-column elementor-col-25 elementor-top-column elementor-element elementor-element-ee3ab23\" data-id=\"ee3ab23\" data-element_type=\"column\" data-e-type=\"column\">\n\t\t\t<div class=\"elementor-widget-wrap\">\n\t\t\t\t\t\t\t<\/div>\n\t\t<\/div>\n\t\t\t\t<div class=\"elementor-column elementor-col-25 elementor-top-column elementor-element elementor-element-4e9e883\" data-id=\"4e9e883\" data-element_type=\"column\" data-e-type=\"column\">\n\t\t\t<div class=\"elementor-widget-wrap\">\n\t\t\t\t\t\t\t<\/div>\n\t\t<\/div>\n\t\t\t\t<div class=\"elementor-column elementor-col-25 elementor-top-column elementor-element elementor-element-5706dc9\" data-id=\"5706dc9\" data-element_type=\"column\" data-e-type=\"column\">\n\t\t\t<div class=\"elementor-widget-wrap\">\n\t\t\t\t\t\t\t<\/div>\n\t\t<\/div>\n\t\t\t\t\t<\/div>\n\t\t<\/section>\n\t\t\t\t<\/div>","protected":false},"excerpt":{"rendered":"<p>Otaku Edition Edici\u00f3n de Jonu Media El Libro M\u00e1gico de Zero Penguin Highway La Leyenda de los H\u00e9roes de la Galaxia Temporada 1 Gantz La Leyenda de los H\u00e9roes de la Galaxia Temporada 2 Konosuba Temporada 1 P\u00e1jaro que Trina no Vuela Konosuba Temporada 2 Utena: Apocalipsis Adolescente<\/p>","protected":false},"author":1,"featured_media":0,"parent":0,"menu_order":0,"comment_status":"closed","ping_status":"closed","template":"elementor_header_footer","meta":{"footnotes":""},"class_list":["post-1786","page","type-page","status-publish","hentry"],"_links":{"self":[{"href":"https:\/\/www.animelicenciado.es\/en_en\/wp-json\/wp\/v2\/pages\/1786","targetHints":{"allow":["GET"]}}],"collection":[{"href":"https:\/\/www.animelicenciado.es\/en_en\/wp-json\/wp\/v2\/pages"}],"about":[{"href":"https:\/\/www.animelicenciado.es\/en_en\/wp-json\/wp\/v2\/types\/page"}],"author":[{"embeddable":true,"href":"https:\/\/www.animelicenciado.es\/en_en\/wp-json\/wp\/v2\/users\/1"}],"replies":[{"embeddable":true,"href":"https:\/\/www.animelicenciado.es\/en_en\/wp-json\/wp\/v2\/comments?post=1786"}],"version-history":[{"count":43,"href":"https:\/\/www.animelicenciado.es\/en_en\/wp-json\/wp\/v2\/pages\/1786\/revisions"}],"predecessor-version":[{"id":16281,"href":"https:\/\/www.animelicenciado.es\/en_en\/wp-json\/wp\/v2\/pages\/1786\/revisions\/16281"}],"wp:attachment":[{"href":"https:\/\/www.animelicenciado.es\/en_en\/wp-json\/wp\/v2\/media?parent=1786"}],"curies":[{"name":"wp","href":"https:\/\/api.w.org\/{rel}","templated":true}]}}