{"id":1835,"date":"2020-05-14T18:07:38","date_gmt":"2020-05-14T18:07:38","guid":{"rendered":"https:\/\/www.animelicenciado.es\/19-2\/"},"modified":"2025-08-31T18:44:12","modified_gmt":"2025-08-31T17:44:12","slug":"19-2","status":"publish","type":"page","link":"https:\/\/www.animelicenciado.es\/en_en\/19-2\/","title":{"rendered":"Danmachi. \u00bfQu\u00e9 tiene de malo intentar ligar en una mazmorra? Edici\u00f3n Coleccionista Reportaje"},"content":{"rendered":"<div data-elementor-type=\"wp-page\" data-elementor-id=\"1835\" class=\"elementor elementor-1835\">\n\t\t\t\t\t\t<section class=\"elementor-section elementor-top-section elementor-element elementor-element-39fccffa elementor-section-boxed elementor-section-height-default elementor-section-height-default\" data-id=\"39fccffa\" data-element_type=\"section\" data-e-type=\"section\">\n\t\t\t\t\t\t<div class=\"elementor-container elementor-column-gap-default\">\n\t\t\t\t\t<div class=\"elementor-column elementor-col-100 elementor-top-column elementor-element elementor-element-411a85d3\" data-id=\"411a85d3\" data-element_type=\"column\" data-e-type=\"column\">\n\t\t\t<div class=\"elementor-widget-wrap elementor-element-populated\">\n\t\t\t\t\t\t<div class=\"elementor-element elementor-element-729708ad elementor-invisible elementor-widget elementor-widget-heading\" data-id=\"729708ad\" data-element_type=\"widget\" data-e-type=\"widget\" data-settings=\"{&quot;_animation&quot;:&quot;fadeInRight&quot;}\" data-widget_type=\"heading.default\">\n\t\t\t\t<div class=\"elementor-widget-container\">\n\t\t\t\t\t<h2 class=\"elementor-heading-title elementor-size-default\">Danmachi. \u00bfQu\u00e9 tiene de malo intentar ligar en una mazmorra? Edici\u00f3n Coleccionista<\/h2>\t\t\t\t<\/div>\n\t\t\t\t<\/div>\n\t\t\t\t<section class=\"elementor-section elementor-inner-section elementor-element elementor-element-186dd064 elementor-section-boxed elementor-section-height-default elementor-section-height-default\" data-id=\"186dd064\" data-element_type=\"section\" data-e-type=\"section\">\n\t\t\t\t\t\t<div class=\"elementor-container elementor-column-gap-default\">\n\t\t\t\t\t<div class=\"elementor-column elementor-col-100 elementor-inner-column elementor-element elementor-element-59670c4f\" data-id=\"59670c4f\" data-element_type=\"column\" data-e-type=\"column\">\n\t\t\t<div class=\"elementor-widget-wrap elementor-element-populated\">\n\t\t\t\t\t\t<div class=\"elementor-element elementor-element-8a8a722 gallery-spacing-custom elementor-widget elementor-widget-image-gallery\" data-id=\"8a8a722\" data-element_type=\"widget\" data-e-type=\"widget\" data-widget_type=\"image-gallery.default\">\n\t\t\t\t<div class=\"elementor-widget-container\">\n\t\t\t\t\t\t\t<div class=\"elementor-image-gallery\">\n\t\t\t<div id='gallery-1' class='gallery galleryid-1835 gallery-columns-3 gallery-size-medium_large'><figure class='gallery-item'>\n\t\t\t<div class='gallery-icon landscape'>\n\t\t\t\t<a data-elementor-open-lightbox=\"yes\" data-elementor-lightbox-slideshow=\"8a8a722\" data-e-action-hash=\"#elementor-action%3Aaction%3Dlightbox%26settings%3DeyJpZCI6Mjg1OSwidXJsIjoiaHR0cHM6XC9cL3d3dy5hbmltZWxpY2VuY2lhZG8uZXNcL3dwLWNvbnRlbnRcL3VwbG9hZHNcLzIwMjBcLzA1XC9DSU1HNDI2Ni5qcGciLCJzbGlkZXNob3ciOiI4YThhNzIyIn0%3D\" href='https:\/\/www.animelicenciado.es\/wp-content\/uploads\/2020\/05\/CIMG4266.jpg'><img fetchpriority=\"high\" decoding=\"async\" width=\"580\" height=\"435\" src=\"https:\/\/www.animelicenciado.es\/wp-content\/uploads\/2020\/05\/CIMG4266-768x576.jpg\" class=\"attachment-medium_large size-medium_large\" alt=\"\" srcset=\"https:\/\/www.animelicenciado.es\/wp-content\/uploads\/2020\/05\/CIMG4266-768x576.jpg 768w, https:\/\/www.animelicenciado.es\/wp-content\/uploads\/2020\/05\/CIMG4266-300x225.jpg 300w, https:\/\/www.animelicenciado.es\/wp-content\/uploads\/2020\/05\/CIMG4266.jpg 1024w\" sizes=\"(max-width: 580px) 100vw, 580px\" \/><\/a>\n\t\t\t<\/div><\/figure><figure class='gallery-item'>\n\t\t\t<div class='gallery-icon landscape'>\n\t\t\t\t<a data-elementor-open-lightbox=\"yes\" data-elementor-lightbox-slideshow=\"8a8a722\" data-e-action-hash=\"#elementor-action%3Aaction%3Dlightbox%26settings%3DeyJpZCI6Mjg2MCwidXJsIjoiaHR0cHM6XC9cL3d3dy5hbmltZWxpY2VuY2lhZG8uZXNcL3dwLWNvbnRlbnRcL3VwbG9hZHNcLzIwMjBcLzA1XC9DSU1HNDI2OC5qcGciLCJzbGlkZXNob3ciOiI4YThhNzIyIn0%3D\" href='https:\/\/www.animelicenciado.es\/wp-content\/uploads\/2020\/05\/CIMG4268.jpg'><img decoding=\"async\" width=\"580\" height=\"435\" src=\"https:\/\/www.animelicenciado.es\/wp-content\/uploads\/2020\/05\/CIMG4268-768x576.jpg\" class=\"attachment-medium_large size-medium_large\" alt=\"\" srcset=\"https:\/\/www.animelicenciado.es\/wp-content\/uploads\/2020\/05\/CIMG4268-768x576.jpg 768w, https:\/\/www.animelicenciado.es\/wp-content\/uploads\/2020\/05\/CIMG4268-300x225.jpg 300w, https:\/\/www.animelicenciado.es\/wp-content\/uploads\/2020\/05\/CIMG4268.jpg 1024w\" sizes=\"(max-width: 580px) 100vw, 580px\" \/><\/a>\n\t\t\t<\/div><\/figure><figure class='gallery-item'>\n\t\t\t<div class='gallery-icon landscape'>\n\t\t\t\t<a data-elementor-open-lightbox=\"yes\" data-elementor-lightbox-slideshow=\"8a8a722\" data-e-action-hash=\"#elementor-action%3Aaction%3Dlightbox%26settings%3DeyJpZCI6Mjg2MSwidXJsIjoiaHR0cHM6XC9cL3d3dy5hbmltZWxpY2VuY2lhZG8uZXNcL3dwLWNvbnRlbnRcL3VwbG9hZHNcLzIwMjBcLzA1XC9DSU1HNDI2OS5qcGciLCJzbGlkZXNob3ciOiI4YThhNzIyIn0%3D\" href='https:\/\/www.animelicenciado.es\/wp-content\/uploads\/2020\/05\/CIMG4269.jpg'><img decoding=\"async\" width=\"580\" height=\"435\" src=\"https:\/\/www.animelicenciado.es\/wp-content\/uploads\/2020\/05\/CIMG4269-768x576.jpg\" class=\"attachment-medium_large size-medium_large\" alt=\"\" srcset=\"https:\/\/www.animelicenciado.es\/wp-content\/uploads\/2020\/05\/CIMG4269-768x576.jpg 768w, https:\/\/www.animelicenciado.es\/wp-content\/uploads\/2020\/05\/CIMG4269-300x225.jpg 300w, https:\/\/www.animelicenciado.es\/wp-content\/uploads\/2020\/05\/CIMG4269.jpg 1024w\" sizes=\"(max-width: 580px) 100vw, 580px\" \/><\/a>\n\t\t\t<\/div><\/figure><figure class='gallery-item'>\n\t\t\t<div class='gallery-icon landscape'>\n\t\t\t\t<a data-elementor-open-lightbox=\"yes\" data-elementor-lightbox-slideshow=\"8a8a722\" data-e-action-hash=\"#elementor-action%3Aaction%3Dlightbox%26settings%3DeyJpZCI6Mjg2MiwidXJsIjoiaHR0cHM6XC9cL3d3dy5hbmltZWxpY2VuY2lhZG8uZXNcL3dwLWNvbnRlbnRcL3VwbG9hZHNcLzIwMjBcLzA1XC9DSU1HNDI3MC5qcGciLCJzbGlkZXNob3ciOiI4YThhNzIyIn0%3D\" href='https:\/\/www.animelicenciado.es\/wp-content\/uploads\/2020\/05\/CIMG4270.jpg'><img loading=\"lazy\" decoding=\"async\" width=\"580\" height=\"435\" src=\"https:\/\/www.animelicenciado.es\/wp-content\/uploads\/2020\/05\/CIMG4270-768x576.jpg\" class=\"attachment-medium_large size-medium_large\" alt=\"\" srcset=\"https:\/\/www.animelicenciado.es\/wp-content\/uploads\/2020\/05\/CIMG4270-768x576.jpg 768w, https:\/\/www.animelicenciado.es\/wp-content\/uploads\/2020\/05\/CIMG4270-300x225.jpg 300w, https:\/\/www.animelicenciado.es\/wp-content\/uploads\/2020\/05\/CIMG4270.jpg 1024w\" sizes=\"(max-width: 580px) 100vw, 580px\" \/><\/a>\n\t\t\t<\/div><\/figure><figure class='gallery-item'>\n\t\t\t<div class='gallery-icon landscape'>\n\t\t\t\t<a data-elementor-open-lightbox=\"yes\" data-elementor-lightbox-slideshow=\"8a8a722\" data-e-action-hash=\"#elementor-action%3Aaction%3Dlightbox%26settings%3DeyJpZCI6Mjg2MywidXJsIjoiaHR0cHM6XC9cL3d3dy5hbmltZWxpY2VuY2lhZG8uZXNcL3dwLWNvbnRlbnRcL3VwbG9hZHNcLzIwMjBcLzA1XC9DSU1HNDI3MS5qcGciLCJzbGlkZXNob3ciOiI4YThhNzIyIn0%3D\" href='https:\/\/www.animelicenciado.es\/wp-content\/uploads\/2020\/05\/CIMG4271.jpg'><img loading=\"lazy\" decoding=\"async\" width=\"580\" height=\"435\" src=\"https:\/\/www.animelicenciado.es\/wp-content\/uploads\/2020\/05\/CIMG4271-768x576.jpg\" class=\"attachment-medium_large size-medium_large\" alt=\"\" srcset=\"https:\/\/www.animelicenciado.es\/wp-content\/uploads\/2020\/05\/CIMG4271-768x576.jpg 768w, https:\/\/www.animelicenciado.es\/wp-content\/uploads\/2020\/05\/CIMG4271-300x225.jpg 300w, https:\/\/www.animelicenciado.es\/wp-content\/uploads\/2020\/05\/CIMG4271.jpg 1024w\" sizes=\"(max-width: 580px) 100vw, 580px\" \/><\/a>\n\t\t\t<\/div><\/figure><figure class='gallery-item'>\n\t\t\t<div class='gallery-icon landscape'>\n\t\t\t\t<a data-elementor-open-lightbox=\"yes\" data-elementor-lightbox-slideshow=\"8a8a722\" data-e-action-hash=\"#elementor-action%3Aaction%3Dlightbox%26settings%3DeyJpZCI6Mjg2NCwidXJsIjoiaHR0cHM6XC9cL3d3dy5hbmltZWxpY2VuY2lhZG8uZXNcL3dwLWNvbnRlbnRcL3VwbG9hZHNcLzIwMjBcLzA1XC9DSU1HNDI3Mi5qcGciLCJzbGlkZXNob3ciOiI4YThhNzIyIn0%3D\" href='https:\/\/www.animelicenciado.es\/wp-content\/uploads\/2020\/05\/CIMG4272.jpg'><img loading=\"lazy\" decoding=\"async\" width=\"580\" height=\"435\" src=\"https:\/\/www.animelicenciado.es\/wp-content\/uploads\/2020\/05\/CIMG4272-768x576.jpg\" class=\"attachment-medium_large size-medium_large\" alt=\"\" srcset=\"https:\/\/www.animelicenciado.es\/wp-content\/uploads\/2020\/05\/CIMG4272-768x576.jpg 768w, https:\/\/www.animelicenciado.es\/wp-content\/uploads\/2020\/05\/CIMG4272-300x225.jpg 300w, https:\/\/www.animelicenciado.es\/wp-content\/uploads\/2020\/05\/CIMG4272.jpg 1024w\" sizes=\"(max-width: 580px) 100vw, 580px\" \/><\/a>\n\t\t\t<\/div><\/figure><figure class='gallery-item'>\n\t\t\t<div class='gallery-icon landscape'>\n\t\t\t\t<a data-elementor-open-lightbox=\"yes\" data-elementor-lightbox-slideshow=\"8a8a722\" data-e-action-hash=\"#elementor-action%3Aaction%3Dlightbox%26settings%3DeyJpZCI6Mjg2NSwidXJsIjoiaHR0cHM6XC9cL3d3dy5hbmltZWxpY2VuY2lhZG8uZXNcL3dwLWNvbnRlbnRcL3VwbG9hZHNcLzIwMjBcLzA1XC9DSU1HNDI3My5qcGciLCJzbGlkZXNob3ciOiI4YThhNzIyIn0%3D\" href='https:\/\/www.animelicenciado.es\/wp-content\/uploads\/2020\/05\/CIMG4273.jpg'><img loading=\"lazy\" decoding=\"async\" width=\"580\" height=\"435\" src=\"https:\/\/www.animelicenciado.es\/wp-content\/uploads\/2020\/05\/CIMG4273-768x576.jpg\" class=\"attachment-medium_large size-medium_large\" alt=\"\" srcset=\"https:\/\/www.animelicenciado.es\/wp-content\/uploads\/2020\/05\/CIMG4273-768x576.jpg 768w, https:\/\/www.animelicenciado.es\/wp-content\/uploads\/2020\/05\/CIMG4273-300x225.jpg 300w, https:\/\/www.animelicenciado.es\/wp-content\/uploads\/2020\/05\/CIMG4273.jpg 1024w\" sizes=\"(max-width: 580px) 100vw, 580px\" \/><\/a>\n\t\t\t<\/div><\/figure><figure class='gallery-item'>\n\t\t\t<div class='gallery-icon landscape'>\n\t\t\t\t<a data-elementor-open-lightbox=\"yes\" data-elementor-lightbox-slideshow=\"8a8a722\" data-e-action-hash=\"#elementor-action%3Aaction%3Dlightbox%26settings%3DeyJpZCI6Mjg2NiwidXJsIjoiaHR0cHM6XC9cL3d3dy5hbmltZWxpY2VuY2lhZG8uZXNcL3dwLWNvbnRlbnRcL3VwbG9hZHNcLzIwMjBcLzA1XC9DSU1HNDI3NC5qcGciLCJzbGlkZXNob3ciOiI4YThhNzIyIn0%3D\" href='https:\/\/www.animelicenciado.es\/wp-content\/uploads\/2020\/05\/CIMG4274.jpg'><img loading=\"lazy\" decoding=\"async\" width=\"580\" height=\"435\" src=\"https:\/\/www.animelicenciado.es\/wp-content\/uploads\/2020\/05\/CIMG4274-768x576.jpg\" class=\"attachment-medium_large size-medium_large\" alt=\"\" srcset=\"https:\/\/www.animelicenciado.es\/wp-content\/uploads\/2020\/05\/CIMG4274-768x576.jpg 768w, https:\/\/www.animelicenciado.es\/wp-content\/uploads\/2020\/05\/CIMG4274-300x225.jpg 300w, https:\/\/www.animelicenciado.es\/wp-content\/uploads\/2020\/05\/CIMG4274.jpg 1024w\" sizes=\"(max-width: 580px) 100vw, 580px\" \/><\/a>\n\t\t\t<\/div><\/figure><figure class='gallery-item'>\n\t\t\t<div class='gallery-icon landscape'>\n\t\t\t\t<a data-elementor-open-lightbox=\"yes\" data-elementor-lightbox-slideshow=\"8a8a722\" data-e-action-hash=\"#elementor-action%3Aaction%3Dlightbox%26settings%3DeyJpZCI6Mjg2NywidXJsIjoiaHR0cHM6XC9cL3d3dy5hbmltZWxpY2VuY2lhZG8uZXNcL3dwLWNvbnRlbnRcL3VwbG9hZHNcLzIwMjBcLzA1XC9DSU1HNDI3NS5qcGciLCJzbGlkZXNob3ciOiI4YThhNzIyIn0%3D\" href='https:\/\/www.animelicenciado.es\/wp-content\/uploads\/2020\/05\/CIMG4275.jpg'><img loading=\"lazy\" decoding=\"async\" width=\"580\" height=\"435\" src=\"https:\/\/www.animelicenciado.es\/wp-content\/uploads\/2020\/05\/CIMG4275-768x576.jpg\" class=\"attachment-medium_large size-medium_large\" alt=\"\" srcset=\"https:\/\/www.animelicenciado.es\/wp-content\/uploads\/2020\/05\/CIMG4275-768x576.jpg 768w, https:\/\/www.animelicenciado.es\/wp-content\/uploads\/2020\/05\/CIMG4275-300x225.jpg 300w, https:\/\/www.animelicenciado.es\/wp-content\/uploads\/2020\/05\/CIMG4275.jpg 1024w\" sizes=\"(max-width: 580px) 100vw, 580px\" \/><\/a>\n\t\t\t<\/div><\/figure><figure class='gallery-item'>\n\t\t\t<div class='gallery-icon landscape'>\n\t\t\t\t<a data-elementor-open-lightbox=\"yes\" data-elementor-lightbox-slideshow=\"8a8a722\" data-e-action-hash=\"#elementor-action%3Aaction%3Dlightbox%26settings%3DeyJpZCI6Mjg2OCwidXJsIjoiaHR0cHM6XC9cL3d3dy5hbmltZWxpY2VuY2lhZG8uZXNcL3dwLWNvbnRlbnRcL3VwbG9hZHNcLzIwMjBcLzA1XC9DSU1HNDI3Ni5qcGciLCJzbGlkZXNob3ciOiI4YThhNzIyIn0%3D\" href='https:\/\/www.animelicenciado.es\/wp-content\/uploads\/2020\/05\/CIMG4276.jpg'><img loading=\"lazy\" decoding=\"async\" width=\"580\" height=\"435\" src=\"https:\/\/www.animelicenciado.es\/wp-content\/uploads\/2020\/05\/CIMG4276-768x576.jpg\" class=\"attachment-medium_large size-medium_large\" alt=\"\" srcset=\"https:\/\/www.animelicenciado.es\/wp-content\/uploads\/2020\/05\/CIMG4276-768x576.jpg 768w, https:\/\/www.animelicenciado.es\/wp-content\/uploads\/2020\/05\/CIMG4276-300x225.jpg 300w, https:\/\/www.animelicenciado.es\/wp-content\/uploads\/2020\/05\/CIMG4276.jpg 1024w\" sizes=\"(max-width: 580px) 100vw, 580px\" \/><\/a>\n\t\t\t<\/div><\/figure><figure class='gallery-item'>\n\t\t\t<div class='gallery-icon landscape'>\n\t\t\t\t<a data-elementor-open-lightbox=\"yes\" data-elementor-lightbox-slideshow=\"8a8a722\" data-e-action-hash=\"#elementor-action%3Aaction%3Dlightbox%26settings%3DeyJpZCI6Mjg2OSwidXJsIjoiaHR0cHM6XC9cL3d3dy5hbmltZWxpY2VuY2lhZG8uZXNcL3dwLWNvbnRlbnRcL3VwbG9hZHNcLzIwMjBcLzA1XC9DSU1HNDI3Ny5qcGciLCJzbGlkZXNob3ciOiI4YThhNzIyIn0%3D\" href='https:\/\/www.animelicenciado.es\/wp-content\/uploads\/2020\/05\/CIMG4277.jpg'><img loading=\"lazy\" decoding=\"async\" width=\"580\" height=\"435\" src=\"https:\/\/www.animelicenciado.es\/wp-content\/uploads\/2020\/05\/CIMG4277-768x576.jpg\" class=\"attachment-medium_large size-medium_large\" alt=\"\" srcset=\"https:\/\/www.animelicenciado.es\/wp-content\/uploads\/2020\/05\/CIMG4277-768x576.jpg 768w, https:\/\/www.animelicenciado.es\/wp-content\/uploads\/2020\/05\/CIMG4277-300x225.jpg 300w, https:\/\/www.animelicenciado.es\/wp-content\/uploads\/2020\/05\/CIMG4277.jpg 1024w\" sizes=\"(max-width: 580px) 100vw, 580px\" \/><\/a>\n\t\t\t<\/div><\/figure><figure class='gallery-item'>\n\t\t\t<div class='gallery-icon landscape'>\n\t\t\t\t<a data-elementor-open-lightbox=\"yes\" data-elementor-lightbox-slideshow=\"8a8a722\" data-e-action-hash=\"#elementor-action%3Aaction%3Dlightbox%26settings%3DeyJpZCI6Mjg3MCwidXJsIjoiaHR0cHM6XC9cL3d3dy5hbmltZWxpY2VuY2lhZG8uZXNcL3dwLWNvbnRlbnRcL3VwbG9hZHNcLzIwMjBcLzA1XC9DSU1HNDI3OS5qcGciLCJzbGlkZXNob3ciOiI4YThhNzIyIn0%3D\" href='https:\/\/www.animelicenciado.es\/wp-content\/uploads\/2020\/05\/CIMG4279.jpg'><img loading=\"lazy\" decoding=\"async\" width=\"580\" height=\"435\" src=\"https:\/\/www.animelicenciado.es\/wp-content\/uploads\/2020\/05\/CIMG4279-768x576.jpg\" class=\"attachment-medium_large size-medium_large\" alt=\"\" srcset=\"https:\/\/www.animelicenciado.es\/wp-content\/uploads\/2020\/05\/CIMG4279-768x576.jpg 768w, https:\/\/www.animelicenciado.es\/wp-content\/uploads\/2020\/05\/CIMG4279-300x225.jpg 300w, https:\/\/www.animelicenciado.es\/wp-content\/uploads\/2020\/05\/CIMG4279.jpg 1024w\" sizes=\"(max-width: 580px) 100vw, 580px\" \/><\/a>\n\t\t\t<\/div><\/figure><figure class='gallery-item'>\n\t\t\t<div class='gallery-icon landscape'>\n\t\t\t\t<a data-elementor-open-lightbox=\"yes\" data-elementor-lightbox-slideshow=\"8a8a722\" data-e-action-hash=\"#elementor-action%3Aaction%3Dlightbox%26settings%3DeyJpZCI6Mjg3MSwidXJsIjoiaHR0cHM6XC9cL3d3dy5hbmltZWxpY2VuY2lhZG8uZXNcL3dwLWNvbnRlbnRcL3VwbG9hZHNcLzIwMjBcLzA1XC9DSU1HNDI4MS5qcGciLCJzbGlkZXNob3ciOiI4YThhNzIyIn0%3D\" href='https:\/\/www.animelicenciado.es\/wp-content\/uploads\/2020\/05\/CIMG4281.jpg'><img loading=\"lazy\" decoding=\"async\" width=\"580\" height=\"435\" src=\"https:\/\/www.animelicenciado.es\/wp-content\/uploads\/2020\/05\/CIMG4281-768x576.jpg\" class=\"attachment-medium_large size-medium_large\" alt=\"\" srcset=\"https:\/\/www.animelicenciado.es\/wp-content\/uploads\/2020\/05\/CIMG4281-768x576.jpg 768w, https:\/\/www.animelicenciado.es\/wp-content\/uploads\/2020\/05\/CIMG4281-300x225.jpg 300w, https:\/\/www.animelicenciado.es\/wp-content\/uploads\/2020\/05\/CIMG4281.jpg 1024w\" sizes=\"(max-width: 580px) 100vw, 580px\" \/><\/a>\n\t\t\t<\/div><\/figure><figure class='gallery-item'>\n\t\t\t<div class='gallery-icon landscape'>\n\t\t\t\t<a data-elementor-open-lightbox=\"yes\" data-elementor-lightbox-slideshow=\"8a8a722\" data-e-action-hash=\"#elementor-action%3Aaction%3Dlightbox%26settings%3DeyJpZCI6Mjg3MiwidXJsIjoiaHR0cHM6XC9cL3d3dy5hbmltZWxpY2VuY2lhZG8uZXNcL3dwLWNvbnRlbnRcL3VwbG9hZHNcLzIwMjBcLzA1XC9DSU1HNDI4Mi5qcGciLCJzbGlkZXNob3ciOiI4YThhNzIyIn0%3D\" href='https:\/\/www.animelicenciado.es\/wp-content\/uploads\/2020\/05\/CIMG4282.jpg'><img loading=\"lazy\" decoding=\"async\" width=\"580\" height=\"435\" src=\"https:\/\/www.animelicenciado.es\/wp-content\/uploads\/2020\/05\/CIMG4282-768x576.jpg\" class=\"attachment-medium_large size-medium_large\" alt=\"\" srcset=\"https:\/\/www.animelicenciado.es\/wp-content\/uploads\/2020\/05\/CIMG4282-768x576.jpg 768w, https:\/\/www.animelicenciado.es\/wp-content\/uploads\/2020\/05\/CIMG4282-300x225.jpg 300w, https:\/\/www.animelicenciado.es\/wp-content\/uploads\/2020\/05\/CIMG4282.jpg 1024w\" sizes=\"(max-width: 580px) 100vw, 580px\" \/><\/a>\n\t\t\t<\/div><\/figure><figure class='gallery-item'>\n\t\t\t<div class='gallery-icon landscape'>\n\t\t\t\t<a data-elementor-open-lightbox=\"yes\" data-elementor-lightbox-slideshow=\"8a8a722\" data-e-action-hash=\"#elementor-action%3Aaction%3Dlightbox%26settings%3DeyJpZCI6Mjg3MywidXJsIjoiaHR0cHM6XC9cL3d3dy5hbmltZWxpY2VuY2lhZG8uZXNcL3dwLWNvbnRlbnRcL3VwbG9hZHNcLzIwMjBcLzA1XC9DSU1HNDI4NC5qcGciLCJzbGlkZXNob3ciOiI4YThhNzIyIn0%3D\" href='https:\/\/www.animelicenciado.es\/wp-content\/uploads\/2020\/05\/CIMG4284.jpg'><img loading=\"lazy\" decoding=\"async\" width=\"580\" height=\"435\" src=\"https:\/\/www.animelicenciado.es\/wp-content\/uploads\/2020\/05\/CIMG4284-768x576.jpg\" class=\"attachment-medium_large size-medium_large\" alt=\"\" srcset=\"https:\/\/www.animelicenciado.es\/wp-content\/uploads\/2020\/05\/CIMG4284-768x576.jpg 768w, https:\/\/www.animelicenciado.es\/wp-content\/uploads\/2020\/05\/CIMG4284-300x225.jpg 300w, https:\/\/www.animelicenciado.es\/wp-content\/uploads\/2020\/05\/CIMG4284.jpg 1024w\" sizes=\"(max-width: 580px) 100vw, 580px\" \/><\/a>\n\t\t\t<\/div><\/figure><figure class='gallery-item'>\n\t\t\t<div class='gallery-icon landscape'>\n\t\t\t\t<a data-elementor-open-lightbox=\"yes\" data-elementor-lightbox-slideshow=\"8a8a722\" data-e-action-hash=\"#elementor-action%3Aaction%3Dlightbox%26settings%3DeyJpZCI6Mjg3NCwidXJsIjoiaHR0cHM6XC9cL3d3dy5hbmltZWxpY2VuY2lhZG8uZXNcL3dwLWNvbnRlbnRcL3VwbG9hZHNcLzIwMjBcLzA1XC9DSU1HNDI4NS5qcGciLCJzbGlkZXNob3ciOiI4YThhNzIyIn0%3D\" href='https:\/\/www.animelicenciado.es\/wp-content\/uploads\/2020\/05\/CIMG4285.jpg'><img loading=\"lazy\" decoding=\"async\" width=\"580\" height=\"435\" src=\"https:\/\/www.animelicenciado.es\/wp-content\/uploads\/2020\/05\/CIMG4285-768x576.jpg\" class=\"attachment-medium_large size-medium_large\" alt=\"\" srcset=\"https:\/\/www.animelicenciado.es\/wp-content\/uploads\/2020\/05\/CIMG4285-768x576.jpg 768w, https:\/\/www.animelicenciado.es\/wp-content\/uploads\/2020\/05\/CIMG4285-300x225.jpg 300w, https:\/\/www.animelicenciado.es\/wp-content\/uploads\/2020\/05\/CIMG4285.jpg 1024w\" sizes=\"(max-width: 580px) 100vw, 580px\" \/><\/a>\n\t\t\t<\/div><\/figure>\n\t\t<\/div>\n\t\t<\/div>\n\t\t\t\t\t\t<\/div>\n\t\t\t\t<\/div>\n\t\t\t\t\t<\/div>\n\t\t<\/div>\n\t\t\t\t\t<\/div>\n\t\t<\/section>\n\t\t\t\t<section class=\"elementor-section elementor-inner-section elementor-element elementor-element-2805e0b3 elementor-section-boxed elementor-section-height-default elementor-section-height-default\" data-id=\"2805e0b3\" data-element_type=\"section\" data-e-type=\"section\">\n\t\t\t\t\t\t<div class=\"elementor-container elementor-column-gap-default\">\n\t\t\t\t\t<div class=\"elementor-column elementor-col-50 elementor-inner-column elementor-element elementor-element-48d60b22\" data-id=\"48d60b22\" data-element_type=\"column\" data-e-type=\"column\">\n\t\t\t<div class=\"elementor-widget-wrap elementor-element-populated\">\n\t\t\t\t\t\t<div class=\"elementor-element elementor-element-551dac93 elementor-invisible elementor-widget elementor-widget-heading\" data-id=\"551dac93\" data-element_type=\"widget\" data-e-type=\"widget\" data-settings=\"{&quot;_animation&quot;:&quot;fadeInLeft&quot;}\" data-widget_type=\"heading.default\">\n\t\t\t\t<div class=\"elementor-widget-container\">\n\t\t\t\t\t<h2 class=\"elementor-heading-title elementor-size-medium\">Volver a listado<\/h2>\t\t\t\t<\/div>\n\t\t\t\t<\/div>\n\t\t\t\t<div class=\"elementor-element elementor-element-722dd95f elementor-view-framed elementor-shape-circle elementor-invisible elementor-widget elementor-widget-icon\" data-id=\"722dd95f\" data-element_type=\"widget\" data-e-type=\"widget\" data-settings=\"{&quot;_animation&quot;:&quot;fadeInLeft&quot;}\" data-widget_type=\"icon.default\">\n\t\t\t\t<div class=\"elementor-widget-container\">\n\t\t\t\t\t\t\t<div class=\"elementor-icon-wrapper\">\n\t\t\t<a class=\"elementor-icon\" href=\"https:\/\/www.animelicenciado.com\/reportajes-fotograficos-lista\/\">\n\t\t\t<i aria-hidden=\"true\" class=\"fas fa-arrow-left\"><\/i>\t\t\t<\/a>\n\t\t<\/div>\n\t\t\t\t\t\t<\/div>\n\t\t\t\t<\/div>\n\t\t\t\t\t<\/div>\n\t\t<\/div>\n\t\t\t\t<div class=\"elementor-column elementor-col-50 elementor-inner-column elementor-element elementor-element-6bc65f62 elementor-invisible\" data-id=\"6bc65f62\" data-element_type=\"column\" data-e-type=\"column\" data-settings=\"{&quot;animation&quot;:&quot;fadeInRight&quot;}\">\n\t\t\t<div class=\"elementor-widget-wrap elementor-element-populated\">\n\t\t\t\t\t\t<div class=\"elementor-element elementor-element-2d7dbed1 elementor-invisible elementor-widget elementor-widget-heading\" data-id=\"2d7dbed1\" data-element_type=\"widget\" data-e-type=\"widget\" data-settings=\"{&quot;_animation&quot;:&quot;fadeInRight&quot;}\" data-widget_type=\"heading.default\">\n\t\t\t\t<div class=\"elementor-widget-container\">\n\t\t\t\t\t<h2 class=\"elementor-heading-title elementor-size-medium\">Men\u00fa Principal<\/h2>\t\t\t\t<\/div>\n\t\t\t\t<\/div>\n\t\t\t\t<div class=\"elementor-element elementor-element-4b8d0137 elementor-view-framed elementor-shape-circle elementor-widget elementor-widget-icon\" data-id=\"4b8d0137\" data-element_type=\"widget\" data-e-type=\"widget\" data-widget_type=\"icon.default\">\n\t\t\t\t<div class=\"elementor-widget-container\">\n\t\t\t\t\t\t\t<div class=\"elementor-icon-wrapper\">\n\t\t\t<a class=\"elementor-icon\" href=\"https:\/\/www.animelicenciado.com\/\">\n\t\t\t<i aria-hidden=\"true\" class=\"fas fa-arrow-right\"><\/i>\t\t\t<\/a>\n\t\t<\/div>\n\t\t\t\t\t\t<\/div>\n\t\t\t\t<\/div>\n\t\t\t\t\t<\/div>\n\t\t<\/div>\n\t\t\t\t\t<\/div>\n\t\t<\/section>\n\t\t\t\t\t<\/div>\n\t\t<\/div>\n\t\t\t\t\t<\/div>\n\t\t<\/section>\n\t\t\t\t<\/div>","protected":false},"excerpt":{"rendered":"<p>Danmachi. \u00bfQu\u00e9 tiene de malo intentar ligar en una mazmorra? Edici\u00f3n Coleccionista Volver a listado Men\u00fa Principal<\/p>","protected":false},"author":10,"featured_media":0,"parent":0,"menu_order":0,"comment_status":"open","ping_status":"closed","template":"elementor_header_footer","meta":{"footnotes":""},"class_list":["post-1835","page","type-page","status-publish","hentry"],"_links":{"self":[{"href":"https:\/\/www.animelicenciado.es\/en_en\/wp-json\/wp\/v2\/pages\/1835","targetHints":{"allow":["GET"]}}],"collection":[{"href":"https:\/\/www.animelicenciado.es\/en_en\/wp-json\/wp\/v2\/pages"}],"about":[{"href":"https:\/\/www.animelicenciado.es\/en_en\/wp-json\/wp\/v2\/types\/page"}],"author":[{"embeddable":true,"href":"https:\/\/www.animelicenciado.es\/en_en\/wp-json\/wp\/v2\/users\/10"}],"replies":[{"embeddable":true,"href":"https:\/\/www.animelicenciado.es\/en_en\/wp-json\/wp\/v2\/comments?post=1835"}],"version-history":[{"count":4,"href":"https:\/\/www.animelicenciado.es\/en_en\/wp-json\/wp\/v2\/pages\/1835\/revisions"}],"predecessor-version":[{"id":18148,"href":"https:\/\/www.animelicenciado.es\/en_en\/wp-json\/wp\/v2\/pages\/1835\/revisions\/18148"}],"wp:attachment":[{"href":"https:\/\/www.animelicenciado.es\/en_en\/wp-json\/wp\/v2\/media?parent=1835"}],"curies":[{"name":"wp","href":"https:\/\/api.w.org\/{rel}","templated":true}]}}