{"id":1855,"date":"2020-05-14T18:07:40","date_gmt":"2020-05-14T18:07:40","guid":{"rendered":"https:\/\/www.animelicenciado.es\/39-2\/"},"modified":"2025-08-31T18:44:12","modified_gmt":"2025-08-31T17:44:12","slug":"39-2","status":"publish","type":"page","link":"https:\/\/www.animelicenciado.es\/en_en\/39-2\/","title":{"rendered":"Dragon Ball Z Las Pel\u00edculas Edici\u00f3n Vinilo Reportaje"},"content":{"rendered":"<div data-elementor-type=\"wp-page\" data-elementor-id=\"1855\" class=\"elementor elementor-1855\">\n\t\t\t\t\t\t<section class=\"elementor-section elementor-top-section elementor-element elementor-element-36457b2 elementor-section-boxed elementor-section-height-default elementor-section-height-default\" data-id=\"36457b2\" data-element_type=\"section\" data-e-type=\"section\">\n\t\t\t\t\t\t<div class=\"elementor-container elementor-column-gap-default\">\n\t\t\t\t\t<div class=\"elementor-column elementor-col-100 elementor-top-column elementor-element elementor-element-3b283994\" data-id=\"3b283994\" data-element_type=\"column\" data-e-type=\"column\">\n\t\t\t<div class=\"elementor-widget-wrap elementor-element-populated\">\n\t\t\t\t\t\t<div class=\"elementor-element elementor-element-557d3ab4 elementor-invisible elementor-widget elementor-widget-heading\" data-id=\"557d3ab4\" data-element_type=\"widget\" data-e-type=\"widget\" data-settings=\"{&quot;_animation&quot;:&quot;fadeInRight&quot;}\" data-widget_type=\"heading.default\">\n\t\t\t\t<div class=\"elementor-widget-container\">\n\t\t\t\t\t<h2 class=\"elementor-heading-title elementor-size-default\">Dragon Ball Z Las Pel\u00edculas Edici\u00f3n Vinilo<\/h2>\t\t\t\t<\/div>\n\t\t\t\t<\/div>\n\t\t\t\t<section class=\"elementor-section elementor-inner-section elementor-element elementor-element-7c6231e4 elementor-section-boxed elementor-section-height-default elementor-section-height-default\" data-id=\"7c6231e4\" data-element_type=\"section\" data-e-type=\"section\">\n\t\t\t\t\t\t<div class=\"elementor-container elementor-column-gap-default\">\n\t\t\t\t\t<div class=\"elementor-column elementor-col-100 elementor-inner-column elementor-element elementor-element-37f4a04c\" data-id=\"37f4a04c\" data-element_type=\"column\" data-e-type=\"column\">\n\t\t\t<div class=\"elementor-widget-wrap elementor-element-populated\">\n\t\t\t\t\t\t<div class=\"elementor-element elementor-element-5adcd9ba gallery-spacing-custom elementor-widget elementor-widget-image-gallery\" data-id=\"5adcd9ba\" data-element_type=\"widget\" data-e-type=\"widget\" data-widget_type=\"image-gallery.default\">\n\t\t\t\t<div class=\"elementor-widget-container\">\n\t\t\t\t\t\t\t<div class=\"elementor-image-gallery\">\n\t\t\t<div id='gallery-1' class='gallery galleryid-1855 gallery-columns-3 gallery-size-medium_large'><figure class='gallery-item'>\n\t\t\t<div class='gallery-icon landscape'>\n\t\t\t\t<a data-elementor-open-lightbox=\"yes\" data-elementor-lightbox-slideshow=\"5adcd9ba\" data-e-action-hash=\"#elementor-action%3Aaction%3Dlightbox%26settings%3DeyJpZCI6MjU3OCwidXJsIjoiaHR0cHM6XC9cL3d3dy5hbmltZWxpY2VuY2lhZG8uZXNcL3dwLWNvbnRlbnRcL3VwbG9hZHNcLzIwMjBcLzA1XC8yMDE2LTEyLTA0LTEyLjM4LjU3LmpwZyIsInNsaWRlc2hvdyI6IjVhZGNkOWJhIn0%3D\" href='https:\/\/www.animelicenciado.es\/wp-content\/uploads\/2020\/05\/2016-12-04-12.38.57.jpg'><img fetchpriority=\"high\" decoding=\"async\" width=\"580\" height=\"326\" src=\"https:\/\/www.animelicenciado.es\/wp-content\/uploads\/2020\/05\/2016-12-04-12.38.57-768x432.jpg\" class=\"attachment-medium_large size-medium_large\" alt=\"\" srcset=\"https:\/\/www.animelicenciado.es\/wp-content\/uploads\/2020\/05\/2016-12-04-12.38.57-768x432.jpg 768w, https:\/\/www.animelicenciado.es\/wp-content\/uploads\/2020\/05\/2016-12-04-12.38.57-300x169.jpg 300w, https:\/\/www.animelicenciado.es\/wp-content\/uploads\/2020\/05\/2016-12-04-12.38.57.jpg 1024w\" sizes=\"(max-width: 580px) 100vw, 580px\" \/><\/a>\n\t\t\t<\/div><\/figure><figure class='gallery-item'>\n\t\t\t<div class='gallery-icon landscape'>\n\t\t\t\t<a data-elementor-open-lightbox=\"yes\" data-elementor-lightbox-slideshow=\"5adcd9ba\" data-e-action-hash=\"#elementor-action%3Aaction%3Dlightbox%26settings%3DeyJpZCI6MjU3OSwidXJsIjoiaHR0cHM6XC9cL3d3dy5hbmltZWxpY2VuY2lhZG8uZXNcL3dwLWNvbnRlbnRcL3VwbG9hZHNcLzIwMjBcLzA1XC8yMDE2LTEyLTA0LTEyLjM5LjE2LmpwZyIsInNsaWRlc2hvdyI6IjVhZGNkOWJhIn0%3D\" href='https:\/\/www.animelicenciado.es\/wp-content\/uploads\/2020\/05\/2016-12-04-12.39.16.jpg'><img decoding=\"async\" width=\"580\" height=\"326\" src=\"https:\/\/www.animelicenciado.es\/wp-content\/uploads\/2020\/05\/2016-12-04-12.39.16-768x432.jpg\" class=\"attachment-medium_large size-medium_large\" alt=\"\" srcset=\"https:\/\/www.animelicenciado.es\/wp-content\/uploads\/2020\/05\/2016-12-04-12.39.16-768x432.jpg 768w, https:\/\/www.animelicenciado.es\/wp-content\/uploads\/2020\/05\/2016-12-04-12.39.16-300x169.jpg 300w, https:\/\/www.animelicenciado.es\/wp-content\/uploads\/2020\/05\/2016-12-04-12.39.16.jpg 1024w\" sizes=\"(max-width: 580px) 100vw, 580px\" \/><\/a>\n\t\t\t<\/div><\/figure><figure class='gallery-item'>\n\t\t\t<div class='gallery-icon landscape'>\n\t\t\t\t<a data-elementor-open-lightbox=\"yes\" data-elementor-lightbox-slideshow=\"5adcd9ba\" data-e-action-hash=\"#elementor-action%3Aaction%3Dlightbox%26settings%3DeyJpZCI6MjU4MSwidXJsIjoiaHR0cHM6XC9cL3d3dy5hbmltZWxpY2VuY2lhZG8uZXNcL3dwLWNvbnRlbnRcL3VwbG9hZHNcLzIwMjBcLzA1XC8yMDE2LTEyLTA0LTEyLjM5LjM4LmpwZyIsInNsaWRlc2hvdyI6IjVhZGNkOWJhIn0%3D\" href='https:\/\/www.animelicenciado.es\/wp-content\/uploads\/2020\/05\/2016-12-04-12.39.38.jpg'><img decoding=\"async\" width=\"580\" height=\"326\" src=\"https:\/\/www.animelicenciado.es\/wp-content\/uploads\/2020\/05\/2016-12-04-12.39.38-768x432.jpg\" class=\"attachment-medium_large size-medium_large\" alt=\"\" srcset=\"https:\/\/www.animelicenciado.es\/wp-content\/uploads\/2020\/05\/2016-12-04-12.39.38-768x432.jpg 768w, https:\/\/www.animelicenciado.es\/wp-content\/uploads\/2020\/05\/2016-12-04-12.39.38-300x169.jpg 300w, https:\/\/www.animelicenciado.es\/wp-content\/uploads\/2020\/05\/2016-12-04-12.39.38.jpg 1024w\" sizes=\"(max-width: 580px) 100vw, 580px\" \/><\/a>\n\t\t\t<\/div><\/figure><figure class='gallery-item'>\n\t\t\t<div class='gallery-icon landscape'>\n\t\t\t\t<a data-elementor-open-lightbox=\"yes\" data-elementor-lightbox-slideshow=\"5adcd9ba\" data-e-action-hash=\"#elementor-action%3Aaction%3Dlightbox%26settings%3DeyJpZCI6MjU4MiwidXJsIjoiaHR0cHM6XC9cL3d3dy5hbmltZWxpY2VuY2lhZG8uZXNcL3dwLWNvbnRlbnRcL3VwbG9hZHNcLzIwMjBcLzA1XC8yMDE2LTEyLTA0LTEyLjQwLjA2LmpwZyIsInNsaWRlc2hvdyI6IjVhZGNkOWJhIn0%3D\" href='https:\/\/www.animelicenciado.es\/wp-content\/uploads\/2020\/05\/2016-12-04-12.40.06.jpg'><img loading=\"lazy\" decoding=\"async\" width=\"580\" height=\"326\" src=\"https:\/\/www.animelicenciado.es\/wp-content\/uploads\/2020\/05\/2016-12-04-12.40.06-768x432.jpg\" class=\"attachment-medium_large size-medium_large\" alt=\"\" srcset=\"https:\/\/www.animelicenciado.es\/wp-content\/uploads\/2020\/05\/2016-12-04-12.40.06-768x432.jpg 768w, https:\/\/www.animelicenciado.es\/wp-content\/uploads\/2020\/05\/2016-12-04-12.40.06-300x169.jpg 300w, https:\/\/www.animelicenciado.es\/wp-content\/uploads\/2020\/05\/2016-12-04-12.40.06.jpg 1024w\" sizes=\"(max-width: 580px) 100vw, 580px\" \/><\/a>\n\t\t\t<\/div><\/figure><figure class='gallery-item'>\n\t\t\t<div class='gallery-icon landscape'>\n\t\t\t\t<a data-elementor-open-lightbox=\"yes\" data-elementor-lightbox-slideshow=\"5adcd9ba\" data-e-action-hash=\"#elementor-action%3Aaction%3Dlightbox%26settings%3DeyJpZCI6MjU4MywidXJsIjoiaHR0cHM6XC9cL3d3dy5hbmltZWxpY2VuY2lhZG8uZXNcL3dwLWNvbnRlbnRcL3VwbG9hZHNcLzIwMjBcLzA1XC8yMDE2LTEyLTA0LTEyLjQwLjMzLmpwZyIsInNsaWRlc2hvdyI6IjVhZGNkOWJhIn0%3D\" href='https:\/\/www.animelicenciado.es\/wp-content\/uploads\/2020\/05\/2016-12-04-12.40.33.jpg'><img loading=\"lazy\" decoding=\"async\" width=\"580\" height=\"326\" src=\"https:\/\/www.animelicenciado.es\/wp-content\/uploads\/2020\/05\/2016-12-04-12.40.33-768x432.jpg\" class=\"attachment-medium_large size-medium_large\" alt=\"\" srcset=\"https:\/\/www.animelicenciado.es\/wp-content\/uploads\/2020\/05\/2016-12-04-12.40.33-768x432.jpg 768w, https:\/\/www.animelicenciado.es\/wp-content\/uploads\/2020\/05\/2016-12-04-12.40.33-300x169.jpg 300w, https:\/\/www.animelicenciado.es\/wp-content\/uploads\/2020\/05\/2016-12-04-12.40.33.jpg 1024w\" sizes=\"(max-width: 580px) 100vw, 580px\" \/><\/a>\n\t\t\t<\/div><\/figure>\n\t\t<\/div>\n\t\t<\/div>\n\t\t\t\t\t\t<\/div>\n\t\t\t\t<\/div>\n\t\t\t\t\t<\/div>\n\t\t<\/div>\n\t\t\t\t\t<\/div>\n\t\t<\/section>\n\t\t\t\t<section class=\"elementor-section elementor-inner-section elementor-element elementor-element-76f5b483 elementor-section-boxed elementor-section-height-default elementor-section-height-default\" data-id=\"76f5b483\" data-element_type=\"section\" data-e-type=\"section\">\n\t\t\t\t\t\t<div class=\"elementor-container elementor-column-gap-default\">\n\t\t\t\t\t<div class=\"elementor-column elementor-col-50 elementor-inner-column elementor-element elementor-element-2d5273d9\" data-id=\"2d5273d9\" data-element_type=\"column\" data-e-type=\"column\">\n\t\t\t<div class=\"elementor-widget-wrap elementor-element-populated\">\n\t\t\t\t\t\t<div class=\"elementor-element elementor-element-6c602b9f elementor-invisible elementor-widget elementor-widget-heading\" data-id=\"6c602b9f\" data-element_type=\"widget\" data-e-type=\"widget\" data-settings=\"{&quot;_animation&quot;:&quot;fadeInLeft&quot;}\" data-widget_type=\"heading.default\">\n\t\t\t\t<div class=\"elementor-widget-container\">\n\t\t\t\t\t<h2 class=\"elementor-heading-title elementor-size-medium\">Volver a listado<\/h2>\t\t\t\t<\/div>\n\t\t\t\t<\/div>\n\t\t\t\t<div class=\"elementor-element elementor-element-72115d83 elementor-view-framed elementor-shape-circle elementor-invisible elementor-widget elementor-widget-icon\" data-id=\"72115d83\" data-element_type=\"widget\" data-e-type=\"widget\" data-settings=\"{&quot;_animation&quot;:&quot;fadeInLeft&quot;}\" data-widget_type=\"icon.default\">\n\t\t\t\t<div class=\"elementor-widget-container\">\n\t\t\t\t\t\t\t<div class=\"elementor-icon-wrapper\">\n\t\t\t<a class=\"elementor-icon\" href=\"https:\/\/www.animelicenciado.com\/reportajes-fotograficos-lista\/\">\n\t\t\t<i aria-hidden=\"true\" class=\"fas fa-arrow-left\"><\/i>\t\t\t<\/a>\n\t\t<\/div>\n\t\t\t\t\t\t<\/div>\n\t\t\t\t<\/div>\n\t\t\t\t\t<\/div>\n\t\t<\/div>\n\t\t\t\t<div class=\"elementor-column elementor-col-50 elementor-inner-column elementor-element elementor-element-3208857e elementor-invisible\" data-id=\"3208857e\" data-element_type=\"column\" data-e-type=\"column\" data-settings=\"{&quot;animation&quot;:&quot;fadeInRight&quot;}\">\n\t\t\t<div class=\"elementor-widget-wrap elementor-element-populated\">\n\t\t\t\t\t\t<div class=\"elementor-element elementor-element-2552b1cd elementor-invisible elementor-widget elementor-widget-heading\" data-id=\"2552b1cd\" data-element_type=\"widget\" data-e-type=\"widget\" data-settings=\"{&quot;_animation&quot;:&quot;fadeInRight&quot;}\" data-widget_type=\"heading.default\">\n\t\t\t\t<div class=\"elementor-widget-container\">\n\t\t\t\t\t<h2 class=\"elementor-heading-title elementor-size-medium\">Men\u00fa Principal<\/h2>\t\t\t\t<\/div>\n\t\t\t\t<\/div>\n\t\t\t\t<div class=\"elementor-element elementor-element-30b516cf elementor-view-framed elementor-shape-circle elementor-widget elementor-widget-icon\" data-id=\"30b516cf\" data-element_type=\"widget\" data-e-type=\"widget\" data-widget_type=\"icon.default\">\n\t\t\t\t<div class=\"elementor-widget-container\">\n\t\t\t\t\t\t\t<div class=\"elementor-icon-wrapper\">\n\t\t\t<a class=\"elementor-icon\" href=\"https:\/\/www.animelicenciado.com\/\">\n\t\t\t<i aria-hidden=\"true\" class=\"fas fa-arrow-right\"><\/i>\t\t\t<\/a>\n\t\t<\/div>\n\t\t\t\t\t\t<\/div>\n\t\t\t\t<\/div>\n\t\t\t\t\t<\/div>\n\t\t<\/div>\n\t\t\t\t\t<\/div>\n\t\t<\/section>\n\t\t\t\t\t<\/div>\n\t\t<\/div>\n\t\t\t\t\t<\/div>\n\t\t<\/section>\n\t\t\t\t<\/div>","protected":false},"excerpt":{"rendered":"<p>Dragon Ball Z Las Pel\u00edculas Edici\u00f3n Vinilo Volver a listado Men\u00fa Principal<\/p>","protected":false},"author":10,"featured_media":0,"parent":0,"menu_order":0,"comment_status":"open","ping_status":"closed","template":"elementor_header_footer","meta":{"footnotes":""},"class_list":["post-1855","page","type-page","status-publish","hentry"],"_links":{"self":[{"href":"https:\/\/www.animelicenciado.es\/en_en\/wp-json\/wp\/v2\/pages\/1855","targetHints":{"allow":["GET"]}}],"collection":[{"href":"https:\/\/www.animelicenciado.es\/en_en\/wp-json\/wp\/v2\/pages"}],"about":[{"href":"https:\/\/www.animelicenciado.es\/en_en\/wp-json\/wp\/v2\/types\/page"}],"author":[{"embeddable":true,"href":"https:\/\/www.animelicenciado.es\/en_en\/wp-json\/wp\/v2\/users\/10"}],"replies":[{"embeddable":true,"href":"https:\/\/www.animelicenciado.es\/en_en\/wp-json\/wp\/v2\/comments?post=1855"}],"version-history":[{"count":4,"href":"https:\/\/www.animelicenciado.es\/en_en\/wp-json\/wp\/v2\/pages\/1855\/revisions"}],"predecessor-version":[{"id":18162,"href":"https:\/\/www.animelicenciado.es\/en_en\/wp-json\/wp\/v2\/pages\/1855\/revisions\/18162"}],"wp:attachment":[{"href":"https:\/\/www.animelicenciado.es\/en_en\/wp-json\/wp\/v2\/media?parent=1855"}],"curies":[{"name":"wp","href":"https:\/\/api.w.org\/{rel}","templated":true}]}}