{"id":1857,"date":"2020-05-14T18:07:40","date_gmt":"2020-05-14T18:07:40","guid":{"rendered":"https:\/\/www.animelicenciado.es\/41-2\/"},"modified":"2025-08-31T18:44:13","modified_gmt":"2025-08-31T17:44:13","slug":"41-2","status":"publish","type":"page","link":"https:\/\/www.animelicenciado.es\/en_en\/41-2\/","title":{"rendered":"El Himno del Coraz\u00f3n Edici\u00f3n Coleccionista Reportaje"},"content":{"rendered":"<div data-elementor-type=\"wp-page\" data-elementor-id=\"1857\" class=\"elementor elementor-1857\">\n\t\t\t\t\t\t<section class=\"elementor-section elementor-top-section elementor-element elementor-element-25e69ec4 elementor-section-boxed elementor-section-height-default elementor-section-height-default\" data-id=\"25e69ec4\" data-element_type=\"section\" data-e-type=\"section\">\n\t\t\t\t\t\t<div class=\"elementor-container elementor-column-gap-default\">\n\t\t\t\t\t<div class=\"elementor-column elementor-col-100 elementor-top-column elementor-element elementor-element-21deab58\" data-id=\"21deab58\" data-element_type=\"column\" data-e-type=\"column\">\n\t\t\t<div class=\"elementor-widget-wrap elementor-element-populated\">\n\t\t\t\t\t\t<div class=\"elementor-element elementor-element-471352e5 elementor-invisible elementor-widget elementor-widget-heading\" data-id=\"471352e5\" data-element_type=\"widget\" data-e-type=\"widget\" data-settings=\"{&quot;_animation&quot;:&quot;fadeInRight&quot;}\" data-widget_type=\"heading.default\">\n\t\t\t\t<div class=\"elementor-widget-container\">\n\t\t\t\t\t<h2 class=\"elementor-heading-title elementor-size-default\">El Himno del Coraz\u00f3n Edici\u00f3n Coleccionista<\/h2>\t\t\t\t<\/div>\n\t\t\t\t<\/div>\n\t\t\t\t<section class=\"elementor-section elementor-inner-section elementor-element elementor-element-1d0497b elementor-section-boxed elementor-section-height-default elementor-section-height-default\" data-id=\"1d0497b\" data-element_type=\"section\" data-e-type=\"section\">\n\t\t\t\t\t\t<div class=\"elementor-container elementor-column-gap-default\">\n\t\t\t\t\t<div class=\"elementor-column elementor-col-100 elementor-inner-column elementor-element elementor-element-40f932f5\" data-id=\"40f932f5\" data-element_type=\"column\" data-e-type=\"column\">\n\t\t\t<div class=\"elementor-widget-wrap elementor-element-populated\">\n\t\t\t\t\t\t<div class=\"elementor-element elementor-element-4502981e gallery-spacing-custom elementor-widget elementor-widget-image-gallery\" data-id=\"4502981e\" data-element_type=\"widget\" data-e-type=\"widget\" data-widget_type=\"image-gallery.default\">\n\t\t\t\t<div class=\"elementor-widget-container\">\n\t\t\t\t\t\t\t<div class=\"elementor-image-gallery\">\n\t\t\t<div id='gallery-1' class='gallery galleryid-1857 gallery-columns-3 gallery-size-medium_large'><figure class='gallery-item'>\n\t\t\t<div class='gallery-icon landscape'>\n\t\t\t\t<a data-elementor-open-lightbox=\"yes\" data-elementor-lightbox-slideshow=\"4502981e\" data-e-action-hash=\"#elementor-action%3Aaction%3Dlightbox%26settings%3DeyJpZCI6MjU4OCwidXJsIjoiaHR0cHM6XC9cL3d3dy5hbmltZWxpY2VuY2lhZG8uZXNcL3dwLWNvbnRlbnRcL3VwbG9hZHNcLzIwMjBcLzA1XC8yMDE2LTEyLTExLTE1LjU3LjE5LmpwZyIsInNsaWRlc2hvdyI6IjQ1MDI5ODFlIn0%3D\" href='https:\/\/www.animelicenciado.es\/wp-content\/uploads\/2020\/05\/2016-12-11-15.57.19.jpg'><img fetchpriority=\"high\" decoding=\"async\" width=\"580\" height=\"326\" src=\"https:\/\/www.animelicenciado.es\/wp-content\/uploads\/2020\/05\/2016-12-11-15.57.19-768x432.jpg\" class=\"attachment-medium_large size-medium_large\" alt=\"\" srcset=\"https:\/\/www.animelicenciado.es\/wp-content\/uploads\/2020\/05\/2016-12-11-15.57.19-768x432.jpg 768w, https:\/\/www.animelicenciado.es\/wp-content\/uploads\/2020\/05\/2016-12-11-15.57.19-300x169.jpg 300w, https:\/\/www.animelicenciado.es\/wp-content\/uploads\/2020\/05\/2016-12-11-15.57.19.jpg 1024w\" sizes=\"(max-width: 580px) 100vw, 580px\" \/><\/a>\n\t\t\t<\/div><\/figure><figure class='gallery-item'>\n\t\t\t<div class='gallery-icon landscape'>\n\t\t\t\t<a data-elementor-open-lightbox=\"yes\" data-elementor-lightbox-slideshow=\"4502981e\" data-e-action-hash=\"#elementor-action%3Aaction%3Dlightbox%26settings%3DeyJpZCI6MjU4OSwidXJsIjoiaHR0cHM6XC9cL3d3dy5hbmltZWxpY2VuY2lhZG8uZXNcL3dwLWNvbnRlbnRcL3VwbG9hZHNcLzIwMjBcLzA1XC8yMDE2LTEyLTExLTE1LjU3LjM2LmpwZyIsInNsaWRlc2hvdyI6IjQ1MDI5ODFlIn0%3D\" href='https:\/\/www.animelicenciado.es\/wp-content\/uploads\/2020\/05\/2016-12-11-15.57.36.jpg'><img decoding=\"async\" width=\"580\" height=\"326\" src=\"https:\/\/www.animelicenciado.es\/wp-content\/uploads\/2020\/05\/2016-12-11-15.57.36-768x432.jpg\" class=\"attachment-medium_large size-medium_large\" alt=\"\" srcset=\"https:\/\/www.animelicenciado.es\/wp-content\/uploads\/2020\/05\/2016-12-11-15.57.36-768x432.jpg 768w, https:\/\/www.animelicenciado.es\/wp-content\/uploads\/2020\/05\/2016-12-11-15.57.36-300x169.jpg 300w, https:\/\/www.animelicenciado.es\/wp-content\/uploads\/2020\/05\/2016-12-11-15.57.36.jpg 1024w\" sizes=\"(max-width: 580px) 100vw, 580px\" \/><\/a>\n\t\t\t<\/div><\/figure><figure class='gallery-item'>\n\t\t\t<div class='gallery-icon landscape'>\n\t\t\t\t<a data-elementor-open-lightbox=\"yes\" data-elementor-lightbox-slideshow=\"4502981e\" data-e-action-hash=\"#elementor-action%3Aaction%3Dlightbox%26settings%3DeyJpZCI6MjU5MCwidXJsIjoiaHR0cHM6XC9cL3d3dy5hbmltZWxpY2VuY2lhZG8uZXNcL3dwLWNvbnRlbnRcL3VwbG9hZHNcLzIwMjBcLzA1XC8yMDE2LTEyLTExLTE1LjU4LjA0LmpwZyIsInNsaWRlc2hvdyI6IjQ1MDI5ODFlIn0%3D\" href='https:\/\/www.animelicenciado.es\/wp-content\/uploads\/2020\/05\/2016-12-11-15.58.04.jpg'><img decoding=\"async\" width=\"580\" height=\"326\" src=\"https:\/\/www.animelicenciado.es\/wp-content\/uploads\/2020\/05\/2016-12-11-15.58.04-768x432.jpg\" class=\"attachment-medium_large size-medium_large\" alt=\"\" srcset=\"https:\/\/www.animelicenciado.es\/wp-content\/uploads\/2020\/05\/2016-12-11-15.58.04-768x432.jpg 768w, https:\/\/www.animelicenciado.es\/wp-content\/uploads\/2020\/05\/2016-12-11-15.58.04-300x169.jpg 300w, https:\/\/www.animelicenciado.es\/wp-content\/uploads\/2020\/05\/2016-12-11-15.58.04.jpg 1024w\" sizes=\"(max-width: 580px) 100vw, 580px\" \/><\/a>\n\t\t\t<\/div><\/figure><figure class='gallery-item'>\n\t\t\t<div class='gallery-icon landscape'>\n\t\t\t\t<a data-elementor-open-lightbox=\"yes\" data-elementor-lightbox-slideshow=\"4502981e\" data-e-action-hash=\"#elementor-action%3Aaction%3Dlightbox%26settings%3DeyJpZCI6MjU5MSwidXJsIjoiaHR0cHM6XC9cL3d3dy5hbmltZWxpY2VuY2lhZG8uZXNcL3dwLWNvbnRlbnRcL3VwbG9hZHNcLzIwMjBcLzA1XC8yMDE2LTEyLTExLTE1LjU4LjMwLmpwZyIsInNsaWRlc2hvdyI6IjQ1MDI5ODFlIn0%3D\" href='https:\/\/www.animelicenciado.es\/wp-content\/uploads\/2020\/05\/2016-12-11-15.58.30.jpg'><img loading=\"lazy\" decoding=\"async\" width=\"580\" height=\"326\" src=\"https:\/\/www.animelicenciado.es\/wp-content\/uploads\/2020\/05\/2016-12-11-15.58.30-768x432.jpg\" class=\"attachment-medium_large size-medium_large\" alt=\"\" srcset=\"https:\/\/www.animelicenciado.es\/wp-content\/uploads\/2020\/05\/2016-12-11-15.58.30-768x432.jpg 768w, https:\/\/www.animelicenciado.es\/wp-content\/uploads\/2020\/05\/2016-12-11-15.58.30-300x169.jpg 300w, https:\/\/www.animelicenciado.es\/wp-content\/uploads\/2020\/05\/2016-12-11-15.58.30.jpg 1024w\" sizes=\"(max-width: 580px) 100vw, 580px\" \/><\/a>\n\t\t\t<\/div><\/figure><figure class='gallery-item'>\n\t\t\t<div class='gallery-icon landscape'>\n\t\t\t\t<a data-elementor-open-lightbox=\"yes\" data-elementor-lightbox-slideshow=\"4502981e\" data-e-action-hash=\"#elementor-action%3Aaction%3Dlightbox%26settings%3DeyJpZCI6MjU5MiwidXJsIjoiaHR0cHM6XC9cL3d3dy5hbmltZWxpY2VuY2lhZG8uZXNcL3dwLWNvbnRlbnRcL3VwbG9hZHNcLzIwMjBcLzA1XC8yMDE2LTEyLTExLTE1LjU4LjQ3LmpwZyIsInNsaWRlc2hvdyI6IjQ1MDI5ODFlIn0%3D\" href='https:\/\/www.animelicenciado.es\/wp-content\/uploads\/2020\/05\/2016-12-11-15.58.47.jpg'><img loading=\"lazy\" decoding=\"async\" width=\"580\" height=\"326\" src=\"https:\/\/www.animelicenciado.es\/wp-content\/uploads\/2020\/05\/2016-12-11-15.58.47-768x432.jpg\" class=\"attachment-medium_large size-medium_large\" alt=\"\" srcset=\"https:\/\/www.animelicenciado.es\/wp-content\/uploads\/2020\/05\/2016-12-11-15.58.47-768x432.jpg 768w, https:\/\/www.animelicenciado.es\/wp-content\/uploads\/2020\/05\/2016-12-11-15.58.47-300x169.jpg 300w, https:\/\/www.animelicenciado.es\/wp-content\/uploads\/2020\/05\/2016-12-11-15.58.47.jpg 1024w\" sizes=\"(max-width: 580px) 100vw, 580px\" \/><\/a>\n\t\t\t<\/div><\/figure><figure class='gallery-item'>\n\t\t\t<div class='gallery-icon landscape'>\n\t\t\t\t<a data-elementor-open-lightbox=\"yes\" data-elementor-lightbox-slideshow=\"4502981e\" data-e-action-hash=\"#elementor-action%3Aaction%3Dlightbox%26settings%3DeyJpZCI6MjU5MywidXJsIjoiaHR0cHM6XC9cL3d3dy5hbmltZWxpY2VuY2lhZG8uZXNcL3dwLWNvbnRlbnRcL3VwbG9hZHNcLzIwMjBcLzA1XC8yMDE2LTEyLTExLTE1LjU5LjQ3LmpwZyIsInNsaWRlc2hvdyI6IjQ1MDI5ODFlIn0%3D\" href='https:\/\/www.animelicenciado.es\/wp-content\/uploads\/2020\/05\/2016-12-11-15.59.47.jpg'><img loading=\"lazy\" decoding=\"async\" width=\"580\" height=\"326\" src=\"https:\/\/www.animelicenciado.es\/wp-content\/uploads\/2020\/05\/2016-12-11-15.59.47-768x432.jpg\" class=\"attachment-medium_large size-medium_large\" alt=\"\" srcset=\"https:\/\/www.animelicenciado.es\/wp-content\/uploads\/2020\/05\/2016-12-11-15.59.47-768x432.jpg 768w, https:\/\/www.animelicenciado.es\/wp-content\/uploads\/2020\/05\/2016-12-11-15.59.47-300x169.jpg 300w, https:\/\/www.animelicenciado.es\/wp-content\/uploads\/2020\/05\/2016-12-11-15.59.47.jpg 1024w\" sizes=\"(max-width: 580px) 100vw, 580px\" \/><\/a>\n\t\t\t<\/div><\/figure><figure class='gallery-item'>\n\t\t\t<div class='gallery-icon landscape'>\n\t\t\t\t<a data-elementor-open-lightbox=\"yes\" data-elementor-lightbox-slideshow=\"4502981e\" data-e-action-hash=\"#elementor-action%3Aaction%3Dlightbox%26settings%3DeyJpZCI6MjU5NCwidXJsIjoiaHR0cHM6XC9cL3d3dy5hbmltZWxpY2VuY2lhZG8uZXNcL3dwLWNvbnRlbnRcL3VwbG9hZHNcLzIwMjBcLzA1XC8yMDE2LTEyLTExLTE2LjAwLjI5LmpwZyIsInNsaWRlc2hvdyI6IjQ1MDI5ODFlIn0%3D\" href='https:\/\/www.animelicenciado.es\/wp-content\/uploads\/2020\/05\/2016-12-11-16.00.29.jpg'><img loading=\"lazy\" decoding=\"async\" width=\"580\" height=\"326\" src=\"https:\/\/www.animelicenciado.es\/wp-content\/uploads\/2020\/05\/2016-12-11-16.00.29-768x432.jpg\" class=\"attachment-medium_large size-medium_large\" alt=\"\" srcset=\"https:\/\/www.animelicenciado.es\/wp-content\/uploads\/2020\/05\/2016-12-11-16.00.29-768x432.jpg 768w, https:\/\/www.animelicenciado.es\/wp-content\/uploads\/2020\/05\/2016-12-11-16.00.29-300x169.jpg 300w, https:\/\/www.animelicenciado.es\/wp-content\/uploads\/2020\/05\/2016-12-11-16.00.29.jpg 1024w\" sizes=\"(max-width: 580px) 100vw, 580px\" \/><\/a>\n\t\t\t<\/div><\/figure><figure class='gallery-item'>\n\t\t\t<div class='gallery-icon landscape'>\n\t\t\t\t<a data-elementor-open-lightbox=\"yes\" data-elementor-lightbox-slideshow=\"4502981e\" data-e-action-hash=\"#elementor-action%3Aaction%3Dlightbox%26settings%3DeyJpZCI6MjU5NSwidXJsIjoiaHR0cHM6XC9cL3d3dy5hbmltZWxpY2VuY2lhZG8uZXNcL3dwLWNvbnRlbnRcL3VwbG9hZHNcLzIwMjBcLzA1XC8yMDE2LTEyLTExLTE2LjAwLjQ1LmpwZyIsInNsaWRlc2hvdyI6IjQ1MDI5ODFlIn0%3D\" href='https:\/\/www.animelicenciado.es\/wp-content\/uploads\/2020\/05\/2016-12-11-16.00.45.jpg'><img loading=\"lazy\" decoding=\"async\" width=\"580\" height=\"326\" src=\"https:\/\/www.animelicenciado.es\/wp-content\/uploads\/2020\/05\/2016-12-11-16.00.45-768x432.jpg\" class=\"attachment-medium_large size-medium_large\" alt=\"\" srcset=\"https:\/\/www.animelicenciado.es\/wp-content\/uploads\/2020\/05\/2016-12-11-16.00.45-768x432.jpg 768w, https:\/\/www.animelicenciado.es\/wp-content\/uploads\/2020\/05\/2016-12-11-16.00.45-300x169.jpg 300w, https:\/\/www.animelicenciado.es\/wp-content\/uploads\/2020\/05\/2016-12-11-16.00.45.jpg 1024w\" sizes=\"(max-width: 580px) 100vw, 580px\" \/><\/a>\n\t\t\t<\/div><\/figure><figure class='gallery-item'>\n\t\t\t<div class='gallery-icon landscape'>\n\t\t\t\t<a data-elementor-open-lightbox=\"yes\" data-elementor-lightbox-slideshow=\"4502981e\" data-e-action-hash=\"#elementor-action%3Aaction%3Dlightbox%26settings%3DeyJpZCI6MjU5NiwidXJsIjoiaHR0cHM6XC9cL3d3dy5hbmltZWxpY2VuY2lhZG8uZXNcL3dwLWNvbnRlbnRcL3VwbG9hZHNcLzIwMjBcLzA1XC8yMDE2LTEyLTExLTE2LjAxLjI3LmpwZyIsInNsaWRlc2hvdyI6IjQ1MDI5ODFlIn0%3D\" href='https:\/\/www.animelicenciado.es\/wp-content\/uploads\/2020\/05\/2016-12-11-16.01.27.jpg'><img loading=\"lazy\" decoding=\"async\" width=\"580\" height=\"326\" src=\"https:\/\/www.animelicenciado.es\/wp-content\/uploads\/2020\/05\/2016-12-11-16.01.27-768x432.jpg\" class=\"attachment-medium_large size-medium_large\" alt=\"\" srcset=\"https:\/\/www.animelicenciado.es\/wp-content\/uploads\/2020\/05\/2016-12-11-16.01.27-768x432.jpg 768w, https:\/\/www.animelicenciado.es\/wp-content\/uploads\/2020\/05\/2016-12-11-16.01.27-300x169.jpg 300w, https:\/\/www.animelicenciado.es\/wp-content\/uploads\/2020\/05\/2016-12-11-16.01.27.jpg 1024w\" sizes=\"(max-width: 580px) 100vw, 580px\" \/><\/a>\n\t\t\t<\/div><\/figure><figure class='gallery-item'>\n\t\t\t<div class='gallery-icon landscape'>\n\t\t\t\t<a data-elementor-open-lightbox=\"yes\" data-elementor-lightbox-slideshow=\"4502981e\" data-e-action-hash=\"#elementor-action%3Aaction%3Dlightbox%26settings%3DeyJpZCI6MjU5NywidXJsIjoiaHR0cHM6XC9cL3d3dy5hbmltZWxpY2VuY2lhZG8uZXNcL3dwLWNvbnRlbnRcL3VwbG9hZHNcLzIwMjBcLzA1XC8yMDE2LTEyLTExLTE2LjAyLjA2LmpwZyIsInNsaWRlc2hvdyI6IjQ1MDI5ODFlIn0%3D\" href='https:\/\/www.animelicenciado.es\/wp-content\/uploads\/2020\/05\/2016-12-11-16.02.06.jpg'><img loading=\"lazy\" decoding=\"async\" width=\"580\" height=\"326\" src=\"https:\/\/www.animelicenciado.es\/wp-content\/uploads\/2020\/05\/2016-12-11-16.02.06-768x432.jpg\" class=\"attachment-medium_large size-medium_large\" alt=\"\" srcset=\"https:\/\/www.animelicenciado.es\/wp-content\/uploads\/2020\/05\/2016-12-11-16.02.06-768x432.jpg 768w, https:\/\/www.animelicenciado.es\/wp-content\/uploads\/2020\/05\/2016-12-11-16.02.06-300x169.jpg 300w, https:\/\/www.animelicenciado.es\/wp-content\/uploads\/2020\/05\/2016-12-11-16.02.06.jpg 1024w\" sizes=\"(max-width: 580px) 100vw, 580px\" \/><\/a>\n\t\t\t<\/div><\/figure>\n\t\t<\/div>\n\t\t<\/div>\n\t\t\t\t\t\t<\/div>\n\t\t\t\t<\/div>\n\t\t\t\t\t<\/div>\n\t\t<\/div>\n\t\t\t\t\t<\/div>\n\t\t<\/section>\n\t\t\t\t<section class=\"elementor-section elementor-inner-section elementor-element elementor-element-cce1fc9 elementor-section-boxed elementor-section-height-default elementor-section-height-default\" data-id=\"cce1fc9\" data-element_type=\"section\" data-e-type=\"section\">\n\t\t\t\t\t\t<div class=\"elementor-container elementor-column-gap-default\">\n\t\t\t\t\t<div class=\"elementor-column elementor-col-50 elementor-inner-column elementor-element elementor-element-1b6bb73e\" data-id=\"1b6bb73e\" data-element_type=\"column\" data-e-type=\"column\">\n\t\t\t<div class=\"elementor-widget-wrap elementor-element-populated\">\n\t\t\t\t\t\t<div class=\"elementor-element elementor-element-729116bf elementor-invisible elementor-widget elementor-widget-heading\" data-id=\"729116bf\" data-element_type=\"widget\" data-e-type=\"widget\" data-settings=\"{&quot;_animation&quot;:&quot;fadeInLeft&quot;}\" data-widget_type=\"heading.default\">\n\t\t\t\t<div class=\"elementor-widget-container\">\n\t\t\t\t\t<h2 class=\"elementor-heading-title elementor-size-medium\">Volver a listado<\/h2>\t\t\t\t<\/div>\n\t\t\t\t<\/div>\n\t\t\t\t<div class=\"elementor-element elementor-element-42ff773c elementor-view-framed elementor-shape-circle elementor-invisible elementor-widget elementor-widget-icon\" data-id=\"42ff773c\" data-element_type=\"widget\" data-e-type=\"widget\" data-settings=\"{&quot;_animation&quot;:&quot;fadeInLeft&quot;}\" data-widget_type=\"icon.default\">\n\t\t\t\t<div class=\"elementor-widget-container\">\n\t\t\t\t\t\t\t<div class=\"elementor-icon-wrapper\">\n\t\t\t<a class=\"elementor-icon\" href=\"https:\/\/www.animelicenciado.com\/reportajes-fotograficos-lista\/\">\n\t\t\t<i aria-hidden=\"true\" class=\"fas fa-arrow-left\"><\/i>\t\t\t<\/a>\n\t\t<\/div>\n\t\t\t\t\t\t<\/div>\n\t\t\t\t<\/div>\n\t\t\t\t\t<\/div>\n\t\t<\/div>\n\t\t\t\t<div class=\"elementor-column elementor-col-50 elementor-inner-column elementor-element elementor-element-52e42c2f elementor-invisible\" data-id=\"52e42c2f\" data-element_type=\"column\" data-e-type=\"column\" data-settings=\"{&quot;animation&quot;:&quot;fadeInRight&quot;}\">\n\t\t\t<div class=\"elementor-widget-wrap elementor-element-populated\">\n\t\t\t\t\t\t<div class=\"elementor-element elementor-element-27070da1 elementor-invisible elementor-widget elementor-widget-heading\" data-id=\"27070da1\" data-element_type=\"widget\" data-e-type=\"widget\" data-settings=\"{&quot;_animation&quot;:&quot;fadeInRight&quot;}\" data-widget_type=\"heading.default\">\n\t\t\t\t<div class=\"elementor-widget-container\">\n\t\t\t\t\t<h2 class=\"elementor-heading-title elementor-size-medium\">Men\u00fa Principal<\/h2>\t\t\t\t<\/div>\n\t\t\t\t<\/div>\n\t\t\t\t<div class=\"elementor-element elementor-element-70a348a2 elementor-view-framed elementor-shape-circle elementor-widget elementor-widget-icon\" data-id=\"70a348a2\" data-element_type=\"widget\" data-e-type=\"widget\" data-widget_type=\"icon.default\">\n\t\t\t\t<div class=\"elementor-widget-container\">\n\t\t\t\t\t\t\t<div class=\"elementor-icon-wrapper\">\n\t\t\t<a class=\"elementor-icon\" href=\"https:\/\/www.animelicenciado.com\/\">\n\t\t\t<i aria-hidden=\"true\" class=\"fas fa-arrow-right\"><\/i>\t\t\t<\/a>\n\t\t<\/div>\n\t\t\t\t\t\t<\/div>\n\t\t\t\t<\/div>\n\t\t\t\t\t<\/div>\n\t\t<\/div>\n\t\t\t\t\t<\/div>\n\t\t<\/section>\n\t\t\t\t\t<\/div>\n\t\t<\/div>\n\t\t\t\t\t<\/div>\n\t\t<\/section>\n\t\t\t\t<\/div>","protected":false},"excerpt":{"rendered":"<p>El Himno del Coraz\u00f3n Edici\u00f3n Coleccionista Volver a listado Men\u00fa Principal<\/p>","protected":false},"author":10,"featured_media":0,"parent":0,"menu_order":0,"comment_status":"open","ping_status":"closed","template":"elementor_header_footer","meta":{"footnotes":""},"class_list":["post-1857","page","type-page","status-publish","hentry"],"_links":{"self":[{"href":"https:\/\/www.animelicenciado.es\/en_en\/wp-json\/wp\/v2\/pages\/1857","targetHints":{"allow":["GET"]}}],"collection":[{"href":"https:\/\/www.animelicenciado.es\/en_en\/wp-json\/wp\/v2\/pages"}],"about":[{"href":"https:\/\/www.animelicenciado.es\/en_en\/wp-json\/wp\/v2\/types\/page"}],"author":[{"embeddable":true,"href":"https:\/\/www.animelicenciado.es\/en_en\/wp-json\/wp\/v2\/users\/10"}],"replies":[{"embeddable":true,"href":"https:\/\/www.animelicenciado.es\/en_en\/wp-json\/wp\/v2\/comments?post=1857"}],"version-history":[{"count":4,"href":"https:\/\/www.animelicenciado.es\/en_en\/wp-json\/wp\/v2\/pages\/1857\/revisions"}],"predecessor-version":[{"id":18165,"href":"https:\/\/www.animelicenciado.es\/en_en\/wp-json\/wp\/v2\/pages\/1857\/revisions\/18165"}],"wp:attachment":[{"href":"https:\/\/www.animelicenciado.es\/en_en\/wp-json\/wp\/v2\/media?parent=1857"}],"curies":[{"name":"wp","href":"https:\/\/api.w.org\/{rel}","templated":true}]}}