{"id":1886,"date":"2020-05-14T18:07:43","date_gmt":"2020-05-14T18:07:43","guid":{"rendered":"https:\/\/www.animelicenciado.es\/70-2\/"},"modified":"2025-03-09T18:28:07","modified_gmt":"2025-03-09T17:28:07","slug":"70-2","status":"publish","type":"page","link":"https:\/\/www.animelicenciado.es\/en_en\/70-2\/","title":{"rendered":"Patlabor La Trilog\u00eda Edici\u00f3n Coleccionista Reportaje"},"content":{"rendered":"<div data-elementor-type=\"wp-page\" data-elementor-id=\"1886\" class=\"elementor elementor-1886\">\n\t\t\t\t\t\t<section class=\"elementor-section elementor-top-section elementor-element elementor-element-d4aabb4 elementor-section-boxed elementor-section-height-default elementor-section-height-default\" data-id=\"d4aabb4\" data-element_type=\"section\" data-e-type=\"section\">\n\t\t\t\t\t\t<div class=\"elementor-container elementor-column-gap-default\">\n\t\t\t\t\t<div class=\"elementor-column elementor-col-100 elementor-top-column elementor-element elementor-element-54d69127\" data-id=\"54d69127\" data-element_type=\"column\" data-e-type=\"column\">\n\t\t\t<div class=\"elementor-widget-wrap elementor-element-populated\">\n\t\t\t\t\t\t<div class=\"elementor-element elementor-element-2041fea8 elementor-invisible elementor-widget elementor-widget-heading\" data-id=\"2041fea8\" data-element_type=\"widget\" data-e-type=\"widget\" data-settings=\"{&quot;_animation&quot;:&quot;fadeInRight&quot;}\" data-widget_type=\"heading.default\">\n\t\t\t\t<div class=\"elementor-widget-container\">\n\t\t\t\t\t<h2 class=\"elementor-heading-title elementor-size-default\">Patlabor La Trilog\u00eda Edici\u00f3n Coleccionista<\/h2>\t\t\t\t<\/div>\n\t\t\t\t<\/div>\n\t\t\t\t<section class=\"elementor-section elementor-inner-section elementor-element elementor-element-2658bbde elementor-section-boxed elementor-section-height-default elementor-section-height-default\" data-id=\"2658bbde\" data-element_type=\"section\" data-e-type=\"section\">\n\t\t\t\t\t\t<div class=\"elementor-container elementor-column-gap-default\">\n\t\t\t\t\t<div class=\"elementor-column elementor-col-100 elementor-inner-column elementor-element elementor-element-633fdca7\" data-id=\"633fdca7\" data-element_type=\"column\" data-e-type=\"column\">\n\t\t\t<div class=\"elementor-widget-wrap elementor-element-populated\">\n\t\t\t\t\t\t<div class=\"elementor-element elementor-element-4ee755b2 gallery-spacing-custom elementor-widget elementor-widget-image-gallery\" data-id=\"4ee755b2\" data-element_type=\"widget\" data-e-type=\"widget\" data-widget_type=\"image-gallery.default\">\n\t\t\t\t<div class=\"elementor-widget-container\">\n\t\t\t\t\t\t\t<div class=\"elementor-image-gallery\">\n\t\t\t<div id='gallery-1' class='gallery galleryid-1886 gallery-columns-3 gallery-size-medium_large'><figure class='gallery-item'>\n\t\t\t<div class='gallery-icon landscape'>\n\t\t\t\t<a data-elementor-open-lightbox=\"yes\" data-elementor-lightbox-slideshow=\"4ee755b2\" data-e-action-hash=\"#elementor-action%3Aaction%3Dlightbox%26settings%3DeyJpZCI6Mjg4MCwidXJsIjoiaHR0cHM6XC9cL3d3dy5hbmltZWxpY2VuY2lhZG8uZXNcL3dwLWNvbnRlbnRcL3VwbG9hZHNcLzIwMjBcLzA1XC9DSU1HNDQ0Ny5qcGciLCJzbGlkZXNob3ciOiI0ZWU3NTViMiJ9\" href='https:\/\/www.animelicenciado.es\/wp-content\/uploads\/2020\/05\/CIMG4447.jpg'><img fetchpriority=\"high\" decoding=\"async\" width=\"580\" height=\"435\" src=\"https:\/\/www.animelicenciado.es\/wp-content\/uploads\/2020\/05\/CIMG4447-768x576.jpg\" class=\"attachment-medium_large size-medium_large\" alt=\"\" srcset=\"https:\/\/www.animelicenciado.es\/wp-content\/uploads\/2020\/05\/CIMG4447-768x576.jpg 768w, https:\/\/www.animelicenciado.es\/wp-content\/uploads\/2020\/05\/CIMG4447-300x225.jpg 300w, https:\/\/www.animelicenciado.es\/wp-content\/uploads\/2020\/05\/CIMG4447.jpg 1024w\" sizes=\"(max-width: 580px) 100vw, 580px\" \/><\/a>\n\t\t\t<\/div><\/figure><figure class='gallery-item'>\n\t\t\t<div class='gallery-icon landscape'>\n\t\t\t\t<a data-elementor-open-lightbox=\"yes\" data-elementor-lightbox-slideshow=\"4ee755b2\" data-e-action-hash=\"#elementor-action%3Aaction%3Dlightbox%26settings%3DeyJpZCI6Mjg4MSwidXJsIjoiaHR0cHM6XC9cL3d3dy5hbmltZWxpY2VuY2lhZG8uZXNcL3dwLWNvbnRlbnRcL3VwbG9hZHNcLzIwMjBcLzA1XC9DSU1HNDQ1MC5qcGciLCJzbGlkZXNob3ciOiI0ZWU3NTViMiJ9\" href='https:\/\/www.animelicenciado.es\/wp-content\/uploads\/2020\/05\/CIMG4450.jpg'><img decoding=\"async\" width=\"580\" height=\"435\" src=\"https:\/\/www.animelicenciado.es\/wp-content\/uploads\/2020\/05\/CIMG4450-768x576.jpg\" class=\"attachment-medium_large size-medium_large\" alt=\"\" srcset=\"https:\/\/www.animelicenciado.es\/wp-content\/uploads\/2020\/05\/CIMG4450-768x576.jpg 768w, https:\/\/www.animelicenciado.es\/wp-content\/uploads\/2020\/05\/CIMG4450-300x225.jpg 300w, https:\/\/www.animelicenciado.es\/wp-content\/uploads\/2020\/05\/CIMG4450.jpg 1024w\" sizes=\"(max-width: 580px) 100vw, 580px\" \/><\/a>\n\t\t\t<\/div><\/figure><figure class='gallery-item'>\n\t\t\t<div class='gallery-icon landscape'>\n\t\t\t\t<a data-elementor-open-lightbox=\"yes\" data-elementor-lightbox-slideshow=\"4ee755b2\" data-e-action-hash=\"#elementor-action%3Aaction%3Dlightbox%26settings%3DeyJpZCI6Mjg4MiwidXJsIjoiaHR0cHM6XC9cL3d3dy5hbmltZWxpY2VuY2lhZG8uZXNcL3dwLWNvbnRlbnRcL3VwbG9hZHNcLzIwMjBcLzA1XC9DSU1HNDQ1MS5qcGciLCJzbGlkZXNob3ciOiI0ZWU3NTViMiJ9\" href='https:\/\/www.animelicenciado.es\/wp-content\/uploads\/2020\/05\/CIMG4451.jpg'><img decoding=\"async\" width=\"580\" height=\"435\" src=\"https:\/\/www.animelicenciado.es\/wp-content\/uploads\/2020\/05\/CIMG4451-768x576.jpg\" class=\"attachment-medium_large size-medium_large\" alt=\"\" srcset=\"https:\/\/www.animelicenciado.es\/wp-content\/uploads\/2020\/05\/CIMG4451-768x576.jpg 768w, https:\/\/www.animelicenciado.es\/wp-content\/uploads\/2020\/05\/CIMG4451-300x225.jpg 300w, https:\/\/www.animelicenciado.es\/wp-content\/uploads\/2020\/05\/CIMG4451.jpg 1024w\" sizes=\"(max-width: 580px) 100vw, 580px\" \/><\/a>\n\t\t\t<\/div><\/figure><figure class='gallery-item'>\n\t\t\t<div class='gallery-icon landscape'>\n\t\t\t\t<a data-elementor-open-lightbox=\"yes\" data-elementor-lightbox-slideshow=\"4ee755b2\" data-e-action-hash=\"#elementor-action%3Aaction%3Dlightbox%26settings%3DeyJpZCI6Mjg4MywidXJsIjoiaHR0cHM6XC9cL3d3dy5hbmltZWxpY2VuY2lhZG8uZXNcL3dwLWNvbnRlbnRcL3VwbG9hZHNcLzIwMjBcLzA1XC9DSU1HNDQ1Mi5qcGciLCJzbGlkZXNob3ciOiI0ZWU3NTViMiJ9\" href='https:\/\/www.animelicenciado.es\/wp-content\/uploads\/2020\/05\/CIMG4452.jpg'><img loading=\"lazy\" decoding=\"async\" width=\"580\" height=\"435\" src=\"https:\/\/www.animelicenciado.es\/wp-content\/uploads\/2020\/05\/CIMG4452-768x576.jpg\" class=\"attachment-medium_large size-medium_large\" alt=\"\" srcset=\"https:\/\/www.animelicenciado.es\/wp-content\/uploads\/2020\/05\/CIMG4452-768x576.jpg 768w, https:\/\/www.animelicenciado.es\/wp-content\/uploads\/2020\/05\/CIMG4452-300x225.jpg 300w, https:\/\/www.animelicenciado.es\/wp-content\/uploads\/2020\/05\/CIMG4452.jpg 1024w\" sizes=\"(max-width: 580px) 100vw, 580px\" \/><\/a>\n\t\t\t<\/div><\/figure><figure class='gallery-item'>\n\t\t\t<div class='gallery-icon landscape'>\n\t\t\t\t<a data-elementor-open-lightbox=\"yes\" data-elementor-lightbox-slideshow=\"4ee755b2\" data-e-action-hash=\"#elementor-action%3Aaction%3Dlightbox%26settings%3DeyJpZCI6Mjg4NCwidXJsIjoiaHR0cHM6XC9cL3d3dy5hbmltZWxpY2VuY2lhZG8uZXNcL3dwLWNvbnRlbnRcL3VwbG9hZHNcLzIwMjBcLzA1XC9DSU1HNDQ1My5qcGciLCJzbGlkZXNob3ciOiI0ZWU3NTViMiJ9\" href='https:\/\/www.animelicenciado.es\/wp-content\/uploads\/2020\/05\/CIMG4453.jpg'><img loading=\"lazy\" decoding=\"async\" width=\"580\" height=\"435\" src=\"https:\/\/www.animelicenciado.es\/wp-content\/uploads\/2020\/05\/CIMG4453-768x576.jpg\" class=\"attachment-medium_large size-medium_large\" alt=\"\" srcset=\"https:\/\/www.animelicenciado.es\/wp-content\/uploads\/2020\/05\/CIMG4453-768x576.jpg 768w, https:\/\/www.animelicenciado.es\/wp-content\/uploads\/2020\/05\/CIMG4453-300x225.jpg 300w, https:\/\/www.animelicenciado.es\/wp-content\/uploads\/2020\/05\/CIMG4453.jpg 1024w\" sizes=\"(max-width: 580px) 100vw, 580px\" \/><\/a>\n\t\t\t<\/div><\/figure><figure class='gallery-item'>\n\t\t\t<div class='gallery-icon landscape'>\n\t\t\t\t<a data-elementor-open-lightbox=\"yes\" data-elementor-lightbox-slideshow=\"4ee755b2\" data-e-action-hash=\"#elementor-action%3Aaction%3Dlightbox%26settings%3DeyJpZCI6Mjg4NSwidXJsIjoiaHR0cHM6XC9cL3d3dy5hbmltZWxpY2VuY2lhZG8uZXNcL3dwLWNvbnRlbnRcL3VwbG9hZHNcLzIwMjBcLzA1XC9DSU1HNDQ1NC5qcGciLCJzbGlkZXNob3ciOiI0ZWU3NTViMiJ9\" href='https:\/\/www.animelicenciado.es\/wp-content\/uploads\/2020\/05\/CIMG4454.jpg'><img loading=\"lazy\" decoding=\"async\" width=\"580\" height=\"435\" src=\"https:\/\/www.animelicenciado.es\/wp-content\/uploads\/2020\/05\/CIMG4454-768x576.jpg\" class=\"attachment-medium_large size-medium_large\" alt=\"\" srcset=\"https:\/\/www.animelicenciado.es\/wp-content\/uploads\/2020\/05\/CIMG4454-768x576.jpg 768w, https:\/\/www.animelicenciado.es\/wp-content\/uploads\/2020\/05\/CIMG4454-300x225.jpg 300w, https:\/\/www.animelicenciado.es\/wp-content\/uploads\/2020\/05\/CIMG4454.jpg 1024w\" sizes=\"(max-width: 580px) 100vw, 580px\" \/><\/a>\n\t\t\t<\/div><\/figure><figure class='gallery-item'>\n\t\t\t<div class='gallery-icon landscape'>\n\t\t\t\t<a data-elementor-open-lightbox=\"yes\" data-elementor-lightbox-slideshow=\"4ee755b2\" data-e-action-hash=\"#elementor-action%3Aaction%3Dlightbox%26settings%3DeyJpZCI6Mjg4NiwidXJsIjoiaHR0cHM6XC9cL3d3dy5hbmltZWxpY2VuY2lhZG8uZXNcL3dwLWNvbnRlbnRcL3VwbG9hZHNcLzIwMjBcLzA1XC9DSU1HNDQ1NS5qcGciLCJzbGlkZXNob3ciOiI0ZWU3NTViMiJ9\" href='https:\/\/www.animelicenciado.es\/wp-content\/uploads\/2020\/05\/CIMG4455.jpg'><img loading=\"lazy\" decoding=\"async\" width=\"580\" height=\"435\" src=\"https:\/\/www.animelicenciado.es\/wp-content\/uploads\/2020\/05\/CIMG4455-768x576.jpg\" class=\"attachment-medium_large size-medium_large\" alt=\"\" srcset=\"https:\/\/www.animelicenciado.es\/wp-content\/uploads\/2020\/05\/CIMG4455-768x576.jpg 768w, https:\/\/www.animelicenciado.es\/wp-content\/uploads\/2020\/05\/CIMG4455-300x225.jpg 300w, https:\/\/www.animelicenciado.es\/wp-content\/uploads\/2020\/05\/CIMG4455.jpg 1024w\" sizes=\"(max-width: 580px) 100vw, 580px\" \/><\/a>\n\t\t\t<\/div><\/figure><figure class='gallery-item'>\n\t\t\t<div class='gallery-icon landscape'>\n\t\t\t\t<a data-elementor-open-lightbox=\"yes\" data-elementor-lightbox-slideshow=\"4ee755b2\" data-e-action-hash=\"#elementor-action%3Aaction%3Dlightbox%26settings%3DeyJpZCI6Mjg4NywidXJsIjoiaHR0cHM6XC9cL3d3dy5hbmltZWxpY2VuY2lhZG8uZXNcL3dwLWNvbnRlbnRcL3VwbG9hZHNcLzIwMjBcLzA1XC9DSU1HNDQ1Ni5qcGciLCJzbGlkZXNob3ciOiI0ZWU3NTViMiJ9\" href='https:\/\/www.animelicenciado.es\/wp-content\/uploads\/2020\/05\/CIMG4456.jpg'><img loading=\"lazy\" decoding=\"async\" width=\"580\" height=\"435\" src=\"https:\/\/www.animelicenciado.es\/wp-content\/uploads\/2020\/05\/CIMG4456-768x576.jpg\" class=\"attachment-medium_large size-medium_large\" alt=\"\" srcset=\"https:\/\/www.animelicenciado.es\/wp-content\/uploads\/2020\/05\/CIMG4456-768x576.jpg 768w, https:\/\/www.animelicenciado.es\/wp-content\/uploads\/2020\/05\/CIMG4456-300x225.jpg 300w, https:\/\/www.animelicenciado.es\/wp-content\/uploads\/2020\/05\/CIMG4456.jpg 1024w\" sizes=\"(max-width: 580px) 100vw, 580px\" \/><\/a>\n\t\t\t<\/div><\/figure><figure class='gallery-item'>\n\t\t\t<div class='gallery-icon landscape'>\n\t\t\t\t<a data-elementor-open-lightbox=\"yes\" data-elementor-lightbox-slideshow=\"4ee755b2\" data-e-action-hash=\"#elementor-action%3Aaction%3Dlightbox%26settings%3DeyJpZCI6Mjg4OCwidXJsIjoiaHR0cHM6XC9cL3d3dy5hbmltZWxpY2VuY2lhZG8uZXNcL3dwLWNvbnRlbnRcL3VwbG9hZHNcLzIwMjBcLzA1XC9DSU1HNDQ1OS5qcGciLCJzbGlkZXNob3ciOiI0ZWU3NTViMiJ9\" href='https:\/\/www.animelicenciado.es\/wp-content\/uploads\/2020\/05\/CIMG4459.jpg'><img loading=\"lazy\" decoding=\"async\" width=\"580\" height=\"435\" src=\"https:\/\/www.animelicenciado.es\/wp-content\/uploads\/2020\/05\/CIMG4459-768x576.jpg\" class=\"attachment-medium_large size-medium_large\" alt=\"\" srcset=\"https:\/\/www.animelicenciado.es\/wp-content\/uploads\/2020\/05\/CIMG4459-768x576.jpg 768w, https:\/\/www.animelicenciado.es\/wp-content\/uploads\/2020\/05\/CIMG4459-300x225.jpg 300w, https:\/\/www.animelicenciado.es\/wp-content\/uploads\/2020\/05\/CIMG4459.jpg 1024w\" sizes=\"(max-width: 580px) 100vw, 580px\" \/><\/a>\n\t\t\t<\/div><\/figure><figure class='gallery-item'>\n\t\t\t<div class='gallery-icon landscape'>\n\t\t\t\t<a data-elementor-open-lightbox=\"yes\" data-elementor-lightbox-slideshow=\"4ee755b2\" data-e-action-hash=\"#elementor-action%3Aaction%3Dlightbox%26settings%3DeyJpZCI6Mjg4OSwidXJsIjoiaHR0cHM6XC9cL3d3dy5hbmltZWxpY2VuY2lhZG8uZXNcL3dwLWNvbnRlbnRcL3VwbG9hZHNcLzIwMjBcLzA1XC9DSU1HNDQ2MC5qcGciLCJzbGlkZXNob3ciOiI0ZWU3NTViMiJ9\" href='https:\/\/www.animelicenciado.es\/wp-content\/uploads\/2020\/05\/CIMG4460.jpg'><img loading=\"lazy\" decoding=\"async\" width=\"580\" height=\"435\" src=\"https:\/\/www.animelicenciado.es\/wp-content\/uploads\/2020\/05\/CIMG4460-768x576.jpg\" class=\"attachment-medium_large size-medium_large\" alt=\"\" srcset=\"https:\/\/www.animelicenciado.es\/wp-content\/uploads\/2020\/05\/CIMG4460-768x576.jpg 768w, https:\/\/www.animelicenciado.es\/wp-content\/uploads\/2020\/05\/CIMG4460-300x225.jpg 300w, https:\/\/www.animelicenciado.es\/wp-content\/uploads\/2020\/05\/CIMG4460.jpg 1024w\" sizes=\"(max-width: 580px) 100vw, 580px\" \/><\/a>\n\t\t\t<\/div><\/figure><figure class='gallery-item'>\n\t\t\t<div class='gallery-icon landscape'>\n\t\t\t\t<a data-elementor-open-lightbox=\"yes\" data-elementor-lightbox-slideshow=\"4ee755b2\" data-e-action-hash=\"#elementor-action%3Aaction%3Dlightbox%26settings%3DeyJpZCI6Mjg5MCwidXJsIjoiaHR0cHM6XC9cL3d3dy5hbmltZWxpY2VuY2lhZG8uZXNcL3dwLWNvbnRlbnRcL3VwbG9hZHNcLzIwMjBcLzA1XC9DSU1HNDQ2MS5qcGciLCJzbGlkZXNob3ciOiI0ZWU3NTViMiJ9\" href='https:\/\/www.animelicenciado.es\/wp-content\/uploads\/2020\/05\/CIMG4461.jpg'><img loading=\"lazy\" decoding=\"async\" width=\"580\" height=\"435\" src=\"https:\/\/www.animelicenciado.es\/wp-content\/uploads\/2020\/05\/CIMG4461-768x576.jpg\" class=\"attachment-medium_large size-medium_large\" alt=\"\" srcset=\"https:\/\/www.animelicenciado.es\/wp-content\/uploads\/2020\/05\/CIMG4461-768x576.jpg 768w, https:\/\/www.animelicenciado.es\/wp-content\/uploads\/2020\/05\/CIMG4461-300x225.jpg 300w, https:\/\/www.animelicenciado.es\/wp-content\/uploads\/2020\/05\/CIMG4461.jpg 1024w\" sizes=\"(max-width: 580px) 100vw, 580px\" \/><\/a>\n\t\t\t<\/div><\/figure><figure class='gallery-item'>\n\t\t\t<div class='gallery-icon landscape'>\n\t\t\t\t<a data-elementor-open-lightbox=\"yes\" data-elementor-lightbox-slideshow=\"4ee755b2\" data-e-action-hash=\"#elementor-action%3Aaction%3Dlightbox%26settings%3DeyJpZCI6Mjg5MSwidXJsIjoiaHR0cHM6XC9cL3d3dy5hbmltZWxpY2VuY2lhZG8uZXNcL3dwLWNvbnRlbnRcL3VwbG9hZHNcLzIwMjBcLzA1XC9DSU1HNDQ2Mi5qcGciLCJzbGlkZXNob3ciOiI0ZWU3NTViMiJ9\" href='https:\/\/www.animelicenciado.es\/wp-content\/uploads\/2020\/05\/CIMG4462.jpg'><img loading=\"lazy\" decoding=\"async\" width=\"580\" height=\"435\" src=\"https:\/\/www.animelicenciado.es\/wp-content\/uploads\/2020\/05\/CIMG4462-768x576.jpg\" class=\"attachment-medium_large size-medium_large\" alt=\"\" srcset=\"https:\/\/www.animelicenciado.es\/wp-content\/uploads\/2020\/05\/CIMG4462-768x576.jpg 768w, https:\/\/www.animelicenciado.es\/wp-content\/uploads\/2020\/05\/CIMG4462-300x225.jpg 300w, https:\/\/www.animelicenciado.es\/wp-content\/uploads\/2020\/05\/CIMG4462.jpg 1024w\" sizes=\"(max-width: 580px) 100vw, 580px\" \/><\/a>\n\t\t\t<\/div><\/figure><figure class='gallery-item'>\n\t\t\t<div class='gallery-icon landscape'>\n\t\t\t\t<a data-elementor-open-lightbox=\"yes\" data-elementor-lightbox-slideshow=\"4ee755b2\" data-e-action-hash=\"#elementor-action%3Aaction%3Dlightbox%26settings%3DeyJpZCI6Mjg5MiwidXJsIjoiaHR0cHM6XC9cL3d3dy5hbmltZWxpY2VuY2lhZG8uZXNcL3dwLWNvbnRlbnRcL3VwbG9hZHNcLzIwMjBcLzA1XC9DSU1HNDQ2NC5qcGciLCJzbGlkZXNob3ciOiI0ZWU3NTViMiJ9\" href='https:\/\/www.animelicenciado.es\/wp-content\/uploads\/2020\/05\/CIMG4464.jpg'><img loading=\"lazy\" decoding=\"async\" width=\"580\" height=\"435\" src=\"https:\/\/www.animelicenciado.es\/wp-content\/uploads\/2020\/05\/CIMG4464-768x576.jpg\" class=\"attachment-medium_large size-medium_large\" alt=\"\" srcset=\"https:\/\/www.animelicenciado.es\/wp-content\/uploads\/2020\/05\/CIMG4464-768x576.jpg 768w, https:\/\/www.animelicenciado.es\/wp-content\/uploads\/2020\/05\/CIMG4464-300x225.jpg 300w, https:\/\/www.animelicenciado.es\/wp-content\/uploads\/2020\/05\/CIMG4464.jpg 1024w\" sizes=\"(max-width: 580px) 100vw, 580px\" \/><\/a>\n\t\t\t<\/div><\/figure><figure class='gallery-item'>\n\t\t\t<div class='gallery-icon landscape'>\n\t\t\t\t<a data-elementor-open-lightbox=\"yes\" data-elementor-lightbox-slideshow=\"4ee755b2\" data-e-action-hash=\"#elementor-action%3Aaction%3Dlightbox%26settings%3DeyJpZCI6Mjg5MywidXJsIjoiaHR0cHM6XC9cL3d3dy5hbmltZWxpY2VuY2lhZG8uZXNcL3dwLWNvbnRlbnRcL3VwbG9hZHNcLzIwMjBcLzA1XC9DSU1HNDQ2NS5qcGciLCJzbGlkZXNob3ciOiI0ZWU3NTViMiJ9\" href='https:\/\/www.animelicenciado.es\/wp-content\/uploads\/2020\/05\/CIMG4465.jpg'><img loading=\"lazy\" decoding=\"async\" width=\"580\" height=\"435\" src=\"https:\/\/www.animelicenciado.es\/wp-content\/uploads\/2020\/05\/CIMG4465-768x576.jpg\" class=\"attachment-medium_large size-medium_large\" alt=\"\" srcset=\"https:\/\/www.animelicenciado.es\/wp-content\/uploads\/2020\/05\/CIMG4465-768x576.jpg 768w, https:\/\/www.animelicenciado.es\/wp-content\/uploads\/2020\/05\/CIMG4465-300x225.jpg 300w, https:\/\/www.animelicenciado.es\/wp-content\/uploads\/2020\/05\/CIMG4465.jpg 1024w\" sizes=\"(max-width: 580px) 100vw, 580px\" \/><\/a>\n\t\t\t<\/div><\/figure><figure class='gallery-item'>\n\t\t\t<div class='gallery-icon landscape'>\n\t\t\t\t<a data-elementor-open-lightbox=\"yes\" data-elementor-lightbox-slideshow=\"4ee755b2\" data-e-action-hash=\"#elementor-action%3Aaction%3Dlightbox%26settings%3DeyJpZCI6Mjg5NSwidXJsIjoiaHR0cHM6XC9cL3d3dy5hbmltZWxpY2VuY2lhZG8uZXNcL3dwLWNvbnRlbnRcL3VwbG9hZHNcLzIwMjBcLzA1XC9DSU1HNDQ2Ny5qcGciLCJzbGlkZXNob3ciOiI0ZWU3NTViMiJ9\" href='https:\/\/www.animelicenciado.es\/wp-content\/uploads\/2020\/05\/CIMG4467.jpg'><img loading=\"lazy\" decoding=\"async\" width=\"580\" height=\"435\" src=\"https:\/\/www.animelicenciado.es\/wp-content\/uploads\/2020\/05\/CIMG4467-768x576.jpg\" class=\"attachment-medium_large size-medium_large\" alt=\"\" srcset=\"https:\/\/www.animelicenciado.es\/wp-content\/uploads\/2020\/05\/CIMG4467-768x576.jpg 768w, https:\/\/www.animelicenciado.es\/wp-content\/uploads\/2020\/05\/CIMG4467-300x225.jpg 300w, https:\/\/www.animelicenciado.es\/wp-content\/uploads\/2020\/05\/CIMG4467.jpg 1024w\" sizes=\"(max-width: 580px) 100vw, 580px\" \/><\/a>\n\t\t\t<\/div><\/figure><figure class='gallery-item'>\n\t\t\t<div class='gallery-icon landscape'>\n\t\t\t\t<a data-elementor-open-lightbox=\"yes\" data-elementor-lightbox-slideshow=\"4ee755b2\" data-e-action-hash=\"#elementor-action%3Aaction%3Dlightbox%26settings%3DeyJpZCI6Mjg5NiwidXJsIjoiaHR0cHM6XC9cL3d3dy5hbmltZWxpY2VuY2lhZG8uZXNcL3dwLWNvbnRlbnRcL3VwbG9hZHNcLzIwMjBcLzA1XC9DSU1HNDQ2OC5qcGciLCJzbGlkZXNob3ciOiI0ZWU3NTViMiJ9\" href='https:\/\/www.animelicenciado.es\/wp-content\/uploads\/2020\/05\/CIMG4468.jpg'><img loading=\"lazy\" decoding=\"async\" width=\"580\" height=\"435\" src=\"https:\/\/www.animelicenciado.es\/wp-content\/uploads\/2020\/05\/CIMG4468-768x576.jpg\" class=\"attachment-medium_large size-medium_large\" alt=\"\" srcset=\"https:\/\/www.animelicenciado.es\/wp-content\/uploads\/2020\/05\/CIMG4468-768x576.jpg 768w, https:\/\/www.animelicenciado.es\/wp-content\/uploads\/2020\/05\/CIMG4468-300x225.jpg 300w, https:\/\/www.animelicenciado.es\/wp-content\/uploads\/2020\/05\/CIMG4468.jpg 1024w\" sizes=\"(max-width: 580px) 100vw, 580px\" \/><\/a>\n\t\t\t<\/div><\/figure><figure class='gallery-item'>\n\t\t\t<div class='gallery-icon landscape'>\n\t\t\t\t<a data-elementor-open-lightbox=\"yes\" data-elementor-lightbox-slideshow=\"4ee755b2\" data-e-action-hash=\"#elementor-action%3Aaction%3Dlightbox%26settings%3DeyJpZCI6Mjg5OSwidXJsIjoiaHR0cHM6XC9cL3d3dy5hbmltZWxpY2VuY2lhZG8uZXNcL3dwLWNvbnRlbnRcL3VwbG9hZHNcLzIwMjBcLzA1XC9DSU1HNDQ3MS5qcGciLCJzbGlkZXNob3ciOiI0ZWU3NTViMiJ9\" href='https:\/\/www.animelicenciado.es\/wp-content\/uploads\/2020\/05\/CIMG4471.jpg'><img loading=\"lazy\" decoding=\"async\" width=\"580\" height=\"435\" src=\"https:\/\/www.animelicenciado.es\/wp-content\/uploads\/2020\/05\/CIMG4471-768x576.jpg\" class=\"attachment-medium_large size-medium_large\" alt=\"\" srcset=\"https:\/\/www.animelicenciado.es\/wp-content\/uploads\/2020\/05\/CIMG4471-768x576.jpg 768w, https:\/\/www.animelicenciado.es\/wp-content\/uploads\/2020\/05\/CIMG4471-300x225.jpg 300w, https:\/\/www.animelicenciado.es\/wp-content\/uploads\/2020\/05\/CIMG4471.jpg 1024w\" sizes=\"(max-width: 580px) 100vw, 580px\" \/><\/a>\n\t\t\t<\/div><\/figure>\n\t\t<\/div>\n\t\t<\/div>\n\t\t\t\t\t\t<\/div>\n\t\t\t\t<\/div>\n\t\t\t\t\t<\/div>\n\t\t<\/div>\n\t\t\t\t\t<\/div>\n\t\t<\/section>\n\t\t\t\t<section class=\"elementor-section elementor-inner-section elementor-element elementor-element-5d02d224 elementor-section-boxed elementor-section-height-default elementor-section-height-default\" data-id=\"5d02d224\" data-element_type=\"section\" data-e-type=\"section\">\n\t\t\t\t\t\t<div class=\"elementor-container elementor-column-gap-default\">\n\t\t\t\t\t<div class=\"elementor-column elementor-col-50 elementor-inner-column elementor-element elementor-element-2ac8154a\" data-id=\"2ac8154a\" data-element_type=\"column\" data-e-type=\"column\">\n\t\t\t<div class=\"elementor-widget-wrap elementor-element-populated\">\n\t\t\t\t\t\t<div class=\"elementor-element elementor-element-6716b9a5 elementor-invisible elementor-widget elementor-widget-heading\" data-id=\"6716b9a5\" data-element_type=\"widget\" data-e-type=\"widget\" data-settings=\"{&quot;_animation&quot;:&quot;fadeInLeft&quot;}\" data-widget_type=\"heading.default\">\n\t\t\t\t<div class=\"elementor-widget-container\">\n\t\t\t\t\t<h2 class=\"elementor-heading-title elementor-size-medium\">Volver a listado<\/h2>\t\t\t\t<\/div>\n\t\t\t\t<\/div>\n\t\t\t\t<div class=\"elementor-element elementor-element-785eeee0 elementor-view-framed elementor-shape-circle elementor-invisible elementor-widget elementor-widget-icon\" data-id=\"785eeee0\" data-element_type=\"widget\" data-e-type=\"widget\" data-settings=\"{&quot;_animation&quot;:&quot;fadeInLeft&quot;}\" data-widget_type=\"icon.default\">\n\t\t\t\t<div class=\"elementor-widget-container\">\n\t\t\t\t\t\t\t<div class=\"elementor-icon-wrapper\">\n\t\t\t<a class=\"elementor-icon\" href=\"https:\/\/www.animelicenciado.com\/reportajes-fotograficos-lista\/\">\n\t\t\t<i aria-hidden=\"true\" class=\"fas fa-arrow-left\"><\/i>\t\t\t<\/a>\n\t\t<\/div>\n\t\t\t\t\t\t<\/div>\n\t\t\t\t<\/div>\n\t\t\t\t\t<\/div>\n\t\t<\/div>\n\t\t\t\t<div class=\"elementor-column elementor-col-50 elementor-inner-column elementor-element elementor-element-51baa380 elementor-invisible\" data-id=\"51baa380\" data-element_type=\"column\" data-e-type=\"column\" data-settings=\"{&quot;animation&quot;:&quot;fadeInRight&quot;}\">\n\t\t\t<div class=\"elementor-widget-wrap elementor-element-populated\">\n\t\t\t\t\t\t<div class=\"elementor-element elementor-element-20cd1be2 elementor-invisible elementor-widget elementor-widget-heading\" data-id=\"20cd1be2\" data-element_type=\"widget\" data-e-type=\"widget\" data-settings=\"{&quot;_animation&quot;:&quot;fadeInRight&quot;}\" data-widget_type=\"heading.default\">\n\t\t\t\t<div class=\"elementor-widget-container\">\n\t\t\t\t\t<h2 class=\"elementor-heading-title elementor-size-medium\">Men\u00fa Principal<\/h2>\t\t\t\t<\/div>\n\t\t\t\t<\/div>\n\t\t\t\t<div class=\"elementor-element elementor-element-4d698f1 elementor-view-framed elementor-shape-circle elementor-widget elementor-widget-icon\" data-id=\"4d698f1\" data-element_type=\"widget\" data-e-type=\"widget\" data-widget_type=\"icon.default\">\n\t\t\t\t<div class=\"elementor-widget-container\">\n\t\t\t\t\t\t\t<div class=\"elementor-icon-wrapper\">\n\t\t\t<a class=\"elementor-icon\" href=\"https:\/\/www.animelicenciado.com\/\">\n\t\t\t<i aria-hidden=\"true\" class=\"fas fa-arrow-right\"><\/i>\t\t\t<\/a>\n\t\t<\/div>\n\t\t\t\t\t\t<\/div>\n\t\t\t\t<\/div>\n\t\t\t\t\t<\/div>\n\t\t<\/div>\n\t\t\t\t\t<\/div>\n\t\t<\/section>\n\t\t\t\t\t<\/div>\n\t\t<\/div>\n\t\t\t\t\t<\/div>\n\t\t<\/section>\n\t\t\t\t<\/div>","protected":false},"excerpt":{"rendered":"<p>Patlabor La Trilog\u00eda Edici\u00f3n Coleccionista Volver a listado Men\u00fa Principal<\/p>","protected":false},"author":1,"featured_media":0,"parent":0,"menu_order":0,"comment_status":"open","ping_status":"closed","template":"elementor_header_footer","meta":{"footnotes":""},"class_list":["post-1886","page","type-page","status-publish","hentry"],"_links":{"self":[{"href":"https:\/\/www.animelicenciado.es\/en_en\/wp-json\/wp\/v2\/pages\/1886","targetHints":{"allow":["GET"]}}],"collection":[{"href":"https:\/\/www.animelicenciado.es\/en_en\/wp-json\/wp\/v2\/pages"}],"about":[{"href":"https:\/\/www.animelicenciado.es\/en_en\/wp-json\/wp\/v2\/types\/page"}],"author":[{"embeddable":true,"href":"https:\/\/www.animelicenciado.es\/en_en\/wp-json\/wp\/v2\/users\/1"}],"replies":[{"embeddable":true,"href":"https:\/\/www.animelicenciado.es\/en_en\/wp-json\/wp\/v2\/comments?post=1886"}],"version-history":[{"count":4,"href":"https:\/\/www.animelicenciado.es\/en_en\/wp-json\/wp\/v2\/pages\/1886\/revisions"}],"predecessor-version":[{"id":18231,"href":"https:\/\/www.animelicenciado.es\/en_en\/wp-json\/wp\/v2\/pages\/1886\/revisions\/18231"}],"wp:attachment":[{"href":"https:\/\/www.animelicenciado.es\/en_en\/wp-json\/wp\/v2\/media?parent=1886"}],"curies":[{"name":"wp","href":"https:\/\/api.w.org\/{rel}","templated":true}]}}