{"id":1922,"date":"2020-05-14T18:07:47","date_gmt":"2020-05-14T18:07:47","guid":{"rendered":"https:\/\/www.animelicenciado.es\/106-2\/"},"modified":"2025-08-31T18:44:11","modified_gmt":"2025-08-31T17:44:11","slug":"106-2","status":"publish","type":"page","link":"https:\/\/www.animelicenciado.es\/en_en\/106-2\/","title":{"rendered":"Ataque a los Titanes La Pel\u00edcula Parte 1: El Arco y la Flecha Escarlata Edici\u00f3n Coleccionista Reportaje"},"content":{"rendered":"<div data-elementor-type=\"wp-page\" data-elementor-id=\"1922\" class=\"elementor elementor-1922\">\n\t\t\t\t\t\t<section class=\"elementor-section elementor-top-section elementor-element elementor-element-60d2ef76 elementor-section-boxed elementor-section-height-default elementor-section-height-default\" data-id=\"60d2ef76\" data-element_type=\"section\" data-e-type=\"section\">\n\t\t\t\t\t\t<div class=\"elementor-container elementor-column-gap-default\">\n\t\t\t\t\t<div class=\"elementor-column elementor-col-100 elementor-top-column elementor-element elementor-element-1f66cc56\" data-id=\"1f66cc56\" data-element_type=\"column\" data-e-type=\"column\">\n\t\t\t<div class=\"elementor-widget-wrap elementor-element-populated\">\n\t\t\t\t\t\t<div class=\"elementor-element elementor-element-6cd8f4 elementor-invisible elementor-widget elementor-widget-heading\" data-id=\"6cd8f4\" data-element_type=\"widget\" data-e-type=\"widget\" data-settings=\"{&quot;_animation&quot;:&quot;fadeInRight&quot;}\" data-widget_type=\"heading.default\">\n\t\t\t\t<div class=\"elementor-widget-container\">\n\t\t\t\t\t<h2 class=\"elementor-heading-title elementor-size-default\">Ataque a los Titanes La Pel\u00edcula Parte 1: El Arco y la Flecha Escarlata Edici\u00f3n Coleccionista<\/h2>\t\t\t\t<\/div>\n\t\t\t\t<\/div>\n\t\t\t\t<section class=\"elementor-section elementor-inner-section elementor-element elementor-element-71da6a96 elementor-section-boxed elementor-section-height-default elementor-section-height-default\" data-id=\"71da6a96\" data-element_type=\"section\" data-e-type=\"section\">\n\t\t\t\t\t\t<div class=\"elementor-container elementor-column-gap-default\">\n\t\t\t\t\t<div class=\"elementor-column elementor-col-100 elementor-inner-column elementor-element elementor-element-634bf2d2\" data-id=\"634bf2d2\" data-element_type=\"column\" data-e-type=\"column\">\n\t\t\t<div class=\"elementor-widget-wrap elementor-element-populated\">\n\t\t\t\t\t\t<div class=\"elementor-element elementor-element-756be64b gallery-spacing-custom elementor-widget elementor-widget-image-gallery\" data-id=\"756be64b\" data-element_type=\"widget\" data-e-type=\"widget\" data-widget_type=\"image-gallery.default\">\n\t\t\t\t<div class=\"elementor-widget-container\">\n\t\t\t\t\t\t\t<div class=\"elementor-image-gallery\">\n\t\t\t<div id='gallery-1' class='gallery galleryid-1922 gallery-columns-3 gallery-size-medium_large'><figure class='gallery-item'>\n\t\t\t<div class='gallery-icon landscape'>\n\t\t\t\t<a data-elementor-open-lightbox=\"yes\" data-elementor-lightbox-slideshow=\"756be64b\" data-e-action-hash=\"#elementor-action%3Aaction%3Dlightbox%26settings%3DeyJpZCI6Mzg0MCwidXJsIjoiaHR0cHM6XC9cL3d3dy5hbmltZWxpY2VuY2lhZG8uZXNcL3dwLWNvbnRlbnRcL3VwbG9hZHNcLzIwMjBcLzA1XC9DSU1HMzY2NS5qcGciLCJzbGlkZXNob3ciOiI3NTZiZTY0YiJ9\" href='https:\/\/www.animelicenciado.es\/wp-content\/uploads\/2020\/05\/CIMG3665.jpg'><img fetchpriority=\"high\" decoding=\"async\" width=\"580\" height=\"435\" src=\"https:\/\/www.animelicenciado.es\/wp-content\/uploads\/2020\/05\/CIMG3665-768x576.jpg\" class=\"attachment-medium_large size-medium_large\" alt=\"\" srcset=\"https:\/\/www.animelicenciado.es\/wp-content\/uploads\/2020\/05\/CIMG3665-768x576.jpg 768w, https:\/\/www.animelicenciado.es\/wp-content\/uploads\/2020\/05\/CIMG3665-300x225.jpg 300w, https:\/\/www.animelicenciado.es\/wp-content\/uploads\/2020\/05\/CIMG3665.jpg 1024w\" sizes=\"(max-width: 580px) 100vw, 580px\" \/><\/a>\n\t\t\t<\/div><\/figure><figure class='gallery-item'>\n\t\t\t<div class='gallery-icon landscape'>\n\t\t\t\t<a data-elementor-open-lightbox=\"yes\" data-elementor-lightbox-slideshow=\"756be64b\" data-e-action-hash=\"#elementor-action%3Aaction%3Dlightbox%26settings%3DeyJpZCI6Mzg0MSwidXJsIjoiaHR0cHM6XC9cL3d3dy5hbmltZWxpY2VuY2lhZG8uZXNcL3dwLWNvbnRlbnRcL3VwbG9hZHNcLzIwMjBcLzA1XC9DSU1HMzY2Ni5qcGciLCJzbGlkZXNob3ciOiI3NTZiZTY0YiJ9\" href='https:\/\/www.animelicenciado.es\/wp-content\/uploads\/2020\/05\/CIMG3666.jpg'><img decoding=\"async\" width=\"580\" height=\"435\" src=\"https:\/\/www.animelicenciado.es\/wp-content\/uploads\/2020\/05\/CIMG3666-768x576.jpg\" class=\"attachment-medium_large size-medium_large\" alt=\"\" srcset=\"https:\/\/www.animelicenciado.es\/wp-content\/uploads\/2020\/05\/CIMG3666-768x576.jpg 768w, https:\/\/www.animelicenciado.es\/wp-content\/uploads\/2020\/05\/CIMG3666-300x225.jpg 300w, https:\/\/www.animelicenciado.es\/wp-content\/uploads\/2020\/05\/CIMG3666.jpg 1024w\" sizes=\"(max-width: 580px) 100vw, 580px\" \/><\/a>\n\t\t\t<\/div><\/figure><figure class='gallery-item'>\n\t\t\t<div class='gallery-icon landscape'>\n\t\t\t\t<a data-elementor-open-lightbox=\"yes\" data-elementor-lightbox-slideshow=\"756be64b\" data-e-action-hash=\"#elementor-action%3Aaction%3Dlightbox%26settings%3DeyJpZCI6Mzg0MiwidXJsIjoiaHR0cHM6XC9cL3d3dy5hbmltZWxpY2VuY2lhZG8uZXNcL3dwLWNvbnRlbnRcL3VwbG9hZHNcLzIwMjBcLzA1XC9DSU1HMzY2Ny5qcGciLCJzbGlkZXNob3ciOiI3NTZiZTY0YiJ9\" href='https:\/\/www.animelicenciado.es\/wp-content\/uploads\/2020\/05\/CIMG3667.jpg'><img decoding=\"async\" width=\"580\" height=\"435\" src=\"https:\/\/www.animelicenciado.es\/wp-content\/uploads\/2020\/05\/CIMG3667-768x576.jpg\" class=\"attachment-medium_large size-medium_large\" alt=\"\" srcset=\"https:\/\/www.animelicenciado.es\/wp-content\/uploads\/2020\/05\/CIMG3667-768x576.jpg 768w, https:\/\/www.animelicenciado.es\/wp-content\/uploads\/2020\/05\/CIMG3667-300x225.jpg 300w, https:\/\/www.animelicenciado.es\/wp-content\/uploads\/2020\/05\/CIMG3667.jpg 1024w\" sizes=\"(max-width: 580px) 100vw, 580px\" \/><\/a>\n\t\t\t<\/div><\/figure><figure class='gallery-item'>\n\t\t\t<div class='gallery-icon landscape'>\n\t\t\t\t<a data-elementor-open-lightbox=\"yes\" data-elementor-lightbox-slideshow=\"756be64b\" data-e-action-hash=\"#elementor-action%3Aaction%3Dlightbox%26settings%3DeyJpZCI6Mzg0MywidXJsIjoiaHR0cHM6XC9cL3d3dy5hbmltZWxpY2VuY2lhZG8uZXNcL3dwLWNvbnRlbnRcL3VwbG9hZHNcLzIwMjBcLzA1XC9DSU1HMzY2OS5qcGciLCJzbGlkZXNob3ciOiI3NTZiZTY0YiJ9\" href='https:\/\/www.animelicenciado.es\/wp-content\/uploads\/2020\/05\/CIMG3669.jpg'><img loading=\"lazy\" decoding=\"async\" width=\"580\" height=\"435\" src=\"https:\/\/www.animelicenciado.es\/wp-content\/uploads\/2020\/05\/CIMG3669-768x576.jpg\" class=\"attachment-medium_large size-medium_large\" alt=\"\" srcset=\"https:\/\/www.animelicenciado.es\/wp-content\/uploads\/2020\/05\/CIMG3669-768x576.jpg 768w, https:\/\/www.animelicenciado.es\/wp-content\/uploads\/2020\/05\/CIMG3669-300x225.jpg 300w, https:\/\/www.animelicenciado.es\/wp-content\/uploads\/2020\/05\/CIMG3669.jpg 1024w\" sizes=\"(max-width: 580px) 100vw, 580px\" \/><\/a>\n\t\t\t<\/div><\/figure><figure class='gallery-item'>\n\t\t\t<div class='gallery-icon landscape'>\n\t\t\t\t<a data-elementor-open-lightbox=\"yes\" data-elementor-lightbox-slideshow=\"756be64b\" data-e-action-hash=\"#elementor-action%3Aaction%3Dlightbox%26settings%3DeyJpZCI6Mzg0NCwidXJsIjoiaHR0cHM6XC9cL3d3dy5hbmltZWxpY2VuY2lhZG8uZXNcL3dwLWNvbnRlbnRcL3VwbG9hZHNcLzIwMjBcLzA1XC9DSU1HMzY3MC5qcGciLCJzbGlkZXNob3ciOiI3NTZiZTY0YiJ9\" href='https:\/\/www.animelicenciado.es\/wp-content\/uploads\/2020\/05\/CIMG3670.jpg'><img loading=\"lazy\" decoding=\"async\" width=\"580\" height=\"435\" src=\"https:\/\/www.animelicenciado.es\/wp-content\/uploads\/2020\/05\/CIMG3670-768x576.jpg\" class=\"attachment-medium_large size-medium_large\" alt=\"\" srcset=\"https:\/\/www.animelicenciado.es\/wp-content\/uploads\/2020\/05\/CIMG3670-768x576.jpg 768w, https:\/\/www.animelicenciado.es\/wp-content\/uploads\/2020\/05\/CIMG3670-300x225.jpg 300w, https:\/\/www.animelicenciado.es\/wp-content\/uploads\/2020\/05\/CIMG3670.jpg 1024w\" sizes=\"(max-width: 580px) 100vw, 580px\" \/><\/a>\n\t\t\t<\/div><\/figure><figure class='gallery-item'>\n\t\t\t<div class='gallery-icon landscape'>\n\t\t\t\t<a data-elementor-open-lightbox=\"yes\" data-elementor-lightbox-slideshow=\"756be64b\" data-e-action-hash=\"#elementor-action%3Aaction%3Dlightbox%26settings%3DeyJpZCI6Mzg0NSwidXJsIjoiaHR0cHM6XC9cL3d3dy5hbmltZWxpY2VuY2lhZG8uZXNcL3dwLWNvbnRlbnRcL3VwbG9hZHNcLzIwMjBcLzA1XC9DSU1HMzY3MS5qcGciLCJzbGlkZXNob3ciOiI3NTZiZTY0YiJ9\" href='https:\/\/www.animelicenciado.es\/wp-content\/uploads\/2020\/05\/CIMG3671.jpg'><img loading=\"lazy\" decoding=\"async\" width=\"580\" height=\"435\" src=\"https:\/\/www.animelicenciado.es\/wp-content\/uploads\/2020\/05\/CIMG3671-768x576.jpg\" class=\"attachment-medium_large size-medium_large\" alt=\"\" srcset=\"https:\/\/www.animelicenciado.es\/wp-content\/uploads\/2020\/05\/CIMG3671-768x576.jpg 768w, https:\/\/www.animelicenciado.es\/wp-content\/uploads\/2020\/05\/CIMG3671-300x225.jpg 300w, https:\/\/www.animelicenciado.es\/wp-content\/uploads\/2020\/05\/CIMG3671.jpg 1024w\" sizes=\"(max-width: 580px) 100vw, 580px\" \/><\/a>\n\t\t\t<\/div><\/figure><figure class='gallery-item'>\n\t\t\t<div class='gallery-icon landscape'>\n\t\t\t\t<a data-elementor-open-lightbox=\"yes\" data-elementor-lightbox-slideshow=\"756be64b\" data-e-action-hash=\"#elementor-action%3Aaction%3Dlightbox%26settings%3DeyJpZCI6Mzg0NiwidXJsIjoiaHR0cHM6XC9cL3d3dy5hbmltZWxpY2VuY2lhZG8uZXNcL3dwLWNvbnRlbnRcL3VwbG9hZHNcLzIwMjBcLzA1XC9DSU1HMzY3Mi5qcGciLCJzbGlkZXNob3ciOiI3NTZiZTY0YiJ9\" href='https:\/\/www.animelicenciado.es\/wp-content\/uploads\/2020\/05\/CIMG3672.jpg'><img loading=\"lazy\" decoding=\"async\" width=\"580\" height=\"435\" src=\"https:\/\/www.animelicenciado.es\/wp-content\/uploads\/2020\/05\/CIMG3672-768x576.jpg\" class=\"attachment-medium_large size-medium_large\" alt=\"\" srcset=\"https:\/\/www.animelicenciado.es\/wp-content\/uploads\/2020\/05\/CIMG3672-768x576.jpg 768w, https:\/\/www.animelicenciado.es\/wp-content\/uploads\/2020\/05\/CIMG3672-300x225.jpg 300w, https:\/\/www.animelicenciado.es\/wp-content\/uploads\/2020\/05\/CIMG3672.jpg 1024w\" sizes=\"(max-width: 580px) 100vw, 580px\" \/><\/a>\n\t\t\t<\/div><\/figure><figure class='gallery-item'>\n\t\t\t<div class='gallery-icon landscape'>\n\t\t\t\t<a data-elementor-open-lightbox=\"yes\" data-elementor-lightbox-slideshow=\"756be64b\" data-e-action-hash=\"#elementor-action%3Aaction%3Dlightbox%26settings%3DeyJpZCI6Mzg0NywidXJsIjoiaHR0cHM6XC9cL3d3dy5hbmltZWxpY2VuY2lhZG8uZXNcL3dwLWNvbnRlbnRcL3VwbG9hZHNcLzIwMjBcLzA1XC9DSU1HMzY3NC5qcGciLCJzbGlkZXNob3ciOiI3NTZiZTY0YiJ9\" href='https:\/\/www.animelicenciado.es\/wp-content\/uploads\/2020\/05\/CIMG3674.jpg'><img loading=\"lazy\" decoding=\"async\" width=\"580\" height=\"435\" src=\"https:\/\/www.animelicenciado.es\/wp-content\/uploads\/2020\/05\/CIMG3674-768x576.jpg\" class=\"attachment-medium_large size-medium_large\" alt=\"\" srcset=\"https:\/\/www.animelicenciado.es\/wp-content\/uploads\/2020\/05\/CIMG3674-768x576.jpg 768w, https:\/\/www.animelicenciado.es\/wp-content\/uploads\/2020\/05\/CIMG3674-300x225.jpg 300w, https:\/\/www.animelicenciado.es\/wp-content\/uploads\/2020\/05\/CIMG3674.jpg 1024w\" sizes=\"(max-width: 580px) 100vw, 580px\" \/><\/a>\n\t\t\t<\/div><\/figure>\n\t\t<\/div>\n\t\t<\/div>\n\t\t\t\t\t\t<\/div>\n\t\t\t\t<\/div>\n\t\t\t\t\t<\/div>\n\t\t<\/div>\n\t\t\t\t\t<\/div>\n\t\t<\/section>\n\t\t\t\t<section class=\"elementor-section elementor-inner-section elementor-element elementor-element-3d057940 elementor-section-boxed elementor-section-height-default elementor-section-height-default\" data-id=\"3d057940\" data-element_type=\"section\" data-e-type=\"section\">\n\t\t\t\t\t\t<div class=\"elementor-container elementor-column-gap-default\">\n\t\t\t\t\t<div class=\"elementor-column elementor-col-50 elementor-inner-column elementor-element elementor-element-54f07504\" data-id=\"54f07504\" data-element_type=\"column\" data-e-type=\"column\">\n\t\t\t<div class=\"elementor-widget-wrap elementor-element-populated\">\n\t\t\t\t\t\t<div class=\"elementor-element elementor-element-379203b8 elementor-invisible elementor-widget elementor-widget-heading\" data-id=\"379203b8\" data-element_type=\"widget\" data-e-type=\"widget\" data-settings=\"{&quot;_animation&quot;:&quot;fadeInLeft&quot;}\" data-widget_type=\"heading.default\">\n\t\t\t\t<div class=\"elementor-widget-container\">\n\t\t\t\t\t<h2 class=\"elementor-heading-title elementor-size-medium\">Volver a listado<\/h2>\t\t\t\t<\/div>\n\t\t\t\t<\/div>\n\t\t\t\t<div class=\"elementor-element elementor-element-1653faa3 elementor-view-framed elementor-shape-circle elementor-invisible elementor-widget elementor-widget-icon\" data-id=\"1653faa3\" data-element_type=\"widget\" data-e-type=\"widget\" data-settings=\"{&quot;_animation&quot;:&quot;fadeInLeft&quot;}\" data-widget_type=\"icon.default\">\n\t\t\t\t<div class=\"elementor-widget-container\">\n\t\t\t\t\t\t\t<div class=\"elementor-icon-wrapper\">\n\t\t\t<a class=\"elementor-icon\" href=\"https:\/\/www.animelicenciado.com\/reportajes-fotograficos-lista\/\">\n\t\t\t<i aria-hidden=\"true\" class=\"fas fa-arrow-left\"><\/i>\t\t\t<\/a>\n\t\t<\/div>\n\t\t\t\t\t\t<\/div>\n\t\t\t\t<\/div>\n\t\t\t\t\t<\/div>\n\t\t<\/div>\n\t\t\t\t<div class=\"elementor-column elementor-col-50 elementor-inner-column elementor-element elementor-element-75782fed elementor-invisible\" data-id=\"75782fed\" data-element_type=\"column\" data-e-type=\"column\" data-settings=\"{&quot;animation&quot;:&quot;fadeInRight&quot;}\">\n\t\t\t<div class=\"elementor-widget-wrap elementor-element-populated\">\n\t\t\t\t\t\t<div class=\"elementor-element elementor-element-62e5a20 elementor-invisible elementor-widget elementor-widget-heading\" data-id=\"62e5a20\" data-element_type=\"widget\" data-e-type=\"widget\" data-settings=\"{&quot;_animation&quot;:&quot;fadeInRight&quot;}\" data-widget_type=\"heading.default\">\n\t\t\t\t<div class=\"elementor-widget-container\">\n\t\t\t\t\t<h2 class=\"elementor-heading-title elementor-size-medium\">Men\u00fa Principal<\/h2>\t\t\t\t<\/div>\n\t\t\t\t<\/div>\n\t\t\t\t<div class=\"elementor-element elementor-element-3601e2d0 elementor-view-framed elementor-shape-circle elementor-widget elementor-widget-icon\" data-id=\"3601e2d0\" data-element_type=\"widget\" data-e-type=\"widget\" data-widget_type=\"icon.default\">\n\t\t\t\t<div class=\"elementor-widget-container\">\n\t\t\t\t\t\t\t<div class=\"elementor-icon-wrapper\">\n\t\t\t<a class=\"elementor-icon\" href=\"https:\/\/www.animelicenciado.com\/\">\n\t\t\t<i aria-hidden=\"true\" class=\"fas fa-arrow-right\"><\/i>\t\t\t<\/a>\n\t\t<\/div>\n\t\t\t\t\t\t<\/div>\n\t\t\t\t<\/div>\n\t\t\t\t\t<\/div>\n\t\t<\/div>\n\t\t\t\t\t<\/div>\n\t\t<\/section>\n\t\t\t\t\t<\/div>\n\t\t<\/div>\n\t\t\t\t\t<\/div>\n\t\t<\/section>\n\t\t\t\t<\/div>","protected":false},"excerpt":{"rendered":"<p>Ataque a los Titanes La Pel\u00edcula Parte 1: El Arco y la Flecha Escarlata Edici\u00f3n Coleccionista Volver a listado Men\u00fa Principal<\/p>","protected":false},"author":10,"featured_media":0,"parent":0,"menu_order":0,"comment_status":"open","ping_status":"closed","template":"elementor_header_footer","meta":{"footnotes":""},"class_list":["post-1922","page","type-page","status-publish","hentry"],"_links":{"self":[{"href":"https:\/\/www.animelicenciado.es\/en_en\/wp-json\/wp\/v2\/pages\/1922","targetHints":{"allow":["GET"]}}],"collection":[{"href":"https:\/\/www.animelicenciado.es\/en_en\/wp-json\/wp\/v2\/pages"}],"about":[{"href":"https:\/\/www.animelicenciado.es\/en_en\/wp-json\/wp\/v2\/types\/page"}],"author":[{"embeddable":true,"href":"https:\/\/www.animelicenciado.es\/en_en\/wp-json\/wp\/v2\/users\/10"}],"replies":[{"embeddable":true,"href":"https:\/\/www.animelicenciado.es\/en_en\/wp-json\/wp\/v2\/comments?post=1922"}],"version-history":[{"count":4,"href":"https:\/\/www.animelicenciado.es\/en_en\/wp-json\/wp\/v2\/pages\/1922\/revisions"}],"predecessor-version":[{"id":18139,"href":"https:\/\/www.animelicenciado.es\/en_en\/wp-json\/wp\/v2\/pages\/1922\/revisions\/18139"}],"wp:attachment":[{"href":"https:\/\/www.animelicenciado.es\/en_en\/wp-json\/wp\/v2\/media?parent=1922"}],"curies":[{"name":"wp","href":"https:\/\/api.w.org\/{rel}","templated":true}]}}