{"id":1950,"date":"2020-05-14T18:07:49","date_gmt":"2020-05-14T18:07:49","guid":{"rendered":"https:\/\/www.animelicenciado.es\/134-2\/"},"modified":"2024-07-30T18:13:43","modified_gmt":"2024-07-30T17:13:43","slug":"database","status":"publish","type":"page","link":"https:\/\/www.animelicenciado.es\/en_en\/database\/","title":{"rendered":"database"},"content":{"rendered":"<div data-elementor-type=\"wp-page\" data-elementor-id=\"1950\" class=\"elementor elementor-1950\">\n\t\t\t\t\t\t<section class=\"elementor-section elementor-top-section elementor-element elementor-element-50871a1 elementor-section-boxed elementor-section-height-default elementor-section-height-default\" data-id=\"50871a1\" data-element_type=\"section\" data-e-type=\"section\">\n\t\t\t\t\t\t<div class=\"elementor-container elementor-column-gap-default\">\n\t\t\t\t\t<div class=\"elementor-column elementor-col-100 elementor-top-column elementor-element elementor-element-987a912\" data-id=\"987a912\" data-element_type=\"column\" data-e-type=\"column\">\n\t\t\t<div class=\"elementor-widget-wrap elementor-element-populated\">\n\t\t\t\t\t\t<div class=\"elementor-element elementor-element-c7fa99a elementor-widget elementor-widget-heading\" data-id=\"c7fa99a\" data-element_type=\"widget\" data-e-type=\"widget\" data-widget_type=\"heading.default\">\n\t\t\t\t<div class=\"elementor-widget-container\">\n\t\t\t\t\t<h2 class=\"elementor-heading-title elementor-size-xxl\">Cronolog\u00eda de Anime en Espa\u00f1a<\/h2>\t\t\t\t<\/div>\n\t\t\t\t<\/div>\n\t\t\t\t<section class=\"elementor-section elementor-inner-section elementor-element elementor-element-b5aea0f elementor-section-boxed elementor-section-height-default elementor-section-height-default\" data-id=\"b5aea0f\" data-element_type=\"section\" data-e-type=\"section\">\n\t\t\t\t\t\t<div class=\"elementor-container elementor-column-gap-default\">\n\t\t\t\t\t<div class=\"elementor-column elementor-col-50 elementor-inner-column elementor-element elementor-element-5bb0fc4\" data-id=\"5bb0fc4\" data-element_type=\"column\" data-e-type=\"column\">\n\t\t\t<div class=\"elementor-widget-wrap elementor-element-populated\">\n\t\t\t\t\t\t<div class=\"elementor-element elementor-element-da03e4e elementor-widget elementor-widget-heading\" data-id=\"da03e4e\" data-element_type=\"widget\" data-e-type=\"widget\" data-widget_type=\"heading.default\">\n\t\t\t\t<div class=\"elementor-widget-container\">\n\t\t\t\t\t<h2 class=\"elementor-heading-title elementor-size-default\"><a href=\"https:\/\/www.animelicenciado.es\/en_en\/anime-publica\/\">Anime emitido en TV P\u00fablica<\/a><\/h2>\t\t\t\t<\/div>\n\t\t\t\t<\/div>\n\t\t\t\t\t<\/div>\n\t\t<\/div>\n\t\t\t\t<div class=\"elementor-column elementor-col-50 elementor-inner-column elementor-element elementor-element-cc4bb7c\" data-id=\"cc4bb7c\" data-element_type=\"column\" data-e-type=\"column\">\n\t\t\t<div class=\"elementor-widget-wrap elementor-element-populated\">\n\t\t\t\t\t\t<div class=\"elementor-element elementor-element-b9874b0 elementor-widget elementor-widget-heading\" data-id=\"b9874b0\" data-element_type=\"widget\" data-e-type=\"widget\" data-widget_type=\"heading.default\">\n\t\t\t\t<div class=\"elementor-widget-container\">\n\t\t\t\t\t<h2 class=\"elementor-heading-title elementor-size-default\"><a href=\"https:\/\/www.animelicenciado.es\/en_en\/anime-privada\/\">Anime emitido en TV Privada<\/a><\/h2>\t\t\t\t<\/div>\n\t\t\t\t<\/div>\n\t\t\t\t\t<\/div>\n\t\t<\/div>\n\t\t\t\t\t<\/div>\n\t\t<\/section>\n\t\t\t\t<section class=\"elementor-section elementor-inner-section elementor-element elementor-element-4a7783b elementor-section-boxed elementor-section-height-default elementor-section-height-default\" data-id=\"4a7783b\" data-element_type=\"section\" data-e-type=\"section\">\n\t\t\t\t\t\t<div class=\"elementor-container elementor-column-gap-default\">\n\t\t\t\t\t<div class=\"elementor-column elementor-col-50 elementor-inner-column elementor-element elementor-element-4a0f10b\" data-id=\"4a0f10b\" data-element_type=\"column\" data-e-type=\"column\">\n\t\t\t<div class=\"elementor-widget-wrap elementor-element-populated\">\n\t\t\t\t\t\t<div class=\"elementor-element elementor-element-9b304a9 elementor-widget elementor-widget-heading\" data-id=\"9b304a9\" data-element_type=\"widget\" data-e-type=\"widget\" data-widget_type=\"heading.default\">\n\t\t\t\t<div class=\"elementor-widget-container\">\n\t\t\t\t\t<h2 class=\"elementor-heading-title elementor-size-default\"><a href=\"https:\/\/www.animelicenciado.es\/en_en\/anime-autonomicas\/\">Anime emitido en Auton\u00f3micas<\/a><\/h2>\t\t\t\t<\/div>\n\t\t\t\t<\/div>\n\t\t\t\t\t<\/div>\n\t\t<\/div>\n\t\t\t\t<div class=\"elementor-column elementor-col-50 elementor-inner-column elementor-element elementor-element-e5211dc\" data-id=\"e5211dc\" data-element_type=\"column\" data-e-type=\"column\">\n\t\t\t<div class=\"elementor-widget-wrap elementor-element-populated\">\n\t\t\t\t\t\t<div class=\"elementor-element elementor-element-895372f elementor-widget elementor-widget-heading\" data-id=\"895372f\" data-element_type=\"widget\" data-e-type=\"widget\" data-widget_type=\"heading.default\">\n\t\t\t\t<div class=\"elementor-widget-container\">\n\t\t\t\t\t<h2 class=\"elementor-heading-title elementor-size-default\"><a href=\"https:\/\/www.animelicenciado.es\/en_en\/anime-tv-pago\/\">Anime emitido en TV de pago<\/a><\/h2>\t\t\t\t<\/div>\n\t\t\t\t<\/div>\n\t\t\t\t\t<\/div>\n\t\t<\/div>\n\t\t\t\t\t<\/div>\n\t\t<\/section>\n\t\t\t\t<section class=\"elementor-section elementor-inner-section elementor-element elementor-element-6c819e7 elementor-section-boxed elementor-section-height-default elementor-section-height-default\" data-id=\"6c819e7\" data-element_type=\"section\" data-e-type=\"section\">\n\t\t\t\t\t\t<div class=\"elementor-container elementor-column-gap-default\">\n\t\t\t\t\t<div class=\"elementor-column elementor-col-50 elementor-inner-column elementor-element elementor-element-f9a7d9f\" data-id=\"f9a7d9f\" data-element_type=\"column\" data-e-type=\"column\">\n\t\t\t<div class=\"elementor-widget-wrap elementor-element-populated\">\n\t\t\t\t\t\t<div class=\"elementor-element elementor-element-ac6aaae elementor-widget elementor-widget-heading\" data-id=\"ac6aaae\" data-element_type=\"widget\" data-e-type=\"widget\" data-widget_type=\"heading.default\">\n\t\t\t\t<div class=\"elementor-widget-container\">\n\t\t\t\t\t<h2 class=\"elementor-heading-title elementor-size-default\"><a href=\"https:\/\/www.animelicenciado.es\/en_en\/anime-tv-local\/\">Anime emitido en tv local<\/a><\/h2>\t\t\t\t<\/div>\n\t\t\t\t<\/div>\n\t\t\t\t\t<\/div>\n\t\t<\/div>\n\t\t\t\t<div class=\"elementor-column elementor-col-50 elementor-inner-column elementor-element elementor-element-25bc696\" data-id=\"25bc696\" data-element_type=\"column\" data-e-type=\"column\">\n\t\t\t<div class=\"elementor-widget-wrap elementor-element-populated\">\n\t\t\t\t\t\t<div class=\"elementor-element elementor-element-a8b3124 elementor-widget elementor-widget-heading\" data-id=\"a8b3124\" data-element_type=\"widget\" data-e-type=\"widget\" data-widget_type=\"heading.default\">\n\t\t\t\t<div class=\"elementor-widget-container\">\n\t\t\t\t\t<h2 class=\"elementor-heading-title elementor-size-default\"><a href=\"https:\/\/www.animelicenciado.es\/en_en\/anime-tv-perdidas\/\">Animes y licencias perdidas<\/a><\/h2>\t\t\t\t<\/div>\n\t\t\t\t<\/div>\n\t\t\t\t\t<\/div>\n\t\t<\/div>\n\t\t\t\t\t<\/div>\n\t\t<\/section>\n\t\t\t\t\t<\/div>\n\t\t<\/div>\n\t\t\t\t\t<\/div>\n\t\t<\/section>\n\t\t\t\t<\/div>","protected":false},"excerpt":{"rendered":"<p>Cronolog\u00eda de Anime en Espa\u00f1a Anime emitido en TV P\u00fablica Anime emitido en TV Privada Anime emitido en Auton\u00f3micas Anime emitido en TV de pago Anime emitido en tv local Animes y licencias perdidas<\/p>","protected":false},"author":1,"featured_media":0,"parent":0,"menu_order":0,"comment_status":"open","ping_status":"open","template":"elementor_header_footer","meta":{"footnotes":""},"class_list":["post-1950","page","type-page","status-publish","hentry"],"_links":{"self":[{"href":"https:\/\/www.animelicenciado.es\/en_en\/wp-json\/wp\/v2\/pages\/1950","targetHints":{"allow":["GET"]}}],"collection":[{"href":"https:\/\/www.animelicenciado.es\/en_en\/wp-json\/wp\/v2\/pages"}],"about":[{"href":"https:\/\/www.animelicenciado.es\/en_en\/wp-json\/wp\/v2\/types\/page"}],"author":[{"embeddable":true,"href":"https:\/\/www.animelicenciado.es\/en_en\/wp-json\/wp\/v2\/users\/1"}],"replies":[{"embeddable":true,"href":"https:\/\/www.animelicenciado.es\/en_en\/wp-json\/wp\/v2\/comments?post=1950"}],"version-history":[{"count":12,"href":"https:\/\/www.animelicenciado.es\/en_en\/wp-json\/wp\/v2\/pages\/1950\/revisions"}],"predecessor-version":[{"id":16237,"href":"https:\/\/www.animelicenciado.es\/en_en\/wp-json\/wp\/v2\/pages\/1950\/revisions\/16237"}],"wp:attachment":[{"href":"https:\/\/www.animelicenciado.es\/en_en\/wp-json\/wp\/v2\/media?parent=1950"}],"curies":[{"name":"wp","href":"https:\/\/api.w.org\/{rel}","templated":true}]}}