{"id":1951,"date":"2020-05-14T18:07:49","date_gmt":"2020-05-14T18:07:49","guid":{"rendered":"https:\/\/www.animelicenciado.es\/135-2\/"},"modified":"2020-05-25T17:54:21","modified_gmt":"2020-05-25T16:54:21","slug":"anime-publica","status":"publish","type":"page","link":"https:\/\/www.animelicenciado.es\/en_en\/anime-publica\/","title":{"rendered":"Anime TV P\u00fablica"},"content":{"rendered":"\t\t<div data-elementor-type=\"wp-page\" data-elementor-id=\"1951\" class=\"elementor elementor-1951\">\n\t\t\t\t\t\t<section class=\"elementor-section elementor-top-section elementor-element elementor-element-9452967 elementor-section-boxed elementor-section-height-default elementor-section-height-default\" data-id=\"9452967\" data-element_type=\"section\" data-e-type=\"section\">\n\t\t\t\t\t\t<div class=\"elementor-container elementor-column-gap-extended\">\n\t\t\t\t\t<div class=\"elementor-column elementor-col-100 elementor-top-column elementor-element elementor-element-c4eb0c6\" data-id=\"c4eb0c6\" data-element_type=\"column\" data-e-type=\"column\">\n\t\t\t<div class=\"elementor-widget-wrap elementor-element-populated\">\n\t\t\t\t\t\t<div class=\"elementor-element elementor-element-534b2bc elementor-widget elementor-widget-heading\" data-id=\"534b2bc\" data-element_type=\"widget\" data-e-type=\"widget\" data-widget_type=\"heading.default\">\n\t\t\t\t<div class=\"elementor-widget-container\">\n\t\t\t\t\t<h2 class=\"elementor-heading-title elementor-size-default\">Anime emitido en TV p\u00fablica<\/h2>\t\t\t\t<\/div>\n\t\t\t\t<\/div>\n\t\t\t\t<div class=\"elementor-element elementor-element-a78a99e elementor-widget elementor-widget-text-editor\" data-id=\"a78a99e\" data-element_type=\"widget\" data-e-type=\"widget\" data-widget_type=\"text-editor.default\">\n\t\t\t\t<div class=\"elementor-widget-container\">\n\t\t\t\t\t\t\t\t\t<table width=\"507\">\n<tbody>\n<tr>\n<td width=\"15\">CADENA<\/td>\n<td width=\"250\">TITULO<\/td>\n<td width=\"15\">A\u00d1O<\/td>\n<\/tr>\n<tr>\n<td>Clan TVE<\/td>\n<td>Digimon Fusion<\/td>\n<td><\/td>\n<\/tr>\n<tr>\n<td>Clan TVE<\/td>\n<td>Friends. Aventura en la Isla de los Monstruos<\/td>\n<td><\/td>\n<\/tr>\n<tr>\n<td>Clan TVE<\/td>\n<td>Mix Master<\/td>\n<td><\/td>\n<\/tr>\n<tr>\n<td>Clan TVE<\/td>\n<td>Monsuno<\/td>\n<td><\/td>\n<\/tr>\n<tr>\n<td>Clan TVE<\/td>\n<td>Mushiking, los guardianes del bosque<\/td>\n<td><\/td>\n<\/tr>\n<tr>\n<td>Clan TVE<\/td>\n<td>PacWorld<\/td>\n<td><\/td>\n<\/tr>\n<tr>\n<td>Clan TVE<\/td>\n<td>Pichi Pichi Pitch Mermaid Melody<\/td>\n<td><\/td>\n<\/tr>\n<tr>\n<td>Clan TVE<\/td>\n<td>Pok\u00e9mon\u00a0Arceus y la Joya de la Vida<\/td>\n<td><\/td>\n<\/tr>\n<tr>\n<td>Clan TVE<\/td>\n<td>Pok\u00e9mon Negro Victini &amp; Reshiram<\/td>\n<td><\/td>\n<\/tr>\n<tr>\n<td>Clan TVE<\/td>\n<td>Pok\u00e9mon Blanco y Negro<\/td>\n<td><\/td>\n<\/tr>\n<tr>\n<td>Clan TVE<\/td>\n<td>Pok\u00e9mon\u00a0 Diancie and the Cocoon of Destruction<\/td>\n<td><\/td>\n<\/tr>\n<tr>\n<td>Clan TVE<\/td>\n<td>Pok\u00e9mon Genesect<\/td>\n<td><\/td>\n<\/tr>\n<tr>\n<td>Clan TVE<\/td>\n<td>Pok\u00e9mon Giratina<\/td>\n<td><\/td>\n<\/tr>\n<tr>\n<td>Clan TVE<\/td>\n<td>Pok\u00e9mon Hoopa y un Duelo Hist\u00f3rico<\/td>\n<td><\/td>\n<\/tr>\n<tr>\n<td>Clan TVE<\/td>\n<td>Pok\u00e9mon Te Elijo a Ti!<\/td>\n<td><\/td>\n<\/tr>\n<tr>\n<td>Clan TVE<\/td>\n<td colspan=\"2\">Pok\u00e9mon Lucario y el Misterio de Mew<\/td>\n<\/tr>\n<tr>\n<td>Clan TVE<\/td>\n<td>Pok\u00e9mon Master<\/td>\n<td><\/td>\n<\/tr>\n<tr>\n<td>Clan TVE<\/td>\n<td>Pok\u00e9mon Darkrai<\/td>\n<td><\/td>\n<\/tr>\n<tr>\n<td>Clan TVE<\/td>\n<td>Pok\u00e9mon Volcanion y la Maravilla Mec\u00e1nica<\/td>\n<td><\/td>\n<\/tr>\n<tr>\n<td>Clan TVE<\/td>\n<td>Pok\u00e9mon Blanco Victini &amp; Zekrom<\/td>\n<td><\/td>\n<\/tr>\n<tr>\n<td>Clan TVE<\/td>\n<td>Pok\u00e9mon 2<\/td>\n<td><\/td>\n<\/tr>\n<tr>\n<td>Clan TVE<\/td>\n<td>Pok\u00e9mon 3<\/td>\n<td><\/td>\n<\/tr>\n<tr>\n<td>Clan TVE<\/td>\n<td>Pok\u00e9mon Advance<\/td>\n<td><\/td>\n<\/tr>\n<tr>\n<td>Clan TVE<\/td>\n<td>Pok\u00e9mon Origins<\/td>\n<td><\/td>\n<\/tr>\n<tr>\n<td>Clan TVE<\/td>\n<td>Pok\u00e9mon Ranger<\/td>\n<td><\/td>\n<\/tr>\n<tr>\n<td>Clan TVE<\/td>\n<td>Pok\u00e9mon Sol &amp; Luna<\/td>\n<td><\/td>\n<\/tr>\n<tr>\n<td>Clan TVE<\/td>\n<td>Pok\u00e9mon El Retorno de Mewtwo<\/td>\n<td><\/td>\n<\/tr>\n<tr>\n<td>Clan TVE<\/td>\n<td>Pok\u00e9mon XY<\/td>\n<td><\/td>\n<\/tr>\n<tr>\n<td>Clan TVE<\/td>\n<td>Pok\u00e9mon XYZ<\/td>\n<td><\/td>\n<\/tr>\n<tr>\n<td>Clan TVE<\/td>\n<td>Pok\u00e9mon: la pel\u00edcula<\/td>\n<td><\/td>\n<\/tr>\n<tr>\n<td>Clan TVE<\/td>\n<td>Pretty Cure<\/td>\n<td><\/td>\n<\/tr>\n<tr>\n<td>Clan TVE<\/td>\n<td>Pretty Cure Max Heart<\/td>\n<td><\/td>\n<\/tr>\n<tr>\n<td>Clan TVE<\/td>\n<td>Pretty Cure Max Heart 2<\/td>\n<td><\/td>\n<\/tr>\n<tr>\n<td>Clan TVE<\/td>\n<td>Pretty Cure Max Heart 2. La Pel\u00edcula<\/td>\n<td><\/td>\n<\/tr>\n<tr>\n<td>Clan TVE<\/td>\n<td>Pretty Cure. La Pel\u00edcula<\/td>\n<td><\/td>\n<\/tr>\n<tr>\n<td>Clan TVE<\/td>\n<td>Scan 2 Go<\/td>\n<td><\/td>\n<\/tr>\n<tr>\n<td>Clan TVE<\/td>\n<td>Voltron, los Defensores del Universo<\/td>\n<td><\/td>\n<\/tr>\n<tr>\n<td>Clan TVE<\/td>\n<td>Webdiver<\/td>\n<td><\/td>\n<\/tr>\n<tr>\n<td>Clan TVE<\/td>\n<td>Zatch Bell<\/td>\n<td><\/td>\n<\/tr>\n<tr>\n<td>Clan TVE<\/td>\n<td>Zorori El Extraordinario<\/td>\n<td><\/td>\n<\/tr>\n<tr>\n<td>La 2<\/td>\n<td>Akira<\/td>\n<td>2004<\/td>\n<\/tr>\n<tr>\n<td>La 2<\/td>\n<td>Bioman Live Action<\/td>\n<td><\/td>\n<\/tr>\n<tr>\n<td>La 2<\/td>\n<td>Blood+<\/td>\n<td><\/td>\n<\/tr>\n<tr>\n<td>La 2<\/td>\n<td>Digimon<\/td>\n<td><\/td>\n<\/tr>\n<tr>\n<td>La 2<\/td>\n<td>Digimon 02<\/td>\n<td><\/td>\n<\/tr>\n<tr>\n<td>La 2<\/td>\n<td>Digimon 3<\/td>\n<td><\/td>\n<\/tr>\n<tr>\n<td>La 2<\/td>\n<td>La Familia Crece<\/td>\n<td><\/td>\n<\/tr>\n<tr>\n<td>La 2<\/td>\n<td>Nadja del Ma\u00f1ana<\/td>\n<td><\/td>\n<\/tr>\n<tr>\n<td>La 2<\/td>\n<td>Reena y Gaudi (Slayers)<\/td>\n<td><\/td>\n<\/tr>\n<tr>\n<td>La 2<\/td>\n<td>Reena y Gaudi (Slayers Next)<\/td>\n<td><\/td>\n<\/tr>\n<tr>\n<td>La 2<\/td>\n<td>Reena y Gaudi (Slayers Try)<\/td>\n<td><\/td>\n<\/tr>\n<tr>\n<td>La 2<\/td>\n<td>Reporter Blues<\/td>\n<td><\/td>\n<\/tr>\n<tr>\n<td>TVE<\/td>\n<td>Alakazam el grande<\/td>\n<td><\/td>\n<\/tr>\n<tr>\n<td>TVE<\/td>\n<td>Alfred J Kwak<\/td>\n<td><\/td>\n<\/tr>\n<tr>\n<td>TVE<\/td>\n<td>Alicia en el pa\u00eds de las maravillas<\/td>\n<td><\/td>\n<\/tr>\n<tr>\n<td>TVE<\/td>\n<td>Banner y Flappy<\/td>\n<td><\/td>\n<\/tr>\n<tr>\n<td>TVE<\/td>\n<td>Barbapapa<\/td>\n<td><\/td>\n<\/tr>\n<tr>\n<td>TVE<\/td>\n<td>Belfy y Lillibith<\/td>\n<td><\/td>\n<\/tr>\n<tr>\n<td>TVE<\/td>\n<td>Biniki el drag\u00f3n rosa<\/td>\n<td><\/td>\n<\/tr>\n<tr>\n<td>TVE<\/td>\n<td>Bioman (Live Action)<\/td>\n<td><\/td>\n<\/tr>\n<tr>\n<td>TVE<\/td>\n<td>Bob embotellado<\/td>\n<td><\/td>\n<\/tr>\n<tr>\n<td>TVE<\/td>\n<td>Calimero<\/td>\n<td><\/td>\n<\/tr>\n<tr>\n<td>TVE<\/td>\n<td>Campeones: Oliver y Benji<\/td>\n<td><\/td>\n<\/tr>\n<tr>\n<td>TVE<\/td>\n<td>Carnaval de animaci\u00f3n<\/td>\n<td><\/td>\n<\/tr>\n<tr>\n<td>TVE<\/td>\n<td>Chopy y la princesa<\/td>\n<td><\/td>\n<\/tr>\n<tr>\n<td>TVE<\/td>\n<td>Conan el ni\u00f1o del futuro<\/td>\n<td><\/td>\n<\/tr>\n<tr>\n<td>TVE<\/td>\n<td>Crist\u00f3bal Col\u00f3n<\/td>\n<td><\/td>\n<\/tr>\n<tr>\n<td>TVE<\/td>\n<td>Cuentos del buey<\/td>\n<td><\/td>\n<\/tr>\n<tr>\n<td>TVE<\/td>\n<td>D&#8217;Artacan y los 3 mosqueperros<\/td>\n<td><\/td>\n<\/tr>\n<tr>\n<td>TVE<\/td>\n<td>Doraemon<\/td>\n<td><\/td>\n<\/tr>\n<tr>\n<td>TVE<\/td>\n<td>Dos a\u00f1os de vacaciones. La Pel\u00edcula<\/td>\n<td><\/td>\n<\/tr>\n<tr>\n<td>TVE<\/td>\n<td>Dr. Zen<\/td>\n<td><\/td>\n<\/tr>\n<tr>\n<td>TVE<\/td>\n<td>Dr\u00e1cula<\/td>\n<td><\/td>\n<\/tr>\n<tr>\n<td>TVE<\/td>\n<td>El Agente S5<\/td>\n<td><\/td>\n<\/tr>\n<tr>\n<td>TVE<\/td>\n<td>El capit\u00e1n Futuro<\/td>\n<td><\/td>\n<\/tr>\n<tr>\n<td>TVE<\/td>\n<td>El Emperador de la Jungla<\/td>\n<td><\/td>\n<\/tr>\n<tr>\n<td>TVE<\/td>\n<td>El Mago de Oz (TV)<\/td>\n<td><\/td>\n<\/tr>\n<tr>\n<td>TVE<\/td>\n<td>El maravilloso mundo del peque\u00f1o Andersen<\/td>\n<td><\/td>\n<\/tr>\n<tr>\n<td>TVE<\/td>\n<td>El osito Misha<\/td>\n<td><\/td>\n<\/tr>\n<tr>\n<td>TVE<\/td>\n<td>El peque\u00f1o Nemo en la tierra del sue\u00f1o<\/td>\n<td><\/td>\n<\/tr>\n<tr>\n<td>TVE<\/td>\n<td colspan=\"2\">El peque\u00f1o Nezha, que lucha contra dragones reales<\/td>\n<\/tr>\n<tr>\n<td>TVE<\/td>\n<td>El perro de Flandes<\/td>\n<td><\/td>\n<\/tr>\n<tr>\n<td>TVE<\/td>\n<td>Estrellas luminosas<\/td>\n<td><\/td>\n<\/tr>\n<tr>\n<td>TVE<\/td>\n<td>F\u00e1bulas del bosque verde<\/td>\n<td><\/td>\n<\/tr>\n<tr>\n<td>TVE<\/td>\n<td>Guerreros del Espacio. Baldios<\/td>\n<td><\/td>\n<\/tr>\n<tr>\n<td>TVE<\/td>\n<td>Harley el erizo<\/td>\n<td><\/td>\n<\/tr>\n<tr>\n<td>TVE<\/td>\n<td>Haru en el reino de los gatos<\/td>\n<td><\/td>\n<\/tr>\n<tr>\n<td>TVE<\/td>\n<td>Heidi<\/td>\n<td><\/td>\n<\/tr>\n<tr>\n<td>TVE<\/td>\n<td>Hello Kitty<\/td>\n<td><\/td>\n<\/tr>\n<tr>\n<td>TVE<\/td>\n<td>Historia de la Biblia<\/td>\n<td><\/td>\n<\/tr>\n<tr>\n<td>TVE<\/td>\n<td>Isabel de Par\u00eds<\/td>\n<td><\/td>\n<\/tr>\n<tr>\n<td>TVE<\/td>\n<td>Jack y la bruja<\/td>\n<td><\/td>\n<\/tr>\n<tr>\n<td>TVE<\/td>\n<td>Jacky y Nuca<\/td>\n<td><\/td>\n<\/tr>\n<tr>\n<td>TVE<\/td>\n<td>Kimba el le\u00f3n blanco<\/td>\n<td><\/td>\n<\/tr>\n<tr>\n<td>TVE<\/td>\n<td>La abeja Maya<\/td>\n<td><\/td>\n<\/tr>\n<tr>\n<td>TVE<\/td>\n<td>La aldea del arce<\/td>\n<td><\/td>\n<\/tr>\n<tr>\n<td>TVE<\/td>\n<td>La batalla de los planetas<\/td>\n<td><\/td>\n<\/tr>\n<tr>\n<td>TVE<\/td>\n<td>La burbuja azul<\/td>\n<td><\/td>\n<\/tr>\n<tr>\n<td>TVE<\/td>\n<td>La frontera azul<\/td>\n<td><\/td>\n<\/tr>\n<tr>\n<td>TVE<\/td>\n<td>La peque\u00f1a Lul\u00fa<\/td>\n<td><\/td>\n<\/tr>\n<tr>\n<td>TVE<\/td>\n<td>La peque\u00f1a Memole<\/td>\n<td><\/td>\n<\/tr>\n<tr>\n<td>TVE<\/td>\n<td>La peque\u00f1a Polon<\/td>\n<td><\/td>\n<\/tr>\n<tr>\n<td>TVE<\/td>\n<td>La princesa encantada<\/td>\n<td><\/td>\n<\/tr>\n<tr>\n<td>TVE<\/td>\n<td>La rebeli\u00f3n del rey Kun Fu Sun<\/td>\n<td><\/td>\n<\/tr>\n<tr>\n<td>TVE<\/td>\n<td>La vuelta al mundo de Willy Fog<\/td>\n<td><\/td>\n<\/tr>\n<tr>\n<td>TVE<\/td>\n<td>Las aventuras de Huckleberry Finn<\/td>\n<td><\/td>\n<\/tr>\n<tr>\n<td>TVE<\/td>\n<td>Las aventuras de Tom Sawyer<\/td>\n<td><\/td>\n<\/tr>\n<tr>\n<td>TVE<\/td>\n<td>Las Aventuras del joven Robin Hood<\/td>\n<td><\/td>\n<\/tr>\n<tr>\n<td>TVE<\/td>\n<td>Los guerreros de la luz<\/td>\n<td><\/td>\n<\/tr>\n<tr>\n<td>TVE<\/td>\n<td>Los mil viajes en los sue\u00f1os de Mim<\/td>\n<td><\/td>\n<\/tr>\n<tr>\n<td>TVE<\/td>\n<td>Los osos del bamb\u00fa<\/td>\n<td><\/td>\n<\/tr>\n<tr>\n<td>TVE<\/td>\n<td>Los popples<\/td>\n<td><\/td>\n<\/tr>\n<tr>\n<td>TVE<\/td>\n<td>Los Robinsones de los mares del sur<\/td>\n<td><\/td>\n<\/tr>\n<tr>\n<td>TVE<\/td>\n<td>Lulu la chica de las flores<\/td>\n<td><\/td>\n<\/tr>\n<tr>\n<td>TVE<\/td>\n<td>Marcelino, pan y vino<\/td>\n<td><\/td>\n<\/tr>\n<tr>\n<td>TVE<\/td>\n<td>Marco<\/td>\n<td><\/td>\n<\/tr>\n<tr>\n<td>TVE<\/td>\n<td>Mazinger Z<\/td>\n<td><\/td>\n<\/tr>\n<tr>\n<td>TVE<\/td>\n<td>Mazinger Z (algunas pel\u00edculas)<\/td>\n<td><\/td>\n<\/tr>\n<tr>\n<td>TVE<\/td>\n<td>Megaman<\/td>\n<td><\/td>\n<\/tr>\n<tr>\n<td>TVE<\/td>\n<td>Meteoro<\/td>\n<td><\/td>\n<\/tr>\n<tr>\n<td>TVE<\/td>\n<td>Montana<\/td>\n<td><\/td>\n<\/tr>\n<tr>\n<td>TVE<\/td>\n<td>Moomin<\/td>\n<td><\/td>\n<\/tr>\n<tr>\n<td>TVE<\/td>\n<td>Noeli<\/td>\n<td><\/td>\n<\/tr>\n<tr>\n<td>TVE<\/td>\n<td>Pepero<\/td>\n<td><\/td>\n<\/tr>\n<tr>\n<td>TVE<\/td>\n<td>Peter Pan<\/td>\n<td><\/td>\n<\/tr>\n<tr>\n<td>TVE<\/td>\n<td>Peter Pan y los piratas<\/td>\n<td><\/td>\n<\/tr>\n<tr>\n<td>TVE<\/td>\n<td>Pinocho<\/td>\n<td><\/td>\n<\/tr>\n<tr>\n<td>TVE<\/td>\n<td>Pollyanna<\/td>\n<td><\/td>\n<\/tr>\n<tr>\n<td>TVE<\/td>\n<td>Rainbow Brite<\/td>\n<td><\/td>\n<\/tr>\n<tr>\n<td>TVE<\/td>\n<td>Reena y Gaudi (Slayers) . Los primeros episodios.<\/td>\n<td><\/td>\n<\/tr>\n<tr>\n<td>TVE<\/td>\n<td>Remi, El Ni\u00f1o sin Hogar<\/td>\n<td><\/td>\n<\/tr>\n<tr>\n<td>TVE<\/td>\n<td>Rock el valiente<\/td>\n<td><\/td>\n<\/tr>\n<tr>\n<td>TVE<\/td>\n<td>Ruy el peque\u00f1o Cid<\/td>\n<td><\/td>\n<\/tr>\n<tr>\n<td>TVE<\/td>\n<td>Sherlock Holmes<\/td>\n<td><\/td>\n<\/tr>\n<tr>\n<td>TVE<\/td>\n<td>Skyers 5<\/td>\n<td><\/td>\n<\/tr>\n<tr>\n<td>TVE<\/td>\n<td>Tao Tao<\/td>\n<td><\/td>\n<\/tr>\n<tr>\n<td>TVE<\/td>\n<td>Taro, el ni\u00f1o drag\u00f3n<\/td>\n<td><\/td>\n<\/tr>\n<tr>\n<td>TVE<\/td>\n<td>Ultra 7<\/td>\n<td><\/td>\n<\/tr>\n<tr>\n<td>TVE<\/td>\n<td>Ultraman Live Action<\/td>\n<td><\/td>\n<\/tr>\n<tr>\n<td>TVE<\/td>\n<td>Ulysses XXXI<\/td>\n<td><\/td>\n<\/tr>\n<tr>\n<td>TVE<\/td>\n<td>Unico el unicornio (film)<\/td>\n<td><\/td>\n<\/tr>\n<tr>\n<td>TVE<\/td>\n<td>Vickie el vikingo<\/td>\n<td><\/td>\n<\/tr>\n<tr>\n<td>TVE<\/td>\n<td>Wispector<\/td>\n<td><\/td>\n<\/tr>\n<\/tbody>\n<\/table>\t\t\t\t\t\t\t\t<\/div>\n\t\t\t\t<\/div>\n\t\t\t\t<div class=\"elementor-element elementor-element-ec02b9e elementor-widget elementor-widget-heading\" data-id=\"ec02b9e\" data-element_type=\"widget\" data-e-type=\"widget\" data-widget_type=\"heading.default\">\n\t\t\t\t<div class=\"elementor-widget-container\">\n\t\t\t\t\t<h2 class=\"elementor-heading-title elementor-size-medium\">Este listado se encuentra en continua revisi\u00f3n. Si tienes alguna correcci\u00f3n o mejora por favor env\u00edanos un comentario. Muchas gracias<\/h2>\t\t\t\t<\/div>\n\t\t\t\t<\/div>\n\t\t\t\t<div class=\"elementor-element elementor-element-0da8f50 elementor-widget elementor-widget-shortcode\" data-id=\"0da8f50\" data-element_type=\"widget\" data-e-type=\"widget\" data-widget_type=\"shortcode.default\">\n\t\t\t\t<div class=\"elementor-widget-container\">\n\t\t\t\t\t\t\t<div class=\"elementor-shortcode\"><center>[supsystic-form id=11]<\/center><\/div>\n\t\t\t\t\t\t<\/div>\n\t\t\t\t<\/div>\n\t\t\t\t\t<\/div>\n\t\t<\/div>\n\t\t\t\t\t<\/div>\n\t\t<\/section>\n\t\t\t\t<\/div>\n\t\t","protected":false},"excerpt":{"rendered":"<p>Anime emitido en TV p\u00fablica CADENA TITULO A\u00d1O Clan TVE Digimon Fusion Clan TVE Friends. Aventura en la Isla de los Monstruos Clan TVE Mix Master Clan TVE Monsuno Clan TVE Mushiking, los guardianes del bosque Clan TVE PacWorld Clan TVE Pichi Pichi Pitch Mermaid Melody Clan TVE Pok\u00e9mon\u00a0Arceus y la Joya de la Vida [&hellip;]<\/p>\n","protected":false},"author":1,"featured_media":0,"parent":0,"menu_order":0,"comment_status":"open","ping_status":"open","template":"elementor_header_footer","meta":{"footnotes":""},"class_list":["post-1951","page","type-page","status-publish","hentry"],"_links":{"self":[{"href":"https:\/\/www.animelicenciado.es\/en_en\/wp-json\/wp\/v2\/pages\/1951","targetHints":{"allow":["GET"]}}],"collection":[{"href":"https:\/\/www.animelicenciado.es\/en_en\/wp-json\/wp\/v2\/pages"}],"about":[{"href":"https:\/\/www.animelicenciado.es\/en_en\/wp-json\/wp\/v2\/types\/page"}],"author":[{"embeddable":true,"href":"https:\/\/www.animelicenciado.es\/en_en\/wp-json\/wp\/v2\/users\/1"}],"replies":[{"embeddable":true,"href":"https:\/\/www.animelicenciado.es\/en_en\/wp-json\/wp\/v2\/comments?post=1951"}],"version-history":[{"count":18,"href":"https:\/\/www.animelicenciado.es\/en_en\/wp-json\/wp\/v2\/pages\/1951\/revisions"}],"predecessor-version":[{"id":4369,"href":"https:\/\/www.animelicenciado.es\/en_en\/wp-json\/wp\/v2\/pages\/1951\/revisions\/4369"}],"wp:attachment":[{"href":"https:\/\/www.animelicenciado.es\/en_en\/wp-json\/wp\/v2\/media?parent=1951"}],"curies":[{"name":"wp","href":"https:\/\/api.w.org\/{rel}","templated":true}]}}