{"id":1952,"date":"2020-05-14T18:07:49","date_gmt":"2020-05-14T18:07:49","guid":{"rendered":"https:\/\/www.animelicenciado.es\/136-2\/"},"modified":"2020-07-30T18:02:55","modified_gmt":"2020-07-30T17:02:55","slug":"anime-privada","status":"publish","type":"page","link":"https:\/\/www.animelicenciado.es\/en_en\/anime-privada\/","title":{"rendered":"Anime TV Privada"},"content":{"rendered":"\t\t<div data-elementor-type=\"wp-page\" data-elementor-id=\"1952\" class=\"elementor elementor-1952\">\n\t\t\t\t\t\t<section class=\"elementor-section elementor-top-section elementor-element elementor-element-cf9f90b elementor-section-boxed elementor-section-height-default elementor-section-height-default\" data-id=\"cf9f90b\" data-element_type=\"section\" data-e-type=\"section\">\n\t\t\t\t\t\t<div class=\"elementor-container elementor-column-gap-extended\">\n\t\t\t\t\t<div class=\"elementor-column elementor-col-100 elementor-top-column elementor-element elementor-element-26acf610\" data-id=\"26acf610\" data-element_type=\"column\" data-e-type=\"column\">\n\t\t\t<div class=\"elementor-widget-wrap elementor-element-populated\">\n\t\t\t\t\t\t<div class=\"elementor-element elementor-element-c6b7564 elementor-widget elementor-widget-heading\" data-id=\"c6b7564\" data-element_type=\"widget\" data-e-type=\"widget\" data-widget_type=\"heading.default\">\n\t\t\t\t<div class=\"elementor-widget-container\">\n\t\t\t\t\t<h2 class=\"elementor-heading-title elementor-size-default\">Anime emitido en TV privada<\/h2>\t\t\t\t<\/div>\n\t\t\t\t<\/div>\n\t\t\t\t<div class=\"elementor-element elementor-element-6d6eba52 elementor-widget elementor-widget-text-editor\" data-id=\"6d6eba52\" data-element_type=\"widget\" data-e-type=\"widget\" data-widget_type=\"text-editor.default\">\n\t\t\t\t<div class=\"elementor-widget-container\">\n\t\t\t\t\t\t\t\t\t<table width=\"1107\">\n<tbody>\n<tr>\n<td width=\"140\">CANAL<\/td>\n<td width=\"947\">TITULO<\/td>\n<td width=\"80\">A\u00d1O<\/td>\n<\/tr>\n<tr>\n<td>Antena 3 TV<\/td>\n<td>Aqu\u00ed est\u00e1 Michael<\/td>\n<td><\/td>\n<\/tr>\n<tr>\n<td>Antena 3 TV<\/td>\n<td>\u00c1rea 88<\/td>\n<td><\/td>\n<\/tr>\n<tr>\n<td>Antena 3 TV<\/td>\n<td>Beyblade<\/td>\n<td><\/td>\n<\/tr>\n<tr>\n<td>Antena 3 TV<\/td>\n<td>Beyblade 2<\/td>\n<td><\/td>\n<\/tr>\n<tr>\n<td>Antena 3 TV<\/td>\n<td>Campeones hacia el mundial:\u00a0Oliver y Benji<\/td>\n<td><\/td>\n<\/tr>\n<tr>\n<td>Antena 3 TV<\/td>\n<td>Campeones. Las Pel\u00edculas<\/td>\n<td><\/td>\n<\/tr>\n<tr>\n<td>Antena 3 TV<\/td>\n<td>Catoli<\/td>\n<td><\/td>\n<\/tr>\n<tr>\n<td>Antena 3 TV<\/td>\n<td>Chicho Terremoto<\/td>\n<td><\/td>\n<\/tr>\n<tr>\n<td>Antena 3 TV<\/td>\n<td>Cobra, el s\u00faper agente<\/td>\n<td><\/td>\n<\/tr>\n<tr>\n<td>Antena 3 TV<\/td>\n<td>Comando \u00c1guila<\/td>\n<td><\/td>\n<\/tr>\n<tr>\n<td>Antena 3 TV<\/td>\n<td>Comando G<\/td>\n<td><\/td>\n<\/tr>\n<tr>\n<td>Antena 3 TV<\/td>\n<td>Cosquillas m\u00e1gicas<\/td>\n<td><\/td>\n<\/tr>\n<tr>\n<td>Antena 3 TV<\/td>\n<td>Crist\u00f3bal Col\u00f3n<\/td>\n<td><\/td>\n<\/tr>\n<tr>\n<td>Antena 3 TV<\/td>\n<td>Detective Conan<\/td>\n<td><\/td>\n<\/tr>\n<tr>\n<td>Antena 3 TV<\/td>\n<td>Bola de Drag\u00f3n<\/td>\n<td><\/td>\n<\/tr>\n<tr>\n<td>Antena 3 TV<\/td>\n<td>Bola de Drag\u00f3n Z<\/td>\n<td><\/td>\n<\/tr>\n<tr>\n<td>Antena 3 TV<\/td>\n<td>Bola de Drag\u00f3n GT<\/td>\n<td><\/td>\n<\/tr>\n<tr>\n<td>Antena 3 TV<\/td>\n<td>Duel Masters<\/td>\n<td><\/td>\n<\/tr>\n<tr>\n<td>Antena 3 TV<\/td>\n<td>El campe\u00f3n<\/td>\n<td><\/td>\n<\/tr>\n<tr>\n<td>Antena 3 TV<\/td>\n<td>El despertar<\/td>\n<td><\/td>\n<\/tr>\n<tr>\n<td>Antena 3 TV<\/td>\n<td>El hombre tigre<\/td>\n<td><\/td>\n<\/tr>\n<tr>\n<td>Antena 3 TV<\/td>\n<td>El jinete Sable y los comisarios estrella<\/td>\n<td><\/td>\n<\/tr>\n<tr>\n<td>Antena 3 TV<\/td>\n<td>El libro de la selva<\/td>\n<td><\/td>\n<\/tr>\n<tr>\n<td>Antena 3 TV<\/td>\n<td>Flint el detective del tiempo<\/td>\n<td><\/td>\n<\/tr>\n<tr>\n<td>Antena 3 TV<\/td>\n<td>Grand Prix<\/td>\n<td><\/td>\n<\/tr>\n<tr>\n<td>Antena 3 TV<\/td>\n<td>Historias de animales<\/td>\n<td><\/td>\n<\/tr>\n<tr>\n<td>Antena 3 TV<\/td>\n<td>Ironman 28<\/td>\n<td><\/td>\n<\/tr>\n<tr>\n<td>Antena 3 TV<\/td>\n<td>Jackie y su mascota<\/td>\n<td><\/td>\n<\/tr>\n<tr>\n<td>Antena 3 TV<\/td>\n<td>Judo Boy<\/td>\n<td><\/td>\n<\/tr>\n<tr>\n<td>Antena 3 TV<\/td>\n<td>Juliette, je t&#8217;aime<\/td>\n<td><\/td>\n<\/tr>\n<tr>\n<td>Antena 3 TV<\/td>\n<td>La cenicienta<\/td>\n<td><\/td>\n<\/tr>\n<tr>\n<td>Antena 3 TV<\/td>\n<td>La granja de Olly<\/td>\n<td><\/td>\n<\/tr>\n<tr>\n<td>Antena 3 TV<\/td>\n<td>La leyenda de El Zorro<\/td>\n<td><\/td>\n<\/tr>\n<tr>\n<td>Antena 3 TV<\/td>\n<td>La leyenda de Watt Poe La Pel\u00edcula<\/td>\n<td><\/td>\n<\/tr>\n<tr>\n<td>Antena 3 TV<\/td>\n<td>La rana valiente<\/td>\n<td><\/td>\n<\/tr>\n<tr>\n<td>Antena 3 TV<\/td>\n<td>La sirenita<\/td>\n<td><\/td>\n<\/tr>\n<tr>\n<td>Antena 3 TV<\/td>\n<td>Las aventuras de Gamba<\/td>\n<td><\/td>\n<\/tr>\n<tr>\n<td>Antena 3 TV<\/td>\n<td>Las aventuras de Henbei<\/td>\n<td><\/td>\n<\/tr>\n<tr>\n<td>Antena 3 TV<\/td>\n<td>Las aventuras de Tom Sawyer<\/td>\n<td><\/td>\n<\/tr>\n<tr>\n<td>Antena 3 TV<\/td>\n<td>Las aventuras del corcel negro<\/td>\n<td><\/td>\n<\/tr>\n<tr>\n<td>Antena 3 TV<\/td>\n<td>Las gemelas de Saint Claire<\/td>\n<td><\/td>\n<\/tr>\n<tr>\n<td>Antena 3 TV<\/td>\n<td>Los chicos de Jo<\/td>\n<td><\/td>\n<\/tr>\n<tr>\n<td>Antena 3 TV<\/td>\n<td>Los halcones gal\u00e1cticos<\/td>\n<td><\/td>\n<\/tr>\n<tr>\n<td>Antena 3 TV<\/td>\n<td>Los quintillizos<\/td>\n<td><\/td>\n<\/tr>\n<tr>\n<td>Antena 3 TV<\/td>\n<td>Maco la sirenita<\/td>\n<td><\/td>\n<\/tr>\n<tr>\n<td>Antena 3 TV<\/td>\n<td>Masked Rider<\/td>\n<td><\/td>\n<\/tr>\n<tr>\n<td>Antena 3 TV<\/td>\n<td>Mazinger Z. Pel\u00edculas<\/td>\n<td><\/td>\n<\/tr>\n<tr>\n<td>Antena 3 TV<\/td>\n<td>Monster Rancher<\/td>\n<td><\/td>\n<\/tr>\n<tr>\n<td>Antena 3 TV<\/td>\n<td>Mujercitas<\/td>\n<td><\/td>\n<\/tr>\n<tr>\n<td>Antena 3 TV<\/td>\n<td>Ni\u00f1os al rescate<\/td>\n<td><\/td>\n<\/tr>\n<tr>\n<td>Antena 3 TV<\/td>\n<td>Noeli<\/td>\n<td><\/td>\n<\/tr>\n<tr>\n<td>Antena 3 TV<\/td>\n<td>Ojos de gato<\/td>\n<td><\/td>\n<\/tr>\n<tr>\n<td>Antena 3 TV<\/td>\n<td>Pan-pan<\/td>\n<td><\/td>\n<\/tr>\n<tr>\n<td>Antena 3 TV<\/td>\n<td>Pap\u00e1 Piernaslargas<\/td>\n<td><\/td>\n<\/tr>\n<tr>\n<td>Antena 3 TV<\/td>\n<td>Perrine<\/td>\n<td><\/td>\n<\/tr>\n<tr>\n<td>Antena 3 TV<\/td>\n<td>Pinocho<\/td>\n<td><\/td>\n<\/tr>\n<tr>\n<td>Antena 3 TV<\/td>\n<td>Ranma<\/td>\n<td><\/td>\n<\/tr>\n<tr>\n<td>Antena 3 TV<\/td>\n<td>Remi (el ni\u00f1o sin hogar)<\/td>\n<td><\/td>\n<\/tr>\n<tr>\n<td>Antena 3 TV<\/td>\n<td>Sailormoon<\/td>\n<td><\/td>\n<\/tr>\n<tr>\n<td>Antena 3 TV<\/td>\n<td>Sailormoon R<\/td>\n<td><\/td>\n<\/tr>\n<tr>\n<td>Antena 3 TV<\/td>\n<td>Sailormoon S<\/td>\n<td><\/td>\n<\/tr>\n<tr>\n<td>Antena 3 TV<\/td>\n<td>Sailormoon Super S<\/td>\n<td><\/td>\n<\/tr>\n<tr>\n<td>Antena 3 TV<\/td>\n<td>Sally la maga<\/td>\n<td><\/td>\n<\/tr>\n<tr>\n<td>Antena 3 TV<\/td>\n<td>Shin-chan<\/td>\n<td><\/td>\n<\/tr>\n<tr>\n<td>Antena 3 TV<\/td>\n<td>Shinzo<\/td>\n<td><\/td>\n<\/tr>\n<tr>\n<td>Antena 3 TV<\/td>\n<td>Shulato<\/td>\n<td><\/td>\n<\/tr>\n<tr>\n<td>Antena 3 TV<\/td>\n<td>Sonrisas y l\u00e1grimas<\/td>\n<td><\/td>\n<\/tr>\n<tr>\n<td>Antena 3 TV<\/td>\n<td>Spiderman<\/td>\n<td><\/td>\n<\/tr>\n<tr>\n<td>Antena 3 TV<\/td>\n<td>Starzan<\/td>\n<td><\/td>\n<\/tr>\n<tr>\n<td>Antena 3 TV<\/td>\n<td>Super F\u00e9nix<\/td>\n<td><\/td>\n<\/tr>\n<tr>\n<td>Antena 3 TV<\/td>\n<td>Supercampeones<\/td>\n<td><\/td>\n<\/tr>\n<tr>\n<td>Antena 3 TV<\/td>\n<td>Thundercats<\/td>\n<td><\/td>\n<\/tr>\n<tr>\n<td>Antena 3 TV<\/td>\n<td>Transformers<\/td>\n<td><\/td>\n<\/tr>\n<tr>\n<td>Antena 3 TV<\/td>\n<td>Trit\u00f3n del mar<\/td>\n<td><\/td>\n<\/tr>\n<tr>\n<td>Antena 3 TV<\/td>\n<td>Visionarios<\/td>\n<td><\/td>\n<\/tr>\n<tr>\n<td>Antena 3 TV<\/td>\n<td>Wedding Peach<\/td>\n<td><\/td>\n<\/tr>\n<tr>\n<td>Antena 3 TV<\/td>\n<td>Yu-Gi-Oh<\/td>\n<td><\/td>\n<\/tr>\n<tr>\n<td>Antena 3 TV<\/td>\n<td>Zillion<\/td>\n<td><\/td>\n<\/tr>\n<tr>\n<td>Canal+<\/td>\n<td>Akira<\/td>\n<td><\/td>\n<\/tr>\n<tr>\n<td>Canal+<\/td>\n<td>Appleseed<\/td>\n<td><\/td>\n<\/tr>\n<tr>\n<td>Canal+<\/td>\n<td>Carnaval de animaci\u00f3n<\/td>\n<td><\/td>\n<\/tr>\n<tr>\n<td>Canal+<\/td>\n<td>Digimon, la pel\u00edcula<\/td>\n<td><\/td>\n<\/tr>\n<tr>\n<td>Canal+<\/td>\n<td>El guerrero samur\u00e1i<\/td>\n<td><\/td>\n<\/tr>\n<tr>\n<td>Canal+<\/td>\n<td>El peque\u00f1o Nemo en la tierra del sue\u00f1o<\/td>\n<td><\/td>\n<\/tr>\n<tr>\n<td>Canal+<\/td>\n<td>El tigre enmascarado<\/td>\n<td><\/td>\n<\/tr>\n<tr>\n<td>Canal+<\/td>\n<td>El viaje de Chihiro<\/td>\n<td><\/td>\n<\/tr>\n<tr>\n<td>Canal+<\/td>\n<td>Galaxy Express 999<\/td>\n<td><\/td>\n<\/tr>\n<tr>\n<td>Canal+<\/td>\n<td>Ghost in the shell<\/td>\n<td><\/td>\n<\/tr>\n<tr>\n<td>Canal+<\/td>\n<td>Historia de la Biblia<\/td>\n<td><\/td>\n<\/tr>\n<tr>\n<td>Canal+<\/td>\n<td>Hola Sandybell<\/td>\n<td><\/td>\n<\/tr>\n<tr>\n<td>Canal+<\/td>\n<td>La aldea del arce<\/td>\n<td><\/td>\n<\/tr>\n<tr>\n<td>Canal+<\/td>\n<td>La guerra de Lodoss (OVA)<\/td>\n<td><\/td>\n<\/tr>\n<tr>\n<td>Canal+<\/td>\n<td>La princesa Mononoke<\/td>\n<td><\/td>\n<\/tr>\n<tr>\n<td>Canal+<\/td>\n<td>La tumba de las luci\u00e9rnagas<\/td>\n<td><\/td>\n<\/tr>\n<tr>\n<td>Canal+<\/td>\n<td>Los chicos de Beverly Hills<\/td>\n<td><\/td>\n<\/tr>\n<tr>\n<td>Canal+<\/td>\n<td>Los guerreros de la luz<\/td>\n<td><\/td>\n<\/tr>\n<tr>\n<td>Canal+<\/td>\n<td>Memories<\/td>\n<td><\/td>\n<\/tr>\n<tr>\n<td>Canal+<\/td>\n<td>Metr\u00f3polis, de Osamu Tezuka<\/td>\n<td><\/td>\n<\/tr>\n<tr>\n<td>Canal+<\/td>\n<td>Montana<\/td>\n<td><\/td>\n<\/tr>\n<tr>\n<td>Canal+<\/td>\n<td>Patlabor<\/td>\n<td><\/td>\n<\/tr>\n<tr>\n<td>Canal+<\/td>\n<td>Patlabor 2<\/td>\n<td><\/td>\n<\/tr>\n<tr>\n<td>Canal+<\/td>\n<td>Pok\u00e9mon 2<\/td>\n<td><\/td>\n<\/tr>\n<tr>\n<td>Canal+<\/td>\n<td>Pok\u00e9mon 3<\/td>\n<td><\/td>\n<\/tr>\n<tr>\n<td>Canal+<\/td>\n<td>Pok\u00e9mon. La pel\u00edcula<\/td>\n<td><\/td>\n<\/tr>\n<tr>\n<td>Canal+<\/td>\n<td>Porco Rosso<\/td>\n<td><\/td>\n<\/tr>\n<tr>\n<td>Canal+<\/td>\n<td>Roujin Z<\/td>\n<td><\/td>\n<\/tr>\n<tr>\n<td>Cuatro TV<\/td>\n<td>Astroboy<\/td>\n<td><\/td>\n<\/tr>\n<tr>\n<td>Cuatro TV<\/td>\n<td>Bleach<\/td>\n<td><\/td>\n<\/tr>\n<tr>\n<td>Cuatro TV<\/td>\n<td>Comando G<\/td>\n<td><\/td>\n<\/tr>\n<tr>\n<td>Cuatro TV<\/td>\n<td>Cowboy Bebop<\/td>\n<td><\/td>\n<\/tr>\n<tr>\n<td>Cuatro TV<\/td>\n<td>Dream Team<\/td>\n<td><\/td>\n<\/tr>\n<tr>\n<td>Cuatro TV<\/td>\n<td>Evangelion<\/td>\n<td><\/td>\n<\/tr>\n<tr>\n<td>Cuatro TV<\/td>\n<td>Full Metal Alchemist<\/td>\n<td><\/td>\n<\/tr>\n<tr>\n<td>Cuatro TV<\/td>\n<td>Gasaraki<\/td>\n<td><\/td>\n<\/tr>\n<tr>\n<td>Cuatro TV<\/td>\n<td>Ghost in the shell: SAC. 2nd GIG<\/td>\n<td><\/td>\n<\/tr>\n<tr>\n<td>Cuatro TV<\/td>\n<td>Ghost in the shell: Stand Alone Complex<\/td>\n<td><\/td>\n<\/tr>\n<tr>\n<td>Cuatro TV<\/td>\n<td>Lain<\/td>\n<td><\/td>\n<\/tr>\n<tr>\n<td>Cuatro TV<\/td>\n<td>Los caballeros del zod\u00edaco<\/td>\n<td><\/td>\n<\/tr>\n<tr>\n<td>Cuatro TV<\/td>\n<td>M\u00c4R<\/td>\n<td><\/td>\n<\/tr>\n<tr>\n<td>Cuatro TV<\/td>\n<td>Naruto<\/td>\n<td><\/td>\n<\/tr>\n<tr>\n<td>Cuatro TV<\/td>\n<td>Outlaw Star<\/td>\n<td><\/td>\n<\/tr>\n<tr>\n<td>Cuatro TV<\/td>\n<td>Paranoia Agent<\/td>\n<td><\/td>\n<\/tr>\n<tr>\n<td>Cuatro TV<\/td>\n<td>Pretty Cure<\/td>\n<td><\/td>\n<\/tr>\n<tr>\n<td>Cuatro TV<\/td>\n<td>Samurai 7<\/td>\n<td><\/td>\n<\/tr>\n<tr>\n<td>Cuatro TV<\/td>\n<td>Samurai Champloo<\/td>\n<td><\/td>\n<\/tr>\n<tr>\n<td>Cuatro TV<\/td>\n<td>Ulysses XXXI<\/td>\n<td><\/td>\n<\/tr>\n<tr>\n<td>Cuatro TV<\/td>\n<td>X. La Pel\u00edcula<\/td>\n<td><\/td>\n<\/tr>\n<tr>\n<td>La Sexta<\/td>\n<td>Eatman<\/td>\n<td><\/td>\n<\/tr>\n<tr>\n<td>La Sexta<\/td>\n<td>Hunter x Hunter<\/td>\n<td><\/td>\n<\/tr>\n<tr>\n<td>La Sexta<\/td>\n<td>Noir<\/td>\n<td><\/td>\n<\/tr>\n<tr>\n<td>La Sexta<\/td>\n<td>Wolf&#8217;s Rain<\/td>\n<td><\/td>\n<\/tr>\n<tr>\n<td>La Sexta<\/td>\n<td>Yu Yu Hakusho<\/td>\n<td><\/td>\n<\/tr>\n<tr>\n<td>Telecinco<\/td>\n<td>Alakazam el grande<\/td>\n<td><\/td>\n<\/tr>\n<tr>\n<td>Telecinco<\/td>\n<td>Alegre juventud<\/td>\n<td><\/td>\n<\/tr>\n<tr>\n<td>Telecinco<\/td>\n<td>Alegre Juventud. La Pel\u00edcula<\/td>\n<td><\/td>\n<\/tr>\n<tr>\n<td>Telecinco<\/td>\n<td>Alicia en el pa\u00eds de las maravillas<\/td>\n<td><\/td>\n<\/tr>\n<tr>\n<td>Telecinco<\/td>\n<td>Amigos del bosque<\/td>\n<td><\/td>\n<\/tr>\n<tr>\n<td>Telecinco<\/td>\n<td>Ana de Tejas Verdes<\/td>\n<td><\/td>\n<\/tr>\n<tr>\n<td>Telecinco<\/td>\n<td>Arbegas<\/td>\n<td><\/td>\n<\/tr>\n<tr>\n<td>Telecinco<\/td>\n<td>Aventuras de Memo Koala<\/td>\n<td><\/td>\n<\/tr>\n<tr>\n<td>Telecinco<\/td>\n<td>Aventuras del joven D&#8217;Artagnan<\/td>\n<td><\/td>\n<\/tr>\n<tr>\n<td>Telecinco<\/td>\n<td>Aventuras en la galaxia de Oz<\/td>\n<td><\/td>\n<\/tr>\n<tr>\n<td>Telecinco<\/td>\n<td>Ballena blanca<\/td>\n<td><\/td>\n<\/tr>\n<tr>\n<td>Telecinco<\/td>\n<td>Banner y Flappy<\/td>\n<td><\/td>\n<\/tr>\n<tr>\n<td>Telecinco<\/td>\n<td>Bateadores<\/td>\n<td><\/td>\n<\/tr>\n<tr>\n<td>Telecinco<\/td>\n<td>Bateadores. El Final<\/td>\n<td><\/td>\n<\/tr>\n<tr>\n<td>Telecinco<\/td>\n<td>Belfy y Lillibith<\/td>\n<td><\/td>\n<\/tr>\n<tr>\n<td>Telecinco<\/td>\n<td>B\u00e9same Licia<\/td>\n<td><\/td>\n<\/tr>\n<tr>\n<td>Telecinco<\/td>\n<td>Bioman<\/td>\n<td><\/td>\n<\/tr>\n<tr>\n<td>Telecinco<\/td>\n<td>Bola de Dan<\/td>\n<td><\/td>\n<\/tr>\n<tr>\n<td>Telecinco<\/td>\n<td>Campeones (OVA)<\/td>\n<td><\/td>\n<\/tr>\n<tr>\n<td>Telecinco<\/td>\n<td>Campeones: Oliver y Benji<\/td>\n<td><\/td>\n<\/tr>\n<tr>\n<td>Telecinco<\/td>\n<td>Cazador<\/td>\n<td><\/td>\n<\/tr>\n<tr>\n<td>Telecinco<\/td>\n<td>Chiquitina<\/td>\n<td><\/td>\n<\/tr>\n<tr>\n<td>Telecinco<\/td>\n<td>Conan el aventurero<\/td>\n<td><\/td>\n<\/tr>\n<tr>\n<td>Telecinco<\/td>\n<td>Cornelio<\/td>\n<td><\/td>\n<\/tr>\n<tr>\n<td>Telecinco<\/td>\n<td>Daniel el travieso<\/td>\n<td><\/td>\n<\/tr>\n<tr>\n<td>Telecinco<\/td>\n<td>D&#8217;Artacan y los 3 mosqueperros<\/td>\n<td><\/td>\n<\/tr>\n<tr>\n<td>Telecinco<\/td>\n<td>Destello azul<\/td>\n<td><\/td>\n<\/tr>\n<tr>\n<td>Telecinco<\/td>\n<td>Dulce Jana<\/td>\n<td><\/td>\n<\/tr>\n<tr>\n<td>Telecinco<\/td>\n<td>Dulce luna<\/td>\n<td><\/td>\n<\/tr>\n<tr>\n<td>Telecinco<\/td>\n<td>El bosque de T\u00e1llac<\/td>\n<td><\/td>\n<\/tr>\n<tr>\n<td>Telecinco<\/td>\n<td>El broche encantado<\/td>\n<td><\/td>\n<\/tr>\n<tr>\n<td>Telecinco<\/td>\n<td>El corcel negro<\/td>\n<td><\/td>\n<\/tr>\n<tr>\n<td>Telecinco<\/td>\n<td>El gato con botas<\/td>\n<td><\/td>\n<\/tr>\n<tr>\n<td>Telecinco<\/td>\n<td>El hada de las flores<\/td>\n<td><\/td>\n<\/tr>\n<tr>\n<td>Telecinco<\/td>\n<td>El jard\u00edn secreto<\/td>\n<td><\/td>\n<\/tr>\n<tr>\n<td>Telecinco<\/td>\n<td>El maravilloso viaje de Nills Holgerrson<\/td>\n<td><\/td>\n<\/tr>\n<tr>\n<td>Telecinco<\/td>\n<td>El peque\u00f1o Lord<\/td>\n<td><\/td>\n<\/tr>\n<tr>\n<td>Telecinco<\/td>\n<td>El perro de Flandes<\/td>\n<td><\/td>\n<\/tr>\n<tr>\n<td>Telecinco<\/td>\n<td>El pr\u00edncipe Mackaroo<\/td>\n<td><\/td>\n<\/tr>\n<tr>\n<td>Telecinco<\/td>\n<td>Emperador de la jungla<\/td>\n<td><\/td>\n<\/tr>\n<tr>\n<td>Telecinco<\/td>\n<td>Eriko<\/td>\n<td><\/td>\n<\/tr>\n<tr>\n<td>Telecinco<\/td>\n<td>F\u00f3rmula 1<\/td>\n<td><\/td>\n<\/tr>\n<tr>\n<td>Telecinco<\/td>\n<td>G.I. Joe<\/td>\n<td><\/td>\n<\/tr>\n<tr>\n<td>Telecinco<\/td>\n<td>Goleadores<\/td>\n<td><\/td>\n<\/tr>\n<tr>\n<td>Telecinco<\/td>\n<td>Gran Mazinger<\/td>\n<td><\/td>\n<\/tr>\n<tr>\n<td>Telecinco<\/td>\n<td>Heidi<\/td>\n<td><\/td>\n<\/tr>\n<tr>\n<td>Telecinco<\/td>\n<td>Huckleberry Finn<\/td>\n<td><\/td>\n<\/tr>\n<tr>\n<td>Telecinco<\/td>\n<td>Jet Mars<\/td>\n<td><\/td>\n<\/tr>\n<tr>\n<td>Telecinco<\/td>\n<td>Jin Jin y sus amigos<\/td>\n<td><\/td>\n<\/tr>\n<tr>\n<td>Telecinco<\/td>\n<td>Johnny y sus amigos<\/td>\n<td><\/td>\n<\/tr>\n<tr>\n<td>Telecinco<\/td>\n<td>Johnny y sus amigos: Una dif\u00edcil elecci\u00f3n<\/td>\n<td><\/td>\n<\/tr>\n<tr>\n<td>Telecinco<\/td>\n<td>Juana y Sergio<\/td>\n<td><\/td>\n<\/tr>\n<tr>\n<td>Telecinco<\/td>\n<td>Kabuto<\/td>\n<td><\/td>\n<\/tr>\n<tr>\n<td>Telecinco<\/td>\n<td>Kimba el le\u00f3n blanco<\/td>\n<td><\/td>\n<\/tr>\n<tr>\n<td>Telecinco<\/td>\n<td>La abeja Maya<\/td>\n<td><\/td>\n<\/tr>\n<tr>\n<td>Telecinco<\/td>\n<td>La leyenda de Blancanieves<\/td>\n<td><\/td>\n<\/tr>\n<tr>\n<td>Telecinco<\/td>\n<td>La liga del drag\u00f3n<\/td>\n<td><\/td>\n<\/tr>\n<tr>\n<td>Telecinco<\/td>\n<td>La magia de Emi<\/td>\n<td><\/td>\n<\/tr>\n<tr>\n<td>Telecinco<\/td>\n<td>La panda de Julia<\/td>\n<td><\/td>\n<\/tr>\n<tr>\n<td>Telecinco<\/td>\n<td>La panda de Julia<\/td>\n<td><\/td>\n<\/tr>\n<tr>\n<td>Telecinco<\/td>\n<td>La princesa caballero<\/td>\n<td><\/td>\n<\/tr>\n<tr>\n<td>Telecinco<\/td>\n<td>La se\u00f1orita Pimienta<\/td>\n<td><\/td>\n<\/tr>\n<tr>\n<td>Telecinco<\/td>\n<td>Las aventuras de Huckleberry Finn<\/td>\n<td><\/td>\n<\/tr>\n<tr>\n<td>Telecinco<\/td>\n<td>Las aventuras de Hutch<\/td>\n<td><\/td>\n<\/tr>\n<tr>\n<td>Telecinco<\/td>\n<td>Las aventuras de Silvia<\/td>\n<td><\/td>\n<\/tr>\n<tr>\n<td>Telecinco<\/td>\n<td>Las aventuras de Yoko y Saki<\/td>\n<td><\/td>\n<\/tr>\n<tr>\n<td>Telecinco<\/td>\n<td>Las monta\u00f1as de Ana<\/td>\n<td><\/td>\n<\/tr>\n<tr>\n<td>Telecinco<\/td>\n<td>Lets &#038; Go<\/td>\n<td><\/td>\n<\/tr>\n<tr>\n<td>Telecinco<\/td>\n<td>Los caballeros del zod\u00edaco: la leyenda de los santos escarlata<\/td>\n<td><\/td>\n<\/tr>\n<tr>\n<td>Telecinco<\/td>\n<td>Los cinco samur\u00e1is<\/td>\n<td><\/td>\n<\/tr>\n<tr>\n<td>Telecinco<\/td>\n<td>Los gatos samur\u00e1i<\/td>\n<td><\/td>\n<\/tr>\n<tr>\n<td>Telecinco<\/td>\n<td>Los guerreros de la luz<\/td>\n<td><\/td>\n<\/tr>\n<tr>\n<td>Telecinco<\/td>\n<td>Los inventos de Eva<\/td>\n<td><\/td>\n<\/tr>\n<tr>\n<td>Telecinco<\/td>\n<td>Los S\u00fapercampeones<\/td>\n<td><\/td>\n<\/tr>\n<tr>\n<td>Telecinco<\/td>\n<td>Lucy<\/td>\n<td><\/td>\n<\/tr>\n<tr>\n<td>Telecinco<\/td>\n<td>Lupin III<\/td>\n<td><\/td>\n<\/tr>\n<tr>\n<td>Telecinco<\/td>\n<td>Lupin. El oro de babilonia<\/td>\n<td><\/td>\n<\/tr>\n<tr>\n<td>Telecinco<\/td>\n<td>Marco<\/td>\n<td><\/td>\n<\/tr>\n<tr>\n<td>Telecinco<\/td>\n<td>Mazinger Z<\/td>\n<td><\/td>\n<\/tr>\n<tr>\n<td>Telecinco<\/td>\n<td>Megaman<\/td>\n<td><\/td>\n<\/tr>\n<tr>\n<td>Telecinco<\/td>\n<td>Mi amigo el mapache<\/td>\n<td><\/td>\n<\/tr>\n<tr>\n<td>Telecinco<\/td>\n<td>Nadia, el misterio de la piedra azul<\/td>\n<td><\/td>\n<\/tr>\n<tr>\n<td>Telecinco<\/td>\n<td>Nuevos hermanos<\/td>\n<td><\/td>\n<\/tr>\n<tr>\n<td>Telecinco<\/td>\n<td>One Piece<\/td>\n<td><\/td>\n<\/tr>\n<tr>\n<td>Telecinco<\/td>\n<td>Orsi<\/td>\n<td><\/td>\n<\/tr>\n<tr>\n<td>Telecinco<\/td>\n<td>Pasi\u00f3n por el Judo<\/td>\n<td><\/td>\n<\/tr>\n<tr>\n<td>Telecinco<\/td>\n<td>Peter Pan<\/td>\n<td><\/td>\n<\/tr>\n<tr>\n<td>Telecinco<\/td>\n<td>Piruetas<\/td>\n<td><\/td>\n<\/tr>\n<tr>\n<td>Telecinco<\/td>\n<td>Pok\u00e9mon<\/td>\n<td><\/td>\n<\/tr>\n<tr>\n<td>Telecinco<\/td>\n<td>Pollyanna<\/td>\n<td><\/td>\n<\/tr>\n<tr>\n<td>Telecinco<\/td>\n<td>Raqueta de Oro<\/td>\n<td><\/td>\n<\/tr>\n<tr>\n<td>Telecinco<\/td>\n<td>Rascal<\/td>\n<td><\/td>\n<\/tr>\n<tr>\n<td>Telecinco<\/td>\n<td>Robin Hood<\/td>\n<td><\/td>\n<\/tr>\n<tr>\n<td>Telecinco<\/td>\n<td>Robotech<\/td>\n<td><\/td>\n<\/tr>\n<tr>\n<td>Telecinco<\/td>\n<td>Sandy<\/td>\n<td><\/td>\n<\/tr>\n<tr>\n<td>Telecinco<\/td>\n<td>Shoot<\/td>\n<td><\/td>\n<\/tr>\n<tr>\n<td>Telecinco<\/td>\n<td>So\u00f1ar con los ojos abiertos<\/td>\n<td><\/td>\n<\/tr>\n<tr>\n<td>Telecinco<\/td>\n<td>Spanky<\/td>\n<td><\/td>\n<\/tr>\n<tr>\n<td>Telecinco<\/td>\n<td>Samurai Tropers<\/td>\n<td><\/td>\n<\/tr>\n<tr>\n<td>Telecinco<\/td>\n<td>Supercampeones<\/td>\n<td><\/td>\n<\/tr>\n<tr>\n<td>Telecinco<\/td>\n<td>Supergol<\/td>\n<td><\/td>\n<\/tr>\n<tr>\n<td>Telecinco<\/td>\n<td>Tao Tao<\/td>\n<td><\/td>\n<\/tr>\n<tr>\n<td>Telecinco<\/td>\n<td>Tecnoman<\/td>\n<td><\/td>\n<\/tr>\n<tr>\n<td>Telecinco<\/td>\n<td>Tecnopolic\u00eda<\/td>\n<td><\/td>\n<\/tr>\n<tr>\n<td>Telecinco<\/td>\n<td>Tenko y los guardianes de la magia<\/td>\n<td><\/td>\n<\/tr>\n<tr>\n<td>Telecinco<\/td>\n<td>Transformers Armada<\/td>\n<td><\/td>\n<\/tr>\n<tr>\n<td>Telecinco<\/td>\n<td>Tulip\u00e1n Negro<\/td>\n<td><\/td>\n<\/tr>\n<tr>\n<td>Telecinco<\/td>\n<td>UFO Baby<\/td>\n<td><\/td>\n<\/tr>\n<tr>\n<td>Telecinco<\/td>\n<td>Vacaciones de verano<\/td>\n<td><\/td>\n<\/tr>\n<tr>\n<td>Telecinco<\/td>\n<td>Viaje a la isla sin tiempo<\/td>\n<td><\/td>\n<\/tr>\n<tr>\n<td>Telecinco<\/td>\n<td>Vickie el vikingo<\/td>\n<td><\/td>\n<\/tr>\n<tr>\n<td>Telecinco<\/td>\n<td>Yaiba<\/td>\n<td><\/td>\n<\/tr>\n<\/tbody>\n<\/table>\t\t\t\t\t\t\t\t<\/div>\n\t\t\t\t<\/div>\n\t\t\t\t<div class=\"elementor-element elementor-element-63a0d3c3 elementor-widget elementor-widget-heading\" data-id=\"63a0d3c3\" data-element_type=\"widget\" data-e-type=\"widget\" data-widget_type=\"heading.default\">\n\t\t\t\t<div class=\"elementor-widget-container\">\n\t\t\t\t\t<h2 class=\"elementor-heading-title elementor-size-medium\">Este listado se encuentra en continua revisi\u00f3n. Si tienes alguna correcci\u00f3n o mejora por favor env\u00edanos un comentario. Muchas gracias<\/h2>\t\t\t\t<\/div>\n\t\t\t\t<\/div>\n\t\t\t\t<div class=\"elementor-element elementor-element-e59e0bf elementor-widget elementor-widget-shortcode\" data-id=\"e59e0bf\" data-element_type=\"widget\" data-e-type=\"widget\" data-widget_type=\"shortcode.default\">\n\t\t\t\t<div class=\"elementor-widget-container\">\n\t\t\t\t\t\t\t<div class=\"elementor-shortcode\"><center>[supsystic-form id=11]<\/center><\/div>\n\t\t\t\t\t\t<\/div>\n\t\t\t\t<\/div>\n\t\t\t\t\t<\/div>\n\t\t<\/div>\n\t\t\t\t\t<\/div>\n\t\t<\/section>\n\t\t\t\t<\/div>\n\t\t","protected":false},"excerpt":{"rendered":"<p>Anime emitido en TV privada CANAL TITULO A\u00d1O Antena 3 TV Aqu\u00ed est\u00e1 Michael Antena 3 TV \u00c1rea 88 Antena 3 TV Beyblade Antena 3 TV Beyblade 2 Antena 3 TV Campeones hacia el mundial:\u00a0Oliver y Benji Antena 3 TV Campeones. Las Pel\u00edculas Antena 3 TV Catoli Antena 3 TV Chicho Terremoto Antena 3 TV [&hellip;]<\/p>\n","protected":false},"author":1,"featured_media":0,"parent":0,"menu_order":0,"comment_status":"open","ping_status":"open","template":"elementor_header_footer","meta":{"footnotes":""},"class_list":["post-1952","page","type-page","status-publish","hentry"],"_links":{"self":[{"href":"https:\/\/www.animelicenciado.es\/en_en\/wp-json\/wp\/v2\/pages\/1952","targetHints":{"allow":["GET"]}}],"collection":[{"href":"https:\/\/www.animelicenciado.es\/en_en\/wp-json\/wp\/v2\/pages"}],"about":[{"href":"https:\/\/www.animelicenciado.es\/en_en\/wp-json\/wp\/v2\/types\/page"}],"author":[{"embeddable":true,"href":"https:\/\/www.animelicenciado.es\/en_en\/wp-json\/wp\/v2\/users\/1"}],"replies":[{"embeddable":true,"href":"https:\/\/www.animelicenciado.es\/en_en\/wp-json\/wp\/v2\/comments?post=1952"}],"version-history":[{"count":5,"href":"https:\/\/www.animelicenciado.es\/en_en\/wp-json\/wp\/v2\/pages\/1952\/revisions"}],"predecessor-version":[{"id":5097,"href":"https:\/\/www.animelicenciado.es\/en_en\/wp-json\/wp\/v2\/pages\/1952\/revisions\/5097"}],"wp:attachment":[{"href":"https:\/\/www.animelicenciado.es\/en_en\/wp-json\/wp\/v2\/media?parent=1952"}],"curies":[{"name":"wp","href":"https:\/\/api.w.org\/{rel}","templated":true}]}}