{"id":4342,"date":"2020-05-23T12:59:01","date_gmt":"2020-05-23T11:59:01","guid":{"rendered":"https:\/\/www.animelicenciado.es\/?page_id=4342"},"modified":"2020-05-23T13:07:55","modified_gmt":"2020-05-23T12:07:55","slug":"anime-tv-perdidas","status":"publish","type":"page","link":"https:\/\/www.animelicenciado.es\/en_en\/anime-tv-perdidas\/","title":{"rendered":"Anime Y Licencias Perdidas"},"content":{"rendered":"\t\t<div data-elementor-type=\"wp-page\" data-elementor-id=\"4342\" class=\"elementor elementor-4342\">\n\t\t\t\t\t\t<section class=\"elementor-section elementor-top-section elementor-element elementor-element-9452967 elementor-section-boxed elementor-section-height-default elementor-section-height-default\" data-id=\"9452967\" data-element_type=\"section\" data-e-type=\"section\">\n\t\t\t\t\t\t<div class=\"elementor-container elementor-column-gap-extended\">\n\t\t\t\t\t<div class=\"elementor-column elementor-col-100 elementor-top-column elementor-element elementor-element-c4eb0c6\" data-id=\"c4eb0c6\" data-element_type=\"column\" data-e-type=\"column\">\n\t\t\t<div class=\"elementor-widget-wrap elementor-element-populated\">\n\t\t\t\t\t\t<div class=\"elementor-element elementor-element-534b2bc elementor-widget elementor-widget-heading\" data-id=\"534b2bc\" data-element_type=\"widget\" data-e-type=\"widget\" data-widget_type=\"heading.default\">\n\t\t\t\t<div class=\"elementor-widget-container\">\n\t\t\t\t\t<h2 class=\"elementor-heading-title elementor-size-default\">Anime y Licencias Perdidas<\/h2>\t\t\t\t<\/div>\n\t\t\t\t<\/div>\n\t\t\t\t<div class=\"elementor-element elementor-element-a78a99e elementor-widget elementor-widget-text-editor\" data-id=\"a78a99e\" data-element_type=\"widget\" data-e-type=\"widget\" data-widget_type=\"text-editor.default\">\n\t\t\t\t<div class=\"elementor-widget-container\">\n\t\t\t\t\t\t\t\t\t<table width=\"930\">\n<tbody>\n<tr>\n<td width=\"170\">TITULO<\/td>\n<td width=\"125\">DISTRIBUIDORA<\/td>\n<td width=\"184\">T.O<\/td>\n<td width=\"80\">CANAL<\/td>\n<td width=\"320\">COMENTARIOS<\/td>\n<\/tr>\n<tr>\n<td>La M\u00e1scara de Cristal (TV)<\/td>\n<td>Mediaset<\/td>\n<td>Mask Glass<\/td>\n<td>Telecinco<\/td>\n<td>Se lleg\u00f3 a doblar pero caducaron los derechos antes de emitirse. Confirmado por J.L.Puertas<\/td>\n<\/tr>\n<tr>\n<td>Prince of Tennis<\/td>\n<td>Luk International<\/td>\n<td>Prince of Tennis<\/td>\n<td><\/td>\n<td>Se dobl\u00f3 pero nunca se emiti\u00f3. Confirmado web distribuidora.<\/td>\n<\/tr>\n<tr>\n<td>Reborn!<\/td>\n<td>Luk International<\/td>\n<td>Tutor Hitman Reborn<\/td>\n<td><\/td>\n<td>Se dobl\u00f3 pero nunca se emiti\u00f3. Confirmado web distribuidora.<\/td>\n<\/tr>\n<tr>\n<td>Atashin&#8217;Chi<\/td>\n<td>Luk International<\/td>\n<td>Atashin&#8217;Chi<\/td>\n<td><\/td>\n<td>Se dobl\u00f3 pero nunca se emiti\u00f3. Confirmado web distribuidora y Daruma Serveis<\/td>\n<\/tr>\n<tr>\n<td>Nadesico (TV)<\/td>\n<td><\/td>\n<td>Martian Succesor Nadesico<\/td>\n<td>TV3<\/td>\n<td>Se present\u00f3 a TV pero no se adquiri\u00f3<\/td>\n<\/tr>\n<tr>\n<td>Mi novia es una Sirena<\/td>\n<td>Arait Multimedia<\/td>\n<td>Seto no Hanayome<\/td>\n<td><\/td>\n<td>No se ha emitido. Confirmado web distribuidora.<\/td>\n<\/tr>\n<tr>\n<td>Ultraman Kids<\/td>\n<td>Luk International<\/td>\n<td>Ultraman Kids<\/td>\n<td><\/td>\n<td>No se ha emitido. Confirmado web distribuidora.<\/td>\n<\/tr>\n<\/tbody>\n<\/table>\n&nbsp;\t\t\t\t\t\t\t\t<\/div>\n\t\t\t\t<\/div>\n\t\t\t\t<div class=\"elementor-element elementor-element-ec02b9e elementor-widget elementor-widget-heading\" data-id=\"ec02b9e\" data-element_type=\"widget\" data-e-type=\"widget\" data-widget_type=\"heading.default\">\n\t\t\t\t<div class=\"elementor-widget-container\">\n\t\t\t\t\t<h2 class=\"elementor-heading-title elementor-size-medium\">Este listado se ha confeccionado teniendo en cuenta comentarios de profesionales del sector y rumores. En ning\u00fan momento tenemos confirmaci\u00f3n de los intervinientes. Si lo deseas puedes enviarnos un comentario dej\u00e1ndonos un mensaje. Gracias!!<\/h2>\t\t\t\t<\/div>\n\t\t\t\t<\/div>\n\t\t\t\t<div class=\"elementor-element elementor-element-0da8f50 elementor-widget elementor-widget-shortcode\" data-id=\"0da8f50\" data-element_type=\"widget\" data-e-type=\"widget\" data-widget_type=\"shortcode.default\">\n\t\t\t\t<div class=\"elementor-widget-container\">\n\t\t\t\t\t\t\t<div class=\"elementor-shortcode\"><center>[supsystic-form id=11]<\/center><\/div>\n\t\t\t\t\t\t<\/div>\n\t\t\t\t<\/div>\n\t\t\t\t\t<\/div>\n\t\t<\/div>\n\t\t\t\t\t<\/div>\n\t\t<\/section>\n\t\t\t\t<\/div>\n\t\t","protected":false},"excerpt":{"rendered":"<p>Anime y Licencias Perdidas TITULO DISTRIBUIDORA T.O CANAL COMENTARIOS La M\u00e1scara de Cristal (TV) Mediaset Mask Glass Telecinco Se lleg\u00f3 a doblar pero caducaron los derechos antes de emitirse. Confirmado por J.L.Puertas Prince of Tennis Luk International Prince of Tennis Se dobl\u00f3 pero nunca se emiti\u00f3. Confirmado web distribuidora. Reborn! Luk International Tutor Hitman Reborn [&hellip;]<\/p>\n","protected":false},"author":1,"featured_media":0,"parent":0,"menu_order":0,"comment_status":"open","ping_status":"open","template":"elementor_header_footer","meta":{"footnotes":""},"class_list":["post-4342","page","type-page","status-publish","hentry"],"_links":{"self":[{"href":"https:\/\/www.animelicenciado.es\/en_en\/wp-json\/wp\/v2\/pages\/4342","targetHints":{"allow":["GET"]}}],"collection":[{"href":"https:\/\/www.animelicenciado.es\/en_en\/wp-json\/wp\/v2\/pages"}],"about":[{"href":"https:\/\/www.animelicenciado.es\/en_en\/wp-json\/wp\/v2\/types\/page"}],"author":[{"embeddable":true,"href":"https:\/\/www.animelicenciado.es\/en_en\/wp-json\/wp\/v2\/users\/1"}],"replies":[{"embeddable":true,"href":"https:\/\/www.animelicenciado.es\/en_en\/wp-json\/wp\/v2\/comments?post=4342"}],"version-history":[{"count":4,"href":"https:\/\/www.animelicenciado.es\/en_en\/wp-json\/wp\/v2\/pages\/4342\/revisions"}],"predecessor-version":[{"id":4346,"href":"https:\/\/www.animelicenciado.es\/en_en\/wp-json\/wp\/v2\/pages\/4342\/revisions\/4346"}],"wp:attachment":[{"href":"https:\/\/www.animelicenciado.es\/en_en\/wp-json\/wp\/v2\/media?parent=4342"}],"curies":[{"name":"wp","href":"https:\/\/api.w.org\/{rel}","templated":true}]}}