{"id":5364,"date":"2020-08-30T11:51:30","date_gmt":"2020-08-30T10:51:30","guid":{"rendered":"https:\/\/www.animelicenciado.es\/?page_id=5364"},"modified":"2024-10-27T17:34:47","modified_gmt":"2024-10-27T16:34:47","slug":"revistas","status":"publish","type":"page","link":"https:\/\/www.animelicenciado.es\/en_en\/revistas\/","title":{"rendered":"Revistas"},"content":{"rendered":"<div data-elementor-type=\"wp-page\" data-elementor-id=\"5364\" class=\"elementor elementor-5364\">\n\t\t\t\t\t\t<section class=\"elementor-section elementor-top-section elementor-element elementor-element-7a46c96b elementor-section-boxed elementor-section-height-default elementor-section-height-default\" data-id=\"7a46c96b\" data-element_type=\"section\" data-e-type=\"section\">\n\t\t\t\t\t\t<div class=\"elementor-container elementor-column-gap-default\">\n\t\t\t\t\t<div class=\"elementor-column elementor-col-100 elementor-top-column elementor-element elementor-element-5629e3d0\" data-id=\"5629e3d0\" data-element_type=\"column\" data-e-type=\"column\">\n\t\t\t<div class=\"elementor-widget-wrap elementor-element-populated\">\n\t\t\t\t\t\t<div class=\"elementor-element elementor-element-fe0769a elementor-widget elementor-widget-heading\" data-id=\"fe0769a\" data-element_type=\"widget\" data-e-type=\"widget\" data-widget_type=\"heading.default\">\n\t\t\t\t<div class=\"elementor-widget-container\">\n\t\t\t\t\t<h2 class=\"elementor-heading-title elementor-size-xxl\">Revistas Cl\u00e1sicas<\/h2>\t\t\t\t<\/div>\n\t\t\t\t<\/div>\n\t\t\t\t<div class=\"elementor-element elementor-element-6ead9aa elementor-widget elementor-widget-image\" data-id=\"6ead9aa\" data-element_type=\"widget\" data-e-type=\"widget\" data-widget_type=\"image.default\">\n\t\t\t\t<div class=\"elementor-widget-container\">\n\t\t\t\t\t\t\t\t\t\t\t\t\t\t\t<img fetchpriority=\"high\" decoding=\"async\" width=\"300\" height=\"225\" src=\"https:\/\/www.animelicenciado.es\/wp-content\/uploads\/2020\/08\/leyendo-300x225.jpg\" class=\"attachment-medium size-medium wp-image-5397\" alt=\"\" srcset=\"https:\/\/www.animelicenciado.es\/wp-content\/uploads\/2020\/08\/leyendo-300x225.jpg 300w, https:\/\/www.animelicenciado.es\/wp-content\/uploads\/2020\/08\/leyendo.jpg 500w\" sizes=\"(max-width: 300px) 100vw, 300px\" \/>\t\t\t\t\t\t\t\t\t\t\t\t\t\t\t<\/div>\n\t\t\t\t<\/div>\n\t\t\t\t<div class=\"elementor-element elementor-element-b9c6936 elementor-widget elementor-widget-heading\" data-id=\"b9c6936\" data-element_type=\"widget\" data-e-type=\"widget\" data-widget_type=\"heading.default\">\n\t\t\t\t<div class=\"elementor-widget-container\">\n\t\t\t\t\t<h2 class=\"elementor-heading-title elementor-size-large\">\u00cdndice de revistas de manganime en Espa\u00f1a<\/h2>\t\t\t\t<\/div>\n\t\t\t\t<\/div>\n\t\t\t\t<section class=\"elementor-section elementor-inner-section elementor-element elementor-element-aef0100 elementor-section-boxed elementor-section-height-default elementor-section-height-default\" data-id=\"aef0100\" data-element_type=\"section\" data-e-type=\"section\">\n\t\t\t\t\t\t<div class=\"elementor-container elementor-column-gap-default\">\n\t\t\t\t\t<div class=\"elementor-column elementor-col-50 elementor-inner-column elementor-element elementor-element-c6d324a\" data-id=\"c6d324a\" data-element_type=\"column\" data-e-type=\"column\">\n\t\t\t<div class=\"elementor-widget-wrap elementor-element-populated\">\n\t\t\t\t\t\t<div class=\"elementor-element elementor-element-6491aa3 elementor-widget elementor-widget-text-editor\" data-id=\"6491aa3\" data-element_type=\"widget\" data-e-type=\"widget\" data-widget_type=\"text-editor.default\">\n\t\t\t\t<div class=\"elementor-widget-container\">\n\t\t\t\t\t\t\t\t\t<p><span style=\"text-decoration: underline;\"><a href=\"https:\/\/www.animelicenciado.es\/en_en\/anitype\/\"><span style=\"color: #00ffff; text-decoration: underline;\">Anitype<\/span><\/a><\/span><\/p><p><span style=\"color: #00ffff;\">Animangaweb<\/span><\/p><p><span style=\"text-decoration: underline;\"><span style=\"color: #00ffff;\"><a style=\"color: #00ffff; text-decoration: underline;\" href=\"https:\/\/www.animelicenciado.es\/en_en\/animedia\/\">Animedia<\/a><\/span><\/span><\/p><p><span style=\"color: #00ffff;\">B&#8217;s Log<\/span><\/p><p><span style=\"text-decoration: underline;\"><a href=\"https:\/\/www.animelicenciado.es\/en_en\/daisuki\/\"><span style=\"color: #00ffff; text-decoration: underline;\">Daisuki<\/span><\/a><\/span><\/p><p><span style=\"text-decoration: underline;\"><a href=\"https:\/\/www.animelicenciado.es\/en_en\/digimon-la-revista-extraoficial\/\"><span style=\"color: #00ffff; text-decoration: underline;\">Digimon, la revista extraoficial<\/span><\/a><\/span><\/p><p><span style=\"color: #00ffff;\">Dokan<\/span><\/p><p><span style=\"text-decoration: underline;\"><span style=\"color: #00ffff;\"><a style=\"color: #00ffff; text-decoration: underline;\" href=\"https:\/\/www.animelicenciado.es\/en_en\/revista-guruguru\/\">GuruGuru<\/a><\/span><\/span><\/p><p><span style=\"color: #00ffff;\">Hentai<\/span><\/p><p><span style=\"color: #00ffff;\">Hentype<\/span><\/p><p><span style=\"text-decoration: underline;\"><span style=\"color: #00ffff;\"><a style=\"color: #00ffff; text-decoration: underline;\" href=\"https:\/\/www.animelicenciado.es\/en_en\/jonu-magazine\/\">Jonu Magazine<\/a><\/span><\/span><\/p><p><a href=\"https:\/\/www.animelicenciado.es\/en_en\/revista-kabuki\/\"><span style=\"color: #00ffff;\"><span style=\"text-decoration: underline;\">Kabuki<\/span><\/span><\/a><\/p><p><span style=\"text-decoration: underline;\"><span style=\"color: #00ffff;\"><a style=\"color: #00ffff; text-decoration: underline;\" href=\"https:\/\/www.animelicenciado.es\/en_en\/kame\/\">Kame<\/a><\/span><\/span><\/p><p><span style=\"text-decoration: underline;\"><span style=\"color: #00ffff;\"><a style=\"color: #00ffff; text-decoration: underline;\" href=\"https:\/\/www.animelicenciado.es\/en_en\/kaibun\/\">Kaibun<\/a><\/span><\/span><\/p>\t\t\t\t\t\t\t\t<\/div>\n\t\t\t\t<\/div>\n\t\t\t\t\t<\/div>\n\t\t<\/div>\n\t\t\t\t<div class=\"elementor-column elementor-col-50 elementor-inner-column elementor-element elementor-element-40738a5\" data-id=\"40738a5\" data-element_type=\"column\" data-e-type=\"column\">\n\t\t\t<div class=\"elementor-widget-wrap elementor-element-populated\">\n\t\t\t\t\t\t<div class=\"elementor-element elementor-element-6ce9d66 elementor-widget elementor-widget-text-editor\" data-id=\"6ce9d66\" data-element_type=\"widget\" data-e-type=\"widget\" data-widget_type=\"text-editor.default\">\n\t\t\t\t<div class=\"elementor-widget-container\">\n\t\t\t\t\t\t\t\t\t<p><span style=\"text-decoration: underline;\"><a href=\"https:\/\/www.animelicenciado.es\/en_en\/mangaline-magazine\/\"><span style=\"color: #00ffff; text-decoration: underline;\">Manga Line Magazine<\/span><\/a><\/span><\/p><p><a href=\"https:\/\/www.animelicenciado.es\/en_en\/revista-mangazone\/\"><span style=\"text-decoration: underline;\"><span style=\"color: #00ffff;\">Mangazone<\/span><\/span><\/a><\/p><p><span style=\"text-decoration: underline;\"><span style=\"color: #00ffff;\"><a style=\"color: #00ffff; text-decoration: underline;\" href=\"https:\/\/www.animelicenciado.es\/en_en\/mas-manga\/\">M\u00e1s Manga<\/a><\/span><\/span><\/p><p><span style=\"color: #00ffff;\">Mega Hiro<\/span><\/p><p><span style=\"text-decoration: underline;\"><a href=\"https:\/\/www.animelicenciado.es\/en_en\/minami-2000\/\"><span style=\"color: #00ffff; text-decoration: underline;\">Minami 2000<\/span><\/a><\/span><\/p><p><span style=\"color: #00ffff;\">MisionTokyo<\/span><\/p><p><span style=\"text-decoration: underline;\"><a href=\"https:\/\/www.animelicenciado.es\/en_en\/mundo-manga\/\"><span style=\"color: #00ffff; text-decoration: underline;\">Mundo Manga<\/span><\/a><\/span><\/p><p><span style=\"text-decoration: underline;\"><span style=\"color: #00ffff;\"><a style=\"color: #00ffff; text-decoration: underline;\" href=\"https:\/\/www.animelicenciado.es\/en_en\/neko\/\">Neko<\/a><\/span><\/span><\/p><p><span style=\"text-decoration: underline;\"><a href=\"https:\/\/www.animelicenciado.es\/en_en\/revista-otaku-norma\/\"><span style=\"color: #00ffff; text-decoration: underline;\">Otaku<\/span><\/a><\/span><\/p><p><span style=\"color: #00ffff;\"><span style=\"text-decoration: underline;\"><a style=\"color: #00ffff; text-decoration: underline;\" href=\"https:\/\/www.animelicenciado.es\/en_en\/otaku-bunka\/\">Otaku Bunka<\/a> <\/span>(en curso)<\/span><\/p><p><span style=\"color: #00ffff;\">Shirase<\/span><\/p><p><span style=\"text-decoration: underline;\"><span style=\"color: #00ffff;\"><a style=\"color: #00ffff; text-decoration: underline;\" href=\"https:\/\/www.animelicenciado.es\/en_en\/revistas\/shonen-magazine\/\">Shonen Magazine<\/a><\/span><\/span><\/p><p><span style=\"color: #00ffff;\">X Manga<\/span><\/p><p><span style=\"color: #00ffff;\">Yukiko<\/span><\/p>\t\t\t\t\t\t\t\t<\/div>\n\t\t\t\t<\/div>\n\t\t\t\t\t<\/div>\n\t\t<\/div>\n\t\t\t\t\t<\/div>\n\t\t<\/section>\n\t\t\t\t<div class=\"elementor-element elementor-element-e3975a3 elementor-widget elementor-widget-text-editor\" data-id=\"e3975a3\" data-element_type=\"widget\" data-e-type=\"widget\" data-widget_type=\"text-editor.default\">\n\t\t\t\t<div class=\"elementor-widget-container\">\n\t\t\t\t\t\t\t\t\t<p>Si alguien dispone de alguna otra publicaci\u00f3n aqu\u00ed no mencionada o de alg\u00fan n\u00famero que no aparece rese\u00f1ado y desea colaborar tanto en donaci\u00f3n como aportaci\u00f3n desinsteresada de im\u00e1genes gr\u00e1ficas de portadas, contactar en el mail:\u00a0<a href=\"mailto:webmaster@animelicenciado.es\" target=\"_blank\" rel=\"noopener\">webmaster@animelicenciado.<\/a>es<br \/>Muchas gracias!<\/p>\t\t\t\t\t\t\t\t<\/div>\n\t\t\t\t<\/div>\n\t\t\t\t\t<\/div>\n\t\t<\/div>\n\t\t\t\t\t<\/div>\n\t\t<\/section>\n\t\t\t\t<\/div>","protected":false},"excerpt":{"rendered":"<p>Revistas Cl\u00e1sicas \u00cdndice de revistas de manganime en Espa\u00f1a Anitype Animangaweb Animedia B&#8217;s Log Daisuki Digimon, la revista extraoficial Dokan GuruGuru Hentai Hentype Jonu Magazine Kabuki Kame Kaibun Manga Line Magazine Mangazone M\u00e1s Manga Mega Hiro Minami 2000 MisionTokyo Mundo Manga Neko Otaku Otaku Bunka (en curso) Shirase Shonen Magazine X Manga Yukiko Si alguien [&hellip;]<\/p>\n","protected":false},"author":1,"featured_media":0,"parent":0,"menu_order":0,"comment_status":"closed","ping_status":"closed","template":"elementor_header_footer","meta":{"footnotes":""},"class_list":["post-5364","page","type-page","status-publish","hentry"],"_links":{"self":[{"href":"https:\/\/www.animelicenciado.es\/en_en\/wp-json\/wp\/v2\/pages\/5364","targetHints":{"allow":["GET"]}}],"collection":[{"href":"https:\/\/www.animelicenciado.es\/en_en\/wp-json\/wp\/v2\/pages"}],"about":[{"href":"https:\/\/www.animelicenciado.es\/en_en\/wp-json\/wp\/v2\/types\/page"}],"author":[{"embeddable":true,"href":"https:\/\/www.animelicenciado.es\/en_en\/wp-json\/wp\/v2\/users\/1"}],"replies":[{"embeddable":true,"href":"https:\/\/www.animelicenciado.es\/en_en\/wp-json\/wp\/v2\/comments?post=5364"}],"version-history":[{"count":77,"href":"https:\/\/www.animelicenciado.es\/en_en\/wp-json\/wp\/v2\/pages\/5364\/revisions"}],"predecessor-version":[{"id":17211,"href":"https:\/\/www.animelicenciado.es\/en_en\/wp-json\/wp\/v2\/pages\/5364\/revisions\/17211"}],"wp:attachment":[{"href":"https:\/\/www.animelicenciado.es\/en_en\/wp-json\/wp\/v2\/media?parent=5364"}],"curies":[{"name":"wp","href":"https:\/\/api.w.org\/{rel}","templated":true}]}}