{"id":621,"date":"2020-02-09T14:47:46","date_gmt":"2020-02-09T14:47:46","guid":{"rendered":"https:\/\/www.animelicenciado.es\/?page_id=621"},"modified":"2020-02-09T14:51:04","modified_gmt":"2020-02-09T14:51:04","slug":"buscamos-colaboradores","status":"publish","type":"page","link":"https:\/\/www.animelicenciado.es\/en_en\/buscamos-colaboradores\/","title":{"rendered":"Buscamos Colaboradores"},"content":{"rendered":"<div class=\"wp-block-cover has-background-dim-90 has-background-dim\" style=\"background-image:url(https:\/\/www.animelicenciado.es\/wp-content\/uploads\/2020\/02\/colabora.jpg);min-height:500px;aspect-ratio:unset;\"><div class=\"wp-block-cover__inner-container is-layout-flow wp-block-cover-is-layout-flow\">\n<p class=\"has-text-align-center has-large-font-size\"> Con el fin de conseguir un correcto mantenimiento de todas las entradas e informaci\u00f3n acerca de las licencias y dem\u00e1s contenido de esta web necesitamos los siguientes perfiles de colaboraci\u00f3n: <\/p>\n\n\n\n<ul class=\"wp-block-list\"><li>Revisores de fichas (correcci\u00f3n de erratas)<\/li><li>Gestores de datos (introducci\u00f3n de datos en fichas)<\/li><li>Cotejadores de im\u00e1genes (ediciones espa\u00f1olas)<\/li><\/ul>\n<\/div><\/div>\n\n\n\n<p><\/p>\n\n\n\n<p>Si te interesa participar en este proyecto no dudes en ponerte en contacto con nosotros en el siguiente formulario:<\/p>\n\n\n\n<div class=\"wp-block-button is-style-outline is-style-outline--1\"><a class=\"wp-block-button__link has-text-color has-accent-color has-background has-background-background-color no-border-radius\" href=\"mailto:webmaster@animelicenciado.com\" rel=\"mailto:webmaster@animelicenciado.com\">pulsa aqu\u00ed para ingresar en el programa de colaboraci\u00f3n<\/a><\/div>\n\n\n\n<p><\/p>","protected":false},"excerpt":{"rendered":"<p>Si te interesa participar en este proyecto no dudes en ponerte en contacto con nosotros en el siguiente formulario:<\/p>","protected":false},"author":1,"featured_media":0,"parent":0,"menu_order":0,"comment_status":"closed","ping_status":"closed","template":"","meta":{"footnotes":""},"class_list":["post-621","page","type-page","status-publish","hentry"],"_links":{"self":[{"href":"https:\/\/www.animelicenciado.es\/en_en\/wp-json\/wp\/v2\/pages\/621","targetHints":{"allow":["GET"]}}],"collection":[{"href":"https:\/\/www.animelicenciado.es\/en_en\/wp-json\/wp\/v2\/pages"}],"about":[{"href":"https:\/\/www.animelicenciado.es\/en_en\/wp-json\/wp\/v2\/types\/page"}],"author":[{"embeddable":true,"href":"https:\/\/www.animelicenciado.es\/en_en\/wp-json\/wp\/v2\/users\/1"}],"replies":[{"embeddable":true,"href":"https:\/\/www.animelicenciado.es\/en_en\/wp-json\/wp\/v2\/comments?post=621"}],"version-history":[{"count":4,"href":"https:\/\/www.animelicenciado.es\/en_en\/wp-json\/wp\/v2\/pages\/621\/revisions"}],"predecessor-version":[{"id":628,"href":"https:\/\/www.animelicenciado.es\/en_en\/wp-json\/wp\/v2\/pages\/621\/revisions\/628"}],"wp:attachment":[{"href":"https:\/\/www.animelicenciado.es\/en_en\/wp-json\/wp\/v2\/media?parent=621"}],"curies":[{"name":"wp","href":"https:\/\/api.w.org\/{rel}","templated":true}]}}