{"id":6754,"date":"2021-04-04T13:23:38","date_gmt":"2021-04-04T12:23:38","guid":{"rendered":"https:\/\/www.animelicenciado.es\/?page_id=6754"},"modified":"2021-04-04T13:23:38","modified_gmt":"2021-04-04T12:23:38","slug":"mix-sound","status":"publish","type":"page","link":"https:\/\/www.animelicenciado.es\/en_en\/mix-sound\/","title":{"rendered":"Mix Sound"},"content":{"rendered":"<div data-elementor-type=\"wp-page\" data-elementor-id=\"6754\" class=\"elementor elementor-6754\">\n\t\t\t\t\t\t<section class=\"elementor-section elementor-top-section elementor-element elementor-element-3b08f67 elementor-section-boxed elementor-section-height-default elementor-section-height-default\" data-id=\"3b08f67\" data-element_type=\"section\" data-e-type=\"section\">\n\t\t\t\t\t\t<div class=\"elementor-container elementor-column-gap-default\">\n\t\t\t\t\t<div class=\"elementor-column elementor-col-100 elementor-top-column elementor-element elementor-element-6fde9e4\" data-id=\"6fde9e4\" data-element_type=\"column\" data-e-type=\"column\">\n\t\t\t<div class=\"elementor-widget-wrap elementor-element-populated\">\n\t\t\t\t\t\t<div class=\"elementor-element elementor-element-ba49f7d elementor-widget elementor-widget-heading\" data-id=\"ba49f7d\" data-element_type=\"widget\" data-e-type=\"widget\" data-widget_type=\"heading.default\">\n\t\t\t\t<div class=\"elementor-widget-container\">\n\t\t\t\t\t<h2 class=\"elementor-heading-title elementor-size-default\">Mix Sound (Barcelona)<\/h2>\t\t\t\t<\/div>\n\t\t\t\t<\/div>\n\t\t\t\t\t<\/div>\n\t\t<\/div>\n\t\t\t\t\t<\/div>\n\t\t<\/section>\n\t\t\t\t<section class=\"elementor-section elementor-top-section elementor-element elementor-element-0482a46 elementor-section-boxed elementor-section-height-default elementor-section-height-default\" data-id=\"0482a46\" data-element_type=\"section\" data-e-type=\"section\">\n\t\t\t\t\t\t<div class=\"elementor-container elementor-column-gap-default\">\n\t\t\t\t\t<div class=\"elementor-column elementor-col-50 elementor-top-column elementor-element elementor-element-c970df3\" data-id=\"c970df3\" data-element_type=\"column\" data-e-type=\"column\">\n\t\t\t<div class=\"elementor-widget-wrap elementor-element-populated\">\n\t\t\t\t\t\t<div class=\"elementor-element elementor-element-fae74a8 elementor-widget elementor-widget-heading\" data-id=\"fae74a8\" data-element_type=\"widget\" data-e-type=\"widget\" data-widget_type=\"heading.default\">\n\t\t\t\t<div class=\"elementor-widget-container\">\n\t\t\t\t\t<h2 class=\"elementor-heading-title elementor-size-default\">Pel\u00edculas y OVA<\/h2>\t\t\t\t<\/div>\n\t\t\t\t<\/div>\n\t\t\t\t<div class=\"elementor-element elementor-element-9836b35 elementor-widget elementor-widget-text-editor\" data-id=\"9836b35\" data-element_type=\"widget\" data-e-type=\"widget\" data-widget_type=\"text-editor.default\">\n\t\t\t\t<div class=\"elementor-widget-container\">\n\t\t\t\t\t\t\t\t\t<ul>\n<li>Blood El Ultimo Vampiro (2003)<\/li>\n<li>El \u00daltimo Reino (2003)<\/li>\n<li>Love Hina: Especial de Navidad (2002)<\/li>\n<li>Love Hina: Especial de Primavera (2003)<\/li>\n<li>Saiyuki Requiem. La Pel\u00edcula (2003)<\/li>\n<li>Sakura, Cazadora de Cartas. La Pel\u00edcula 2 (2003)<\/li>\n<li>Corto \u00abKero-chan ni Omakase\u00bb (2003)<\/li>\n<li>Yu Yu Hakusho. La Pel\u00edcula (2003)<\/li>\n<li>Yu Yu Hakusho. Los Invasores del Infierno (2003)<\/li>\n<li>Comic Party Special OVA (2003)<\/li>\n<li>Fushigi Yuugi Eikoden OVA 3 (2003)<\/li>\n<li>Fushigi Yuugi OVA 1 (2003)<\/li>\n<li>Fushigi Yuugi OVA 2 (2003)<\/li>\n<li>Kenshin, El Guerrero Samurai. Final (2004)<\/li>\n<\/ul>\t\t\t\t\t\t\t\t<\/div>\n\t\t\t\t<\/div>\n\t\t\t\t\t<\/div>\n\t\t<\/div>\n\t\t\t\t<div class=\"elementor-column elementor-col-50 elementor-top-column elementor-element elementor-element-bbcdbae\" data-id=\"bbcdbae\" data-element_type=\"column\" data-e-type=\"column\">\n\t\t\t<div class=\"elementor-widget-wrap elementor-element-populated\">\n\t\t\t\t\t\t<div class=\"elementor-element elementor-element-311a19d elementor-widget elementor-widget-heading\" data-id=\"311a19d\" data-element_type=\"widget\" data-e-type=\"widget\" data-widget_type=\"heading.default\">\n\t\t\t\t<div class=\"elementor-widget-container\">\n\t\t\t\t\t<h2 class=\"elementor-heading-title elementor-size-default\">Series de TV<\/h2>\t\t\t\t<\/div>\n\t\t\t\t<\/div>\n\t\t\t\t<div class=\"elementor-element elementor-element-6a32818 elementor-widget elementor-widget-text-editor\" data-id=\"6a32818\" data-element_type=\"widget\" data-e-type=\"widget\" data-widget_type=\"text-editor.default\">\n\t\t\t\t<div class=\"elementor-widget-container\">\n\t\t\t\t\t\t\t\t\t<ul><li>\u00a0Comic Party (2003)<\/li><li>Dual! Una Historia Paralela (2003)<\/li><li>Ghost In The Shell: Stand Alone Complex (2005)<\/li><li>Kare Kano (2002)<\/li><li>Los Caballeros del Mundo Mon (2003)<\/li><li>Love Hina (2002)<\/li><li>Niea Under 7 (2002)<\/li><li>Rahxephon (2004)<\/li><li>Wolf&#8217;s Rain (2004)<\/li><li>Yu Yu Hakusho Serie de TV (2002)<\/li><\/ul>\t\t\t\t\t\t\t\t<\/div>\n\t\t\t\t<\/div>\n\t\t\t\t\t<\/div>\n\t\t<\/div>\n\t\t\t\t\t<\/div>\n\t\t<\/section>\n\t\t\t\t<\/div>","protected":false},"excerpt":{"rendered":"<p>Mix Sound (Barcelona) Pel\u00edculas y OVA Blood El Ultimo Vampiro (2003) El \u00daltimo Reino (2003) Love Hina: Especial de Navidad (2002) Love Hina: Especial de Primavera (2003) Saiyuki Requiem. La Pel\u00edcula (2003) Sakura, Cazadora de Cartas. La Pel\u00edcula 2 (2003) Corto \u00abKero-chan ni Omakase\u00bb (2003) Yu Yu Hakusho. La Pel\u00edcula (2003) Yu Yu Hakusho. Los [&hellip;]<\/p>\n","protected":false},"author":1,"featured_media":0,"parent":0,"menu_order":0,"comment_status":"closed","ping_status":"closed","template":"elementor_header_footer","meta":{"footnotes":""},"class_list":["post-6754","page","type-page","status-publish","hentry"],"_links":{"self":[{"href":"https:\/\/www.animelicenciado.es\/en_en\/wp-json\/wp\/v2\/pages\/6754","targetHints":{"allow":["GET"]}}],"collection":[{"href":"https:\/\/www.animelicenciado.es\/en_en\/wp-json\/wp\/v2\/pages"}],"about":[{"href":"https:\/\/www.animelicenciado.es\/en_en\/wp-json\/wp\/v2\/types\/page"}],"author":[{"embeddable":true,"href":"https:\/\/www.animelicenciado.es\/en_en\/wp-json\/wp\/v2\/users\/1"}],"replies":[{"embeddable":true,"href":"https:\/\/www.animelicenciado.es\/en_en\/wp-json\/wp\/v2\/comments?post=6754"}],"version-history":[{"count":8,"href":"https:\/\/www.animelicenciado.es\/en_en\/wp-json\/wp\/v2\/pages\/6754\/revisions"}],"predecessor-version":[{"id":6878,"href":"https:\/\/www.animelicenciado.es\/en_en\/wp-json\/wp\/v2\/pages\/6754\/revisions\/6878"}],"wp:attachment":[{"href":"https:\/\/www.animelicenciado.es\/en_en\/wp-json\/wp\/v2\/media?parent=6754"}],"curies":[{"name":"wp","href":"https:\/\/api.w.org\/{rel}","templated":true}]}}