{"id":6762,"date":"2021-04-04T13:23:25","date_gmt":"2021-04-04T12:23:25","guid":{"rendered":"https:\/\/www.animelicenciado.es\/?page_id=6762"},"modified":"2021-04-04T13:23:26","modified_gmt":"2021-04-04T12:23:26","slug":"cristal-media","status":"publish","type":"page","link":"https:\/\/www.animelicenciado.es\/en_en\/cristal-media\/","title":{"rendered":"Cristal Media"},"content":{"rendered":"<div data-elementor-type=\"wp-page\" data-elementor-id=\"6762\" class=\"elementor elementor-6762\">\n\t\t\t\t\t\t<section class=\"elementor-section elementor-top-section elementor-element elementor-element-422519f elementor-section-boxed elementor-section-height-default elementor-section-height-default\" data-id=\"422519f\" data-element_type=\"section\" data-e-type=\"section\">\n\t\t\t\t\t\t<div class=\"elementor-container elementor-column-gap-default\">\n\t\t\t\t\t<div class=\"elementor-column elementor-col-100 elementor-top-column elementor-element elementor-element-959d300\" data-id=\"959d300\" data-element_type=\"column\" data-e-type=\"column\">\n\t\t\t<div class=\"elementor-widget-wrap elementor-element-populated\">\n\t\t\t\t\t\t<div class=\"elementor-element elementor-element-3e7633d elementor-widget elementor-widget-heading\" data-id=\"3e7633d\" data-element_type=\"widget\" data-e-type=\"widget\" data-widget_type=\"heading.default\">\n\t\t\t\t<div class=\"elementor-widget-container\">\n\t\t\t\t\t<h2 class=\"elementor-heading-title elementor-size-default\">Cristal Media<\/h2>\t\t\t\t<\/div>\n\t\t\t\t<\/div>\n\t\t\t\t<section class=\"elementor-section elementor-inner-section elementor-element elementor-element-9ca3806 elementor-section-boxed elementor-section-height-default elementor-section-height-default\" data-id=\"9ca3806\" data-element_type=\"section\" data-e-type=\"section\">\n\t\t\t\t\t\t<div class=\"elementor-container elementor-column-gap-default\">\n\t\t\t\t\t<div class=\"elementor-column elementor-col-50 elementor-inner-column elementor-element elementor-element-0a0a495\" data-id=\"0a0a495\" data-element_type=\"column\" data-e-type=\"column\">\n\t\t\t<div class=\"elementor-widget-wrap elementor-element-populated\">\n\t\t\t\t\t\t<div class=\"elementor-element elementor-element-246f727 elementor-widget elementor-widget-heading\" data-id=\"246f727\" data-element_type=\"widget\" data-e-type=\"widget\" data-widget_type=\"heading.default\">\n\t\t\t\t<div class=\"elementor-widget-container\">\n\t\t\t\t\t<h2 class=\"elementor-heading-title elementor-size-default\">Pel\u00edculas y OVA<\/h2>\t\t\t\t<\/div>\n\t\t\t\t<\/div>\n\t\t\t\t<div class=\"elementor-element elementor-element-c29b344 elementor-widget elementor-widget-text-editor\" data-id=\"c29b344\" data-element_type=\"widget\" data-e-type=\"widget\" data-widget_type=\"text-editor.default\">\n\t\t\t\t<div class=\"elementor-widget-container\">\n\t\t\t\t\t\t\t\t\t<ul>\n<li>&nbsp;Harmageddon (2000)<\/li>\n<li>Inuyasha. Batalla a trav\u00e9s del Tiempo (2005)<\/li>\n<li>Kaidohmaru (2004)<\/li>\n<li>Kenshin, el Guerrero Samurai. La Pel\u00edcula (2002)<\/li>\n<li>ManieManie. Laberinto de Historias (2000)<\/li>\n<li>Legend of Lemnear (2005)<\/li>\n<li>Hunter x Hunter OVA (2006)<\/li>\n<li>Bubblegum Crash (2007)<\/li>\n<li>FuriKuri FLCL (2002)<\/li>\n<li>Girl&#8217;s High Special (2007)<\/li>\n<li>Jinshin Yugi (2003)<\/li>\n<li>Karas (2006)<\/li>\n<li>Kenshin, El Guerrero Samurai. Recuerdos (2001)<\/li>\n<li>Word&#8217;s Worth (2002)<\/li><li>Queen Emeraldas (2001)<\/li><li>Rin. Hijas de Mnemosyne (2008)<\/li><li>Videogirl AI (2000)<\/li><li>Zaion. I wish you were there (2004)<\/li>\n<\/ul>\t\t\t\t\t\t\t\t<\/div>\n\t\t\t\t<\/div>\n\t\t\t\t\t<\/div>\n\t\t<\/div>\n\t\t\t\t<div class=\"elementor-column elementor-col-50 elementor-inner-column elementor-element elementor-element-ebe5ecf\" data-id=\"ebe5ecf\" data-element_type=\"column\" data-e-type=\"column\">\n\t\t\t<div class=\"elementor-widget-wrap elementor-element-populated\">\n\t\t\t\t\t\t<div class=\"elementor-element elementor-element-dd78c84 elementor-widget elementor-widget-heading\" data-id=\"dd78c84\" data-element_type=\"widget\" data-e-type=\"widget\" data-widget_type=\"heading.default\">\n\t\t\t\t<div class=\"elementor-widget-container\">\n\t\t\t\t\t<h2 class=\"elementor-heading-title elementor-size-default\">Series TV<\/h2>\t\t\t\t<\/div>\n\t\t\t\t<\/div>\n\t\t\t\t<div class=\"elementor-element elementor-element-db65e9e elementor-widget elementor-widget-text-editor\" data-id=\"db65e9e\" data-element_type=\"widget\" data-e-type=\"widget\" data-widget_type=\"text-editor.default\">\n\t\t\t\t<div class=\"elementor-widget-container\">\n\t\t\t\t\t\t\t\t\t<ul><li>\u00a0Arc The Lad (2000)<\/li><li>Basilisk (2006)<\/li><li>Black Blood Brothers (2007)<\/li><li>Black Cat (2007)<\/li><li>Boogiepop Phantom (2002)<\/li><li>Brain Powerd (2004)<\/li><li>Burn-up Scramble (2006)<\/li><li>Burst Angel (2005)<\/li><li>Change! Getter Robo (2000)<\/li><li>Cowboy Bebop (1999)<\/li><li>Coyote Ragtime Show (2007)<\/li><li>Daphne in the Brilliant Blue (2007)<\/li><li>Darker Than Black (2008)<\/li><li>Desert Punk (2006)<\/li><li>Eatman &amp; Eatman &#8217;98 (2004)<\/li><li>Kenshin, El Guerrero Samurai (Doblaje Buzz) (2005)<\/li><li>El Mundo de Narue (2005)<\/li><li>Elfen Lied (2005)<\/li><li>Excel Saga (2002)<\/li><li>Final Approach (2006)<\/li><li>Gankutsuou. El Conde de Montecristo (2006)<\/li><li>Gantz (2006)<\/li><li>Generator Gawl (2000)<\/li><li>Genshiken (2006)<\/li><li>Ghost Hound (2009)<\/li><li>Girl&#8217;s High (2007)<\/li><li>Girls Bravo (2007)<\/li><li>Grenadier, la Senshi Sonriente (2006)<\/li><li>Gunslinger Girl (2007)<\/li><li>Hellsing (2004)<\/li><li>Hunter x Hunter (2006)<\/li><li>Inuyasha (2003)<\/li><li>Kacho Oji. Black Heaven (2000)<\/li><li>Melody of Oblivion (2008)<\/li><li>Los Caballeros del Zod\u00edaco (re-doblaje Buzz) (2005)<\/li><li>Magikano (2007)<\/li><li>Maria nos mira (2007)<\/li><li>Nazca (1999)<\/li><li>New Commanders (2007)<\/li><li>Nighstalker (2006)<\/li><li>Orphen (1999)<\/li><li>Orphen Revenge (2005)<\/li><li>Paranoia Agent (2005)<\/li><li>Pacemaker Kurogane (2005)<\/li><li>Ragnarok, The Animation (2006)<\/li><li>Saiyuki (2006)<\/li><li>Samurai 7 (2005)<\/li><li>Serial experiments Lain (2003)<\/li><li>Solty Rei (2007)<\/li><li>Speed Grapher (2006)<\/li><li>Tenjo Tenge: Del Cielo al Infierno (2006)<\/li><li>Technolyze (2006)<\/li><li>Tokyo Majin (2008)<\/li><li>Trinity Blood (2006)<\/li><li>Ufo Princess Walkyure (2006)<\/li><li>W Wish (2006)<\/li><li>Witchblade (2007)<\/li><\/ul>\t\t\t\t\t\t\t\t<\/div>\n\t\t\t\t<\/div>\n\t\t\t\t\t<\/div>\n\t\t<\/div>\n\t\t\t\t\t<\/div>\n\t\t<\/section>\n\t\t\t\t\t<\/div>\n\t\t<\/div>\n\t\t\t\t\t<\/div>\n\t\t<\/section>\n\t\t\t\t<\/div>","protected":false},"excerpt":{"rendered":"<p>Cristal Media Pel\u00edculas y OVA &nbsp;Harmageddon (2000) Inuyasha. Batalla a trav\u00e9s del Tiempo (2005) Kaidohmaru (2004) Kenshin, el Guerrero Samurai. La Pel\u00edcula (2002) ManieManie. Laberinto de Historias (2000) Legend of Lemnear (2005) Hunter x Hunter OVA (2006) Bubblegum Crash (2007) FuriKuri FLCL (2002) Girl&#8217;s High Special (2007) Jinshin Yugi (2003) Karas (2006) Kenshin, El Guerrero [&hellip;]<\/p>\n","protected":false},"author":1,"featured_media":0,"parent":0,"menu_order":0,"comment_status":"closed","ping_status":"closed","template":"elementor_header_footer","meta":{"footnotes":""},"class_list":["post-6762","page","type-page","status-publish","hentry"],"_links":{"self":[{"href":"https:\/\/www.animelicenciado.es\/en_en\/wp-json\/wp\/v2\/pages\/6762","targetHints":{"allow":["GET"]}}],"collection":[{"href":"https:\/\/www.animelicenciado.es\/en_en\/wp-json\/wp\/v2\/pages"}],"about":[{"href":"https:\/\/www.animelicenciado.es\/en_en\/wp-json\/wp\/v2\/types\/page"}],"author":[{"embeddable":true,"href":"https:\/\/www.animelicenciado.es\/en_en\/wp-json\/wp\/v2\/users\/1"}],"replies":[{"embeddable":true,"href":"https:\/\/www.animelicenciado.es\/en_en\/wp-json\/wp\/v2\/comments?post=6762"}],"version-history":[{"count":5,"href":"https:\/\/www.animelicenciado.es\/en_en\/wp-json\/wp\/v2\/pages\/6762\/revisions"}],"predecessor-version":[{"id":6877,"href":"https:\/\/www.animelicenciado.es\/en_en\/wp-json\/wp\/v2\/pages\/6762\/revisions\/6877"}],"wp:attachment":[{"href":"https:\/\/www.animelicenciado.es\/en_en\/wp-json\/wp\/v2\/media?parent=6762"}],"curies":[{"name":"wp","href":"https:\/\/api.w.org\/{rel}","templated":true}]}}