{"id":6806,"date":"2021-04-04T13:22:34","date_gmt":"2021-04-04T12:22:34","guid":{"rendered":"https:\/\/www.animelicenciado.es\/?page_id=6806"},"modified":"2021-04-04T13:22:35","modified_gmt":"2021-04-04T12:22:35","slug":"sago-exa-madrid","status":"publish","type":"page","link":"https:\/\/www.animelicenciado.es\/en_en\/sago-exa-madrid\/","title":{"rendered":"SAGO-EXA (Madrid)"},"content":{"rendered":"<div data-elementor-type=\"wp-page\" data-elementor-id=\"6806\" class=\"elementor elementor-6806\">\n\t\t\t\t\t\t<section class=\"elementor-section elementor-top-section elementor-element elementor-element-422519f elementor-section-boxed elementor-section-height-default elementor-section-height-default\" data-id=\"422519f\" data-element_type=\"section\" data-e-type=\"section\">\n\t\t\t\t\t\t<div class=\"elementor-container elementor-column-gap-default\">\n\t\t\t\t\t<div class=\"elementor-column elementor-col-100 elementor-top-column elementor-element elementor-element-959d300\" data-id=\"959d300\" data-element_type=\"column\" data-e-type=\"column\">\n\t\t\t<div class=\"elementor-widget-wrap elementor-element-populated\">\n\t\t\t\t\t\t<div class=\"elementor-element elementor-element-3e7633d elementor-widget elementor-widget-heading\" data-id=\"3e7633d\" data-element_type=\"widget\" data-e-type=\"widget\" data-widget_type=\"heading.default\">\n\t\t\t\t<div class=\"elementor-widget-container\">\n\t\t\t\t\t<h2 class=\"elementor-heading-title elementor-size-default\">SAGO-EXA<\/h2>\t\t\t\t<\/div>\n\t\t\t\t<\/div>\n\t\t\t\t<section class=\"elementor-section elementor-inner-section elementor-element elementor-element-9ca3806 elementor-section-boxed elementor-section-height-default elementor-section-height-default\" data-id=\"9ca3806\" data-element_type=\"section\" data-e-type=\"section\">\n\t\t\t\t\t\t<div class=\"elementor-container elementor-column-gap-default\">\n\t\t\t\t\t<div class=\"elementor-column elementor-col-50 elementor-inner-column elementor-element elementor-element-0a0a495\" data-id=\"0a0a495\" data-element_type=\"column\" data-e-type=\"column\">\n\t\t\t<div class=\"elementor-widget-wrap elementor-element-populated\">\n\t\t\t\t\t\t<div class=\"elementor-element elementor-element-246f727 elementor-widget elementor-widget-heading\" data-id=\"246f727\" data-element_type=\"widget\" data-e-type=\"widget\" data-widget_type=\"heading.default\">\n\t\t\t\t<div class=\"elementor-widget-container\">\n\t\t\t\t\t<h2 class=\"elementor-heading-title elementor-size-default\">Pel\u00edculas y OVA<\/h2>\t\t\t\t<\/div>\n\t\t\t\t<\/div>\n\t\t\t\t<div class=\"elementor-element elementor-element-c29b344 elementor-widget elementor-widget-text-editor\" data-id=\"c29b344\" data-element_type=\"widget\" data-e-type=\"widget\" data-widget_type=\"text-editor.default\">\n\t\t\t\t<div class=\"elementor-widget-container\">\n\t\t\t\t\t\t\t\t\t<ul><li>El Gato con Botas (1970)<\/li><li>Heidi en la Monta\u00f1a (1976)<\/li><li>Mazinger X contra los Monstruos (1978)<\/li><li>Marco. No te vayas, mam\u00e1 (1977)<\/li><li>Simbad, el marino (1964)<\/li><\/ul>\t\t\t\t\t\t\t\t<\/div>\n\t\t\t\t<\/div>\n\t\t\t\t\t<\/div>\n\t\t<\/div>\n\t\t\t\t<div class=\"elementor-column elementor-col-50 elementor-inner-column elementor-element elementor-element-ebe5ecf\" data-id=\"ebe5ecf\" data-element_type=\"column\" data-e-type=\"column\">\n\t\t\t<div class=\"elementor-widget-wrap elementor-element-populated\">\n\t\t\t\t\t\t<div class=\"elementor-element elementor-element-dd78c84 elementor-widget elementor-widget-heading\" data-id=\"dd78c84\" data-element_type=\"widget\" data-e-type=\"widget\" data-widget_type=\"heading.default\">\n\t\t\t\t<div class=\"elementor-widget-container\">\n\t\t\t\t\t<h2 class=\"elementor-heading-title elementor-size-default\">Series TV<\/h2>\t\t\t\t<\/div>\n\t\t\t\t<\/div>\n\t\t\t\t<div class=\"elementor-element elementor-element-db65e9e elementor-widget elementor-widget-text-editor\" data-id=\"db65e9e\" data-element_type=\"widget\" data-e-type=\"widget\" data-widget_type=\"text-editor.default\">\n\t\t\t\t<div class=\"elementor-widget-container\">\n\t\t\t\t\t\t\t\t\t<ul>\n<li>Heidi (1975)<\/li>\n<li>La Peque\u00f1a Polon (1984)<\/li>\n<li>Las Aventuras de Tom Sawyer (1980)<\/li>\n<li>Marco (1976)<\/li>\n<\/ul>\t\t\t\t\t\t\t\t<\/div>\n\t\t\t\t<\/div>\n\t\t\t\t\t<\/div>\n\t\t<\/div>\n\t\t\t\t\t<\/div>\n\t\t<\/section>\n\t\t\t\t\t<\/div>\n\t\t<\/div>\n\t\t\t\t\t<\/div>\n\t\t<\/section>\n\t\t\t\t<\/div>","protected":false},"excerpt":{"rendered":"<p>SAGO-EXA Pel\u00edculas y OVA El Gato con Botas (1970) Heidi en la Monta\u00f1a (1976) Mazinger X contra los Monstruos (1978) Marco. No te vayas, mam\u00e1 (1977) Simbad, el marino (1964) Series TV Heidi (1975) La Peque\u00f1a Polon (1984) Las Aventuras de Tom Sawyer (1980) Marco (1976)<\/p>","protected":false},"author":1,"featured_media":0,"parent":0,"menu_order":0,"comment_status":"closed","ping_status":"closed","template":"elementor_header_footer","meta":{"footnotes":""},"class_list":["post-6806","page","type-page","status-publish","hentry"],"_links":{"self":[{"href":"https:\/\/www.animelicenciado.es\/en_en\/wp-json\/wp\/v2\/pages\/6806","targetHints":{"allow":["GET"]}}],"collection":[{"href":"https:\/\/www.animelicenciado.es\/en_en\/wp-json\/wp\/v2\/pages"}],"about":[{"href":"https:\/\/www.animelicenciado.es\/en_en\/wp-json\/wp\/v2\/types\/page"}],"author":[{"embeddable":true,"href":"https:\/\/www.animelicenciado.es\/en_en\/wp-json\/wp\/v2\/users\/1"}],"replies":[{"embeddable":true,"href":"https:\/\/www.animelicenciado.es\/en_en\/wp-json\/wp\/v2\/comments?post=6806"}],"version-history":[{"count":4,"href":"https:\/\/www.animelicenciado.es\/en_en\/wp-json\/wp\/v2\/pages\/6806\/revisions"}],"predecessor-version":[{"id":6810,"href":"https:\/\/www.animelicenciado.es\/en_en\/wp-json\/wp\/v2\/pages\/6806\/revisions\/6810"}],"wp:attachment":[{"href":"https:\/\/www.animelicenciado.es\/en_en\/wp-json\/wp\/v2\/media?parent=6806"}],"curies":[{"name":"wp","href":"https:\/\/api.w.org\/{rel}","templated":true}]}}