{"id":6828,"date":"2021-04-04T13:22:18","date_gmt":"2021-04-04T12:22:18","guid":{"rendered":"https:\/\/www.animelicenciado.es\/?page_id=6828"},"modified":"2021-04-04T13:22:19","modified_gmt":"2021-04-04T12:22:19","slug":"cyo-studios-barcelona","status":"publish","type":"page","link":"https:\/\/www.animelicenciado.es\/en_en\/cyo-studios-barcelona\/","title":{"rendered":"CYO Studios (Barcelona)"},"content":{"rendered":"<div data-elementor-type=\"wp-page\" data-elementor-id=\"6828\" class=\"elementor elementor-6828\">\n\t\t\t\t\t\t<section class=\"elementor-section elementor-top-section elementor-element elementor-element-422519f elementor-section-boxed elementor-section-height-default elementor-section-height-default\" data-id=\"422519f\" data-element_type=\"section\" data-e-type=\"section\">\n\t\t\t\t\t\t<div class=\"elementor-container elementor-column-gap-default\">\n\t\t\t\t\t<div class=\"elementor-column elementor-col-100 elementor-top-column elementor-element elementor-element-959d300\" data-id=\"959d300\" data-element_type=\"column\" data-e-type=\"column\">\n\t\t\t<div class=\"elementor-widget-wrap elementor-element-populated\">\n\t\t\t\t\t\t<div class=\"elementor-element elementor-element-3e7633d elementor-widget elementor-widget-heading\" data-id=\"3e7633d\" data-element_type=\"widget\" data-e-type=\"widget\" data-widget_type=\"heading.default\">\n\t\t\t\t<div class=\"elementor-widget-container\">\n\t\t\t\t\t<h2 class=\"elementor-heading-title elementor-size-default\">CYO STUDIOS (BARCELONA)<\/h2>\t\t\t\t<\/div>\n\t\t\t\t<\/div>\n\t\t\t\t<section class=\"elementor-section elementor-inner-section elementor-element elementor-element-9ca3806 elementor-section-boxed elementor-section-height-default elementor-section-height-default\" data-id=\"9ca3806\" data-element_type=\"section\" data-e-type=\"section\">\n\t\t\t\t\t\t<div class=\"elementor-container elementor-column-gap-default\">\n\t\t\t\t\t<div class=\"elementor-column elementor-col-50 elementor-inner-column elementor-element elementor-element-0a0a495\" data-id=\"0a0a495\" data-element_type=\"column\" data-e-type=\"column\">\n\t\t\t<div class=\"elementor-widget-wrap elementor-element-populated\">\n\t\t\t\t\t\t<div class=\"elementor-element elementor-element-246f727 elementor-widget elementor-widget-heading\" data-id=\"246f727\" data-element_type=\"widget\" data-e-type=\"widget\" data-widget_type=\"heading.default\">\n\t\t\t\t<div class=\"elementor-widget-container\">\n\t\t\t\t\t<h2 class=\"elementor-heading-title elementor-size-default\">Pel\u00edculas y OVA<\/h2>\t\t\t\t<\/div>\n\t\t\t\t<\/div>\n\t\t\t\t<div class=\"elementor-element elementor-element-c29b344 elementor-widget elementor-widget-text-editor\" data-id=\"c29b344\" data-element_type=\"widget\" data-e-type=\"widget\" data-widget_type=\"text-editor.default\">\n\t\t\t\t<div class=\"elementor-widget-container\">\n\t\t\t\t\t\t\t\t\t<ul><li>Los Inmortales. En busca de venganza (2009)<\/li><li>Yo-kai watch! La Pel\u00edcula (2017)<\/li><li>A Kite (2007)<\/li><li>Las Elfas (2014)<\/li><li>Mezzo Forte (2006)<\/li><\/ul>\t\t\t\t\t\t\t\t<\/div>\n\t\t\t\t<\/div>\n\t\t\t\t\t<\/div>\n\t\t<\/div>\n\t\t\t\t<div class=\"elementor-column elementor-col-50 elementor-inner-column elementor-element elementor-element-ebe5ecf\" data-id=\"ebe5ecf\" data-element_type=\"column\" data-e-type=\"column\">\n\t\t\t<div class=\"elementor-widget-wrap elementor-element-populated\">\n\t\t\t\t\t\t<div class=\"elementor-element elementor-element-dd78c84 elementor-widget elementor-widget-heading\" data-id=\"dd78c84\" data-element_type=\"widget\" data-e-type=\"widget\" data-widget_type=\"heading.default\">\n\t\t\t\t<div class=\"elementor-widget-container\">\n\t\t\t\t\t<h2 class=\"elementor-heading-title elementor-size-default\">Series TV<\/h2>\t\t\t\t<\/div>\n\t\t\t\t<\/div>\n\t\t\t\t<div class=\"elementor-element elementor-element-db65e9e elementor-widget elementor-widget-text-editor\" data-id=\"db65e9e\" data-element_type=\"widget\" data-e-type=\"widget\" data-widget_type=\"text-editor.default\">\n\t\t\t\t<div class=\"elementor-widget-container\">\n\t\t\t\t\t\t\t\t\t<ul>\n<li>Bleach! (2007)<\/li>\n<li>Honey &amp; Clover (2008)<\/li>\n<li>Las Cr\u00f3nicas de Lodoss OVA (2008)<\/li>\n<li>Las Cr\u00f3nicas de Lodoss TV (2008)<\/li>\n<li>Monster (2007)<\/li>\n<li>My Hero Academia T1 y T2 (2019)<\/li>\n<li>Tenkai Knights (2016)<\/li>\n<li>Yokai Watch T1 y T2 (2016-2018)<\/li>\n<li>El Teatro de Rumiko (2008) (Ep.8 y 9)<\/li>\n<\/ul>\t\t\t\t\t\t\t\t<\/div>\n\t\t\t\t<\/div>\n\t\t\t\t\t<\/div>\n\t\t<\/div>\n\t\t\t\t\t<\/div>\n\t\t<\/section>\n\t\t\t\t\t<\/div>\n\t\t<\/div>\n\t\t\t\t\t<\/div>\n\t\t<\/section>\n\t\t\t\t<\/div>","protected":false},"excerpt":{"rendered":"<p>CYO STUDIOS (BARCELONA) Pel\u00edculas y OVA Los Inmortales. En busca de venganza (2009) Yo-kai watch! La Pel\u00edcula (2017) A Kite (2007) Las Elfas (2014) Mezzo Forte (2006) Series TV Bleach! (2007) Honey &amp; Clover (2008) Las Cr\u00f3nicas de Lodoss OVA (2008) Las Cr\u00f3nicas de Lodoss TV (2008) Monster (2007) My Hero Academia T1 y T2 [&hellip;]<\/p>\n","protected":false},"author":1,"featured_media":0,"parent":0,"menu_order":0,"comment_status":"closed","ping_status":"closed","template":"elementor_header_footer","meta":{"footnotes":""},"class_list":["post-6828","page","type-page","status-publish","hentry"],"_links":{"self":[{"href":"https:\/\/www.animelicenciado.es\/en_en\/wp-json\/wp\/v2\/pages\/6828","targetHints":{"allow":["GET"]}}],"collection":[{"href":"https:\/\/www.animelicenciado.es\/en_en\/wp-json\/wp\/v2\/pages"}],"about":[{"href":"https:\/\/www.animelicenciado.es\/en_en\/wp-json\/wp\/v2\/types\/page"}],"author":[{"embeddable":true,"href":"https:\/\/www.animelicenciado.es\/en_en\/wp-json\/wp\/v2\/users\/1"}],"replies":[{"embeddable":true,"href":"https:\/\/www.animelicenciado.es\/en_en\/wp-json\/wp\/v2\/comments?post=6828"}],"version-history":[{"count":7,"href":"https:\/\/www.animelicenciado.es\/en_en\/wp-json\/wp\/v2\/pages\/6828\/revisions"}],"predecessor-version":[{"id":6835,"href":"https:\/\/www.animelicenciado.es\/en_en\/wp-json\/wp\/v2\/pages\/6828\/revisions\/6835"}],"wp:attachment":[{"href":"https:\/\/www.animelicenciado.es\/en_en\/wp-json\/wp\/v2\/media?parent=6828"}],"curies":[{"name":"wp","href":"https:\/\/api.w.org\/{rel}","templated":true}]}}