{"id":786,"date":"2020-02-13T22:07:28","date_gmt":"2020-02-13T22:07:28","guid":{"rendered":"https:\/\/www.animelicenciado.es\/?page_id=786"},"modified":"2024-07-27T18:18:03","modified_gmt":"2024-07-27T17:18:03","slug":"multimedia","status":"publish","type":"page","link":"https:\/\/www.animelicenciado.es\/en_en\/accede-a-nuestras-redes\/multimedia\/","title":{"rendered":"Videos"},"content":{"rendered":"<figure class=\"wp-block-table alignwide is-style-regular\"><table class=\"has-fixed-layout\"><tbody><tr><td class=\"has-text-align-center\" data-align=\"center\"><a href=\"https:\/\/www.animelicenciado.es\/en_en\/presentacion-novedades\/\"><strong>Presentaci\u00f3n de Novedades<\/strong><img fetchpriority=\"high\" decoding=\"async\" width=\"600\" height=\"338\" class=\"wp-image-807\" style=\"width: 600px;\" src=\"https:\/\/www.animelicenciado.es\/wp-content\/uploads\/2020\/02\/novedades.jpg\" alt=\"\" srcset=\"https:\/\/www.animelicenciado.es\/wp-content\/uploads\/2020\/02\/novedades.jpg 1200w, https:\/\/www.animelicenciado.es\/wp-content\/uploads\/2020\/02\/novedades-300x169.jpg 300w, https:\/\/www.animelicenciado.es\/wp-content\/uploads\/2020\/02\/novedades-1024x576.jpg 1024w, https:\/\/www.animelicenciado.es\/wp-content\/uploads\/2020\/02\/novedades-768x432.jpg 768w\" sizes=\"(max-width: 600px) 100vw, 600px\" \/><\/a><\/td><td class=\"has-text-align-center\" data-align=\"center\"><a href=\"https:\/\/www.animelicenciado.es\/en_en\/conferencias\/\"><strong>Conferencias<\/strong><br><img decoding=\"async\" width=\"560\" height=\"316\" class=\"wp-image-808\" style=\"width: 560px;\" src=\"https:\/\/www.animelicenciado.es\/wp-content\/uploads\/2020\/02\/conferencias.jpg\" alt=\"\" srcset=\"https:\/\/www.animelicenciado.es\/wp-content\/uploads\/2020\/02\/conferencias.jpg 620w, https:\/\/www.animelicenciado.es\/wp-content\/uploads\/2020\/02\/conferencias-300x169.jpg 300w\" sizes=\"(max-width: 560px) 100vw, 560px\" \/><\/a><\/td><\/tr><tr><td class=\"has-text-align-center\" data-align=\"center\"><a href=\"https:\/\/www.animelicenciado.es\/en_en\/unboxings\/\"><strong>Unboxings<\/strong><br><img decoding=\"async\" width=\"600\" height=\"319\" class=\"wp-image-809\" style=\"width: 600px;\" src=\"https:\/\/www.animelicenciado.es\/wp-content\/uploads\/2020\/02\/Captura4.jpg\" alt=\"\" srcset=\"https:\/\/www.animelicenciado.es\/wp-content\/uploads\/2020\/02\/Captura4.jpg 1284w, https:\/\/www.animelicenciado.es\/wp-content\/uploads\/2020\/02\/Captura4-300x159.jpg 300w, https:\/\/www.animelicenciado.es\/wp-content\/uploads\/2020\/02\/Captura4-1024x544.jpg 1024w, https:\/\/www.animelicenciado.es\/wp-content\/uploads\/2020\/02\/Captura4-768x408.jpg 768w, https:\/\/www.animelicenciado.es\/wp-content\/uploads\/2020\/02\/Captura4-1200x637.jpg 1200w\" sizes=\"(max-width: 600px) 100vw, 600px\" \/><\/a><\/td><td class=\"has-text-align-center\" data-align=\"center\"><a href=\"https:\/\/www.animelicenciado.es\/en_en\/analisis\/\"><strong>An\u00e1lisis de Ediciones de Anime<\/strong><br><\/a><a href=\"https:\/\/www.animelicenciado.es\/en_en\/analisis-dvd-anime-espana\/\"><img loading=\"lazy\" decoding=\"async\" width=\"505\" height=\"303\" class=\"wp-image-810\" style=\"width: 505px;\" src=\"https:\/\/www.animelicenciado.es\/wp-content\/uploads\/2020\/02\/analisis.jpg\" alt=\"\" srcset=\"https:\/\/www.animelicenciado.es\/wp-content\/uploads\/2020\/02\/analisis.jpg 2048w, https:\/\/www.animelicenciado.es\/wp-content\/uploads\/2020\/02\/analisis-300x180.jpg 300w, https:\/\/www.animelicenciado.es\/wp-content\/uploads\/2020\/02\/analisis-1024x614.jpg 1024w, https:\/\/www.animelicenciado.es\/wp-content\/uploads\/2020\/02\/analisis-768x461.jpg 768w, https:\/\/www.animelicenciado.es\/wp-content\/uploads\/2020\/02\/analisis-1536x921.jpg 1536w, https:\/\/www.animelicenciado.es\/wp-content\/uploads\/2020\/02\/analisis-1200x720.jpg 1200w, https:\/\/www.animelicenciado.es\/wp-content\/uploads\/2020\/02\/analisis-1980x1187.jpg 1980w\" sizes=\"(max-width: 505px) 100vw, 505px\" \/><\/a><\/td><\/tr><tr><td class=\"has-text-align-center\" data-align=\"center\"><a href=\"https:\/\/www.animelicenciado.es\/en_en\/anuncios\/\"><strong>Anuncios de Anime<\/strong><br><img loading=\"lazy\" decoding=\"async\" width=\"600\" height=\"338\" class=\"wp-image-811\" style=\"width: 600px;\" src=\"https:\/\/www.animelicenciado.es\/wp-content\/uploads\/2020\/02\/anuncios.jpg\" alt=\"\" srcset=\"https:\/\/www.animelicenciado.es\/wp-content\/uploads\/2020\/02\/anuncios.jpg 656w, https:\/\/www.animelicenciado.es\/wp-content\/uploads\/2020\/02\/anuncios-300x169.jpg 300w\" sizes=\"(max-width: 600px) 100vw, 600px\" \/><\/a><\/td><td class=\"has-text-align-center\" data-align=\"center\"><a href=\"https:\/\/www.animelicenciado.es\/en_en\/opinion\/\"><strong>Videos de Opini\u00f3n<\/strong><br><\/a><a href=\"https:\/\/www.animelicenciado.es\/en_en\/animelicenciado-opina\/\"><img loading=\"lazy\" decoding=\"async\" width=\"600\" height=\"338\" class=\"wp-image-812\" style=\"width: 600px;\" src=\"https:\/\/www.animelicenciado.es\/wp-content\/uploads\/2020\/02\/opinion.jpg\" alt=\"\" srcset=\"https:\/\/www.animelicenciado.es\/wp-content\/uploads\/2020\/02\/opinion.jpg 1560w, https:\/\/www.animelicenciado.es\/wp-content\/uploads\/2020\/02\/opinion-300x169.jpg 300w, https:\/\/www.animelicenciado.es\/wp-content\/uploads\/2020\/02\/opinion-1024x578.jpg 1024w, https:\/\/www.animelicenciado.es\/wp-content\/uploads\/2020\/02\/opinion-768x433.jpg 768w, https:\/\/www.animelicenciado.es\/wp-content\/uploads\/2020\/02\/opinion-1536x866.jpg 1536w, https:\/\/www.animelicenciado.es\/wp-content\/uploads\/2020\/02\/opinion-1200x677.jpg 1200w\" sizes=\"(max-width: 600px) 100vw, 600px\" \/><\/a><\/td><\/tr><\/tbody><\/table><\/figure>\n\n\n\n<figure class=\"wp-block-table aligncenter is-style-regular\"><table><tbody><tr><td><a href=\"https:\/\/www.animelicenciado.es\/en_en\/accede-a-nuestras-redes\/\"><img loading=\"lazy\" decoding=\"async\" width=\"150\" height=\"59\" class=\"wp-image-836\" style=\"width: 150px;\" src=\"https:\/\/www.animelicenciado.es\/wp-content\/uploads\/2020\/02\/atras-1.jpg\" alt=\"\" srcset=\"https:\/\/www.animelicenciado.es\/wp-content\/uploads\/2020\/02\/atras-1.jpg 1024w, https:\/\/www.animelicenciado.es\/wp-content\/uploads\/2020\/02\/atras-1-300x117.jpg 300w, https:\/\/www.animelicenciado.es\/wp-content\/uploads\/2020\/02\/atras-1-768x300.jpg 768w\" sizes=\"(max-width: 150px) 100vw, 150px\" \/><\/a><\/td><td class=\"has-text-align-center\" data-align=\"center\"><img loading=\"lazy\" decoding=\"async\" width=\"150\" height=\"59\" class=\"wp-image-838\" style=\"width: 150px;\" src=\"https:\/\/www.animelicenciado.es\/wp-content\/uploads\/2020\/02\/siguiente.jpg\" alt=\"\" srcset=\"https:\/\/www.animelicenciado.es\/wp-content\/uploads\/2020\/02\/siguiente.jpg 1024w, https:\/\/www.animelicenciado.es\/wp-content\/uploads\/2020\/02\/siguiente-300x117.jpg 300w, https:\/\/www.animelicenciado.es\/wp-content\/uploads\/2020\/02\/siguiente-768x300.jpg 768w\" sizes=\"(max-width: 150px) 100vw, 150px\" \/><\/td><\/tr><\/tbody><\/table><\/figure>\n\n\n\n<p class=\"has-text-align-center has-accent-color has-text-color has-normal-font-size\"><em>2020 Copyright Animelicenciado.com, se reconocen todos los derechos.<\/em> <em>Im\u00e1genes utilizadas con fines educativos.<\/em> <\/p>","protected":false},"excerpt":{"rendered":"<p>Presentaci\u00f3n de Novedades Conferencias Unboxings An\u00e1lisis de Ediciones de Anime Anuncios de Anime Videos de Opini\u00f3n 2020 Copyright Animelicenciado.com, se reconocen todos los derechos. Im\u00e1genes utilizadas con fines educativos.<\/p>","protected":false},"author":1,"featured_media":0,"parent":605,"menu_order":0,"comment_status":"closed","ping_status":"closed","template":"elementor_header_footer","meta":{"footnotes":""},"class_list":["post-786","page","type-page","status-publish","hentry"],"_links":{"self":[{"href":"https:\/\/www.animelicenciado.es\/en_en\/wp-json\/wp\/v2\/pages\/786","targetHints":{"allow":["GET"]}}],"collection":[{"href":"https:\/\/www.animelicenciado.es\/en_en\/wp-json\/wp\/v2\/pages"}],"about":[{"href":"https:\/\/www.animelicenciado.es\/en_en\/wp-json\/wp\/v2\/types\/page"}],"author":[{"embeddable":true,"href":"https:\/\/www.animelicenciado.es\/en_en\/wp-json\/wp\/v2\/users\/1"}],"replies":[{"embeddable":true,"href":"https:\/\/www.animelicenciado.es\/en_en\/wp-json\/wp\/v2\/comments?post=786"}],"version-history":[{"count":31,"href":"https:\/\/www.animelicenciado.es\/en_en\/wp-json\/wp\/v2\/pages\/786\/revisions"}],"predecessor-version":[{"id":16195,"href":"https:\/\/www.animelicenciado.es\/en_en\/wp-json\/wp\/v2\/pages\/786\/revisions\/16195"}],"up":[{"embeddable":true,"href":"https:\/\/www.animelicenciado.es\/en_en\/wp-json\/wp\/v2\/pages\/605"}],"wp:attachment":[{"href":"https:\/\/www.animelicenciado.es\/en_en\/wp-json\/wp\/v2\/media?parent=786"}],"curies":[{"name":"wp","href":"https:\/\/api.w.org\/{rel}","templated":true}]}}