{"id":821,"date":"2020-02-13T23:05:24","date_gmt":"2020-02-13T23:05:24","guid":{"rendered":"https:\/\/www.animelicenciado.es\/?page_id=821"},"modified":"2020-05-21T15:08:59","modified_gmt":"2020-05-21T14:08:59","slug":"animelicenciado-opina","status":"publish","type":"page","link":"https:\/\/www.animelicenciado.es\/en_en\/animelicenciado-opina\/","title":{"rendered":"Animelicenciado opina&#8230;"},"content":{"rendered":"<div data-elementor-type=\"wp-page\" data-elementor-id=\"821\" class=\"elementor elementor-821\">\n\t\t\t\t\t\t<section class=\"elementor-section elementor-top-section elementor-element elementor-element-df551a1 elementor-section-boxed elementor-section-height-default elementor-section-height-default\" data-id=\"df551a1\" data-element_type=\"section\" data-e-type=\"section\">\n\t\t\t\t\t\t<div class=\"elementor-container elementor-column-gap-default\">\n\t\t\t\t\t<div class=\"elementor-column elementor-col-100 elementor-top-column elementor-element elementor-element-76dae09\" data-id=\"76dae09\" data-element_type=\"column\" data-e-type=\"column\">\n\t\t\t<div class=\"elementor-widget-wrap elementor-element-populated\">\n\t\t\t\t\t\t<section class=\"elementor-section elementor-inner-section elementor-element elementor-element-d78610f elementor-section-boxed elementor-section-height-default elementor-section-height-default\" data-id=\"d78610f\" data-element_type=\"section\" data-e-type=\"section\">\n\t\t\t\t\t\t<div class=\"elementor-container elementor-column-gap-default\">\n\t\t\t\t\t<div class=\"elementor-column elementor-col-50 elementor-inner-column elementor-element elementor-element-d84ec8f\" data-id=\"d84ec8f\" data-element_type=\"column\" data-e-type=\"column\">\n\t\t\t<div class=\"elementor-widget-wrap elementor-element-populated\">\n\t\t\t\t\t\t<div class=\"elementor-element elementor-element-92a1dde elementor-widget__width-auto elementor-widget elementor-widget-image\" data-id=\"92a1dde\" data-element_type=\"widget\" data-e-type=\"widget\" data-widget_type=\"image.default\">\n\t\t\t\t<div class=\"elementor-widget-container\">\n\t\t\t\t\t\t\t\t\t\t\t\t\t\t\t<img fetchpriority=\"high\" decoding=\"async\" width=\"300\" height=\"169\" src=\"https:\/\/www.animelicenciado.es\/wp-content\/uploads\/2020\/05\/opinion-300x169.jpg\" class=\"attachment-medium size-medium wp-image-4203\" alt=\"\" srcset=\"https:\/\/www.animelicenciado.es\/wp-content\/uploads\/2020\/05\/opinion-300x169.jpg 300w, https:\/\/www.animelicenciado.es\/wp-content\/uploads\/2020\/05\/opinion-1024x578.jpg 1024w, https:\/\/www.animelicenciado.es\/wp-content\/uploads\/2020\/05\/opinion-768x433.jpg 768w, https:\/\/www.animelicenciado.es\/wp-content\/uploads\/2020\/05\/opinion-1536x866.jpg 1536w, https:\/\/www.animelicenciado.es\/wp-content\/uploads\/2020\/05\/opinion-1200x677.jpg 1200w, https:\/\/www.animelicenciado.es\/wp-content\/uploads\/2020\/05\/opinion.jpg 1560w\" sizes=\"(max-width: 300px) 100vw, 300px\" \/>\t\t\t\t\t\t\t\t\t\t\t\t\t\t\t<\/div>\n\t\t\t\t<\/div>\n\t\t\t\t\t<\/div>\n\t\t<\/div>\n\t\t\t\t<div class=\"elementor-column elementor-col-50 elementor-inner-column elementor-element elementor-element-b3c5e77\" data-id=\"b3c5e77\" data-element_type=\"column\" data-e-type=\"column\">\n\t\t\t<div class=\"elementor-widget-wrap elementor-element-populated\">\n\t\t\t\t\t\t<div class=\"elementor-element elementor-element-90fad66 elementor-widget elementor-widget-heading\" data-id=\"90fad66\" data-element_type=\"widget\" data-e-type=\"widget\" data-widget_type=\"heading.default\">\n\t\t\t\t<div class=\"elementor-widget-container\">\n\t\t\t\t\t<h2 class=\"elementor-heading-title elementor-size-default\">Animelicenciado opina...<\/h2>\t\t\t\t<\/div>\n\t\t\t\t<\/div>\n\t\t\t\t<div class=\"elementor-element elementor-element-760d9e6 elementor-widget elementor-widget-text-editor\" data-id=\"760d9e6\" data-element_type=\"widget\" data-e-type=\"widget\" data-widget_type=\"text-editor.default\">\n\t\t\t\t<div class=\"elementor-widget-container\">\n\t\t\t\t\t\t\t\t\t<ul><li><a href=\"https:\/\/youtu.be\/dE3L_xdMbcI\">III Mostra de Anime de Martorell (2016)<\/a><\/li><li><a href=\"https:\/\/youtu.be\/3iNsJQHQlgM\">Hablamos de los DVD Chinorris Regi\u00f3n 0 (2014)<\/a><\/li><li><a href=\"https:\/\/youtu.be\/TeJ17GpT0z8\">Hablamos de Anime Guardians (2014)<\/a><\/li><li><a href=\"https:\/\/youtu.be\/US4R07N8XTI\">Hablamos del Anime Legal en Plataformas Online (2014)<\/a><\/li><li><a href=\"https:\/\/youtu.be\/6cbnAzie8WA\">Hablamos de las Revistas de manganime de anta\u00f1o: Neko, Kame, Dokan&#8230; (2014)<\/a><\/li><li><a href=\"https:\/\/youtu.be\/KnmXk8czRc4\">Gu\u00eda del Coleccionista Parte 1 (2014)<\/a><\/li><li><a href=\"https:\/\/youtu.be\/J4WGFV16S1M\">Gu\u00eda del Coleccionista Parte 2 (2014)<\/a><\/li><li><a href=\"https:\/\/youtu.be\/54hrVc2nKms\">Gu\u00eda del Coleccionista Parte 3 (2014)<\/a><\/li><li><a href=\"https:\/\/youtu.be\/fI3VyvdFnFQ\">Top 10 mejores Shonen en Espa\u00f1a (2014)<\/a><\/li><li><a href=\"https:\/\/youtu.be\/DlXrI_fJz-4\">C\u00f3mo reparar tus ediciones de anime estropeadas 1 (2014)<\/a><\/li><li><a href=\"https:\/\/youtu.be\/zXZ9xsZNLpY\">C\u00f3mo reparar tus ediciones de anime estropeadas 2 (2015)<\/a><\/li><li><a href=\"https:\/\/youtu.be\/D0ncubAKbsU\">El Sector del Anime en Espa\u00f1a (2014)\u00a0<\/a><\/li><li><a href=\"https:\/\/youtu.be\/MS8idlmEXIk\">El Futuro del Anime en Espa\u00f1a (2014)<\/a><\/li><li><a href=\"https:\/\/youtu.be\/v8hPJ2J7zVU\">Especial Navidad (2014)<\/a><\/li><li><a href=\"https:\/\/youtu.be\/R4TGG-82qVE\">\u00bfQu\u00e9 Anime estren\u00f3 la nueva producci\u00f3n de Anime en Jap\u00f3n? (2015)<\/a><\/li><li><a href=\"https:\/\/youtu.be\/k2rKamTfetI\">La vuelta del anime a TV (2015)<\/a><\/li><li><a href=\"https:\/\/youtu.be\/jKF3N9q3Lm4\">Animelicenciado presenta su colecci\u00f3n (2015)<\/a><\/li><li><a href=\"https:\/\/youtu.be\/h8FBVdCH8Lw\">La Dibupedia (2015)<\/a><\/li><li><a href=\"https:\/\/youtu.be\/RWjuylpWwT4\">Manga Books Mazinger Z (2015)<\/a><\/li><li><a href=\"https:\/\/youtu.be\/aWRZcSclBJA\">Manga Books One Piece (2015)<\/a><\/li><li><a href=\"https:\/\/youtu.be\/zXZ9xsZNLpY\">Anime en Streaming (2015)<\/a><\/li><li><a href=\"https:\/\/youtu.be\/GOkgl_wQ9Sg\">Nuevas y emocionantes licencias de anime (2015)<\/a><\/li><li><a href=\"https:\/\/youtu.be\/bTYNl_ZQBh4\">La Historia del Anime en DVD en Espa\u00f1a (2015)<\/a><\/li><li><a href=\"https:\/\/youtu.be\/E1XtgIx2tNY\">Room Tour Manga y Anime (2016)<\/a><\/li><li><a href=\"https:\/\/youtu.be\/g8DkSuppRNM\">Doblaje de Anime espa\u00f1ol vs Japon\u00e9s (2016)<\/a><\/li><li><a href=\"https:\/\/youtu.be\/IfdnT7FiqDE\">Descubre la Otaku Bunka (2016)<\/a><\/li><li><a href=\"https:\/\/youtu.be\/WZJ7VstnuJU\">Barcelona Games World Tour (2016)<\/a><\/li><li><a href=\"https:\/\/youtu.be\/ao11cD1hvms\">Fansubs pioneros en Espa\u00f1a (2016)<\/a><\/li><li><a href=\"https:\/\/youtu.be\/xIuMtTTJ_F0\">Pol\u00e9mica!! El precio de \u00abDesaparecido\u00bb en Espa\u00f1a (2017)<\/a><\/li><li><a href=\"https:\/\/youtu.be\/098YlzmLg5g\">Como Reparar tus ediciones de Anime -Actualizado- (2017)<\/a><\/li><li><a href=\"https:\/\/youtu.be\/QmPYHSnJZRY\">Reorganizando la Colecci\u00f3n. Vida de un coleccionista (2017)<\/a><\/li><li><a href=\"https:\/\/youtu.be\/cclmIU9WnSc\">Kakegurui, los frikis del juego (2018)<\/a><\/li><li><a href=\"https:\/\/youtu.be\/ZzcYtk4ptJY\">\u00bfEs Netflix un c\u00e1ncer o la evoluci\u00f3n? (2018)<\/a><\/li><li><a href=\"https:\/\/youtu.be\/8g55Uw9fcd0\">\u00bfSe venden licencias de anime como churros? (2018)<\/a><\/li><li><a href=\"https:\/\/youtu.be\/jTtoOlNFSTY\">Pol\u00e9mica!! El Doblaje de Slayers (2018)<\/a><\/li><li><a href=\"https:\/\/youtu.be\/Hpf3eatv_TU\">Gu\u00eda del Coleccionismo. \u00bfC\u00f3mo Comprar? (2019)<\/a><\/li><\/ul>\t\t\t\t\t\t\t\t<\/div>\n\t\t\t\t<\/div>\n\t\t\t\t\t<\/div>\n\t\t<\/div>\n\t\t\t\t\t<\/div>\n\t\t<\/section>\n\t\t\t\t\t<\/div>\n\t\t<\/div>\n\t\t\t\t\t<\/div>\n\t\t<\/section>\n\t\t\t\t<section class=\"elementor-section elementor-top-section elementor-element elementor-element-2ad6d1e elementor-section-boxed elementor-section-height-default elementor-section-height-default\" data-id=\"2ad6d1e\" data-element_type=\"section\" data-e-type=\"section\">\n\t\t\t\t\t\t<div class=\"elementor-container elementor-column-gap-default\">\n\t\t\t\t\t<div class=\"elementor-column elementor-col-50 elementor-top-column elementor-element elementor-element-6564b9c\" data-id=\"6564b9c\" data-element_type=\"column\" data-e-type=\"column\">\n\t\t\t<div class=\"elementor-widget-wrap elementor-element-populated\">\n\t\t\t\t\t\t<div class=\"elementor-element elementor-element-2bbfedb elementor-view-framed elementor-shape-circle elementor-widget elementor-widget-icon\" data-id=\"2bbfedb\" data-element_type=\"widget\" data-e-type=\"widget\" data-widget_type=\"icon.default\">\n\t\t\t\t<div class=\"elementor-widget-container\">\n\t\t\t\t\t\t\t<div class=\"elementor-icon-wrapper\">\n\t\t\t<a class=\"elementor-icon\" href=\"https:\/\/www.animelicenciado.com\/accede-a-nuestras-redes\/multimedia\/\">\n\t\t\t<i aria-hidden=\"true\" class=\"fas fa-arrow-left\"><\/i>\t\t\t<\/a>\n\t\t<\/div>\n\t\t\t\t\t\t<\/div>\n\t\t\t\t<\/div>\n\t\t\t\t\t<\/div>\n\t\t<\/div>\n\t\t\t\t<div class=\"elementor-column elementor-col-50 elementor-top-column elementor-element elementor-element-92a8b7b\" data-id=\"92a8b7b\" data-element_type=\"column\" data-e-type=\"column\">\n\t\t\t<div class=\"elementor-widget-wrap elementor-element-populated\">\n\t\t\t\t\t\t<div class=\"elementor-element elementor-element-8e0dedb elementor-view-framed elementor-shape-circle elementor-widget elementor-widget-icon\" data-id=\"8e0dedb\" data-element_type=\"widget\" data-e-type=\"widget\" data-widget_type=\"icon.default\">\n\t\t\t\t<div class=\"elementor-widget-container\">\n\t\t\t\t\t\t\t<div class=\"elementor-icon-wrapper\">\n\t\t\t<a class=\"elementor-icon\" href=\"https:\/\/www.animelicenciado.com\/accede-a-nuestras-redes\/multimedia\/\">\n\t\t\t<i aria-hidden=\"true\" class=\"fas fa-arrow-right\"><\/i>\t\t\t<\/a>\n\t\t<\/div>\n\t\t\t\t\t\t<\/div>\n\t\t\t\t<\/div>\n\t\t\t\t\t<\/div>\n\t\t<\/div>\n\t\t\t\t\t<\/div>\n\t\t<\/section>\n\t\t\t\t<\/div>","protected":false},"excerpt":{"rendered":"<p>Animelicenciado opina&#8230; III Mostra de Anime de Martorell (2016) Hablamos de los DVD Chinorris Regi\u00f3n 0 (2014) Hablamos de Anime Guardians (2014) Hablamos del Anime Legal en Plataformas Online (2014) Hablamos de las Revistas de manganime de anta\u00f1o: Neko, Kame, Dokan&#8230; (2014) Gu\u00eda del Coleccionista Parte 1 (2014) Gu\u00eda del Coleccionista Parte 2 (2014) Gu\u00eda [&hellip;]<\/p>\n","protected":false},"author":1,"featured_media":0,"parent":0,"menu_order":0,"comment_status":"closed","ping_status":"closed","template":"elementor_header_footer","meta":{"footnotes":""},"class_list":["post-821","page","type-page","status-publish","hentry"],"_links":{"self":[{"href":"https:\/\/www.animelicenciado.es\/en_en\/wp-json\/wp\/v2\/pages\/821","targetHints":{"allow":["GET"]}}],"collection":[{"href":"https:\/\/www.animelicenciado.es\/en_en\/wp-json\/wp\/v2\/pages"}],"about":[{"href":"https:\/\/www.animelicenciado.es\/en_en\/wp-json\/wp\/v2\/types\/page"}],"author":[{"embeddable":true,"href":"https:\/\/www.animelicenciado.es\/en_en\/wp-json\/wp\/v2\/users\/1"}],"replies":[{"embeddable":true,"href":"https:\/\/www.animelicenciado.es\/en_en\/wp-json\/wp\/v2\/comments?post=821"}],"version-history":[{"count":6,"href":"https:\/\/www.animelicenciado.es\/en_en\/wp-json\/wp\/v2\/pages\/821\/revisions"}],"predecessor-version":[{"id":4242,"href":"https:\/\/www.animelicenciado.es\/en_en\/wp-json\/wp\/v2\/pages\/821\/revisions\/4242"}],"wp:attachment":[{"href":"https:\/\/www.animelicenciado.es\/en_en\/wp-json\/wp\/v2\/media?parent=821"}],"curies":[{"name":"wp","href":"https:\/\/api.w.org\/{rel}","templated":true}]}}