{"id":9157,"date":"2021-06-27T09:10:43","date_gmt":"2021-06-27T08:10:43","guid":{"rendered":"https:\/\/www.animelicenciado.es\/?page_id=9157"},"modified":"2024-12-23T10:31:33","modified_gmt":"2024-12-23T09:31:33","slug":"estadisticas-anime","status":"publish","type":"page","link":"https:\/\/www.animelicenciado.es\/en_en\/estadisticas-anime\/","title":{"rendered":"Estad\u00edsticas Anime"},"content":{"rendered":"<div data-elementor-type=\"wp-page\" data-elementor-id=\"9157\" class=\"elementor elementor-9157\">\n\t\t\t\t\t\t<section class=\"elementor-section elementor-top-section elementor-element elementor-element-154a52d elementor-section-boxed elementor-section-height-default elementor-section-height-default\" data-id=\"154a52d\" data-element_type=\"section\" data-e-type=\"section\">\n\t\t\t\t\t\t<div class=\"elementor-container elementor-column-gap-default\">\n\t\t\t\t\t<div class=\"elementor-column elementor-col-100 elementor-top-column elementor-element elementor-element-7256dae\" data-id=\"7256dae\" data-element_type=\"column\" data-e-type=\"column\">\n\t\t\t<div class=\"elementor-widget-wrap elementor-element-populated\">\n\t\t\t\t\t\t<div class=\"elementor-element elementor-element-5e230f0 elementor-widget elementor-widget-heading\" data-id=\"5e230f0\" data-element_type=\"widget\" data-e-type=\"widget\" data-widget_type=\"heading.default\">\n\t\t\t\t<div class=\"elementor-widget-container\">\n\t\t\t\t\t<h2 class=\"elementor-heading-title elementor-size-default\">Estad\u00edsticas de Anime editado en Espa\u00f1a<\/h2>\t\t\t\t<\/div>\n\t\t\t\t<\/div>\n\t\t\t\t<div class=\"elementor-element elementor-element-e93cc43 elementor-widget elementor-widget-text-editor\" data-id=\"e93cc43\" data-element_type=\"widget\" data-e-type=\"widget\" data-widget_type=\"text-editor.default\">\n\t\t\t\t<div class=\"elementor-widget-container\">\n\t\t\t\t\t\t\t\t\t<p>Inexplicablemente en Espa\u00f1a, a pesar de ser un mercado muy nicho el de la animaci\u00f3n en Home Video, y al contrario que en otros pa\u00edses europeos, la publicaci\u00f3n de ventas y estad\u00edsticas relacionadas con estos lanzamientos son casi inauditas. Cuando milagrosamente y de forma oficial se comparte alguna informaci\u00f3n siempre es con \u00e1nimo lucrativo, con una clara intenci\u00f3n de que las cifras sirvan como herramienta de marketing para mejorar ventas , no para establecer una sana informaci\u00f3n de como el mercado espa\u00f1ol va evolucionando positiva o negativamente. En Espa\u00f1a solo tenemos las \u00abquejas\u00bb de que no se vende, de que hay mucha pirater\u00eda&#8230; y al igual que muchos partidos pol\u00edticos actuales que critican sin ofrecer una soluci\u00f3n, cre\u00edble o no, parece que las distribuidoras esperan milagrosamente que la situaci\u00f3n remonte por arte de magia o que haya un cambio en los h\u00e1bitos de consumo que no se va a producir de forma natural, ni merecen que sucedan. No, antes que bajar precios para incentivar ventas, aunque las ediciones sean de menor calidad u ofrecer alternativas otrora rentables como coleccionables con menor imposici\u00f3n de impuestos para abarcar otro tipo de p\u00fablico vemos que unas deciden especializarse en el ambito coleccionista como si pensaran que el fan lo compra todo independientemente las caracter\u00edsticas del producto; otras, esperan que su diversificaci\u00f3n en diferentes ramas de negocio (a veces tan dispares entre si) les ayuden a amortizar las p\u00e9rdidas de una de ellas; otras, incluso, prefieren sacrificar su volumen de ventas (\u00a1!) con ventas residuales por su web al no querer depender de un distribuidor nacional que coloque sus productos en tiendas&#8230; en fin, negocios muchas veces unipersonales , con ideas estramb\u00f3ticas que parecen haber surgido de un mal sue\u00f1o o de falta de ideas&#8230;<\/p><p>Las estad\u00edsticas que podr\u00e9is encontrar en esta p\u00e1gina son totalmente personales y basadas en datos de las ediciones, datos oficiales acerca de lanzamientos y deducciones de beneficios a partir de datos de coste que accidentalmente alguna distribuidora ha publicado en la red de forma muy ocasional&#8230;<\/p><p>A pesar de mi extensa colecci\u00f3n, a\u00fan existen multitud de t\u00edtulos que no est\u00e1n inclu\u00eddos en estas estad\u00edsticas ya que aunque tengo algunas referencias repetidas, por supuesto que no abarco la totalidad de ediciones repetidas en diferentes formatos o coleccionables. Por tanto siempre habr\u00e1 lugar a un error cuyo marginal no se puede determinar con exactitud. Sin embargo os aseguro que estas cifras y gr\u00e1ficos son bastante fiables tanto en cuanto se han obtenido de datos oficiales.\u00a0<\/p><p>Por tanto , lo ultim que me queda es especificar el concepto original sobre el que se basan estas estad\u00edsticas.<\/p><p>Pod\u00edamos haberlo enfocado a las licencias particulares. Sin embargo dado que los datos de estas licencias suelen ser bastante confidenciales y apenas podemos obtener informaci\u00f3n al respecto se ha decidido basar la estad\u00edstica en las ediciones de venta en Home Video. Es decir, una edici\u00f3n de un anime en DVD no es que salga el t\u00edtulo X en Home Video, sino que salen X vol\u00famenes del t\u00edtulo X en Home Video.<\/p><p>Para mi una edici\u00f3n es cada elemento que sale a la venta y que ha supuesto una planificaci\u00f3n presupuestaria individual. Aunque algunos conceptos como doblaje o maquetaci\u00f3n se efect\u00faan una \u00fanica vez y es un gasto fijo, realmente cada volumen que sale al mercado debe cumplir unas ventas m\u00ednimas que en conjunto sean rentables. Cada vol\u00famen tiene que duplicarse X veces, supone imprimir la portada X veces, tiene que venderse X veces, tiene X fechas de lanzamientos diferentes&#8230; \u00bfEntend\u00e9is?<\/p><p>Mi base se datos comienza en 1999 con poca informaci\u00f3n al respecto. Es casi los albores del DVD por tanto desde entonces he podido recopilar la friolera de 2147 elementos de Home Video diferentes. S\u00f3lo de Anime en Home Video y solo en formato DVD y BluRay. Esta cifra va aumentando a medida que voy adquiriendo t\u00edtulos o voy a\u00f1adiendo ediciones que no sab\u00eda que hab\u00edan salido al mercado por lo que a cada mes que pasa, las estad\u00edsticas van mejorando en exactitud y veracidad.<\/p><p>Espero que estas gr\u00e1ficas os ayuden a comprender como est\u00e1 evolucionando el sector.<\/p><p>Animelicenciado<\/p>\t\t\t\t\t\t\t\t<\/div>\n\t\t\t\t<\/div>\n\t\t\t\t<div class=\"elementor-element elementor-element-b792a00 elementor-widget elementor-widget-heading\" data-id=\"b792a00\" data-element_type=\"widget\" data-e-type=\"widget\" data-widget_type=\"heading.default\">\n\t\t\t\t<div class=\"elementor-widget-container\">\n\t\t\t\t\t<h2 class=\"elementor-heading-title elementor-size-default\"><a href=\"https:\/\/www.animelicenciado.es\/en_en\/estadisticas-anime-2\/\">Hist\u00f3rico. Una visi\u00f3n global<\/a><\/h2>\t\t\t\t<\/div>\n\t\t\t\t<\/div>\n\t\t\t\t<div class=\"elementor-element elementor-element-76e4b68 elementor-widget elementor-widget-heading\" data-id=\"76e4b68\" data-element_type=\"widget\" data-e-type=\"widget\" data-widget_type=\"heading.default\">\n\t\t\t\t<div class=\"elementor-widget-container\">\n\t\t\t\t\t<h2 class=\"elementor-heading-title elementor-size-default\"><a href=\"https:\/\/www.animelicenciado.es\/en_en\/evolucion-formato\/\">Formatos y su evoluci\u00f3n<\/a><\/h2>\t\t\t\t<\/div>\n\t\t\t\t<\/div>\n\t\t\t\t\t<\/div>\n\t\t<\/div>\n\t\t\t\t\t<\/div>\n\t\t<\/section>\n\t\t\t\t<\/div>","protected":false},"excerpt":{"rendered":"<p>Estad\u00edsticas de Anime editado en Espa\u00f1a Inexplicablemente en Espa\u00f1a, a pesar de ser un mercado muy nicho el de la animaci\u00f3n en Home Video, y al contrario que en otros pa\u00edses europeos, la publicaci\u00f3n de ventas y estad\u00edsticas relacionadas con estos lanzamientos son casi inauditas. Cuando milagrosamente y de forma oficial se comparte alguna informaci\u00f3n [&hellip;]<\/p>\n","protected":false},"author":1,"featured_media":0,"parent":0,"menu_order":0,"comment_status":"closed","ping_status":"closed","template":"elementor_header_footer","meta":{"footnotes":""},"class_list":["post-9157","page","type-page","status-publish","hentry"],"_links":{"self":[{"href":"https:\/\/www.animelicenciado.es\/en_en\/wp-json\/wp\/v2\/pages\/9157","targetHints":{"allow":["GET"]}}],"collection":[{"href":"https:\/\/www.animelicenciado.es\/en_en\/wp-json\/wp\/v2\/pages"}],"about":[{"href":"https:\/\/www.animelicenciado.es\/en_en\/wp-json\/wp\/v2\/types\/page"}],"author":[{"embeddable":true,"href":"https:\/\/www.animelicenciado.es\/en_en\/wp-json\/wp\/v2\/users\/1"}],"replies":[{"embeddable":true,"href":"https:\/\/www.animelicenciado.es\/en_en\/wp-json\/wp\/v2\/comments?post=9157"}],"version-history":[{"count":13,"href":"https:\/\/www.animelicenciado.es\/en_en\/wp-json\/wp\/v2\/pages\/9157\/revisions"}],"predecessor-version":[{"id":17377,"href":"https:\/\/www.animelicenciado.es\/en_en\/wp-json\/wp\/v2\/pages\/9157\/revisions\/17377"}],"wp:attachment":[{"href":"https:\/\/www.animelicenciado.es\/en_en\/wp-json\/wp\/v2\/media?parent=9157"}],"curies":[{"name":"wp","href":"https:\/\/api.w.org\/{rel}","templated":true}]}}