{"id":9209,"date":"2021-07-05T12:51:56","date_gmt":"2021-07-05T11:51:56","guid":{"rendered":"https:\/\/www.animelicenciado.es\/?page_id=9209"},"modified":"2024-12-23T10:35:50","modified_gmt":"2024-12-23T09:35:50","slug":"evolucion-formato","status":"publish","type":"page","link":"https:\/\/www.animelicenciado.es\/en_en\/evolucion-formato\/","title":{"rendered":"Evoluci\u00f3n del Formato"},"content":{"rendered":"<div data-elementor-type=\"wp-page\" data-elementor-id=\"9209\" class=\"elementor elementor-9209\">\n\t\t\t\t\t\t<section class=\"elementor-section elementor-top-section elementor-element elementor-element-154a52d elementor-section-boxed elementor-section-height-default elementor-section-height-default\" data-id=\"154a52d\" data-element_type=\"section\" data-e-type=\"section\">\n\t\t\t\t\t\t<div class=\"elementor-container elementor-column-gap-default\">\n\t\t\t\t\t<div class=\"elementor-column elementor-col-100 elementor-top-column elementor-element elementor-element-7256dae\" data-id=\"7256dae\" data-element_type=\"column\" data-e-type=\"column\">\n\t\t\t<div class=\"elementor-widget-wrap elementor-element-populated\">\n\t\t\t\t\t\t<div class=\"elementor-element elementor-element-5e230f0 elementor-widget elementor-widget-heading\" data-id=\"5e230f0\" data-element_type=\"widget\" data-e-type=\"widget\" data-widget_type=\"heading.default\">\n\t\t\t\t<div class=\"elementor-widget-container\">\n\t\t\t\t\t<h2 class=\"elementor-heading-title elementor-size-default\">Evoluci\u00f3n del formato: DVD Vs Blu-Ray Vs Otros<\/h2>\t\t\t\t<\/div>\n\t\t\t\t<\/div>\n\t\t\t\t<section class=\"elementor-section elementor-inner-section elementor-element elementor-element-90306c4 elementor-section-boxed elementor-section-height-default elementor-section-height-default\" data-id=\"90306c4\" data-element_type=\"section\" data-e-type=\"section\">\n\t\t\t\t\t\t<div class=\"elementor-container elementor-column-gap-default\">\n\t\t\t\t\t<div class=\"elementor-column elementor-col-100 elementor-inner-column elementor-element elementor-element-757236f\" data-id=\"757236f\" data-element_type=\"column\" data-e-type=\"column\">\n\t\t\t<div class=\"elementor-widget-wrap elementor-element-populated\">\n\t\t\t\t\t\t<div class=\"elementor-element elementor-element-579e8f0 elementor-widget elementor-widget-heading\" data-id=\"579e8f0\" data-element_type=\"widget\" data-e-type=\"widget\" data-widget_type=\"heading.default\">\n\t\t\t\t<div class=\"elementor-widget-container\">\n\t\t\t\t\t<h5 class=\"elementor-heading-title elementor-size-default\">Evoluci\u00f3n de los lanzamientos Home Video en funci\u00f3n a su formato<\/h5>\t\t\t\t<\/div>\n\t\t\t\t<\/div>\n\t\t\t\t<div class=\"elementor-element elementor-element-9e6e024 elementor-widget elementor-widget-image\" data-id=\"9e6e024\" data-element_type=\"widget\" data-e-type=\"widget\" data-widget_type=\"image.default\">\n\t\t\t\t<div class=\"elementor-widget-container\">\n\t\t\t\t\t\t\t\t\t\t\t\t\t\t\t\t<a href=\"https:\/\/www.animelicenciado.com\/wp-content\/uploads\/2021\/07\/Evolucion-de-Formatos-de-Edicion-2000-2021.jpg\" data-elementor-open-lightbox=\"yes\" data-e-action-hash=\"#elementor-action%3Aaction%3Dlightbox%26settings%3DeyJpZCI6OTE4OCwidXJsIjoiaHR0cHM6XC9cL3d3dy5hbmltZWxpY2VuY2lhZG8uZXNcL3dwLWNvbnRlbnRcL3VwbG9hZHNcLzIwMjFcLzA3XC9Fdm9sdWNpb24tZGUtRm9ybWF0b3MtZGUtRWRpY2lvbi0yMDAwLTIwMjEuanBnIn0%3D\">\n\t\t\t\t\t\t\t<img fetchpriority=\"high\" decoding=\"async\" width=\"550\" height=\"419\" src=\"https:\/\/www.animelicenciado.es\/wp-content\/uploads\/2021\/07\/Evolucion-de-Formatos-de-Edicion-2000-2021.jpg\" class=\"attachment-post-thumbnail size-post-thumbnail wp-image-9188\" alt=\"\" srcset=\"https:\/\/www.animelicenciado.es\/wp-content\/uploads\/2021\/07\/Evolucion-de-Formatos-de-Edicion-2000-2021.jpg 550w, https:\/\/www.animelicenciado.es\/wp-content\/uploads\/2021\/07\/Evolucion-de-Formatos-de-Edicion-2000-2021-300x229.jpg 300w\" sizes=\"(max-width: 550px) 100vw, 550px\" \/>\t\t\t\t\t\t\t\t<\/a>\n\t\t\t\t\t\t\t\t\t\t\t\t\t\t\t<\/div>\n\t\t\t\t<\/div>\n\t\t\t\t\t<\/div>\n\t\t<\/div>\n\t\t\t\t\t<\/div>\n\t\t<\/section>\n\t\t\t\t<section class=\"elementor-section elementor-inner-section elementor-element elementor-element-8d35c5b elementor-section-boxed elementor-section-height-default elementor-section-height-default\" data-id=\"8d35c5b\" data-element_type=\"section\" data-e-type=\"section\">\n\t\t\t\t\t\t<div class=\"elementor-container elementor-column-gap-default\">\n\t\t\t\t\t<div class=\"elementor-column elementor-col-50 elementor-inner-column elementor-element elementor-element-df6baf9\" data-id=\"df6baf9\" data-element_type=\"column\" data-e-type=\"column\">\n\t\t\t<div class=\"elementor-widget-wrap elementor-element-populated\">\n\t\t\t\t\t\t<div class=\"elementor-element elementor-element-f825639 elementor-widget elementor-widget-heading\" data-id=\"f825639\" data-element_type=\"widget\" data-e-type=\"widget\" data-widget_type=\"heading.default\">\n\t\t\t\t<div class=\"elementor-widget-container\">\n\t\t\t\t\t<h5 class=\"elementor-heading-title elementor-size-default\">Evoluci\u00f3n de Formatos entre 2000-2010<br> hasta la crisis financiera<\/h5>\t\t\t\t<\/div>\n\t\t\t\t<\/div>\n\t\t\t\t<div class=\"elementor-element elementor-element-6b0ba7c elementor-widget elementor-widget-image\" data-id=\"6b0ba7c\" data-element_type=\"widget\" data-e-type=\"widget\" data-widget_type=\"image.default\">\n\t\t\t\t<div class=\"elementor-widget-container\">\n\t\t\t\t\t\t\t\t\t\t\t\t\t\t\t\t<a href=\"https:\/\/www.animelicenciado.com\/wp-content\/uploads\/2021\/07\/Evolucion-de-Formatos-de-Edicion-2000-2010.jpg\" data-elementor-open-lightbox=\"yes\" data-e-action-hash=\"#elementor-action%3Aaction%3Dlightbox%26settings%3DeyJpZCI6OTE4NywidXJsIjoiaHR0cHM6XC9cL3d3dy5hbmltZWxpY2VuY2lhZG8uZXNcL3dwLWNvbnRlbnRcL3VwbG9hZHNcLzIwMjFcLzA3XC9Fdm9sdWNpb24tZGUtRm9ybWF0b3MtZGUtRWRpY2lvbi0yMDAwLTIwMTAuanBnIn0%3D\">\n\t\t\t\t\t\t\t<img decoding=\"async\" width=\"536\" height=\"424\" src=\"https:\/\/www.animelicenciado.es\/wp-content\/uploads\/2021\/07\/Evolucion-de-Formatos-de-Edicion-2000-2010.jpg\" class=\"attachment-large size-large wp-image-9187\" alt=\"\" srcset=\"https:\/\/www.animelicenciado.es\/wp-content\/uploads\/2021\/07\/Evolucion-de-Formatos-de-Edicion-2000-2010.jpg 536w, https:\/\/www.animelicenciado.es\/wp-content\/uploads\/2021\/07\/Evolucion-de-Formatos-de-Edicion-2000-2010-300x237.jpg 300w\" sizes=\"(max-width: 536px) 100vw, 536px\" \/>\t\t\t\t\t\t\t\t<\/a>\n\t\t\t\t\t\t\t\t\t\t\t\t\t\t\t<\/div>\n\t\t\t\t<\/div>\n\t\t\t\t\t<\/div>\n\t\t<\/div>\n\t\t\t\t<div class=\"elementor-column elementor-col-50 elementor-inner-column elementor-element elementor-element-50091a0\" data-id=\"50091a0\" data-element_type=\"column\" data-e-type=\"column\">\n\t\t\t<div class=\"elementor-widget-wrap elementor-element-populated\">\n\t\t\t\t\t\t<div class=\"elementor-element elementor-element-1e2eff3 elementor-widget elementor-widget-heading\" data-id=\"1e2eff3\" data-element_type=\"widget\" data-e-type=\"widget\" data-widget_type=\"heading.default\">\n\t\t\t\t<div class=\"elementor-widget-container\">\n\t\t\t\t\t<h5 class=\"elementor-heading-title elementor-size-default\">Evoluci\u00f3n de Formatos entre 2011-2021<br>a partir de la crisis financiera<\/h5>\t\t\t\t<\/div>\n\t\t\t\t<\/div>\n\t\t\t\t<div class=\"elementor-element elementor-element-f46ecd9 elementor-widget elementor-widget-image\" data-id=\"f46ecd9\" data-element_type=\"widget\" data-e-type=\"widget\" data-widget_type=\"image.default\">\n\t\t\t\t<div class=\"elementor-widget-container\">\n\t\t\t\t\t\t\t\t\t\t\t\t\t\t\t\t<a href=\"https:\/\/www.animelicenciado.com\/wp-content\/uploads\/2021\/07\/Evolucion-de-Formatos-de-Edicion-2011-2021.jpg\" data-elementor-open-lightbox=\"yes\" data-e-action-hash=\"#elementor-action%3Aaction%3Dlightbox%26settings%3DeyJpZCI6OTE4OSwidXJsIjoiaHR0cHM6XC9cL3d3dy5hbmltZWxpY2VuY2lhZG8uZXNcL3dwLWNvbnRlbnRcL3VwbG9hZHNcLzIwMjFcLzA3XC9Fdm9sdWNpb24tZGUtRm9ybWF0b3MtZGUtRWRpY2lvbi0yMDExLTIwMjEuanBnIn0%3D\">\n\t\t\t\t\t\t\t<img decoding=\"async\" width=\"580\" height=\"420\" src=\"https:\/\/www.animelicenciado.es\/wp-content\/uploads\/2021\/07\/Evolucion-de-Formatos-de-Edicion-2011-2021.jpg\" class=\"attachment-medium_large size-medium_large wp-image-9189\" alt=\"\" srcset=\"https:\/\/www.animelicenciado.es\/wp-content\/uploads\/2021\/07\/Evolucion-de-Formatos-de-Edicion-2011-2021.jpg 590w, https:\/\/www.animelicenciado.es\/wp-content\/uploads\/2021\/07\/Evolucion-de-Formatos-de-Edicion-2011-2021-300x217.jpg 300w\" sizes=\"(max-width: 580px) 100vw, 580px\" \/>\t\t\t\t\t\t\t\t<\/a>\n\t\t\t\t\t\t\t\t\t\t\t\t\t\t\t<\/div>\n\t\t\t\t<\/div>\n\t\t\t\t\t<\/div>\n\t\t<\/div>\n\t\t\t\t\t<\/div>\n\t\t<\/section>\n\t\t\t\t\t<\/div>\n\t\t<\/div>\n\t\t\t\t\t<\/div>\n\t\t<\/section>\n\t\t\t\t<\/div>","protected":false},"excerpt":{"rendered":"<p>Evoluci\u00f3n del formato: DVD Vs Blu-Ray Vs Otros Evoluci\u00f3n de los lanzamientos Home Video en funci\u00f3n a su formato Evoluci\u00f3n de Formatos entre 2000-2010 hasta la crisis financiera Evoluci\u00f3n de Formatos entre 2011-2021a partir de la crisis financiera<\/p>","protected":false},"author":1,"featured_media":0,"parent":0,"menu_order":0,"comment_status":"closed","ping_status":"closed","template":"elementor_header_footer","meta":{"footnotes":""},"class_list":["post-9209","page","type-page","status-publish","hentry"],"_links":{"self":[{"href":"https:\/\/www.animelicenciado.es\/en_en\/wp-json\/wp\/v2\/pages\/9209","targetHints":{"allow":["GET"]}}],"collection":[{"href":"https:\/\/www.animelicenciado.es\/en_en\/wp-json\/wp\/v2\/pages"}],"about":[{"href":"https:\/\/www.animelicenciado.es\/en_en\/wp-json\/wp\/v2\/types\/page"}],"author":[{"embeddable":true,"href":"https:\/\/www.animelicenciado.es\/en_en\/wp-json\/wp\/v2\/users\/1"}],"replies":[{"embeddable":true,"href":"https:\/\/www.animelicenciado.es\/en_en\/wp-json\/wp\/v2\/comments?post=9209"}],"version-history":[{"count":7,"href":"https:\/\/www.animelicenciado.es\/en_en\/wp-json\/wp\/v2\/pages\/9209\/revisions"}],"predecessor-version":[{"id":17380,"href":"https:\/\/www.animelicenciado.es\/en_en\/wp-json\/wp\/v2\/pages\/9209\/revisions\/17380"}],"wp:attachment":[{"href":"https:\/\/www.animelicenciado.es\/en_en\/wp-json\/wp\/v2\/media?parent=9209"}],"curies":[{"name":"wp","href":"https:\/\/api.w.org\/{rel}","templated":true}]}}