{"id":9217,"date":"2021-07-11T09:46:01","date_gmt":"2021-07-11T08:46:01","guid":{"rendered":"https:\/\/www.animelicenciado.es\/?page_id=9217"},"modified":"2025-08-31T18:44:11","modified_gmt":"2025-08-31T17:44:11","slug":"coleccionable-campeones-rumbo-al-mundial","status":"publish","type":"page","link":"https:\/\/www.animelicenciado.es\/en_en\/coleccionable-campeones-rumbo-al-mundial\/","title":{"rendered":"Coleccionable Campeones Rumbo al Mundial"},"content":{"rendered":"<div data-elementor-type=\"wp-page\" data-elementor-id=\"9217\" class=\"elementor elementor-9217\">\n\t\t\t\t\t\t<section class=\"elementor-section elementor-top-section elementor-element elementor-element-32fb636c elementor-section-boxed elementor-section-height-default elementor-section-height-default\" data-id=\"32fb636c\" data-element_type=\"section\" data-e-type=\"section\">\n\t\t\t\t\t\t<div class=\"elementor-container elementor-column-gap-default\">\n\t\t\t\t\t<div class=\"elementor-column elementor-col-100 elementor-top-column elementor-element elementor-element-383015e3\" data-id=\"383015e3\" data-element_type=\"column\" data-e-type=\"column\">\n\t\t\t<div class=\"elementor-widget-wrap elementor-element-populated\">\n\t\t\t\t\t\t<div class=\"elementor-element elementor-element-7befd63b elementor-invisible elementor-widget elementor-widget-heading\" data-id=\"7befd63b\" data-element_type=\"widget\" data-e-type=\"widget\" data-settings=\"{&quot;_animation&quot;:&quot;fadeInRight&quot;}\" data-widget_type=\"heading.default\">\n\t\t\t\t<div class=\"elementor-widget-container\">\n\t\t\t\t\t<h2 class=\"elementor-heading-title elementor-size-default\">Coleccionable Diario Marca<br>\"Campeones Rumbo al Mundial\"<\/h2>\t\t\t\t<\/div>\n\t\t\t\t<\/div>\n\t\t\t\t<section class=\"elementor-section elementor-inner-section elementor-element elementor-element-754dd5ad elementor-section-boxed elementor-section-height-default elementor-section-height-default\" data-id=\"754dd5ad\" data-element_type=\"section\" data-e-type=\"section\">\n\t\t\t\t\t\t<div class=\"elementor-container elementor-column-gap-default\">\n\t\t\t\t\t<div class=\"elementor-column elementor-col-100 elementor-inner-column elementor-element elementor-element-43ee7e23\" data-id=\"43ee7e23\" data-element_type=\"column\" data-e-type=\"column\">\n\t\t\t<div class=\"elementor-widget-wrap elementor-element-populated\">\n\t\t\t\t\t\t<div class=\"elementor-element elementor-element-1fd4c97 gallery-spacing-custom elementor-widget elementor-widget-image-gallery\" data-id=\"1fd4c97\" data-element_type=\"widget\" data-e-type=\"widget\" data-widget_type=\"image-gallery.default\">\n\t\t\t\t<div class=\"elementor-widget-container\">\n\t\t\t\t\t\t\t<div class=\"elementor-image-gallery\">\n\t\t\t<div id='gallery-1' class='gallery galleryid-9217 gallery-columns-3 gallery-size-medium_large'><figure class='gallery-item'>\n\t\t\t<div class='gallery-icon portrait'>\n\t\t\t\t<a data-elementor-open-lightbox=\"no\" href='https:\/\/www.animelicenciado.es\/wp-content\/uploads\/2021\/07\/CCF11072021_00012.jpg'><img fetchpriority=\"high\" decoding=\"async\" width=\"580\" height=\"780\" src=\"https:\/\/www.animelicenciado.es\/wp-content\/uploads\/2021\/07\/CCF11072021_00012.jpg\" class=\"attachment-medium_large size-medium_large\" alt=\"\" srcset=\"https:\/\/www.animelicenciado.es\/wp-content\/uploads\/2021\/07\/CCF11072021_00012.jpg 761w, https:\/\/www.animelicenciado.es\/wp-content\/uploads\/2021\/07\/CCF11072021_00012-223x300.jpg 223w\" sizes=\"(max-width: 580px) 100vw, 580px\" \/><\/a>\n\t\t\t<\/div><\/figure><figure class='gallery-item'>\n\t\t\t<div class='gallery-icon portrait'>\n\t\t\t\t<a data-elementor-open-lightbox=\"no\" href='https:\/\/www.animelicenciado.es\/wp-content\/uploads\/2021\/07\/CCF11072021_00011.jpg'><img decoding=\"async\" width=\"580\" height=\"774\" src=\"https:\/\/www.animelicenciado.es\/wp-content\/uploads\/2021\/07\/CCF11072021_00011.jpg\" class=\"attachment-medium_large size-medium_large\" alt=\"\" srcset=\"https:\/\/www.animelicenciado.es\/wp-content\/uploads\/2021\/07\/CCF11072021_00011.jpg 767w, https:\/\/www.animelicenciado.es\/wp-content\/uploads\/2021\/07\/CCF11072021_00011-225x300.jpg 225w\" sizes=\"(max-width: 580px) 100vw, 580px\" \/><\/a>\n\t\t\t<\/div><\/figure><figure class='gallery-item'>\n\t\t\t<div class='gallery-icon portrait'>\n\t\t\t\t<a data-elementor-open-lightbox=\"no\" href='https:\/\/www.animelicenciado.es\/wp-content\/uploads\/2021\/07\/CCF11072021_00010.jpg'><img decoding=\"async\" width=\"580\" height=\"784\" src=\"https:\/\/www.animelicenciado.es\/wp-content\/uploads\/2021\/07\/CCF11072021_00010.jpg\" class=\"attachment-medium_large size-medium_large\" alt=\"\" srcset=\"https:\/\/www.animelicenciado.es\/wp-content\/uploads\/2021\/07\/CCF11072021_00010.jpg 758w, https:\/\/www.animelicenciado.es\/wp-content\/uploads\/2021\/07\/CCF11072021_00010-222x300.jpg 222w\" sizes=\"(max-width: 580px) 100vw, 580px\" \/><\/a>\n\t\t\t<\/div><\/figure><figure class='gallery-item'>\n\t\t\t<div class='gallery-icon portrait'>\n\t\t\t\t<a data-elementor-open-lightbox=\"no\" href='https:\/\/www.animelicenciado.es\/wp-content\/uploads\/2021\/07\/CCF11072021_00009.jpg'><img loading=\"lazy\" decoding=\"async\" width=\"580\" height=\"770\" src=\"https:\/\/www.animelicenciado.es\/wp-content\/uploads\/2021\/07\/CCF11072021_00009.jpg\" class=\"attachment-medium_large size-medium_large\" alt=\"\" srcset=\"https:\/\/www.animelicenciado.es\/wp-content\/uploads\/2021\/07\/CCF11072021_00009.jpg 768w, https:\/\/www.animelicenciado.es\/wp-content\/uploads\/2021\/07\/CCF11072021_00009-226x300.jpg 226w\" sizes=\"(max-width: 580px) 100vw, 580px\" \/><\/a>\n\t\t\t<\/div><\/figure><figure class='gallery-item'>\n\t\t\t<div class='gallery-icon portrait'>\n\t\t\t\t<a data-elementor-open-lightbox=\"no\" href='https:\/\/www.animelicenciado.es\/wp-content\/uploads\/2021\/07\/CCF11072021_00008.jpg'><img loading=\"lazy\" decoding=\"async\" width=\"580\" height=\"775\" src=\"https:\/\/www.animelicenciado.es\/wp-content\/uploads\/2021\/07\/CCF11072021_00008.jpg\" class=\"attachment-medium_large size-medium_large\" alt=\"\" srcset=\"https:\/\/www.animelicenciado.es\/wp-content\/uploads\/2021\/07\/CCF11072021_00008.jpg 766w, https:\/\/www.animelicenciado.es\/wp-content\/uploads\/2021\/07\/CCF11072021_00008-224x300.jpg 224w\" sizes=\"(max-width: 580px) 100vw, 580px\" \/><\/a>\n\t\t\t<\/div><\/figure><figure class='gallery-item'>\n\t\t\t<div class='gallery-icon portrait'>\n\t\t\t\t<a data-elementor-open-lightbox=\"no\" href='https:\/\/www.animelicenciado.es\/wp-content\/uploads\/2021\/07\/CCF11072021_00007.jpg'><img loading=\"lazy\" decoding=\"async\" width=\"580\" height=\"774\" src=\"https:\/\/www.animelicenciado.es\/wp-content\/uploads\/2021\/07\/CCF11072021_00007.jpg\" class=\"attachment-medium_large size-medium_large\" alt=\"\" srcset=\"https:\/\/www.animelicenciado.es\/wp-content\/uploads\/2021\/07\/CCF11072021_00007.jpg 767w, https:\/\/www.animelicenciado.es\/wp-content\/uploads\/2021\/07\/CCF11072021_00007-225x300.jpg 225w\" sizes=\"(max-width: 580px) 100vw, 580px\" \/><\/a>\n\t\t\t<\/div><\/figure><figure class='gallery-item'>\n\t\t\t<div class='gallery-icon portrait'>\n\t\t\t\t<a data-elementor-open-lightbox=\"no\" href='https:\/\/www.animelicenciado.es\/wp-content\/uploads\/2021\/07\/CCF11072021_00006.jpg'><img loading=\"lazy\" decoding=\"async\" width=\"580\" height=\"780\" src=\"https:\/\/www.animelicenciado.es\/wp-content\/uploads\/2021\/07\/CCF11072021_00006.jpg\" class=\"attachment-medium_large size-medium_large\" alt=\"\" srcset=\"https:\/\/www.animelicenciado.es\/wp-content\/uploads\/2021\/07\/CCF11072021_00006.jpg 761w, https:\/\/www.animelicenciado.es\/wp-content\/uploads\/2021\/07\/CCF11072021_00006-223x300.jpg 223w\" sizes=\"(max-width: 580px) 100vw, 580px\" \/><\/a>\n\t\t\t<\/div><\/figure><figure class='gallery-item'>\n\t\t\t<div class='gallery-icon portrait'>\n\t\t\t\t<a data-elementor-open-lightbox=\"no\" href='https:\/\/www.animelicenciado.es\/wp-content\/uploads\/2021\/07\/CCF11072021_00004.jpg'><img loading=\"lazy\" decoding=\"async\" width=\"580\" height=\"786\" src=\"https:\/\/www.animelicenciado.es\/wp-content\/uploads\/2021\/07\/CCF11072021_00004.jpg\" class=\"attachment-medium_large size-medium_large\" alt=\"\" srcset=\"https:\/\/www.animelicenciado.es\/wp-content\/uploads\/2021\/07\/CCF11072021_00004.jpg 756w, https:\/\/www.animelicenciado.es\/wp-content\/uploads\/2021\/07\/CCF11072021_00004-221x300.jpg 221w\" sizes=\"(max-width: 580px) 100vw, 580px\" \/><\/a>\n\t\t\t<\/div><\/figure><figure class='gallery-item'>\n\t\t\t<div class='gallery-icon portrait'>\n\t\t\t\t<a data-elementor-open-lightbox=\"no\" href='https:\/\/www.animelicenciado.es\/wp-content\/uploads\/2021\/07\/CCF11072021_00005.jpg'><img loading=\"lazy\" decoding=\"async\" width=\"580\" height=\"777\" src=\"https:\/\/www.animelicenciado.es\/wp-content\/uploads\/2021\/07\/CCF11072021_00005.jpg\" class=\"attachment-medium_large size-medium_large\" alt=\"\" srcset=\"https:\/\/www.animelicenciado.es\/wp-content\/uploads\/2021\/07\/CCF11072021_00005.jpg 764w, https:\/\/www.animelicenciado.es\/wp-content\/uploads\/2021\/07\/CCF11072021_00005-224x300.jpg 224w\" sizes=\"(max-width: 580px) 100vw, 580px\" \/><\/a>\n\t\t\t<\/div><\/figure><figure class='gallery-item'>\n\t\t\t<div class='gallery-icon portrait'>\n\t\t\t\t<a data-elementor-open-lightbox=\"no\" href='https:\/\/www.animelicenciado.es\/wp-content\/uploads\/2021\/07\/CCF11072021_00003.jpg'><img loading=\"lazy\" decoding=\"async\" width=\"580\" height=\"770\" src=\"https:\/\/www.animelicenciado.es\/wp-content\/uploads\/2021\/07\/CCF11072021_00003.jpg\" class=\"attachment-medium_large size-medium_large\" alt=\"\" srcset=\"https:\/\/www.animelicenciado.es\/wp-content\/uploads\/2021\/07\/CCF11072021_00003.jpg 768w, https:\/\/www.animelicenciado.es\/wp-content\/uploads\/2021\/07\/CCF11072021_00003-226x300.jpg 226w\" sizes=\"(max-width: 580px) 100vw, 580px\" \/><\/a>\n\t\t\t<\/div><\/figure><figure class='gallery-item'>\n\t\t\t<div class='gallery-icon portrait'>\n\t\t\t\t<a data-elementor-open-lightbox=\"no\" href='https:\/\/www.animelicenciado.es\/wp-content\/uploads\/2021\/07\/CCF11072021_00002.jpg'><img loading=\"lazy\" decoding=\"async\" width=\"580\" height=\"817\" src=\"https:\/\/www.animelicenciado.es\/wp-content\/uploads\/2021\/07\/CCF11072021_00002.jpg\" class=\"attachment-medium_large size-medium_large\" alt=\"\" srcset=\"https:\/\/www.animelicenciado.es\/wp-content\/uploads\/2021\/07\/CCF11072021_00002.jpg 727w, https:\/\/www.animelicenciado.es\/wp-content\/uploads\/2021\/07\/CCF11072021_00002-213x300.jpg 213w\" sizes=\"(max-width: 580px) 100vw, 580px\" \/><\/a>\n\t\t\t<\/div><\/figure><figure class='gallery-item'>\n\t\t\t<div class='gallery-icon portrait'>\n\t\t\t\t<a data-elementor-open-lightbox=\"no\" href='https:\/\/www.animelicenciado.es\/wp-content\/uploads\/2021\/07\/CCF11072021_00001.jpg'><img loading=\"lazy\" decoding=\"async\" width=\"580\" height=\"773\" src=\"https:\/\/www.animelicenciado.es\/wp-content\/uploads\/2021\/07\/CCF11072021_00001.jpg\" class=\"attachment-medium_large size-medium_large\" alt=\"\" srcset=\"https:\/\/www.animelicenciado.es\/wp-content\/uploads\/2021\/07\/CCF11072021_00001.jpg 768w, https:\/\/www.animelicenciado.es\/wp-content\/uploads\/2021\/07\/CCF11072021_00001-225x300.jpg 225w\" sizes=\"(max-width: 580px) 100vw, 580px\" \/><\/a>\n\t\t\t<\/div><\/figure><figure class='gallery-item'>\n\t\t\t<div class='gallery-icon portrait'>\n\t\t\t\t<a data-elementor-open-lightbox=\"no\" href='https:\/\/www.animelicenciado.es\/wp-content\/uploads\/2021\/07\/CCF11072021_00000.jpg'><img loading=\"lazy\" decoding=\"async\" width=\"580\" height=\"789\" src=\"https:\/\/www.animelicenciado.es\/wp-content\/uploads\/2021\/07\/CCF11072021_00000.jpg\" class=\"attachment-medium_large size-medium_large\" alt=\"\" srcset=\"https:\/\/www.animelicenciado.es\/wp-content\/uploads\/2021\/07\/CCF11072021_00000.jpg 753w, https:\/\/www.animelicenciado.es\/wp-content\/uploads\/2021\/07\/CCF11072021_00000-221x300.jpg 221w\" sizes=\"(max-width: 580px) 100vw, 580px\" \/><\/a>\n\t\t\t<\/div><\/figure>\n\t\t<\/div>\n\t\t<\/div>\n\t\t\t\t\t\t<\/div>\n\t\t\t\t<\/div>\n\t\t\t\t\t<\/div>\n\t\t<\/div>\n\t\t\t\t\t<\/div>\n\t\t<\/section>\n\t\t\t\t<div class=\"elementor-element elementor-element-ff26ede elementor-widget elementor-widget-heading\" data-id=\"ff26ede\" data-element_type=\"widget\" data-e-type=\"widget\" data-widget_type=\"heading.default\">\n\t\t\t\t<div class=\"elementor-widget-container\">\n\t\t\t\t\t<h2 class=\"elementor-heading-title elementor-size-default\">Contenido<\/h2>\t\t\t\t<\/div>\n\t\t\t\t<\/div>\n\t\t\t\t<div class=\"elementor-element elementor-element-1993438 elementor-widget elementor-widget-text-editor\" data-id=\"1993438\" data-element_type=\"widget\" data-e-type=\"widget\" data-widget_type=\"text-editor.default\">\n\t\t\t\t<div class=\"elementor-widget-container\">\n\t\t\t\t\t\t\t\t\t<p>&#8211; Entregas semanales<\/p><p>&#8211; Formato disco DVD con 4 episodios cada entrega<\/p><p>Licencia promovida por Elastic Rights y licenciataria maestra Enoki Films USA<\/p><p>Idioma: Espa\u00f1ol de Espa\u00f1a<\/p><p>Total de Episodios: 52<\/p>\t\t\t\t\t\t\t\t<\/div>\n\t\t\t\t<\/div>\n\t\t\t\t<section class=\"elementor-section elementor-inner-section elementor-element elementor-element-09bb742 elementor-section-boxed elementor-section-height-default elementor-section-height-default\" data-id=\"09bb742\" data-element_type=\"section\" data-e-type=\"section\">\n\t\t\t\t\t\t<div class=\"elementor-container elementor-column-gap-default\">\n\t\t\t\t\t<div class=\"elementor-column elementor-col-50 elementor-inner-column elementor-element elementor-element-94a85b7\" data-id=\"94a85b7\" data-element_type=\"column\" data-e-type=\"column\">\n\t\t\t<div class=\"elementor-widget-wrap elementor-element-populated\">\n\t\t\t\t\t\t<div class=\"elementor-element elementor-element-cf84440 elementor-invisible elementor-widget elementor-widget-heading\" data-id=\"cf84440\" data-element_type=\"widget\" data-e-type=\"widget\" data-settings=\"{&quot;_animation&quot;:&quot;fadeInLeft&quot;}\" data-widget_type=\"heading.default\">\n\t\t\t\t<div class=\"elementor-widget-container\">\n\t\t\t\t\t<h2 class=\"elementor-heading-title elementor-size-medium\">Volver a listado<\/h2>\t\t\t\t<\/div>\n\t\t\t\t<\/div>\n\t\t\t\t<div class=\"elementor-element elementor-element-f5601d3 elementor-view-framed elementor-shape-circle elementor-invisible elementor-widget elementor-widget-icon\" data-id=\"f5601d3\" data-element_type=\"widget\" data-e-type=\"widget\" data-settings=\"{&quot;_animation&quot;:&quot;fadeInLeft&quot;}\" data-widget_type=\"icon.default\">\n\t\t\t\t<div class=\"elementor-widget-container\">\n\t\t\t\t\t\t\t<div class=\"elementor-icon-wrapper\">\n\t\t\t<a class=\"elementor-icon\" href=\"https:\/\/www.animelicenciado.com\/reportajes-fotograficos-lista\/\">\n\t\t\t<i aria-hidden=\"true\" class=\"fas fa-arrow-left\"><\/i>\t\t\t<\/a>\n\t\t<\/div>\n\t\t\t\t\t\t<\/div>\n\t\t\t\t<\/div>\n\t\t\t\t\t<\/div>\n\t\t<\/div>\n\t\t\t\t<div class=\"elementor-column elementor-col-50 elementor-inner-column elementor-element elementor-element-fff576c elementor-invisible\" data-id=\"fff576c\" data-element_type=\"column\" data-e-type=\"column\" data-settings=\"{&quot;animation&quot;:&quot;fadeInRight&quot;}\">\n\t\t\t<div class=\"elementor-widget-wrap elementor-element-populated\">\n\t\t\t\t\t\t<div class=\"elementor-element elementor-element-625b6dd elementor-invisible elementor-widget elementor-widget-heading\" data-id=\"625b6dd\" data-element_type=\"widget\" data-e-type=\"widget\" data-settings=\"{&quot;_animation&quot;:&quot;fadeInRight&quot;}\" data-widget_type=\"heading.default\">\n\t\t\t\t<div class=\"elementor-widget-container\">\n\t\t\t\t\t<h2 class=\"elementor-heading-title elementor-size-medium\">Men\u00fa Principal<\/h2>\t\t\t\t<\/div>\n\t\t\t\t<\/div>\n\t\t\t\t<div class=\"elementor-element elementor-element-6d2b89b elementor-view-framed elementor-shape-circle elementor-widget elementor-widget-icon\" data-id=\"6d2b89b\" data-element_type=\"widget\" data-e-type=\"widget\" data-widget_type=\"icon.default\">\n\t\t\t\t<div class=\"elementor-widget-container\">\n\t\t\t\t\t\t\t<div class=\"elementor-icon-wrapper\">\n\t\t\t<a class=\"elementor-icon\" href=\"https:\/\/www.animelicenciado.com\/\">\n\t\t\t<i aria-hidden=\"true\" class=\"fas fa-arrow-right\"><\/i>\t\t\t<\/a>\n\t\t<\/div>\n\t\t\t\t\t\t<\/div>\n\t\t\t\t<\/div>\n\t\t\t\t\t<\/div>\n\t\t<\/div>\n\t\t\t\t\t<\/div>\n\t\t<\/section>\n\t\t\t\t\t<\/div>\n\t\t<\/div>\n\t\t\t\t\t<\/div>\n\t\t<\/section>\n\t\t\t\t<\/div>","protected":false},"excerpt":{"rendered":"<p>Coleccionable Diario Marca\u00abCampeones Rumbo al Mundial\u00bb Contenido &#8211; Entregas semanales &#8211; Formato disco DVD con 4 episodios cada entrega Licencia promovida por Elastic Rights y licenciataria maestra Enoki Films USA Idioma: Espa\u00f1ol de Espa\u00f1a Total de Episodios: 52 Volver a listado Men\u00fa Principal<\/p>","protected":false},"author":10,"featured_media":0,"parent":0,"menu_order":0,"comment_status":"closed","ping_status":"closed","template":"elementor_header_footer","meta":{"footnotes":""},"class_list":["post-9217","page","type-page","status-publish","hentry"],"_links":{"self":[{"href":"https:\/\/www.animelicenciado.es\/en_en\/wp-json\/wp\/v2\/pages\/9217","targetHints":{"allow":["GET"]}}],"collection":[{"href":"https:\/\/www.animelicenciado.es\/en_en\/wp-json\/wp\/v2\/pages"}],"about":[{"href":"https:\/\/www.animelicenciado.es\/en_en\/wp-json\/wp\/v2\/types\/page"}],"author":[{"embeddable":true,"href":"https:\/\/www.animelicenciado.es\/en_en\/wp-json\/wp\/v2\/users\/10"}],"replies":[{"embeddable":true,"href":"https:\/\/www.animelicenciado.es\/en_en\/wp-json\/wp\/v2\/comments?post=9217"}],"version-history":[{"count":10,"href":"https:\/\/www.animelicenciado.es\/en_en\/wp-json\/wp\/v2\/pages\/9217\/revisions"}],"predecessor-version":[{"id":9241,"href":"https:\/\/www.animelicenciado.es\/en_en\/wp-json\/wp\/v2\/pages\/9217\/revisions\/9241"}],"wp:attachment":[{"href":"https:\/\/www.animelicenciado.es\/en_en\/wp-json\/wp\/v2\/media?parent=9217"}],"curies":[{"name":"wp","href":"https:\/\/api.w.org\/{rel}","templated":true}]}}