{"id":9728,"date":"2021-08-08T11:11:59","date_gmt":"2021-08-08T10:11:59","guid":{"rendered":"https:\/\/www.animelicenciado.es\/?page_id=9728"},"modified":"2025-08-31T18:44:12","modified_gmt":"2025-08-31T17:44:12","slug":"coleccionable-superseries-de-dibujos-animados","status":"publish","type":"page","link":"https:\/\/www.animelicenciado.es\/en_en\/coleccionable-superseries-de-dibujos-animados\/","title":{"rendered":"Coleccionable Superseries de Dibujos Animados"},"content":{"rendered":"<div data-elementor-type=\"wp-page\" data-elementor-id=\"9728\" class=\"elementor elementor-9728\">\n\t\t\t\t\t\t<section class=\"elementor-section elementor-top-section elementor-element elementor-element-32fb636c elementor-section-boxed elementor-section-height-default elementor-section-height-default\" data-id=\"32fb636c\" data-element_type=\"section\" data-e-type=\"section\">\n\t\t\t\t\t\t<div class=\"elementor-container elementor-column-gap-default\">\n\t\t\t\t\t<div class=\"elementor-column elementor-col-100 elementor-top-column elementor-element elementor-element-383015e3\" data-id=\"383015e3\" data-element_type=\"column\" data-e-type=\"column\">\n\t\t\t<div class=\"elementor-widget-wrap elementor-element-populated\">\n\t\t\t\t\t\t<div class=\"elementor-element elementor-element-7befd63b elementor-invisible elementor-widget elementor-widget-heading\" data-id=\"7befd63b\" data-element_type=\"widget\" data-e-type=\"widget\" data-settings=\"{&quot;_animation&quot;:&quot;fadeInRight&quot;}\" data-widget_type=\"heading.default\">\n\t\t\t\t<div class=\"elementor-widget-container\">\n\t\t\t\t\t<h2 class=\"elementor-heading-title elementor-size-default\">Coleccionable \"Superseries de Dibujos Animados\"<\/h2>\t\t\t\t<\/div>\n\t\t\t\t<\/div>\n\t\t\t\t<section class=\"elementor-section elementor-inner-section elementor-element elementor-element-754dd5ad elementor-section-boxed elementor-section-height-default elementor-section-height-default\" data-id=\"754dd5ad\" data-element_type=\"section\" data-e-type=\"section\">\n\t\t\t\t\t\t<div class=\"elementor-container elementor-column-gap-default\">\n\t\t\t\t\t<div class=\"elementor-column elementor-col-100 elementor-inner-column elementor-element elementor-element-43ee7e23\" data-id=\"43ee7e23\" data-element_type=\"column\" data-e-type=\"column\">\n\t\t\t<div class=\"elementor-widget-wrap elementor-element-populated\">\n\t\t\t\t\t\t<div class=\"elementor-element elementor-element-1fd4c97 gallery-spacing-custom elementor-widget elementor-widget-image-gallery\" data-id=\"1fd4c97\" data-element_type=\"widget\" data-e-type=\"widget\" data-widget_type=\"image-gallery.default\">\n\t\t\t\t<div class=\"elementor-widget-container\">\n\t\t\t\t\t\t\t<div class=\"elementor-image-gallery\">\n\t\t\t<div id='gallery-1' class='gallery galleryid-9728 gallery-columns-3 gallery-size-medium_large'><figure class='gallery-item'>\n\t\t\t<div class='gallery-icon landscape'>\n\t\t\t\t<a data-elementor-open-lightbox=\"no\" href='https:\/\/www.animelicenciado.es\/wp-content\/uploads\/2021\/08\/CCF08082021_00002.jpg'><img fetchpriority=\"high\" decoding=\"async\" width=\"580\" height=\"393\" src=\"https:\/\/www.animelicenciado.es\/wp-content\/uploads\/2021\/08\/CCF08082021_00002-768x521.jpg\" class=\"attachment-medium_large size-medium_large\" alt=\"\" srcset=\"https:\/\/www.animelicenciado.es\/wp-content\/uploads\/2021\/08\/CCF08082021_00002-768x521.jpg 768w, https:\/\/www.animelicenciado.es\/wp-content\/uploads\/2021\/08\/CCF08082021_00002-300x203.jpg 300w, https:\/\/www.animelicenciado.es\/wp-content\/uploads\/2021\/08\/CCF08082021_00002.jpg 1024w\" sizes=\"(max-width: 580px) 100vw, 580px\" \/><\/a>\n\t\t\t<\/div><\/figure><figure class='gallery-item'>\n\t\t\t<div class='gallery-icon landscape'>\n\t\t\t\t<a data-elementor-open-lightbox=\"no\" href='https:\/\/www.animelicenciado.es\/wp-content\/uploads\/2021\/08\/CCF08082021_00003.jpg'><img decoding=\"async\" width=\"580\" height=\"398\" src=\"https:\/\/www.animelicenciado.es\/wp-content\/uploads\/2021\/08\/CCF08082021_00003-768x527.jpg\" class=\"attachment-medium_large size-medium_large\" alt=\"\" srcset=\"https:\/\/www.animelicenciado.es\/wp-content\/uploads\/2021\/08\/CCF08082021_00003-768x527.jpg 768w, https:\/\/www.animelicenciado.es\/wp-content\/uploads\/2021\/08\/CCF08082021_00003-300x206.jpg 300w, https:\/\/www.animelicenciado.es\/wp-content\/uploads\/2021\/08\/CCF08082021_00003.jpg 1024w\" sizes=\"(max-width: 580px) 100vw, 580px\" \/><\/a>\n\t\t\t<\/div><\/figure><figure class='gallery-item'>\n\t\t\t<div class='gallery-icon landscape'>\n\t\t\t\t<a data-elementor-open-lightbox=\"no\" href='https:\/\/www.animelicenciado.es\/wp-content\/uploads\/2021\/08\/CCF08082021_00001.jpg'><img decoding=\"async\" width=\"580\" height=\"396\" src=\"https:\/\/www.animelicenciado.es\/wp-content\/uploads\/2021\/08\/CCF08082021_00001-768x524.jpg\" class=\"attachment-medium_large size-medium_large\" alt=\"\" srcset=\"https:\/\/www.animelicenciado.es\/wp-content\/uploads\/2021\/08\/CCF08082021_00001-768x524.jpg 768w, https:\/\/www.animelicenciado.es\/wp-content\/uploads\/2021\/08\/CCF08082021_00001-300x204.jpg 300w, https:\/\/www.animelicenciado.es\/wp-content\/uploads\/2021\/08\/CCF08082021_00001.jpg 1024w\" sizes=\"(max-width: 580px) 100vw, 580px\" \/><\/a>\n\t\t\t<\/div><\/figure><figure class='gallery-item'>\n\t\t\t<div class='gallery-icon landscape'>\n\t\t\t\t<a data-elementor-open-lightbox=\"no\" href='https:\/\/www.animelicenciado.es\/wp-content\/uploads\/2021\/08\/CCF08082021_00000.jpg'><img loading=\"lazy\" decoding=\"async\" width=\"580\" height=\"394\" src=\"https:\/\/www.animelicenciado.es\/wp-content\/uploads\/2021\/08\/CCF08082021_00000-768x522.jpg\" class=\"attachment-medium_large size-medium_large\" alt=\"\" srcset=\"https:\/\/www.animelicenciado.es\/wp-content\/uploads\/2021\/08\/CCF08082021_00000-768x522.jpg 768w, https:\/\/www.animelicenciado.es\/wp-content\/uploads\/2021\/08\/CCF08082021_00000-300x204.jpg 300w, https:\/\/www.animelicenciado.es\/wp-content\/uploads\/2021\/08\/CCF08082021_00000.jpg 1024w\" sizes=\"(max-width: 580px) 100vw, 580px\" \/><\/a>\n\t\t\t<\/div><\/figure>\n\t\t<\/div>\n\t\t<\/div>\n\t\t\t\t\t\t<\/div>\n\t\t\t\t<\/div>\n\t\t\t\t\t<\/div>\n\t\t<\/div>\n\t\t\t\t\t<\/div>\n\t\t<\/section>\n\t\t\t\t<div class=\"elementor-element elementor-element-ff26ede elementor-widget elementor-widget-heading\" data-id=\"ff26ede\" data-element_type=\"widget\" data-e-type=\"widget\" data-widget_type=\"heading.default\">\n\t\t\t\t<div class=\"elementor-widget-container\">\n\t\t\t\t\t<h2 class=\"elementor-heading-title elementor-size-default\">Contenido<\/h2>\t\t\t\t<\/div>\n\t\t\t\t<\/div>\n\t\t\t\t<div class=\"elementor-element elementor-element-1993438 elementor-widget elementor-widget-text-editor\" data-id=\"1993438\" data-element_type=\"widget\" data-e-type=\"widget\" data-widget_type=\"text-editor.default\">\n\t\t\t\t<div class=\"elementor-widget-container\">\n\t\t\t\t\t\t\t\t\t<p><span style=\"font-size: inherit; text-align: inherit; font-family: var( --e-global-typography-text-font-family ), Sans-serif; font-weight: var( --e-global-typography-text-font-weight ); letter-spacing: -0.015em;\">&#8211; Formato disco DVD con 1 episodio de 3 series de anime de Arait Multimedia: Hamtaro \/ Doce Reinos \/ Offside<\/span><\/p>\n<p>-Editado durante 2009 con licencia de Circulo Media Direct, S.L<\/p>\n<p>Idioma: Espa\u00f1ol de Espa\u00f1a<\/p>\n<p>Total de Entregas: 4 Entregas (Era un market test)<\/p>\t\t\t\t\t\t\t\t<\/div>\n\t\t\t\t<\/div>\n\t\t\t\t<section class=\"elementor-section elementor-inner-section elementor-element elementor-element-09bb742 elementor-section-boxed elementor-section-height-default elementor-section-height-default\" data-id=\"09bb742\" data-element_type=\"section\" data-e-type=\"section\">\n\t\t\t\t\t\t<div class=\"elementor-container elementor-column-gap-default\">\n\t\t\t\t\t<div class=\"elementor-column elementor-col-50 elementor-inner-column elementor-element elementor-element-94a85b7\" data-id=\"94a85b7\" data-element_type=\"column\" data-e-type=\"column\">\n\t\t\t<div class=\"elementor-widget-wrap elementor-element-populated\">\n\t\t\t\t\t\t<div class=\"elementor-element elementor-element-cf84440 elementor-invisible elementor-widget elementor-widget-heading\" data-id=\"cf84440\" data-element_type=\"widget\" data-e-type=\"widget\" data-settings=\"{&quot;_animation&quot;:&quot;fadeInLeft&quot;}\" data-widget_type=\"heading.default\">\n\t\t\t\t<div class=\"elementor-widget-container\">\n\t\t\t\t\t<h2 class=\"elementor-heading-title elementor-size-medium\">Volver a listado<\/h2>\t\t\t\t<\/div>\n\t\t\t\t<\/div>\n\t\t\t\t<div class=\"elementor-element elementor-element-f5601d3 elementor-view-framed elementor-shape-circle elementor-invisible elementor-widget elementor-widget-icon\" data-id=\"f5601d3\" data-element_type=\"widget\" data-e-type=\"widget\" data-settings=\"{&quot;_animation&quot;:&quot;fadeInLeft&quot;}\" data-widget_type=\"icon.default\">\n\t\t\t\t<div class=\"elementor-widget-container\">\n\t\t\t\t\t\t\t<div class=\"elementor-icon-wrapper\">\n\t\t\t<a class=\"elementor-icon\" href=\"https:\/\/www.animelicenciado.com\/reportajes-fotograficos-lista\/\">\n\t\t\t<i aria-hidden=\"true\" class=\"fas fa-arrow-left\"><\/i>\t\t\t<\/a>\n\t\t<\/div>\n\t\t\t\t\t\t<\/div>\n\t\t\t\t<\/div>\n\t\t\t\t\t<\/div>\n\t\t<\/div>\n\t\t\t\t<div class=\"elementor-column elementor-col-50 elementor-inner-column elementor-element elementor-element-fff576c elementor-invisible\" data-id=\"fff576c\" data-element_type=\"column\" data-e-type=\"column\" data-settings=\"{&quot;animation&quot;:&quot;fadeInRight&quot;}\">\n\t\t\t<div class=\"elementor-widget-wrap elementor-element-populated\">\n\t\t\t\t\t\t<div class=\"elementor-element elementor-element-625b6dd elementor-invisible elementor-widget elementor-widget-heading\" data-id=\"625b6dd\" data-element_type=\"widget\" data-e-type=\"widget\" data-settings=\"{&quot;_animation&quot;:&quot;fadeInRight&quot;}\" data-widget_type=\"heading.default\">\n\t\t\t\t<div class=\"elementor-widget-container\">\n\t\t\t\t\t<h2 class=\"elementor-heading-title elementor-size-medium\">Men\u00fa Principal<\/h2>\t\t\t\t<\/div>\n\t\t\t\t<\/div>\n\t\t\t\t<div class=\"elementor-element elementor-element-6d2b89b elementor-view-framed elementor-shape-circle elementor-widget elementor-widget-icon\" data-id=\"6d2b89b\" data-element_type=\"widget\" data-e-type=\"widget\" data-widget_type=\"icon.default\">\n\t\t\t\t<div class=\"elementor-widget-container\">\n\t\t\t\t\t\t\t<div class=\"elementor-icon-wrapper\">\n\t\t\t<a class=\"elementor-icon\" href=\"https:\/\/www.animelicenciado.com\/\">\n\t\t\t<i aria-hidden=\"true\" class=\"fas fa-arrow-right\"><\/i>\t\t\t<\/a>\n\t\t<\/div>\n\t\t\t\t\t\t<\/div>\n\t\t\t\t<\/div>\n\t\t\t\t\t<\/div>\n\t\t<\/div>\n\t\t\t\t\t<\/div>\n\t\t<\/section>\n\t\t\t\t\t<\/div>\n\t\t<\/div>\n\t\t\t\t\t<\/div>\n\t\t<\/section>\n\t\t\t\t<\/div>","protected":false},"excerpt":{"rendered":"<p>Coleccionable \u00abSuperseries de Dibujos Animados\u00bb Contenido &#8211; Formato disco DVD con 1 episodio de 3 series de anime de Arait Multimedia: Hamtaro \/ Doce Reinos \/ Offside -Editado durante 2009 con licencia de Circulo Media Direct, S.L Idioma: Espa\u00f1ol de Espa\u00f1a Total de Entregas: 4 Entregas (Era un market test) Volver a listado Men\u00fa Principal<\/p>","protected":false},"author":10,"featured_media":0,"parent":0,"menu_order":0,"comment_status":"closed","ping_status":"closed","template":"elementor_header_footer","meta":{"footnotes":""},"class_list":["post-9728","page","type-page","status-publish","hentry"],"_links":{"self":[{"href":"https:\/\/www.animelicenciado.es\/en_en\/wp-json\/wp\/v2\/pages\/9728","targetHints":{"allow":["GET"]}}],"collection":[{"href":"https:\/\/www.animelicenciado.es\/en_en\/wp-json\/wp\/v2\/pages"}],"about":[{"href":"https:\/\/www.animelicenciado.es\/en_en\/wp-json\/wp\/v2\/types\/page"}],"author":[{"embeddable":true,"href":"https:\/\/www.animelicenciado.es\/en_en\/wp-json\/wp\/v2\/users\/10"}],"replies":[{"embeddable":true,"href":"https:\/\/www.animelicenciado.es\/en_en\/wp-json\/wp\/v2\/comments?post=9728"}],"version-history":[{"count":4,"href":"https:\/\/www.animelicenciado.es\/en_en\/wp-json\/wp\/v2\/pages\/9728\/revisions"}],"predecessor-version":[{"id":9736,"href":"https:\/\/www.animelicenciado.es\/en_en\/wp-json\/wp\/v2\/pages\/9728\/revisions\/9736"}],"wp:attachment":[{"href":"https:\/\/www.animelicenciado.es\/en_en\/wp-json\/wp\/v2\/media?parent=9728"}],"curies":[{"name":"wp","href":"https:\/\/api.w.org\/{rel}","templated":true}]}}